{"id":850,"date":"2025-10-09T10:18:48","date_gmt":"2025-10-09T08:18:48","guid":{"rendered":"https:\/\/gd.gurudistribution.eu\/?page_id=850"},"modified":"2025-10-15T05:56:30","modified_gmt":"2025-10-15T03:56:30","slug":"vx65","status":"publish","type":"page","link":"https:\/\/gurudistribution.eu\/en\/zimoli\/visionix\/vx65\/","title":{"rendered":"VX65"},"content":{"rendered":"<div data-elementor-type=\"wp-page\" data-elementor-id=\"850\" class=\"elementor elementor-850\" data-elementor-post-type=\"page\">\n\t\t\t\t<div class=\"elementor-element elementor-element-c4869ad e-flex e-con-boxed e-con e-parent\" data-id=\"c4869ad\" data-element_type=\"container\" data-e-type=\"container\">\n\t\t\t\t\t<div class=\"e-con-inner\">\n\t\t\t\t<div class=\"elementor-element elementor-element-a4f68d7 elementor-widget elementor-widget-heading\" data-id=\"a4f68d7\" data-element_type=\"widget\" data-e-type=\"widget\" data-widget_type=\"heading.default\">\n\t\t\t\t\t<h2 class=\"elementor-heading-title elementor-size-default\">VX65<\/h2>\t\t\t\t<\/div>\n\t\t\t\t<div class=\"elementor-element elementor-element-67d2693 elementor-widget elementor-widget-image\" data-id=\"67d2693\" data-element_type=\"widget\" data-e-type=\"widget\" data-widget_type=\"image.default\">\n\t\t\t\t\t\t\t\t\t\t\t\t\t\t\t<img fetchpriority=\"high\" decoding=\"async\" width=\"800\" height=\"530\" src=\"https:\/\/gurudistribution.eu\/wp-content\/uploads\/2025\/10\/VX65-1024x679.jpg\" class=\"attachment-large size-large wp-image-664\" alt=\"\" srcset=\"https:\/\/gurudistribution.eu\/wp-content\/uploads\/2025\/10\/VX65-1024x679.jpg 1024w, https:\/\/gurudistribution.eu\/wp-content\/uploads\/2025\/10\/VX65-300x199.jpg 300w, https:\/\/gurudistribution.eu\/wp-content\/uploads\/2025\/10\/VX65-768x509.jpg 768w, https:\/\/gurudistribution.eu\/wp-content\/uploads\/2025\/10\/VX65-18x12.jpg 18w, https:\/\/gurudistribution.eu\/wp-content\/uploads\/2025\/10\/VX65.jpg 1265w\" sizes=\"(max-width: 800px) 100vw, 800px\" \/>\t\t\t\t\t\t\t\t\t\t\t\t\t\t\t<\/div>\n\t\t\t\t<div class=\"elementor-element elementor-element-2a1942f elementor-widget elementor-widget-text-editor\" data-id=\"2a1942f\" data-element_type=\"widget\" data-e-type=\"widget\" data-widget_type=\"text-editor.default\">\n\t\t\t\t\t\t\t\t\t<p>Versatile automatic phoropter controllable via tablet or ergonomic keyboard.<\/p><p>Full data processing and transfer to other devices.<\/p><p>The VX65 is a versatile 3-in-1 phoropter that adapts to each specialist. Ideal for various types of exams, it allows quick, convenient, and seamless switching between digital, manual, and automatic modes at any time.<\/p>\t\t\t\t\t\t\t\t<\/div>\n\t\t\t\t\t<\/div>\n\t\t\t\t<\/div>\n\t\t\t\t<\/div>","protected":false},"excerpt":{"rendered":"<p>VX65 Daudzpus\u012bgs autom\u0101tiskais foropters vad\u0101ms ar plan\u0161eti vai ergonomisku klaviat\u016bru. Pilna datu apstr\u0101de un nos\u016bt\u012b\u0161ana uz cit\u0101m iek\u0101rt\u0101m. VX65 ir daudzpus\u012bgs, 3in1 foropters, kas piel\u0101gojas katram speci\u0101listam.\u00a0 Lieliski piem\u0113rots da\u017e\u0101da veida p\u0101rbaud\u0113m \u2013 iesp\u0113jams \u0101tri, \u0113rti un jebkur\u0101 laik\u0101 p\u0101rsl\u0113gties no da\u017e\u0101diem re\u017e\u012bmiem: digit\u0101l\u0101, manu\u0101l\u0101 un autom\u0101tisk\u0101 re\u017e\u012bma.<\/p>","protected":false},"author":1,"featured_media":0,"parent":656,"menu_order":0,"comment_status":"closed","ping_status":"closed","template":"elementor_header_footer","meta":{"footnotes":""},"class_list":["post-850","page","type-page","status-publish","hentry"],"yoast_head":"<!-- This site is optimized with the Yoast SEO plugin v27.3 - https:\/\/yoast.com\/product\/yoast-seo-wordpress\/ -->\n<title>VX65 - Guru Distribution<\/title>\n<meta name=\"robots\" content=\"index, follow, max-snippet:-1, max-image-preview:large, max-video-preview:-1\" \/>\n<link rel=\"canonical\" href=\"https:\/\/gurudistribution.eu\/en\/zimoli\/visionix\/vx65\/\" \/>\n<meta property=\"og:locale\" content=\"en_US\" \/>\n<meta property=\"og:type\" content=\"article\" \/>\n<meta property=\"og:title\" content=\"VX65 - Guru Distribution\" \/>\n<meta property=\"og:description\" content=\"VX65 Daudzpus\u012bgs autom\u0101tiskais foropters vad\u0101ms ar plan\u0161eti vai ergonomisku klaviat\u016bru. Pilna datu apstr\u0101de un nos\u016bt\u012b\u0161ana uz cit\u0101m iek\u0101rt\u0101m. VX65 ir daudzpus\u012bgs, 3in1 foropters, kas piel\u0101gojas katram speci\u0101listam.\u00a0 Lieliski piem\u0113rots da\u017e\u0101da veida p\u0101rbaud\u0113m \u2013 iesp\u0113jams \u0101tri, \u0113rti un jebkur\u0101 laik\u0101 p\u0101rsl\u0113gties no da\u017e\u0101diem re\u017e\u012bmiem: digit\u0101l\u0101, manu\u0101l\u0101 un autom\u0101tisk\u0101 re\u017e\u012bma.\" \/>\n<meta property=\"og:url\" content=\"https:\/\/gurudistribution.eu\/en\/zimoli\/visionix\/vx65\/\" \/>\n<meta property=\"og:site_name\" content=\"Guru Distribution\" \/>\n<meta property=\"article:publisher\" content=\"https:\/\/www.facebook.com\/gurudistribution\" \/>\n<meta property=\"article:modified_time\" content=\"2025-10-15T03:56:30+00:00\" \/>\n<meta property=\"og:image\" content=\"http:\/\/gd.gurudistribution.eu\/wp-content\/uploads\/2025\/10\/VX65-1024x679.jpg\" \/>\n<meta name=\"twitter:card\" content=\"summary_large_image\" \/>\n<script type=\"application\/ld+json\" class=\"yoast-schema-graph\">{\"@context\":\"https:\\\/\\\/schema.org\",\"@graph\":[{\"@type\":\"WebPage\",\"@id\":\"https:\\\/\\\/gurudistribution.eu\\\/zimoli\\\/visionix\\\/vx65\\\/\",\"url\":\"https:\\\/\\\/gurudistribution.eu\\\/zimoli\\\/visionix\\\/vx65\\\/\",\"name\":\"VX65 - Guru Distribution\",\"isPartOf\":{\"@id\":\"https:\\\/\\\/gurudistribution.eu\\\/en\\\/#website\"},\"primaryImageOfPage\":{\"@id\":\"https:\\\/\\\/gurudistribution.eu\\\/zimoli\\\/visionix\\\/vx65\\\/#primaryimage\"},\"image\":{\"@id\":\"https:\\\/\\\/gurudistribution.eu\\\/zimoli\\\/visionix\\\/vx65\\\/#primaryimage\"},\"thumbnailUrl\":\"http:\\\/\\\/gd.gurudistribution.eu\\\/wp-content\\\/uploads\\\/2025\\\/10\\\/VX65-1024x679.jpg\",\"datePublished\":\"2025-10-09T08:18:48+00:00\",\"dateModified\":\"2025-10-15T03:56:30+00:00\",\"breadcrumb\":{\"@id\":\"https:\\\/\\\/gurudistribution.eu\\\/zimoli\\\/visionix\\\/vx65\\\/#breadcrumb\"},\"inLanguage\":\"en-US\",\"potentialAction\":[{\"@type\":\"ReadAction\",\"target\":[\"https:\\\/\\\/gurudistribution.eu\\\/zimoli\\\/visionix\\\/vx65\\\/\"]}]},{\"@type\":\"ImageObject\",\"inLanguage\":\"en-US\",\"@id\":\"https:\\\/\\\/gurudistribution.eu\\\/zimoli\\\/visionix\\\/vx65\\\/#primaryimage\",\"url\":\"http:\\\/\\\/gd.gurudistribution.eu\\\/wp-content\\\/uploads\\\/2025\\\/10\\\/VX65-1024x679.jpg\",\"contentUrl\":\"http:\\\/\\\/gd.gurudistribution.eu\\\/wp-content\\\/uploads\\\/2025\\\/10\\\/VX65-1024x679.jpg\"},{\"@type\":\"BreadcrumbList\",\"@id\":\"https:\\\/\\\/gurudistribution.eu\\\/zimoli\\\/visionix\\\/vx65\\\/#breadcrumb\",\"itemListElement\":[{\"@type\":\"ListItem\",\"position\":1,\"name\":\"Home\",\"item\":\"https:\\\/\\\/gurudistribution.eu\\\/\"},{\"@type\":\"ListItem\",\"position\":2,\"name\":\"Z\u012aMOLI\",\"item\":\"https:\\\/\\\/gurudistribution.eu\\\/en\\\/zimoli\\\/\"},{\"@type\":\"ListItem\",\"position\":3,\"name\":\"VISIONIX\",\"item\":\"https:\\\/\\\/gurudistribution.eu\\\/zimoli\\\/visionix\\\/\"},{\"@type\":\"ListItem\",\"position\":4,\"name\":\"VX65\"}]},{\"@type\":\"WebSite\",\"@id\":\"https:\\\/\\\/gurudistribution.eu\\\/en\\\/#website\",\"url\":\"https:\\\/\\\/gurudistribution.eu\\\/en\\\/\",\"name\":\"Guru Distribution\",\"description\":\"\",\"publisher\":{\"@id\":\"https:\\\/\\\/gurudistribution.eu\\\/en\\\/#organization\"},\"potentialAction\":[{\"@type\":\"SearchAction\",\"target\":{\"@type\":\"EntryPoint\",\"urlTemplate\":\"https:\\\/\\\/gurudistribution.eu\\\/en\\\/?s={search_term_string}\"},\"query-input\":{\"@type\":\"PropertyValueSpecification\",\"valueRequired\":true,\"valueName\":\"search_term_string\"}}],\"inLanguage\":\"en-US\"},{\"@type\":\"Organization\",\"@id\":\"https:\\\/\\\/gurudistribution.eu\\\/en\\\/#organization\",\"name\":\"Guru Distribution\",\"url\":\"https:\\\/\\\/gurudistribution.eu\\\/en\\\/\",\"logo\":{\"@type\":\"ImageObject\",\"inLanguage\":\"en-US\",\"@id\":\"https:\\\/\\\/gurudistribution.eu\\\/en\\\/#\\\/schema\\\/logo\\\/image\\\/\",\"url\":\"https:\\\/\\\/gurudistribution.eu\\\/wp-content\\\/uploads\\\/2025\\\/10\\\/guru_logo_full_large-scaled-2-e1759335026600.jpg\",\"contentUrl\":\"https:\\\/\\\/gurudistribution.eu\\\/wp-content\\\/uploads\\\/2025\\\/10\\\/guru_logo_full_large-scaled-2-e1759335026600.jpg\",\"width\":1694,\"height\":503,\"caption\":\"Guru Distribution\"},\"image\":{\"@id\":\"https:\\\/\\\/gurudistribution.eu\\\/en\\\/#\\\/schema\\\/logo\\\/image\\\/\"},\"sameAs\":[\"https:\\\/\\\/www.facebook.com\\\/gurudistribution\",\"https:\\\/\\\/www.linkedin.com\\\/company\\\/guru-distribution-linkedin\\\/\"]}]}<\/script>\n<!-- \/ Yoast SEO plugin. -->","yoast_head_json":{"title":"VX65 - Guru Distribution","robots":{"index":"index","follow":"follow","max-snippet":"max-snippet:-1","max-image-preview":"max-image-preview:large","max-video-preview":"max-video-preview:-1"},"canonical":"https:\/\/gurudistribution.eu\/en\/zimoli\/visionix\/vx65\/","og_locale":"en_US","og_type":"article","og_title":"VX65 - Guru Distribution","og_description":"VX65 Daudzpus\u012bgs autom\u0101tiskais foropters vad\u0101ms ar plan\u0161eti vai ergonomisku klaviat\u016bru. Pilna datu apstr\u0101de un nos\u016bt\u012b\u0161ana uz cit\u0101m iek\u0101rt\u0101m. VX65 ir daudzpus\u012bgs, 3in1 foropters, kas piel\u0101gojas katram speci\u0101listam.\u00a0 Lieliski piem\u0113rots da\u017e\u0101da veida p\u0101rbaud\u0113m \u2013 iesp\u0113jams \u0101tri, \u0113rti un jebkur\u0101 laik\u0101 p\u0101rsl\u0113gties no da\u017e\u0101diem re\u017e\u012bmiem: digit\u0101l\u0101, manu\u0101l\u0101 un autom\u0101tisk\u0101 re\u017e\u012bma.","og_url":"https:\/\/gurudistribution.eu\/en\/zimoli\/visionix\/vx65\/","og_site_name":"Guru Distribution","article_publisher":"https:\/\/www.facebook.com\/gurudistribution","article_modified_time":"2025-10-15T03:56:30+00:00","og_image":[{"url":"http:\/\/gd.gurudistribution.eu\/wp-content\/uploads\/2025\/10\/VX65-1024x679.jpg","type":"","width":"","height":""}],"twitter_card":"summary_large_image","schema":{"@context":"https:\/\/schema.org","@graph":[{"@type":"WebPage","@id":"https:\/\/gurudistribution.eu\/zimoli\/visionix\/vx65\/","url":"https:\/\/gurudistribution.eu\/zimoli\/visionix\/vx65\/","name":"VX65 - Guru Distribution","isPartOf":{"@id":"https:\/\/gurudistribution.eu\/en\/#website"},"primaryImageOfPage":{"@id":"https:\/\/gurudistribution.eu\/zimoli\/visionix\/vx65\/#primaryimage"},"image":{"@id":"https:\/\/gurudistribution.eu\/zimoli\/visionix\/vx65\/#primaryimage"},"thumbnailUrl":"http:\/\/gd.gurudistribution.eu\/wp-content\/uploads\/2025\/10\/VX65-1024x679.jpg","datePublished":"2025-10-09T08:18:48+00:00","dateModified":"2025-10-15T03:56:30+00:00","breadcrumb":{"@id":"https:\/\/gurudistribution.eu\/zimoli\/visionix\/vx65\/#breadcrumb"},"inLanguage":"en-US","potentialAction":[{"@type":"ReadAction","target":["https:\/\/gurudistribution.eu\/zimoli\/visionix\/vx65\/"]}]},{"@type":"ImageObject","inLanguage":"en-US","@id":"https:\/\/gurudistribution.eu\/zimoli\/visionix\/vx65\/#primaryimage","url":"http:\/\/gd.gurudistribution.eu\/wp-content\/uploads\/2025\/10\/VX65-1024x679.jpg","contentUrl":"http:\/\/gd.gurudistribution.eu\/wp-content\/uploads\/2025\/10\/VX65-1024x679.jpg"},{"@type":"BreadcrumbList","@id":"https:\/\/gurudistribution.eu\/zimoli\/visionix\/vx65\/#breadcrumb","itemListElement":[{"@type":"ListItem","position":1,"name":"Home","item":"https:\/\/gurudistribution.eu\/"},{"@type":"ListItem","position":2,"name":"Z\u012aMOLI","item":"https:\/\/gurudistribution.eu\/en\/zimoli\/"},{"@type":"ListItem","position":3,"name":"VISIONIX","item":"https:\/\/gurudistribution.eu\/zimoli\/visionix\/"},{"@type":"ListItem","position":4,"name":"VX65"}]},{"@type":"WebSite","@id":"https:\/\/gurudistribution.eu\/en\/#website","url":"https:\/\/gurudistribution.eu\/en\/","name":"Guru Distribution","description":"","publisher":{"@id":"https:\/\/gurudistribution.eu\/en\/#organization"},"potentialAction":[{"@type":"SearchAction","target":{"@type":"EntryPoint","urlTemplate":"https:\/\/gurudistribution.eu\/en\/?s={search_term_string}"},"query-input":{"@type":"PropertyValueSpecification","valueRequired":true,"valueName":"search_term_string"}}],"inLanguage":"en-US"},{"@type":"Organization","@id":"https:\/\/gurudistribution.eu\/en\/#organization","name":"Guru Distribution","url":"https:\/\/gurudistribution.eu\/en\/","logo":{"@type":"ImageObject","inLanguage":"en-US","@id":"https:\/\/gurudistribution.eu\/en\/#\/schema\/logo\/image\/","url":"https:\/\/gurudistribution.eu\/wp-content\/uploads\/2025\/10\/guru_logo_full_large-scaled-2-e1759335026600.jpg","contentUrl":"https:\/\/gurudistribution.eu\/wp-content\/uploads\/2025\/10\/guru_logo_full_large-scaled-2-e1759335026600.jpg","width":1694,"height":503,"caption":"Guru Distribution"},"image":{"@id":"https:\/\/gurudistribution.eu\/en\/#\/schema\/logo\/image\/"},"sameAs":["https:\/\/www.facebook.com\/gurudistribution","https:\/\/www.linkedin.com\/company\/guru-distribution-linkedin\/"]}]}},"_links":{"self":[{"href":"https:\/\/gurudistribution.eu\/en\/wp-json\/wp\/v2\/pages\/850","targetHints":{"allow":["GET"]}}],"collection":[{"href":"https:\/\/gurudistribution.eu\/en\/wp-json\/wp\/v2\/pages"}],"about":[{"href":"https:\/\/gurudistribution.eu\/en\/wp-json\/wp\/v2\/types\/page"}],"author":[{"embeddable":true,"href":"https:\/\/gurudistribution.eu\/en\/wp-json\/wp\/v2\/users\/1"}],"replies":[{"embeddable":true,"href":"https:\/\/gurudistribution.eu\/en\/wp-json\/wp\/v2\/comments?post=850"}],"version-history":[{"count":19,"href":"https:\/\/gurudistribution.eu\/en\/wp-json\/wp\/v2\/pages\/850\/revisions"}],"predecessor-version":[{"id":889,"href":"https:\/\/gurudistribution.eu\/en\/wp-json\/wp\/v2\/pages\/850\/revisions\/889"}],"up":[{"embeddable":true,"href":"https:\/\/gurudistribution.eu\/en\/wp-json\/wp\/v2\/pages\/656"}],"wp:attachment":[{"href":"https:\/\/gurudistribution.eu\/en\/wp-json\/wp\/v2\/media?parent=850"}],"curies":[{"name":"wp","href":"https:\/\/api.w.org\/{rel}","templated":true}]}}