{"id":455,"date":"2025-10-06T10:27:02","date_gmt":"2025-10-06T08:27:02","guid":{"rendered":"https:\/\/gd.gurudistribution.eu\/?page_id=455"},"modified":"2026-01-19T14:41:18","modified_gmt":"2026-01-19T12:41:18","slug":"komanda","status":"publish","type":"page","link":"https:\/\/gurudistribution.eu\/en\/kontakti\/komanda\/","title":{"rendered":"TEAM"},"content":{"rendered":"<div data-elementor-type=\"wp-page\" data-elementor-id=\"455\" class=\"elementor elementor-455\" data-elementor-post-type=\"page\">\n\t\t\t\t<div class=\"elementor-element elementor-element-1228ab5 e-flex e-con-boxed e-con e-parent\" data-id=\"1228ab5\" data-element_type=\"container\" data-e-type=\"container\">\n\t\t\t\t\t<div class=\"e-con-inner\">\n\t\t\t\t<div class=\"elementor-element elementor-element-f79f250 elementor-widget elementor-widget-heading\" data-id=\"f79f250\" data-element_type=\"widget\" data-e-type=\"widget\" data-widget_type=\"heading.default\">\n\t\t\t\t\t<h2 class=\"elementor-heading-title elementor-size-default\">Guru Distribution team<\/h2>\t\t\t\t<\/div>\n\t\t\t\t<div class=\"elementor-element elementor-element-ac52865 elementor-widget elementor-widget-spacer\" data-id=\"ac52865\" data-element_type=\"widget\" data-e-type=\"widget\" data-widget_type=\"spacer.default\">\n\t\t\t\t\t\t\t<div class=\"elementor-spacer\">\n\t\t\t<div class=\"elementor-spacer-inner\"><\/div>\n\t\t<\/div>\n\t\t\t\t\t\t<\/div>\n\t\t\t\t\t<\/div>\n\t\t\t\t<\/div>\n\t\t<div class=\"elementor-element elementor-element-5f9716c e-flex e-con-boxed e-con e-parent\" data-id=\"5f9716c\" data-element_type=\"container\" data-e-type=\"container\">\n\t\t\t\t\t<div class=\"e-con-inner\">\n\t\t\t\t<div class=\"elementor-element elementor-element-4f3869c elementor-widget elementor-widget-text-editor\" data-id=\"4f3869c\" data-element_type=\"widget\" data-e-type=\"widget\" data-widget_type=\"text-editor.default\">\n\t\t\t\t\t\t\t\t\t<p>Guru Distribution\u2019s strength lies in its people \u2014 professionals who combine technical expertise, sales experience, and a genuine desire to create value for clients.<br \/>We work with the confidence that every vision solution begins with reliable technology and people who understand its importance to society.<br \/>Our team represents the three Baltic states, providing partners with reliable support, precise service, and a personalized approach in every collaboration.<\/p>\t\t\t\t\t\t\t\t<\/div>\n\t\t\t\t\t<\/div>\n\t\t\t\t<\/div>\n\t\t<div class=\"elementor-element elementor-element-a651984 e-flex e-con-boxed e-con e-parent\" data-id=\"a651984\" data-element_type=\"container\" data-e-type=\"container\">\n\t\t\t\t\t<div class=\"e-con-inner\">\n\t\t\t\t<div class=\"elementor-element elementor-element-7808670 elementor-widget elementor-widget-spacer\" data-id=\"7808670\" data-element_type=\"widget\" data-e-type=\"widget\" data-widget_type=\"spacer.default\">\n\t\t\t\t\t\t\t<div class=\"elementor-spacer\">\n\t\t\t<div class=\"elementor-spacer-inner\"><\/div>\n\t\t<\/div>\n\t\t\t\t\t\t<\/div>\n\t\t\t\t\t<\/div>\n\t\t\t\t<\/div>\n\t\t<div class=\"elementor-element elementor-element-aaab58d e-flex e-con-boxed e-con e-parent\" data-id=\"aaab58d\" data-element_type=\"container\" data-e-type=\"container\">\n\t\t\t\t\t<div class=\"e-con-inner\">\n\t\t<div class=\"elementor-element elementor-element-4d4aa2d e-grid e-con-full e-con e-child\" data-id=\"4d4aa2d\" data-element_type=\"container\" data-e-type=\"container\">\n\t\t<div class=\"elementor-element elementor-element-481a3ec e-con-full e-flex e-con e-child\" data-id=\"481a3ec\" data-element_type=\"container\" data-e-type=\"container\">\n\t\t\t\t<div class=\"elementor-element elementor-element-739a75b elementor-widget elementor-widget-image\" data-id=\"739a75b\" data-element_type=\"widget\" data-e-type=\"widget\" data-widget_type=\"image.default\">\n\t\t\t\t\t\t\t\t\t\t\t\t<figure class=\"wp-caption\">\n\t\t\t\t\t\t\t\t\t\t<img fetchpriority=\"high\" decoding=\"async\" width=\"800\" height=\"809\" src=\"https:\/\/gurudistribution.eu\/wp-content\/uploads\/2025\/11\/Anna-Guru-Distribution-2025web-1013x1024.jpg\" class=\"attachment-large size-large wp-image-2662\" alt=\"\" srcset=\"https:\/\/gurudistribution.eu\/wp-content\/uploads\/2025\/11\/Anna-Guru-Distribution-2025web-1013x1024.jpg 1013w, https:\/\/gurudistribution.eu\/wp-content\/uploads\/2025\/11\/Anna-Guru-Distribution-2025web-297x300.jpg 297w, https:\/\/gurudistribution.eu\/wp-content\/uploads\/2025\/11\/Anna-Guru-Distribution-2025web-768x776.jpg 768w, https:\/\/gurudistribution.eu\/wp-content\/uploads\/2025\/11\/Anna-Guru-Distribution-2025web-1519x1536.jpg 1519w, https:\/\/gurudistribution.eu\/wp-content\/uploads\/2025\/11\/Anna-Guru-Distribution-2025web-2026x2048.jpg 2026w, https:\/\/gurudistribution.eu\/wp-content\/uploads\/2025\/11\/Anna-Guru-Distribution-2025web-12x12.jpg 12w\" sizes=\"(max-width: 800px) 100vw, 800px\" \/>\t\t\t\t\t\t\t\t\t\t\t<figcaption class=\"widget-image-caption wp-caption-text\"><br>Anna<br>CEO<br>anna@gurudistribution.eu<br>+371 26 302 406<\/figcaption>\n\t\t\t\t\t\t\t\t\t\t<\/figure>\n\t\t\t\t\t\t\t\t\t<\/div>\n\t\t\t\t<\/div>\n\t\t<div class=\"elementor-element elementor-element-5de5dff e-con-full e-flex e-con e-child\" data-id=\"5de5dff\" data-element_type=\"container\" data-e-type=\"container\">\n\t\t\t\t<div class=\"elementor-element elementor-element-f73c64a elementor-widget elementor-widget-image\" data-id=\"f73c64a\" data-element_type=\"widget\" data-e-type=\"widget\" data-widget_type=\"image.default\">\n\t\t\t\t\t\t\t\t\t\t\t\t<figure class=\"wp-caption\">\n\t\t\t\t\t\t\t\t\t\t<img decoding=\"async\" width=\"800\" height=\"785\" src=\"https:\/\/gurudistribution.eu\/wp-content\/uploads\/2025\/11\/Guru-Distribution_11_2025_web-1024x1005.jpg\" class=\"attachment-large size-large wp-image-2533\" alt=\"\" srcset=\"https:\/\/gurudistribution.eu\/wp-content\/uploads\/2025\/11\/Guru-Distribution_11_2025_web-1024x1005.jpg 1024w, https:\/\/gurudistribution.eu\/wp-content\/uploads\/2025\/11\/Guru-Distribution_11_2025_web-300x294.jpg 300w, https:\/\/gurudistribution.eu\/wp-content\/uploads\/2025\/11\/Guru-Distribution_11_2025_web-768x754.jpg 768w, https:\/\/gurudistribution.eu\/wp-content\/uploads\/2025\/11\/Guru-Distribution_11_2025_web-1536x1507.jpg 1536w, https:\/\/gurudistribution.eu\/wp-content\/uploads\/2025\/11\/Guru-Distribution_11_2025_web-2048x2010.jpg 2048w, https:\/\/gurudistribution.eu\/wp-content\/uploads\/2025\/11\/Guru-Distribution_11_2025_web-12x12.jpg 12w\" sizes=\"(max-width: 800px) 100vw, 800px\" \/>\t\t\t\t\t\t\t\t\t\t\t<figcaption class=\"widget-image-caption wp-caption-text\"><br>Inga<br>Boll\u00e9 sales manager for the Baltics<br>inga.aboltina@gurudistribution.eu<br>+371 20 380 938<\/figcaption>\n\t\t\t\t\t\t\t\t\t\t<\/figure>\n\t\t\t\t\t\t\t\t\t<\/div>\n\t\t\t\t<\/div>\n\t\t<div class=\"elementor-element elementor-element-7d481df e-con-full e-flex e-con e-child\" data-id=\"7d481df\" data-element_type=\"container\" data-e-type=\"container\">\n\t\t\t\t<div class=\"elementor-element elementor-element-be759e9 elementor-widget elementor-widget-image\" data-id=\"be759e9\" data-element_type=\"widget\" data-e-type=\"widget\" data-widget_type=\"image.default\">\n\t\t\t\t\t\t\t\t\t\t\t\t<figure class=\"wp-caption\">\n\t\t\t\t\t\t\t\t\t\t<img decoding=\"async\" width=\"800\" height=\"655\" src=\"https:\/\/gurudistribution.eu\/wp-content\/uploads\/2025\/11\/Guru-Distribution_11_2025-1-1024x838.jpg\" class=\"attachment-large size-large wp-image-2369\" alt=\"\" srcset=\"https:\/\/gurudistribution.eu\/wp-content\/uploads\/2025\/11\/Guru-Distribution_11_2025-1-1024x838.jpg 1024w, https:\/\/gurudistribution.eu\/wp-content\/uploads\/2025\/11\/Guru-Distribution_11_2025-1-300x245.jpg 300w, https:\/\/gurudistribution.eu\/wp-content\/uploads\/2025\/11\/Guru-Distribution_11_2025-1-768x628.jpg 768w, https:\/\/gurudistribution.eu\/wp-content\/uploads\/2025\/11\/Guru-Distribution_11_2025-1-1536x1256.jpg 1536w, https:\/\/gurudistribution.eu\/wp-content\/uploads\/2025\/11\/Guru-Distribution_11_2025-1-2048x1675.jpg 2048w, https:\/\/gurudistribution.eu\/wp-content\/uploads\/2025\/11\/Guru-Distribution_11_2025-1-15x12.jpg 15w\" sizes=\"(max-width: 800px) 100vw, 800px\" \/>\t\t\t\t\t\t\t\t\t\t\t<figcaption class=\"widget-image-caption wp-caption-text\"><br>Eldar<br>Sales manager in Lithuania<br>eldar@gurudistribution.eu<br>+370 692 82506<\/figcaption>\n\t\t\t\t\t\t\t\t\t\t<\/figure>\n\t\t\t\t\t\t\t\t\t<\/div>\n\t\t\t\t<\/div>\n\t\t<div class=\"elementor-element elementor-element-d285f12 e-con-full e-flex e-con e-child\" data-id=\"d285f12\" data-element_type=\"container\" data-e-type=\"container\">\n\t\t\t\t<div class=\"elementor-element elementor-element-66da8f1 elementor-widget elementor-widget-image\" data-id=\"66da8f1\" data-element_type=\"widget\" data-e-type=\"widget\" data-widget_type=\"image.default\">\n\t\t\t\t\t\t\t\t\t\t\t\t<figure class=\"wp-caption\">\n\t\t\t\t\t\t\t\t\t\t<img loading=\"lazy\" decoding=\"async\" width=\"800\" height=\"816\" src=\"https:\/\/gurudistribution.eu\/wp-content\/uploads\/2025\/11\/Guru-Distribution_11_2025-20-1004x1024.jpg\" class=\"attachment-large size-large wp-image-2385\" alt=\"\" srcset=\"https:\/\/gurudistribution.eu\/wp-content\/uploads\/2025\/11\/Guru-Distribution_11_2025-20-1004x1024.jpg 1004w, https:\/\/gurudistribution.eu\/wp-content\/uploads\/2025\/11\/Guru-Distribution_11_2025-20-294x300.jpg 294w, https:\/\/gurudistribution.eu\/wp-content\/uploads\/2025\/11\/Guru-Distribution_11_2025-20-768x783.jpg 768w, https:\/\/gurudistribution.eu\/wp-content\/uploads\/2025\/11\/Guru-Distribution_11_2025-20-1506x1536.jpg 1506w, https:\/\/gurudistribution.eu\/wp-content\/uploads\/2025\/11\/Guru-Distribution_11_2025-20-2009x2048.jpg 2009w, https:\/\/gurudistribution.eu\/wp-content\/uploads\/2025\/11\/Guru-Distribution_11_2025-20-12x12.jpg 12w\" sizes=\"(max-width: 800px) 100vw, 800px\" \/>\t\t\t\t\t\t\t\t\t\t\t<figcaption class=\"widget-image-caption wp-caption-text\"><br>L\u012bga<br>Sales assistant<br>liga.vovcenko@gurudistribution.eu<br>+371 27 667 122<\/figcaption>\n\t\t\t\t\t\t\t\t\t\t<\/figure>\n\t\t\t\t\t\t\t\t\t<\/div>\n\t\t\t\t<\/div>\n\t\t<div class=\"elementor-element elementor-element-1248c3c e-con-full e-flex e-con e-child\" data-id=\"1248c3c\" data-element_type=\"container\" data-e-type=\"container\">\n\t\t\t\t<div class=\"elementor-element elementor-element-15d56ed elementor-widget elementor-widget-image\" data-id=\"15d56ed\" data-element_type=\"widget\" data-e-type=\"widget\" data-widget_type=\"image.default\">\n\t\t\t\t\t\t\t\t\t\t\t\t<figure class=\"wp-caption\">\n\t\t\t\t\t\t\t\t\t\t<img loading=\"lazy\" decoding=\"async\" width=\"800\" height=\"742\" src=\"https:\/\/gurudistribution.eu\/wp-content\/uploads\/2025\/11\/Guru-Distribution_11_2025-33-1-1024x950.jpg\" class=\"attachment-large size-large wp-image-2374\" alt=\"\" srcset=\"https:\/\/gurudistribution.eu\/wp-content\/uploads\/2025\/11\/Guru-Distribution_11_2025-33-1-1024x950.jpg 1024w, https:\/\/gurudistribution.eu\/wp-content\/uploads\/2025\/11\/Guru-Distribution_11_2025-33-1-300x278.jpg 300w, https:\/\/gurudistribution.eu\/wp-content\/uploads\/2025\/11\/Guru-Distribution_11_2025-33-1-768x713.jpg 768w, https:\/\/gurudistribution.eu\/wp-content\/uploads\/2025\/11\/Guru-Distribution_11_2025-33-1-1536x1425.jpg 1536w, https:\/\/gurudistribution.eu\/wp-content\/uploads\/2025\/11\/Guru-Distribution_11_2025-33-1-2048x1900.jpg 2048w, https:\/\/gurudistribution.eu\/wp-content\/uploads\/2025\/11\/Guru-Distribution_11_2025-33-1-13x12.jpg 13w\" sizes=\"(max-width: 800px) 100vw, 800px\" \/>\t\t\t\t\t\t\t\t\t\t\t<figcaption class=\"widget-image-caption wp-caption-text\"><br>Viktors<br>Creative engineer<br>viktors@gurudistribution.eu<br>+371 29 125 755<\/figcaption>\n\t\t\t\t\t\t\t\t\t\t<\/figure>\n\t\t\t\t\t\t\t\t\t<\/div>\n\t\t\t\t<\/div>\n\t\t\t\t<\/div>\n\t\t\t\t\t<\/div>\n\t\t\t\t<\/div>\n\t\t\t\t<\/div>","protected":false},"excerpt":{"rendered":"<p>Guru Distribution cilv\u0113ki Guru Distribution sp\u0113ks ir cilv\u0113kos \u2014 profesion\u0101\u013cos, kuri apvieno tehnisk\u0101s zin\u0101\u0161anas, p\u0101rdo\u0161anas pieredzi un patiesu v\u0113lmi rad\u012bt v\u0113rt\u012bbu klientiem.M\u0113s str\u0101d\u0101jam ar p\u0101rliec\u012bbu, ka katrs redzes risin\u0101jums s\u0101kas ar uzticamu tehnolo\u0123iju un cilv\u0113kiem, kas saprot t\u0101s noz\u012bmi sabiedr\u012bbai.M\u016bsu komanda p\u0101rst\u0101v tr\u012bs Baltijas valstis, nodro\u0161inot partneriem stabilu atbalstu, prec\u012bzu servisu un individu\u0101lu pieeju katr\u0101 [&hellip;]<\/p>\n","protected":false},"author":1,"featured_media":0,"parent":183,"menu_order":0,"comment_status":"closed","ping_status":"closed","template":"elementor_header_footer","meta":{"footnotes":""},"class_list":["post-455","page","type-page","status-publish","hentry"],"yoast_head":"<!-- This site is optimized with the Yoast SEO plugin v27.3 - https:\/\/yoast.com\/product\/yoast-seo-wordpress\/ -->\n<title>KOMANDA - Guru Distribution<\/title>\n<meta name=\"robots\" content=\"index, follow, max-snippet:-1, max-image-preview:large, max-video-preview:-1\" \/>\n<link rel=\"canonical\" href=\"https:\/\/gurudistribution.eu\/en\/kontakti\/komanda\/\" \/>\n<meta property=\"og:locale\" content=\"en_US\" \/>\n<meta property=\"og:type\" content=\"article\" \/>\n<meta property=\"og:title\" content=\"KOMANDA - Guru Distribution\" \/>\n<meta property=\"og:description\" content=\"Guru Distribution cilv\u0113ki Guru Distribution sp\u0113ks ir cilv\u0113kos \u2014 profesion\u0101\u013cos, kuri apvieno tehnisk\u0101s zin\u0101\u0161anas, p\u0101rdo\u0161anas pieredzi un patiesu v\u0113lmi rad\u012bt v\u0113rt\u012bbu klientiem.M\u0113s str\u0101d\u0101jam ar p\u0101rliec\u012bbu, ka katrs redzes risin\u0101jums s\u0101kas ar uzticamu tehnolo\u0123iju un cilv\u0113kiem, kas saprot t\u0101s noz\u012bmi sabiedr\u012bbai.M\u016bsu komanda p\u0101rst\u0101v tr\u012bs Baltijas valstis, nodro\u0161inot partneriem stabilu atbalstu, prec\u012bzu servisu un individu\u0101lu pieeju katr\u0101 [&hellip;]\" \/>\n<meta property=\"og:url\" content=\"https:\/\/gurudistribution.eu\/en\/kontakti\/komanda\/\" \/>\n<meta property=\"og:site_name\" content=\"Guru Distribution\" \/>\n<meta property=\"article:publisher\" content=\"https:\/\/www.facebook.com\/gurudistribution\" \/>\n<meta property=\"article:modified_time\" content=\"2026-01-19T12:41:18+00:00\" \/>\n<meta property=\"og:image\" content=\"https:\/\/gurudistribution.eu\/wp-content\/uploads\/2025\/11\/Anna-Guru-Distribution-2025web-scaled.jpg\" \/>\n\t<meta property=\"og:image:width\" content=\"2532\" \/>\n\t<meta property=\"og:image:height\" content=\"2560\" \/>\n\t<meta property=\"og:image:type\" content=\"image\/jpeg\" \/>\n<meta name=\"twitter:card\" content=\"summary_large_image\" \/>\n<meta name=\"twitter:label1\" content=\"Est. reading time\" \/>\n\t<meta name=\"twitter:data1\" content=\"2 minutes\" \/>\n<script type=\"application\/ld+json\" class=\"yoast-schema-graph\">{\"@context\":\"https:\\\/\\\/schema.org\",\"@graph\":[{\"@type\":\"WebPage\",\"@id\":\"https:\\\/\\\/gurudistribution.eu\\\/kontakti\\\/komanda\\\/\",\"url\":\"https:\\\/\\\/gurudistribution.eu\\\/kontakti\\\/komanda\\\/\",\"name\":\"KOMANDA - Guru Distribution\",\"isPartOf\":{\"@id\":\"https:\\\/\\\/gurudistribution.eu\\\/en\\\/#website\"},\"primaryImageOfPage\":{\"@id\":\"https:\\\/\\\/gurudistribution.eu\\\/kontakti\\\/komanda\\\/#primaryimage\"},\"image\":{\"@id\":\"https:\\\/\\\/gurudistribution.eu\\\/kontakti\\\/komanda\\\/#primaryimage\"},\"thumbnailUrl\":\"https:\\\/\\\/gurudistribution.eu\\\/wp-content\\\/uploads\\\/2025\\\/11\\\/Anna-Guru-Distribution-2025web-1013x1024.jpg\",\"datePublished\":\"2025-10-06T08:27:02+00:00\",\"dateModified\":\"2026-01-19T12:41:18+00:00\",\"breadcrumb\":{\"@id\":\"https:\\\/\\\/gurudistribution.eu\\\/kontakti\\\/komanda\\\/#breadcrumb\"},\"inLanguage\":\"en-US\",\"potentialAction\":[{\"@type\":\"ReadAction\",\"target\":[\"https:\\\/\\\/gurudistribution.eu\\\/kontakti\\\/komanda\\\/\"]}]},{\"@type\":\"ImageObject\",\"inLanguage\":\"en-US\",\"@id\":\"https:\\\/\\\/gurudistribution.eu\\\/kontakti\\\/komanda\\\/#primaryimage\",\"url\":\"https:\\\/\\\/gurudistribution.eu\\\/wp-content\\\/uploads\\\/2025\\\/11\\\/Anna-Guru-Distribution-2025web-1013x1024.jpg\",\"contentUrl\":\"https:\\\/\\\/gurudistribution.eu\\\/wp-content\\\/uploads\\\/2025\\\/11\\\/Anna-Guru-Distribution-2025web-1013x1024.jpg\"},{\"@type\":\"BreadcrumbList\",\"@id\":\"https:\\\/\\\/gurudistribution.eu\\\/kontakti\\\/komanda\\\/#breadcrumb\",\"itemListElement\":[{\"@type\":\"ListItem\",\"position\":1,\"name\":\"Home\",\"item\":\"https:\\\/\\\/gurudistribution.eu\\\/\"},{\"@type\":\"ListItem\",\"position\":2,\"name\":\"KONTAKTI\",\"item\":\"https:\\\/\\\/gurudistribution.eu\\\/en\\\/kontakti\\\/\"},{\"@type\":\"ListItem\",\"position\":3,\"name\":\"KOMANDA\"}]},{\"@type\":\"WebSite\",\"@id\":\"https:\\\/\\\/gurudistribution.eu\\\/en\\\/#website\",\"url\":\"https:\\\/\\\/gurudistribution.eu\\\/en\\\/\",\"name\":\"Guru Distribution\",\"description\":\"\",\"publisher\":{\"@id\":\"https:\\\/\\\/gurudistribution.eu\\\/en\\\/#organization\"},\"potentialAction\":[{\"@type\":\"SearchAction\",\"target\":{\"@type\":\"EntryPoint\",\"urlTemplate\":\"https:\\\/\\\/gurudistribution.eu\\\/en\\\/?s={search_term_string}\"},\"query-input\":{\"@type\":\"PropertyValueSpecification\",\"valueRequired\":true,\"valueName\":\"search_term_string\"}}],\"inLanguage\":\"en-US\"},{\"@type\":\"Organization\",\"@id\":\"https:\\\/\\\/gurudistribution.eu\\\/en\\\/#organization\",\"name\":\"Guru Distribution\",\"url\":\"https:\\\/\\\/gurudistribution.eu\\\/en\\\/\",\"logo\":{\"@type\":\"ImageObject\",\"inLanguage\":\"en-US\",\"@id\":\"https:\\\/\\\/gurudistribution.eu\\\/en\\\/#\\\/schema\\\/logo\\\/image\\\/\",\"url\":\"https:\\\/\\\/gurudistribution.eu\\\/wp-content\\\/uploads\\\/2025\\\/10\\\/guru_logo_full_large-scaled-2-e1759335026600.jpg\",\"contentUrl\":\"https:\\\/\\\/gurudistribution.eu\\\/wp-content\\\/uploads\\\/2025\\\/10\\\/guru_logo_full_large-scaled-2-e1759335026600.jpg\",\"width\":1694,\"height\":503,\"caption\":\"Guru Distribution\"},\"image\":{\"@id\":\"https:\\\/\\\/gurudistribution.eu\\\/en\\\/#\\\/schema\\\/logo\\\/image\\\/\"},\"sameAs\":[\"https:\\\/\\\/www.facebook.com\\\/gurudistribution\",\"https:\\\/\\\/www.linkedin.com\\\/company\\\/guru-distribution-linkedin\\\/\"]}]}<\/script>\n<!-- \/ Yoast SEO plugin. -->","yoast_head_json":{"title":"KOMANDA - Guru Distribution","robots":{"index":"index","follow":"follow","max-snippet":"max-snippet:-1","max-image-preview":"max-image-preview:large","max-video-preview":"max-video-preview:-1"},"canonical":"https:\/\/gurudistribution.eu\/en\/kontakti\/komanda\/","og_locale":"en_US","og_type":"article","og_title":"KOMANDA - Guru Distribution","og_description":"Guru Distribution cilv\u0113ki Guru Distribution sp\u0113ks ir cilv\u0113kos \u2014 profesion\u0101\u013cos, kuri apvieno tehnisk\u0101s zin\u0101\u0161anas, p\u0101rdo\u0161anas pieredzi un patiesu v\u0113lmi rad\u012bt v\u0113rt\u012bbu klientiem.M\u0113s str\u0101d\u0101jam ar p\u0101rliec\u012bbu, ka katrs redzes risin\u0101jums s\u0101kas ar uzticamu tehnolo\u0123iju un cilv\u0113kiem, kas saprot t\u0101s noz\u012bmi sabiedr\u012bbai.M\u016bsu komanda p\u0101rst\u0101v tr\u012bs Baltijas valstis, nodro\u0161inot partneriem stabilu atbalstu, prec\u012bzu servisu un individu\u0101lu pieeju katr\u0101 [&hellip;]","og_url":"https:\/\/gurudistribution.eu\/en\/kontakti\/komanda\/","og_site_name":"Guru Distribution","article_publisher":"https:\/\/www.facebook.com\/gurudistribution","article_modified_time":"2026-01-19T12:41:18+00:00","og_image":[{"width":2532,"height":2560,"url":"https:\/\/gurudistribution.eu\/wp-content\/uploads\/2025\/11\/Anna-Guru-Distribution-2025web-scaled.jpg","type":"image\/jpeg"}],"twitter_card":"summary_large_image","twitter_misc":{"Est. reading time":"2 minutes"},"schema":{"@context":"https:\/\/schema.org","@graph":[{"@type":"WebPage","@id":"https:\/\/gurudistribution.eu\/kontakti\/komanda\/","url":"https:\/\/gurudistribution.eu\/kontakti\/komanda\/","name":"KOMANDA - Guru Distribution","isPartOf":{"@id":"https:\/\/gurudistribution.eu\/en\/#website"},"primaryImageOfPage":{"@id":"https:\/\/gurudistribution.eu\/kontakti\/komanda\/#primaryimage"},"image":{"@id":"https:\/\/gurudistribution.eu\/kontakti\/komanda\/#primaryimage"},"thumbnailUrl":"https:\/\/gurudistribution.eu\/wp-content\/uploads\/2025\/11\/Anna-Guru-Distribution-2025web-1013x1024.jpg","datePublished":"2025-10-06T08:27:02+00:00","dateModified":"2026-01-19T12:41:18+00:00","breadcrumb":{"@id":"https:\/\/gurudistribution.eu\/kontakti\/komanda\/#breadcrumb"},"inLanguage":"en-US","potentialAction":[{"@type":"ReadAction","target":["https:\/\/gurudistribution.eu\/kontakti\/komanda\/"]}]},{"@type":"ImageObject","inLanguage":"en-US","@id":"https:\/\/gurudistribution.eu\/kontakti\/komanda\/#primaryimage","url":"https:\/\/gurudistribution.eu\/wp-content\/uploads\/2025\/11\/Anna-Guru-Distribution-2025web-1013x1024.jpg","contentUrl":"https:\/\/gurudistribution.eu\/wp-content\/uploads\/2025\/11\/Anna-Guru-Distribution-2025web-1013x1024.jpg"},{"@type":"BreadcrumbList","@id":"https:\/\/gurudistribution.eu\/kontakti\/komanda\/#breadcrumb","itemListElement":[{"@type":"ListItem","position":1,"name":"Home","item":"https:\/\/gurudistribution.eu\/"},{"@type":"ListItem","position":2,"name":"KONTAKTI","item":"https:\/\/gurudistribution.eu\/en\/kontakti\/"},{"@type":"ListItem","position":3,"name":"KOMANDA"}]},{"@type":"WebSite","@id":"https:\/\/gurudistribution.eu\/en\/#website","url":"https:\/\/gurudistribution.eu\/en\/","name":"Guru Distribution","description":"","publisher":{"@id":"https:\/\/gurudistribution.eu\/en\/#organization"},"potentialAction":[{"@type":"SearchAction","target":{"@type":"EntryPoint","urlTemplate":"https:\/\/gurudistribution.eu\/en\/?s={search_term_string}"},"query-input":{"@type":"PropertyValueSpecification","valueRequired":true,"valueName":"search_term_string"}}],"inLanguage":"en-US"},{"@type":"Organization","@id":"https:\/\/gurudistribution.eu\/en\/#organization","name":"Guru Distribution","url":"https:\/\/gurudistribution.eu\/en\/","logo":{"@type":"ImageObject","inLanguage":"en-US","@id":"https:\/\/gurudistribution.eu\/en\/#\/schema\/logo\/image\/","url":"https:\/\/gurudistribution.eu\/wp-content\/uploads\/2025\/10\/guru_logo_full_large-scaled-2-e1759335026600.jpg","contentUrl":"https:\/\/gurudistribution.eu\/wp-content\/uploads\/2025\/10\/guru_logo_full_large-scaled-2-e1759335026600.jpg","width":1694,"height":503,"caption":"Guru Distribution"},"image":{"@id":"https:\/\/gurudistribution.eu\/en\/#\/schema\/logo\/image\/"},"sameAs":["https:\/\/www.facebook.com\/gurudistribution","https:\/\/www.linkedin.com\/company\/guru-distribution-linkedin\/"]}]}},"_links":{"self":[{"href":"https:\/\/gurudistribution.eu\/en\/wp-json\/wp\/v2\/pages\/455","targetHints":{"allow":["GET"]}}],"collection":[{"href":"https:\/\/gurudistribution.eu\/en\/wp-json\/wp\/v2\/pages"}],"about":[{"href":"https:\/\/gurudistribution.eu\/en\/wp-json\/wp\/v2\/types\/page"}],"author":[{"embeddable":true,"href":"https:\/\/gurudistribution.eu\/en\/wp-json\/wp\/v2\/users\/1"}],"replies":[{"embeddable":true,"href":"https:\/\/gurudistribution.eu\/en\/wp-json\/wp\/v2\/comments?post=455"}],"version-history":[{"count":187,"href":"https:\/\/gurudistribution.eu\/en\/wp-json\/wp\/v2\/pages\/455\/revisions"}],"predecessor-version":[{"id":2760,"href":"https:\/\/gurudistribution.eu\/en\/wp-json\/wp\/v2\/pages\/455\/revisions\/2760"}],"up":[{"embeddable":true,"href":"https:\/\/gurudistribution.eu\/en\/wp-json\/wp\/v2\/pages\/183"}],"wp:attachment":[{"href":"https:\/\/gurudistribution.eu\/en\/wp-json\/wp\/v2\/media?parent=455"}],"curies":[{"name":"wp","href":"https:\/\/api.w.org\/{rel}","templated":true}]}}