{"id":2582,"date":"2025-11-27T11:59:18","date_gmt":"2025-11-27T09:59:18","guid":{"rendered":"https:\/\/gurudistribution.eu\/?page_id=2582"},"modified":"2025-11-27T14:52:24","modified_gmt":"2025-11-27T12:52:24","slug":"try","status":"publish","type":"page","link":"https:\/\/gurudistribution.eu\/en\/try\/","title":{"rendered":"TRY"},"content":{"rendered":"<div data-elementor-type=\"wp-page\" data-elementor-id=\"2582\" class=\"elementor elementor-2582\" data-elementor-post-type=\"page\">\n\t\t\t\t<div class=\"elementor-element elementor-element-1228ab5 e-flex e-con-boxed e-con e-parent\" data-id=\"1228ab5\" data-element_type=\"container\" data-e-type=\"container\">\n\t\t\t\t\t<div class=\"e-con-inner\">\n\t\t\t\t<div class=\"elementor-element elementor-element-f79f250 elementor-widget elementor-widget-heading\" data-id=\"f79f250\" data-element_type=\"widget\" data-e-type=\"widget\" data-widget_type=\"heading.default\">\n\t\t\t\t\t<h2 class=\"elementor-heading-title elementor-size-default\">Visionix demonstration and trial opportunities<\/h2>\t\t\t\t<\/div>\n\t\t\t\t<div class=\"elementor-element elementor-element-ac52865 elementor-widget elementor-widget-spacer\" data-id=\"ac52865\" data-element_type=\"widget\" data-e-type=\"widget\" data-widget_type=\"spacer.default\">\n\t\t\t\t\t\t\t<div class=\"elementor-spacer\">\n\t\t\t<div class=\"elementor-spacer-inner\"><\/div>\n\t\t<\/div>\n\t\t\t\t\t\t<\/div>\n\t\t\t\t\t<\/div>\n\t\t\t\t<\/div>\n\t\t<div class=\"elementor-element elementor-element-fd15b9c e-flex e-con-boxed e-con e-parent\" data-id=\"fd15b9c\" data-element_type=\"container\" data-e-type=\"container\">\n\t\t\t\t\t<div class=\"e-con-inner\">\n\t\t\t\t<div class=\"elementor-element elementor-element-efeb60e elementor-arrows-position-outside elementor-pagination-position-outside elementor-widget elementor-widget-image-carousel\" data-id=\"efeb60e\" data-element_type=\"widget\" data-e-type=\"widget\" data-settings=\"{&quot;navigation&quot;:&quot;both&quot;,&quot;autoplay&quot;:&quot;yes&quot;,&quot;pause_on_hover&quot;:&quot;yes&quot;,&quot;pause_on_interaction&quot;:&quot;yes&quot;,&quot;autoplay_speed&quot;:5000,&quot;infinite&quot;:&quot;yes&quot;,&quot;speed&quot;:500}\" data-widget_type=\"image-carousel.default\">\n\t\t\t\t\t\t\t<div class=\"elementor-image-carousel-wrapper swiper\" role=\"region\" aria-roledescription=\"carousel\" aria-label=\"Image Carousel\" dir=\"ltr\">\n\t\t\t<div class=\"elementor-image-carousel swiper-wrapper\" aria-live=\"off\">\n\t\t\t\t\t\t\t\t<div class=\"swiper-slide\" role=\"group\" aria-roledescription=\"slide\" aria-label=\"1 of 5\"><figure class=\"swiper-slide-inner\"><img decoding=\"async\" class=\"swiper-slide-image\" src=\"https:\/\/gurudistribution.eu\/wp-content\/uploads\/2025\/11\/21-300x150.webp\" alt=\"21\" \/><\/figure><\/div><div class=\"swiper-slide\" role=\"group\" aria-roledescription=\"slide\" aria-label=\"2 of 5\"><figure class=\"swiper-slide-inner\"><img decoding=\"async\" class=\"swiper-slide-image\" src=\"https:\/\/gurudistribution.eu\/wp-content\/uploads\/2025\/11\/eyerefract-1024x685-1-300x201.webp\" alt=\"eyerefract-1024x685\" \/><\/figure><\/div><div class=\"swiper-slide\" role=\"group\" aria-roledescription=\"slide\" aria-label=\"3 of 5\"><figure class=\"swiper-slide-inner\"><img decoding=\"async\" class=\"swiper-slide-image\" src=\"https:\/\/gurudistribution.eu\/wp-content\/uploads\/2025\/11\/slit-lamp-2-1-1024x717-1-300x210.webp\" alt=\"slit-lamp-2-1-1024x717\" \/><\/figure><\/div><div class=\"swiper-slide\" role=\"group\" aria-roledescription=\"slide\" aria-label=\"4 of 5\"><figure class=\"swiper-slide-inner\"><img decoding=\"async\" class=\"swiper-slide-image\" src=\"https:\/\/gurudistribution.eu\/wp-content\/uploads\/2025\/11\/Visionix-vx650-1024x645-1-300x189.webp\" alt=\"Visionix-vx650-1024x645\" \/><\/figure><\/div><div class=\"swiper-slide\" role=\"group\" aria-roledescription=\"slide\" aria-label=\"5 of 5\"><figure class=\"swiper-slide-inner\"><img decoding=\"async\" class=\"swiper-slide-image\" src=\"https:\/\/gurudistribution.eu\/wp-content\/uploads\/2025\/11\/VX-40-Wavefront-Lens-Analyzer-Lifestyle-300x200.webp\" alt=\"VX-40-Wavefront-Lens-Analyzer-Lifestyle\" \/><\/figure><\/div>\t\t\t<\/div>\n\t\t\t\t\t\t\t\t\t\t\t\t<div class=\"elementor-swiper-button elementor-swiper-button-prev\" role=\"button\" tabindex=\"0\">\n\t\t\t\t\t\t<svg aria-hidden=\"true\" class=\"e-font-icon-svg e-eicon-chevron-left\" viewbox=\"0 0 1000 1000\" xmlns=\"http:\/\/www.w3.org\/2000\/svg\"><path d=\"M646 125C629 125 613 133 604 142L308 442C296 454 292 471 292 487 292 504 296 521 308 533L604 854C617 867 629 875 646 875 663 875 679 871 692 858 704 846 713 829 713 812 713 796 708 779 692 767L438 487 692 225C700 217 708 204 708 187 708 171 704 154 692 142 675 129 663 125 646 125Z\"><\/path><\/svg>\t\t\t\t\t<\/div>\n\t\t\t\t\t<div class=\"elementor-swiper-button elementor-swiper-button-next\" role=\"button\" tabindex=\"0\">\n\t\t\t\t\t\t<svg aria-hidden=\"true\" class=\"e-font-icon-svg e-eicon-chevron-right\" viewbox=\"0 0 1000 1000\" xmlns=\"http:\/\/www.w3.org\/2000\/svg\"><path d=\"M696 533C708 521 713 504 713 487 713 471 708 454 696 446L400 146C388 133 375 125 354 125 338 125 325 129 313 142 300 154 292 171 292 187 292 204 296 221 308 233L563 492 304 771C292 783 288 800 288 817 288 833 296 850 308 863 321 871 338 875 354 875 371 875 388 867 400 854L696 533Z\"><\/path><\/svg>\t\t\t\t\t<\/div>\n\t\t\t\t\n\t\t\t\t\t\t\t\t\t<div class=\"swiper-pagination\"><\/div>\n\t\t\t\t\t\t\t\t\t<\/div>\n\t\t\t\t\t\t<\/div>\n\t\t\t\t\t<\/div>\n\t\t\t\t<\/div>\n\t\t<div class=\"elementor-element elementor-element-5f9716c e-flex e-con-boxed e-con e-parent\" data-id=\"5f9716c\" data-element_type=\"container\" data-e-type=\"container\">\n\t\t\t\t\t<div class=\"e-con-inner\">\n\t\t\t\t<div class=\"elementor-element elementor-element-4f3869c elementor-widget elementor-widget-text-editor\" data-id=\"4f3869c\" data-element_type=\"widget\" data-e-type=\"widget\" data-widget_type=\"text-editor.default\">\n\t\t\t\t\t\t\t\t\t<h5>Try the technology before you invest!<\/h5>\nGuru Distribution offers the opportunity to experience Visionix vision health diagnostic equipment firsthand \u2013 exactly where it matters: in your store or in our demo environment.\nOur demonstration program allows specialists and clinics to assess the equipment\u2019s functionality, accuracy, and ease of use before making a purchase decision.\t\t\t\t\t\t\t\t<\/div>\n\t\t\t\t\t<\/div>\n\t\t\t\t<\/div>\n\t\t<div class=\"elementor-element elementor-element-a651984 e-flex e-con-boxed e-con e-parent\" data-id=\"a651984\" data-element_type=\"container\" data-e-type=\"container\">\n\t\t\t\t\t<div class=\"e-con-inner\">\n\t\t\t\t<div class=\"elementor-element elementor-element-7808670 elementor-widget elementor-widget-spacer\" data-id=\"7808670\" data-element_type=\"widget\" data-e-type=\"widget\" data-widget_type=\"spacer.default\">\n\t\t\t\t\t\t\t<div class=\"elementor-spacer\">\n\t\t\t<div class=\"elementor-spacer-inner\"><\/div>\n\t\t<\/div>\n\t\t\t\t\t\t<\/div>\n\t\t\t\t\t<\/div>\n\t\t\t\t<\/div>\n\t\t<div class=\"elementor-element elementor-element-b9b7794 e-flex e-con-boxed e-con e-parent\" data-id=\"b9b7794\" data-element_type=\"container\" data-e-type=\"container\">\n\t\t\t\t\t<div class=\"e-con-inner\">\n\t\t\t\t<div class=\"elementor-element elementor-element-2b51125 elementor-widget elementor-widget-text-editor\" data-id=\"2b51125\" data-element_type=\"widget\" data-e-type=\"widget\" data-widget_type=\"text-editor.default\">\n\t\t\t\t\t\t\t\t\t<h5>What we offer?<\/h5><ul><li>Demo equipment is available on-site at the Guru Distribution office (Ogre) and for client visits.<br \/><br \/><\/li><li>Full demonstration \u2013 equipment setup, calibration, measurements, and data interpretation in real-world conditions.<br \/><br \/><\/li><li>Individual approach \u2013 demonstrations are tailored to your practice or store profile, patient flow, and working style.<br \/><br \/><\/li><li>Combined training and consultation \u2013 our specialist explains both clinical and practical aspects.<\/li><\/ul>\t\t\t\t\t\t\t\t<\/div>\n\t\t\t\t\t<\/div>\n\t\t\t\t<\/div>\n\t\t<div class=\"elementor-element elementor-element-15b6029 e-flex e-con-boxed e-con e-parent\" data-id=\"15b6029\" data-element_type=\"container\" data-e-type=\"container\">\n\t\t\t\t\t<div class=\"e-con-inner\">\n\t\t\t\t<div class=\"elementor-element elementor-element-c329150 elementor-widget elementor-widget-spacer\" data-id=\"c329150\" data-element_type=\"widget\" data-e-type=\"widget\" data-widget_type=\"spacer.default\">\n\t\t\t\t\t\t\t<div class=\"elementor-spacer\">\n\t\t\t<div class=\"elementor-spacer-inner\"><\/div>\n\t\t<\/div>\n\t\t\t\t\t\t<\/div>\n\t\t\t\t\t<\/div>\n\t\t\t\t<\/div>\n\t\t<div class=\"elementor-element elementor-element-d0a0c05 e-flex e-con-boxed e-con e-parent\" data-id=\"d0a0c05\" data-element_type=\"container\" data-e-type=\"container\">\n\t\t\t\t\t<div class=\"e-con-inner\">\n\t\t\t\t<div class=\"elementor-element elementor-element-494c178 elementor-widget elementor-widget-text-editor\" data-id=\"494c178\" data-element_type=\"widget\" data-e-type=\"widget\" data-widget_type=\"text-editor.default\">\n\t\t\t\t\t\t\t\t\t<h5>How to apply for a demonstration?<\/h5><ol><li>Contact our sales team, specifying the equipment you are interested in and your preferred date.<br \/><br \/><\/li><li>We arrange the location \u2013 either at your store or in our demo room.<br \/><br \/><\/li><li>We take care of everything else \u2013 transportation, setup, and the demonstration process.<\/li><\/ol>\t\t\t\t\t\t\t\t<\/div>\n\t\t\t\t\t<\/div>\n\t\t\t\t<\/div>\n\t\t<div class=\"elementor-element elementor-element-ac80201 e-flex e-con-boxed e-con e-parent\" data-id=\"ac80201\" data-element_type=\"container\" data-e-type=\"container\">\n\t\t\t\t\t<div class=\"e-con-inner\">\n\t\t\t\t<div class=\"elementor-element elementor-element-8f6a4c0 elementor-widget elementor-widget-spacer\" data-id=\"8f6a4c0\" data-element_type=\"widget\" data-e-type=\"widget\" data-widget_type=\"spacer.default\">\n\t\t\t\t\t\t\t<div class=\"elementor-spacer\">\n\t\t\t<div class=\"elementor-spacer-inner\"><\/div>\n\t\t<\/div>\n\t\t\t\t\t\t<\/div>\n\t\t\t\t\t<\/div>\n\t\t\t\t<\/div>\n\t\t<div class=\"elementor-element elementor-element-bd9a9e6 e-flex e-con-boxed e-con e-parent\" data-id=\"bd9a9e6\" data-element_type=\"container\" data-e-type=\"container\">\n\t\t\t\t\t<div class=\"e-con-inner\">\n\t\t\t\t<div class=\"elementor-element elementor-element-b524399 elementor-widget elementor-widget-text-editor\" data-id=\"b524399\" data-element_type=\"widget\" data-e-type=\"widget\" data-widget_type=\"text-editor.default\">\n\t\t\t\t\t\t\t\t\t<h5>See for yourself in practice, not just in theory.<\/h5><ol><li>Contact our sales team, specifying the equipment you are interested in and your preferred date.<br \/><br \/><\/li><li>We arrange the location \u2013 either at your store or in our demo room.<br \/><br \/><\/li><li>We take care of everything else \u2013 transportation, setup, and the demonstration process.<\/li><\/ol>\t\t\t\t\t\t\t\t<\/div>\n\t\t\t\t\t<\/div>\n\t\t\t\t<\/div>\n\t\t\t\t<\/div>","protected":false},"excerpt":{"rendered":"<p>Visionix demonstr\u0101cijas un izm\u0113\u0123in\u0101juma iesp\u0113jas Izm\u0113\u0123ini tehnolo\u0123iju, pirms ieguld\u012bt! Guru Distribution pied\u0101v\u0101 iesp\u0113ju iepaz\u012bties ar Visionix redzes vesel\u012bbas diagnostikas iek\u0101rt\u0101m praktiski \u2013 tie\u0161i tur, kur tas ir svar\u012bgi: j\u016bsu salon\u0101 vai m\u016bsu demo vid\u0113. M\u016bsu demonstr\u0101cijas programma \u013cauj speci\u0101listiem un kl\u012bnik\u0101m pa\u0161iem nov\u0113rt\u0113t iek\u0101rtu funkcionalit\u0101ti, precizit\u0101ti un lieto\u0161anas \u0113rtumu, pirms tiek pie\u0146emts l\u0113mums par ieg\u0101di. [&hellip;]<\/p>\n","protected":false},"author":1,"featured_media":0,"parent":0,"menu_order":0,"comment_status":"closed","ping_status":"closed","template":"elementor_header_footer","meta":{"footnotes":""},"class_list":["post-2582","page","type-page","status-publish","hentry"],"yoast_head":"<!-- This site is optimized with the Yoast SEO plugin v27.3 - https:\/\/yoast.com\/product\/yoast-seo-wordpress\/ -->\n<title>IZM\u0112\u0122INI - Guru Distribution<\/title>\n<meta name=\"robots\" content=\"index, follow, max-snippet:-1, max-image-preview:large, max-video-preview:-1\" \/>\n<link rel=\"canonical\" href=\"https:\/\/gurudistribution.eu\/en\/try\/\" \/>\n<meta property=\"og:locale\" content=\"en_US\" \/>\n<meta property=\"og:type\" content=\"article\" \/>\n<meta property=\"og:title\" content=\"IZM\u0112\u0122INI - Guru Distribution\" \/>\n<meta property=\"og:description\" content=\"Visionix demonstr\u0101cijas un izm\u0113\u0123in\u0101juma iesp\u0113jas Izm\u0113\u0123ini tehnolo\u0123iju, pirms ieguld\u012bt! Guru Distribution pied\u0101v\u0101 iesp\u0113ju iepaz\u012bties ar Visionix redzes vesel\u012bbas diagnostikas iek\u0101rt\u0101m praktiski \u2013 tie\u0161i tur, kur tas ir svar\u012bgi: j\u016bsu salon\u0101 vai m\u016bsu demo vid\u0113. M\u016bsu demonstr\u0101cijas programma \u013cauj speci\u0101listiem un kl\u012bnik\u0101m pa\u0161iem nov\u0113rt\u0113t iek\u0101rtu funkcionalit\u0101ti, precizit\u0101ti un lieto\u0161anas \u0113rtumu, pirms tiek pie\u0146emts l\u0113mums par ieg\u0101di. [&hellip;]\" \/>\n<meta property=\"og:url\" content=\"https:\/\/gurudistribution.eu\/en\/try\/\" \/>\n<meta property=\"og:site_name\" content=\"Guru Distribution\" \/>\n<meta property=\"article:publisher\" content=\"https:\/\/www.facebook.com\/gurudistribution\" \/>\n<meta property=\"article:modified_time\" content=\"2025-11-27T12:52:24+00:00\" \/>\n<meta property=\"og:image\" content=\"https:\/\/gurudistribution.eu\/wp-content\/uploads\/2025\/11\/21-300x150.webp\" \/>\n<meta name=\"twitter:card\" content=\"summary_large_image\" \/>\n<meta name=\"twitter:label1\" content=\"Est. reading time\" \/>\n\t<meta name=\"twitter:data1\" content=\"3 minutes\" \/>\n<script type=\"application\/ld+json\" class=\"yoast-schema-graph\">{\"@context\":\"https:\\\/\\\/schema.org\",\"@graph\":[{\"@type\":\"WebPage\",\"@id\":\"https:\\\/\\\/gurudistribution.eu\\\/try\\\/\",\"url\":\"https:\\\/\\\/gurudistribution.eu\\\/try\\\/\",\"name\":\"IZM\u0112\u0122INI - Guru Distribution\",\"isPartOf\":{\"@id\":\"https:\\\/\\\/gurudistribution.eu\\\/en\\\/#website\"},\"primaryImageOfPage\":{\"@id\":\"https:\\\/\\\/gurudistribution.eu\\\/try\\\/#primaryimage\"},\"image\":{\"@id\":\"https:\\\/\\\/gurudistribution.eu\\\/try\\\/#primaryimage\"},\"thumbnailUrl\":\"https:\\\/\\\/gurudistribution.eu\\\/wp-content\\\/uploads\\\/2025\\\/11\\\/21-300x150.webp\",\"datePublished\":\"2025-11-27T09:59:18+00:00\",\"dateModified\":\"2025-11-27T12:52:24+00:00\",\"breadcrumb\":{\"@id\":\"https:\\\/\\\/gurudistribution.eu\\\/try\\\/#breadcrumb\"},\"inLanguage\":\"en-US\",\"potentialAction\":[{\"@type\":\"ReadAction\",\"target\":[\"https:\\\/\\\/gurudistribution.eu\\\/try\\\/\"]}]},{\"@type\":\"ImageObject\",\"inLanguage\":\"en-US\",\"@id\":\"https:\\\/\\\/gurudistribution.eu\\\/try\\\/#primaryimage\",\"url\":\"https:\\\/\\\/gurudistribution.eu\\\/wp-content\\\/uploads\\\/2025\\\/11\\\/21-300x150.webp\",\"contentUrl\":\"https:\\\/\\\/gurudistribution.eu\\\/wp-content\\\/uploads\\\/2025\\\/11\\\/21-300x150.webp\"},{\"@type\":\"BreadcrumbList\",\"@id\":\"https:\\\/\\\/gurudistribution.eu\\\/try\\\/#breadcrumb\",\"itemListElement\":[{\"@type\":\"ListItem\",\"position\":1,\"name\":\"Home\",\"item\":\"https:\\\/\\\/gurudistribution.eu\\\/\"},{\"@type\":\"ListItem\",\"position\":2,\"name\":\"IZM\u0112\u0122INI\"}]},{\"@type\":\"WebSite\",\"@id\":\"https:\\\/\\\/gurudistribution.eu\\\/en\\\/#website\",\"url\":\"https:\\\/\\\/gurudistribution.eu\\\/en\\\/\",\"name\":\"Guru Distribution\",\"description\":\"\",\"publisher\":{\"@id\":\"https:\\\/\\\/gurudistribution.eu\\\/en\\\/#organization\"},\"potentialAction\":[{\"@type\":\"SearchAction\",\"target\":{\"@type\":\"EntryPoint\",\"urlTemplate\":\"https:\\\/\\\/gurudistribution.eu\\\/en\\\/?s={search_term_string}\"},\"query-input\":{\"@type\":\"PropertyValueSpecification\",\"valueRequired\":true,\"valueName\":\"search_term_string\"}}],\"inLanguage\":\"en-US\"},{\"@type\":\"Organization\",\"@id\":\"https:\\\/\\\/gurudistribution.eu\\\/en\\\/#organization\",\"name\":\"Guru Distribution\",\"url\":\"https:\\\/\\\/gurudistribution.eu\\\/en\\\/\",\"logo\":{\"@type\":\"ImageObject\",\"inLanguage\":\"en-US\",\"@id\":\"https:\\\/\\\/gurudistribution.eu\\\/en\\\/#\\\/schema\\\/logo\\\/image\\\/\",\"url\":\"https:\\\/\\\/gurudistribution.eu\\\/wp-content\\\/uploads\\\/2025\\\/10\\\/guru_logo_full_large-scaled-2-e1759335026600.jpg\",\"contentUrl\":\"https:\\\/\\\/gurudistribution.eu\\\/wp-content\\\/uploads\\\/2025\\\/10\\\/guru_logo_full_large-scaled-2-e1759335026600.jpg\",\"width\":1694,\"height\":503,\"caption\":\"Guru Distribution\"},\"image\":{\"@id\":\"https:\\\/\\\/gurudistribution.eu\\\/en\\\/#\\\/schema\\\/logo\\\/image\\\/\"},\"sameAs\":[\"https:\\\/\\\/www.facebook.com\\\/gurudistribution\",\"https:\\\/\\\/www.linkedin.com\\\/company\\\/guru-distribution-linkedin\\\/\"]}]}<\/script>\n<!-- \/ Yoast SEO plugin. -->","yoast_head_json":{"title":"IZM\u0112\u0122INI - Guru Distribution","robots":{"index":"index","follow":"follow","max-snippet":"max-snippet:-1","max-image-preview":"max-image-preview:large","max-video-preview":"max-video-preview:-1"},"canonical":"https:\/\/gurudistribution.eu\/en\/try\/","og_locale":"en_US","og_type":"article","og_title":"IZM\u0112\u0122INI - Guru Distribution","og_description":"Visionix demonstr\u0101cijas un izm\u0113\u0123in\u0101juma iesp\u0113jas Izm\u0113\u0123ini tehnolo\u0123iju, pirms ieguld\u012bt! Guru Distribution pied\u0101v\u0101 iesp\u0113ju iepaz\u012bties ar Visionix redzes vesel\u012bbas diagnostikas iek\u0101rt\u0101m praktiski \u2013 tie\u0161i tur, kur tas ir svar\u012bgi: j\u016bsu salon\u0101 vai m\u016bsu demo vid\u0113. M\u016bsu demonstr\u0101cijas programma \u013cauj speci\u0101listiem un kl\u012bnik\u0101m pa\u0161iem nov\u0113rt\u0113t iek\u0101rtu funkcionalit\u0101ti, precizit\u0101ti un lieto\u0161anas \u0113rtumu, pirms tiek pie\u0146emts l\u0113mums par ieg\u0101di. [&hellip;]","og_url":"https:\/\/gurudistribution.eu\/en\/try\/","og_site_name":"Guru Distribution","article_publisher":"https:\/\/www.facebook.com\/gurudistribution","article_modified_time":"2025-11-27T12:52:24+00:00","og_image":[{"url":"https:\/\/gurudistribution.eu\/wp-content\/uploads\/2025\/11\/21-300x150.webp","type":"","width":"","height":""}],"twitter_card":"summary_large_image","twitter_misc":{"Est. reading time":"3 minutes"},"schema":{"@context":"https:\/\/schema.org","@graph":[{"@type":"WebPage","@id":"https:\/\/gurudistribution.eu\/try\/","url":"https:\/\/gurudistribution.eu\/try\/","name":"IZM\u0112\u0122INI - Guru Distribution","isPartOf":{"@id":"https:\/\/gurudistribution.eu\/en\/#website"},"primaryImageOfPage":{"@id":"https:\/\/gurudistribution.eu\/try\/#primaryimage"},"image":{"@id":"https:\/\/gurudistribution.eu\/try\/#primaryimage"},"thumbnailUrl":"https:\/\/gurudistribution.eu\/wp-content\/uploads\/2025\/11\/21-300x150.webp","datePublished":"2025-11-27T09:59:18+00:00","dateModified":"2025-11-27T12:52:24+00:00","breadcrumb":{"@id":"https:\/\/gurudistribution.eu\/try\/#breadcrumb"},"inLanguage":"en-US","potentialAction":[{"@type":"ReadAction","target":["https:\/\/gurudistribution.eu\/try\/"]}]},{"@type":"ImageObject","inLanguage":"en-US","@id":"https:\/\/gurudistribution.eu\/try\/#primaryimage","url":"https:\/\/gurudistribution.eu\/wp-content\/uploads\/2025\/11\/21-300x150.webp","contentUrl":"https:\/\/gurudistribution.eu\/wp-content\/uploads\/2025\/11\/21-300x150.webp"},{"@type":"BreadcrumbList","@id":"https:\/\/gurudistribution.eu\/try\/#breadcrumb","itemListElement":[{"@type":"ListItem","position":1,"name":"Home","item":"https:\/\/gurudistribution.eu\/"},{"@type":"ListItem","position":2,"name":"IZM\u0112\u0122INI"}]},{"@type":"WebSite","@id":"https:\/\/gurudistribution.eu\/en\/#website","url":"https:\/\/gurudistribution.eu\/en\/","name":"Guru Distribution","description":"","publisher":{"@id":"https:\/\/gurudistribution.eu\/en\/#organization"},"potentialAction":[{"@type":"SearchAction","target":{"@type":"EntryPoint","urlTemplate":"https:\/\/gurudistribution.eu\/en\/?s={search_term_string}"},"query-input":{"@type":"PropertyValueSpecification","valueRequired":true,"valueName":"search_term_string"}}],"inLanguage":"en-US"},{"@type":"Organization","@id":"https:\/\/gurudistribution.eu\/en\/#organization","name":"Guru Distribution","url":"https:\/\/gurudistribution.eu\/en\/","logo":{"@type":"ImageObject","inLanguage":"en-US","@id":"https:\/\/gurudistribution.eu\/en\/#\/schema\/logo\/image\/","url":"https:\/\/gurudistribution.eu\/wp-content\/uploads\/2025\/10\/guru_logo_full_large-scaled-2-e1759335026600.jpg","contentUrl":"https:\/\/gurudistribution.eu\/wp-content\/uploads\/2025\/10\/guru_logo_full_large-scaled-2-e1759335026600.jpg","width":1694,"height":503,"caption":"Guru Distribution"},"image":{"@id":"https:\/\/gurudistribution.eu\/en\/#\/schema\/logo\/image\/"},"sameAs":["https:\/\/www.facebook.com\/gurudistribution","https:\/\/www.linkedin.com\/company\/guru-distribution-linkedin\/"]}]}},"_links":{"self":[{"href":"https:\/\/gurudistribution.eu\/en\/wp-json\/wp\/v2\/pages\/2582","targetHints":{"allow":["GET"]}}],"collection":[{"href":"https:\/\/gurudistribution.eu\/en\/wp-json\/wp\/v2\/pages"}],"about":[{"href":"https:\/\/gurudistribution.eu\/en\/wp-json\/wp\/v2\/types\/page"}],"author":[{"embeddable":true,"href":"https:\/\/gurudistribution.eu\/en\/wp-json\/wp\/v2\/users\/1"}],"replies":[{"embeddable":true,"href":"https:\/\/gurudistribution.eu\/en\/wp-json\/wp\/v2\/comments?post=2582"}],"version-history":[{"count":49,"href":"https:\/\/gurudistribution.eu\/en\/wp-json\/wp\/v2\/pages\/2582\/revisions"}],"predecessor-version":[{"id":2661,"href":"https:\/\/gurudistribution.eu\/en\/wp-json\/wp\/v2\/pages\/2582\/revisions\/2661"}],"wp:attachment":[{"href":"https:\/\/gurudistribution.eu\/en\/wp-json\/wp\/v2\/media?parent=2582"}],"curies":[{"name":"wp","href":"https:\/\/api.w.org\/{rel}","templated":true}]}}