{"id":2186,"date":"2025-11-03T17:05:47","date_gmt":"2025-11-03T15:05:47","guid":{"rendered":"https:\/\/gd.gurudistribution.eu\/?page_id=2186"},"modified":"2025-11-03T17:07:08","modified_gmt":"2025-11-03T15:07:08","slug":"singlevision","status":"publish","type":"page","link":"https:\/\/gurudistribution.eu\/en\/zimoli\/zeiss\/singlevision\/","title":{"rendered":"ZEISS SingleVision"},"content":{"rendered":"<div data-elementor-type=\"wp-page\" data-elementor-id=\"2186\" class=\"elementor elementor-2186\" data-elementor-post-type=\"page\">\n\t\t\t\t<div class=\"elementor-element elementor-element-55ddf5c e-flex e-con-boxed e-con e-parent\" data-id=\"55ddf5c\" data-element_type=\"container\" data-e-type=\"container\">\n\t\t\t\t\t<div class=\"e-con-inner\">\n\t\t\t\t\t<\/div>\n\t\t\t\t<\/div>\n\t\t<div class=\"elementor-element elementor-element-27cd93c e-flex e-con-boxed e-con e-parent\" data-id=\"27cd93c\" data-element_type=\"container\" data-e-type=\"container\">\n\t\t\t\t\t<div class=\"e-con-inner\">\n\t\t\t\t<div class=\"elementor-element elementor-element-709ee09 elementor-widget elementor-widget-text-editor\" data-id=\"709ee09\" data-element_type=\"widget\" data-e-type=\"widget\" data-widget_type=\"text-editor.default\">\n\t\t\t\t\t\t\t\t\t<p>Each ZEISS single vision lens is designed with a focus on visual quality, appearance, and wearing comfort. Whether your clients need reading lenses or a solution to correct ametropia, our single vision lens portfolio offers a suitable option.<\/p><p>ChatGPT said:\n\nZEISS single vision lenses provide full UV protection as a standard feature.<\/p>\t\t\t\t\t\t\t\t<\/div>\n\t\t\t\t\t<\/div>\n\t\t\t\t<\/div>\n\t\t\t\t<\/div>","protected":false},"excerpt":{"rendered":"<p>Katras ZEISS monofok\u0101l\u0101s l\u0113cas izstr\u0101d\u0113 galven\u0101 uzman\u012bba tiek piev\u0113rsta redzes kvalit\u0101tei, izskatam un valk\u0101\u0161anas komfortam. Neatkar\u012bgi no t\u0101, vai taviem klientiem nepiecie\u0161amas las\u012b\u0161anas l\u0113cas vai risin\u0101jums ametropijas kori\u0123\u0113\u0161anai \u2013 m\u016bsu monofok\u0101lo l\u0113cu portfel\u012b atrad\u012bsi piem\u0113rotu risin\u0101jumu. ZEISS monofok\u0101l\u0101s l\u0113cas standarta komplekt\u0101cij\u0101 nodro\u0161ina piln\u012bgu UV aizsardz\u012bbu.<\/p>","protected":false},"author":1,"featured_media":0,"parent":1571,"menu_order":0,"comment_status":"closed","ping_status":"closed","template":"elementor_header_footer","meta":{"footnotes":""},"class_list":["post-2186","page","type-page","status-publish","hentry"],"yoast_head":"<!-- This site is optimized with the Yoast SEO plugin v27.3 - https:\/\/yoast.com\/product\/yoast-seo-wordpress\/ -->\n<title>ZEISS SingleVision - Guru Distribution<\/title>\n<meta name=\"robots\" content=\"index, follow, max-snippet:-1, max-image-preview:large, max-video-preview:-1\" \/>\n<link rel=\"canonical\" href=\"https:\/\/gurudistribution.eu\/en\/zimoli\/zeiss\/singlevision\/\" \/>\n<meta property=\"og:locale\" content=\"en_US\" \/>\n<meta property=\"og:type\" content=\"article\" \/>\n<meta property=\"og:title\" content=\"ZEISS SingleVision - Guru Distribution\" \/>\n<meta property=\"og:description\" content=\"Katras ZEISS monofok\u0101l\u0101s l\u0113cas izstr\u0101d\u0113 galven\u0101 uzman\u012bba tiek piev\u0113rsta redzes kvalit\u0101tei, izskatam un valk\u0101\u0161anas komfortam. Neatkar\u012bgi no t\u0101, vai taviem klientiem nepiecie\u0161amas las\u012b\u0161anas l\u0113cas vai risin\u0101jums ametropijas kori\u0123\u0113\u0161anai \u2013 m\u016bsu monofok\u0101lo l\u0113cu portfel\u012b atrad\u012bsi piem\u0113rotu risin\u0101jumu. ZEISS monofok\u0101l\u0101s l\u0113cas standarta komplekt\u0101cij\u0101 nodro\u0161ina piln\u012bgu UV aizsardz\u012bbu.\" \/>\n<meta property=\"og:url\" content=\"https:\/\/gurudistribution.eu\/en\/zimoli\/zeiss\/singlevision\/\" \/>\n<meta property=\"og:site_name\" content=\"Guru Distribution\" \/>\n<meta property=\"article:publisher\" content=\"https:\/\/www.facebook.com\/gurudistribution\" \/>\n<meta property=\"article:modified_time\" content=\"2025-11-03T15:07:08+00:00\" \/>\n<meta name=\"twitter:card\" content=\"summary_large_image\" \/>\n<script type=\"application\/ld+json\" class=\"yoast-schema-graph\">{\"@context\":\"https:\\\/\\\/schema.org\",\"@graph\":[{\"@type\":\"WebPage\",\"@id\":\"https:\\\/\\\/gurudistribution.eu\\\/zimoli\\\/zeiss\\\/singlevision\\\/\",\"url\":\"https:\\\/\\\/gurudistribution.eu\\\/zimoli\\\/zeiss\\\/singlevision\\\/\",\"name\":\"ZEISS SingleVision - Guru Distribution\",\"isPartOf\":{\"@id\":\"https:\\\/\\\/gurudistribution.eu\\\/en\\\/#website\"},\"datePublished\":\"2025-11-03T15:05:47+00:00\",\"dateModified\":\"2025-11-03T15:07:08+00:00\",\"breadcrumb\":{\"@id\":\"https:\\\/\\\/gurudistribution.eu\\\/zimoli\\\/zeiss\\\/singlevision\\\/#breadcrumb\"},\"inLanguage\":\"en-US\",\"potentialAction\":[{\"@type\":\"ReadAction\",\"target\":[\"https:\\\/\\\/gurudistribution.eu\\\/zimoli\\\/zeiss\\\/singlevision\\\/\"]}]},{\"@type\":\"BreadcrumbList\",\"@id\":\"https:\\\/\\\/gurudistribution.eu\\\/zimoli\\\/zeiss\\\/singlevision\\\/#breadcrumb\",\"itemListElement\":[{\"@type\":\"ListItem\",\"position\":1,\"name\":\"Home\",\"item\":\"https:\\\/\\\/gurudistribution.eu\\\/\"},{\"@type\":\"ListItem\",\"position\":2,\"name\":\"Z\u012aMOLI\",\"item\":\"https:\\\/\\\/gurudistribution.eu\\\/en\\\/zimoli\\\/\"},{\"@type\":\"ListItem\",\"position\":3,\"name\":\"ZEISS\",\"item\":\"https:\\\/\\\/gurudistribution.eu\\\/zimoli\\\/zeiss\\\/\"},{\"@type\":\"ListItem\",\"position\":4,\"name\":\"ZEISS SingleVision\"}]},{\"@type\":\"WebSite\",\"@id\":\"https:\\\/\\\/gurudistribution.eu\\\/en\\\/#website\",\"url\":\"https:\\\/\\\/gurudistribution.eu\\\/en\\\/\",\"name\":\"Guru Distribution\",\"description\":\"\",\"publisher\":{\"@id\":\"https:\\\/\\\/gurudistribution.eu\\\/en\\\/#organization\"},\"potentialAction\":[{\"@type\":\"SearchAction\",\"target\":{\"@type\":\"EntryPoint\",\"urlTemplate\":\"https:\\\/\\\/gurudistribution.eu\\\/en\\\/?s={search_term_string}\"},\"query-input\":{\"@type\":\"PropertyValueSpecification\",\"valueRequired\":true,\"valueName\":\"search_term_string\"}}],\"inLanguage\":\"en-US\"},{\"@type\":\"Organization\",\"@id\":\"https:\\\/\\\/gurudistribution.eu\\\/en\\\/#organization\",\"name\":\"Guru Distribution\",\"url\":\"https:\\\/\\\/gurudistribution.eu\\\/en\\\/\",\"logo\":{\"@type\":\"ImageObject\",\"inLanguage\":\"en-US\",\"@id\":\"https:\\\/\\\/gurudistribution.eu\\\/en\\\/#\\\/schema\\\/logo\\\/image\\\/\",\"url\":\"https:\\\/\\\/gurudistribution.eu\\\/wp-content\\\/uploads\\\/2025\\\/10\\\/guru_logo_full_large-scaled-2-e1759335026600.jpg\",\"contentUrl\":\"https:\\\/\\\/gurudistribution.eu\\\/wp-content\\\/uploads\\\/2025\\\/10\\\/guru_logo_full_large-scaled-2-e1759335026600.jpg\",\"width\":1694,\"height\":503,\"caption\":\"Guru Distribution\"},\"image\":{\"@id\":\"https:\\\/\\\/gurudistribution.eu\\\/en\\\/#\\\/schema\\\/logo\\\/image\\\/\"},\"sameAs\":[\"https:\\\/\\\/www.facebook.com\\\/gurudistribution\",\"https:\\\/\\\/www.linkedin.com\\\/company\\\/guru-distribution-linkedin\\\/\"]}]}<\/script>\n<!-- \/ Yoast SEO plugin. -->","yoast_head_json":{"title":"ZEISS SingleVision - Guru Distribution","robots":{"index":"index","follow":"follow","max-snippet":"max-snippet:-1","max-image-preview":"max-image-preview:large","max-video-preview":"max-video-preview:-1"},"canonical":"https:\/\/gurudistribution.eu\/en\/zimoli\/zeiss\/singlevision\/","og_locale":"en_US","og_type":"article","og_title":"ZEISS SingleVision - Guru Distribution","og_description":"Katras ZEISS monofok\u0101l\u0101s l\u0113cas izstr\u0101d\u0113 galven\u0101 uzman\u012bba tiek piev\u0113rsta redzes kvalit\u0101tei, izskatam un valk\u0101\u0161anas komfortam. Neatkar\u012bgi no t\u0101, vai taviem klientiem nepiecie\u0161amas las\u012b\u0161anas l\u0113cas vai risin\u0101jums ametropijas kori\u0123\u0113\u0161anai \u2013 m\u016bsu monofok\u0101lo l\u0113cu portfel\u012b atrad\u012bsi piem\u0113rotu risin\u0101jumu. ZEISS monofok\u0101l\u0101s l\u0113cas standarta komplekt\u0101cij\u0101 nodro\u0161ina piln\u012bgu UV aizsardz\u012bbu.","og_url":"https:\/\/gurudistribution.eu\/en\/zimoli\/zeiss\/singlevision\/","og_site_name":"Guru Distribution","article_publisher":"https:\/\/www.facebook.com\/gurudistribution","article_modified_time":"2025-11-03T15:07:08+00:00","twitter_card":"summary_large_image","schema":{"@context":"https:\/\/schema.org","@graph":[{"@type":"WebPage","@id":"https:\/\/gurudistribution.eu\/zimoli\/zeiss\/singlevision\/","url":"https:\/\/gurudistribution.eu\/zimoli\/zeiss\/singlevision\/","name":"ZEISS SingleVision - Guru Distribution","isPartOf":{"@id":"https:\/\/gurudistribution.eu\/en\/#website"},"datePublished":"2025-11-03T15:05:47+00:00","dateModified":"2025-11-03T15:07:08+00:00","breadcrumb":{"@id":"https:\/\/gurudistribution.eu\/zimoli\/zeiss\/singlevision\/#breadcrumb"},"inLanguage":"en-US","potentialAction":[{"@type":"ReadAction","target":["https:\/\/gurudistribution.eu\/zimoli\/zeiss\/singlevision\/"]}]},{"@type":"BreadcrumbList","@id":"https:\/\/gurudistribution.eu\/zimoli\/zeiss\/singlevision\/#breadcrumb","itemListElement":[{"@type":"ListItem","position":1,"name":"Home","item":"https:\/\/gurudistribution.eu\/"},{"@type":"ListItem","position":2,"name":"Z\u012aMOLI","item":"https:\/\/gurudistribution.eu\/en\/zimoli\/"},{"@type":"ListItem","position":3,"name":"ZEISS","item":"https:\/\/gurudistribution.eu\/zimoli\/zeiss\/"},{"@type":"ListItem","position":4,"name":"ZEISS SingleVision"}]},{"@type":"WebSite","@id":"https:\/\/gurudistribution.eu\/en\/#website","url":"https:\/\/gurudistribution.eu\/en\/","name":"Guru Distribution","description":"","publisher":{"@id":"https:\/\/gurudistribution.eu\/en\/#organization"},"potentialAction":[{"@type":"SearchAction","target":{"@type":"EntryPoint","urlTemplate":"https:\/\/gurudistribution.eu\/en\/?s={search_term_string}"},"query-input":{"@type":"PropertyValueSpecification","valueRequired":true,"valueName":"search_term_string"}}],"inLanguage":"en-US"},{"@type":"Organization","@id":"https:\/\/gurudistribution.eu\/en\/#organization","name":"Guru Distribution","url":"https:\/\/gurudistribution.eu\/en\/","logo":{"@type":"ImageObject","inLanguage":"en-US","@id":"https:\/\/gurudistribution.eu\/en\/#\/schema\/logo\/image\/","url":"https:\/\/gurudistribution.eu\/wp-content\/uploads\/2025\/10\/guru_logo_full_large-scaled-2-e1759335026600.jpg","contentUrl":"https:\/\/gurudistribution.eu\/wp-content\/uploads\/2025\/10\/guru_logo_full_large-scaled-2-e1759335026600.jpg","width":1694,"height":503,"caption":"Guru Distribution"},"image":{"@id":"https:\/\/gurudistribution.eu\/en\/#\/schema\/logo\/image\/"},"sameAs":["https:\/\/www.facebook.com\/gurudistribution","https:\/\/www.linkedin.com\/company\/guru-distribution-linkedin\/"]}]}},"_links":{"self":[{"href":"https:\/\/gurudistribution.eu\/en\/wp-json\/wp\/v2\/pages\/2186","targetHints":{"allow":["GET"]}}],"collection":[{"href":"https:\/\/gurudistribution.eu\/en\/wp-json\/wp\/v2\/pages"}],"about":[{"href":"https:\/\/gurudistribution.eu\/en\/wp-json\/wp\/v2\/types\/page"}],"author":[{"embeddable":true,"href":"https:\/\/gurudistribution.eu\/en\/wp-json\/wp\/v2\/users\/1"}],"replies":[{"embeddable":true,"href":"https:\/\/gurudistribution.eu\/en\/wp-json\/wp\/v2\/comments?post=2186"}],"version-history":[{"count":7,"href":"https:\/\/gurudistribution.eu\/en\/wp-json\/wp\/v2\/pages\/2186\/revisions"}],"predecessor-version":[{"id":2193,"href":"https:\/\/gurudistribution.eu\/en\/wp-json\/wp\/v2\/pages\/2186\/revisions\/2193"}],"up":[{"embeddable":true,"href":"https:\/\/gurudistribution.eu\/en\/wp-json\/wp\/v2\/pages\/1571"}],"wp:attachment":[{"href":"https:\/\/gurudistribution.eu\/en\/wp-json\/wp\/v2\/media?parent=2186"}],"curies":[{"name":"wp","href":"https:\/\/api.w.org\/{rel}","templated":true}]}}