{"id":2175,"date":"2025-11-03T16:56:19","date_gmt":"2025-11-03T14:56:19","guid":{"rendered":"https:\/\/gd.gurudistribution.eu\/?page_id=2175"},"modified":"2025-11-03T16:59:47","modified_gmt":"2025-11-03T14:59:47","slug":"progressive","status":"publish","type":"page","link":"https:\/\/gurudistribution.eu\/en\/zimoli\/zeiss\/progressive\/","title":{"rendered":"ZEISS Progressive"},"content":{"rendered":"<div data-elementor-type=\"wp-page\" data-elementor-id=\"2175\" class=\"elementor elementor-2175\" data-elementor-post-type=\"page\">\n\t\t\t\t<div class=\"elementor-element elementor-element-55ddf5c e-flex e-con-boxed e-con e-parent\" data-id=\"55ddf5c\" data-element_type=\"container\" data-e-type=\"container\">\n\t\t\t\t\t<div class=\"e-con-inner\">\n\t\t\t\t\t<\/div>\n\t\t\t\t<\/div>\n\t\t<div class=\"elementor-element elementor-element-27cd93c e-flex e-con-boxed e-con e-parent\" data-id=\"27cd93c\" data-element_type=\"container\" data-e-type=\"container\">\n\t\t\t\t\t<div class=\"e-con-inner\">\n\t\t\t\t<div class=\"elementor-element elementor-element-709ee09 elementor-widget elementor-widget-text-editor\" data-id=\"709ee09\" data-element_type=\"widget\" data-e-type=\"widget\" data-widget_type=\"text-editor.default\">\n\t\t\t\t\t\t\t\t\t<p>Get multiple prescriptions in a single pair of lenses.<br \/><br data-start=\"41\" data-end=\"44\" \/>Smooth transition from near to distance vision\u2014no more need for reading glasses. Thanks to highly customized designs and specialized technologies, using progressive lenses can become an enjoyable experience. Take care of your mature eyes with ZEISS varifocal lenses.<\/p><ul><li>UV protection up to 400 nm\u2014even in your clear lenses.<br \/><br \/><\/li><li>Seamless vision from distance to near\u2014with a single pair of glasses.<br \/><br \/><\/li><li>Adjustable lens zones and quick adaptation.<\/li><\/ul>\t\t\t\t\t\t\t\t<\/div>\n\t\t\t\t\t<\/div>\n\t\t\t\t<\/div>\n\t\t\t\t<\/div>","protected":false},"excerpt":{"rendered":"<p>Ieg\u016bsti vair\u0101kas dioptrijas vien\u0101s l\u0113c\u0101s.Gluda p\u0101reja no tuv\u0101s l\u012bdz t\u0101l\u0101s redzei \u2013 vairs nav nepiecie\u0161amas las\u012b\u0161anas brilles. Pateicoties \u013coti piel\u0101gotiem dizainiem un \u012bpa\u0161aj\u0101m tehnolo\u0123ij\u0101m, progres\u012bv\u0101s l\u0113cas lieto\u0161ana var k\u013c\u016bt par pat\u012bkamu pieredzi. R\u016bp\u0113jies par sav\u0101m nobriedu\u0161aj\u0101m ac\u012bm ar ZEISS varifok\u0101laj\u0101m l\u0113c\u0101m. UV aizsardz\u012bba l\u012bdz 400 nm \u2013 pat tav\u0101s caursp\u012bd\u012bgaj\u0101s brill\u0113s Vienm\u0113r\u012bga redze no t\u0101lienes [&hellip;]<\/p>\n","protected":false},"author":1,"featured_media":0,"parent":1571,"menu_order":0,"comment_status":"closed","ping_status":"closed","template":"elementor_header_footer","meta":{"footnotes":""},"class_list":["post-2175","page","type-page","status-publish","hentry"],"yoast_head":"<!-- This site is optimized with the Yoast SEO plugin v27.3 - https:\/\/yoast.com\/product\/yoast-seo-wordpress\/ -->\n<title>ZEISS Progressive - Guru Distribution<\/title>\n<meta name=\"robots\" content=\"index, follow, max-snippet:-1, max-image-preview:large, max-video-preview:-1\" \/>\n<link rel=\"canonical\" href=\"https:\/\/gurudistribution.eu\/en\/zimoli\/zeiss\/progressive\/\" \/>\n<meta property=\"og:locale\" content=\"en_US\" \/>\n<meta property=\"og:type\" content=\"article\" \/>\n<meta property=\"og:title\" content=\"ZEISS Progressive - Guru Distribution\" \/>\n<meta property=\"og:description\" content=\"Ieg\u016bsti vair\u0101kas dioptrijas vien\u0101s l\u0113c\u0101s.Gluda p\u0101reja no tuv\u0101s l\u012bdz t\u0101l\u0101s redzei \u2013 vairs nav nepiecie\u0161amas las\u012b\u0161anas brilles. Pateicoties \u013coti piel\u0101gotiem dizainiem un \u012bpa\u0161aj\u0101m tehnolo\u0123ij\u0101m, progres\u012bv\u0101s l\u0113cas lieto\u0161ana var k\u013c\u016bt par pat\u012bkamu pieredzi. R\u016bp\u0113jies par sav\u0101m nobriedu\u0161aj\u0101m ac\u012bm ar ZEISS varifok\u0101laj\u0101m l\u0113c\u0101m. UV aizsardz\u012bba l\u012bdz 400 nm \u2013 pat tav\u0101s caursp\u012bd\u012bgaj\u0101s brill\u0113s Vienm\u0113r\u012bga redze no t\u0101lienes [&hellip;]\" \/>\n<meta property=\"og:url\" content=\"https:\/\/gurudistribution.eu\/en\/zimoli\/zeiss\/progressive\/\" \/>\n<meta property=\"og:site_name\" content=\"Guru Distribution\" \/>\n<meta property=\"article:publisher\" content=\"https:\/\/www.facebook.com\/gurudistribution\" \/>\n<meta property=\"article:modified_time\" content=\"2025-11-03T14:59:47+00:00\" \/>\n<meta name=\"twitter:card\" content=\"summary_large_image\" \/>\n<meta name=\"twitter:label1\" content=\"Est. reading time\" \/>\n\t<meta name=\"twitter:data1\" content=\"1 minute\" \/>\n<script type=\"application\/ld+json\" class=\"yoast-schema-graph\">{\"@context\":\"https:\\\/\\\/schema.org\",\"@graph\":[{\"@type\":\"WebPage\",\"@id\":\"https:\\\/\\\/gurudistribution.eu\\\/zimoli\\\/zeiss\\\/progressive\\\/\",\"url\":\"https:\\\/\\\/gurudistribution.eu\\\/zimoli\\\/zeiss\\\/progressive\\\/\",\"name\":\"ZEISS Progressive - Guru Distribution\",\"isPartOf\":{\"@id\":\"https:\\\/\\\/gurudistribution.eu\\\/en\\\/#website\"},\"datePublished\":\"2025-11-03T14:56:19+00:00\",\"dateModified\":\"2025-11-03T14:59:47+00:00\",\"breadcrumb\":{\"@id\":\"https:\\\/\\\/gurudistribution.eu\\\/zimoli\\\/zeiss\\\/progressive\\\/#breadcrumb\"},\"inLanguage\":\"en-US\",\"potentialAction\":[{\"@type\":\"ReadAction\",\"target\":[\"https:\\\/\\\/gurudistribution.eu\\\/zimoli\\\/zeiss\\\/progressive\\\/\"]}]},{\"@type\":\"BreadcrumbList\",\"@id\":\"https:\\\/\\\/gurudistribution.eu\\\/zimoli\\\/zeiss\\\/progressive\\\/#breadcrumb\",\"itemListElement\":[{\"@type\":\"ListItem\",\"position\":1,\"name\":\"Home\",\"item\":\"https:\\\/\\\/gurudistribution.eu\\\/\"},{\"@type\":\"ListItem\",\"position\":2,\"name\":\"Z\u012aMOLI\",\"item\":\"https:\\\/\\\/gurudistribution.eu\\\/en\\\/zimoli\\\/\"},{\"@type\":\"ListItem\",\"position\":3,\"name\":\"ZEISS\",\"item\":\"https:\\\/\\\/gurudistribution.eu\\\/zimoli\\\/zeiss\\\/\"},{\"@type\":\"ListItem\",\"position\":4,\"name\":\"ZEISS Progressive\"}]},{\"@type\":\"WebSite\",\"@id\":\"https:\\\/\\\/gurudistribution.eu\\\/en\\\/#website\",\"url\":\"https:\\\/\\\/gurudistribution.eu\\\/en\\\/\",\"name\":\"Guru Distribution\",\"description\":\"\",\"publisher\":{\"@id\":\"https:\\\/\\\/gurudistribution.eu\\\/en\\\/#organization\"},\"potentialAction\":[{\"@type\":\"SearchAction\",\"target\":{\"@type\":\"EntryPoint\",\"urlTemplate\":\"https:\\\/\\\/gurudistribution.eu\\\/en\\\/?s={search_term_string}\"},\"query-input\":{\"@type\":\"PropertyValueSpecification\",\"valueRequired\":true,\"valueName\":\"search_term_string\"}}],\"inLanguage\":\"en-US\"},{\"@type\":\"Organization\",\"@id\":\"https:\\\/\\\/gurudistribution.eu\\\/en\\\/#organization\",\"name\":\"Guru Distribution\",\"url\":\"https:\\\/\\\/gurudistribution.eu\\\/en\\\/\",\"logo\":{\"@type\":\"ImageObject\",\"inLanguage\":\"en-US\",\"@id\":\"https:\\\/\\\/gurudistribution.eu\\\/en\\\/#\\\/schema\\\/logo\\\/image\\\/\",\"url\":\"https:\\\/\\\/gurudistribution.eu\\\/wp-content\\\/uploads\\\/2025\\\/10\\\/guru_logo_full_large-scaled-2-e1759335026600.jpg\",\"contentUrl\":\"https:\\\/\\\/gurudistribution.eu\\\/wp-content\\\/uploads\\\/2025\\\/10\\\/guru_logo_full_large-scaled-2-e1759335026600.jpg\",\"width\":1694,\"height\":503,\"caption\":\"Guru Distribution\"},\"image\":{\"@id\":\"https:\\\/\\\/gurudistribution.eu\\\/en\\\/#\\\/schema\\\/logo\\\/image\\\/\"},\"sameAs\":[\"https:\\\/\\\/www.facebook.com\\\/gurudistribution\",\"https:\\\/\\\/www.linkedin.com\\\/company\\\/guru-distribution-linkedin\\\/\"]}]}<\/script>\n<!-- \/ Yoast SEO plugin. -->","yoast_head_json":{"title":"ZEISS Progressive - Guru Distribution","robots":{"index":"index","follow":"follow","max-snippet":"max-snippet:-1","max-image-preview":"max-image-preview:large","max-video-preview":"max-video-preview:-1"},"canonical":"https:\/\/gurudistribution.eu\/en\/zimoli\/zeiss\/progressive\/","og_locale":"en_US","og_type":"article","og_title":"ZEISS Progressive - Guru Distribution","og_description":"Ieg\u016bsti vair\u0101kas dioptrijas vien\u0101s l\u0113c\u0101s.Gluda p\u0101reja no tuv\u0101s l\u012bdz t\u0101l\u0101s redzei \u2013 vairs nav nepiecie\u0161amas las\u012b\u0161anas brilles. Pateicoties \u013coti piel\u0101gotiem dizainiem un \u012bpa\u0161aj\u0101m tehnolo\u0123ij\u0101m, progres\u012bv\u0101s l\u0113cas lieto\u0161ana var k\u013c\u016bt par pat\u012bkamu pieredzi. R\u016bp\u0113jies par sav\u0101m nobriedu\u0161aj\u0101m ac\u012bm ar ZEISS varifok\u0101laj\u0101m l\u0113c\u0101m. UV aizsardz\u012bba l\u012bdz 400 nm \u2013 pat tav\u0101s caursp\u012bd\u012bgaj\u0101s brill\u0113s Vienm\u0113r\u012bga redze no t\u0101lienes [&hellip;]","og_url":"https:\/\/gurudistribution.eu\/en\/zimoli\/zeiss\/progressive\/","og_site_name":"Guru Distribution","article_publisher":"https:\/\/www.facebook.com\/gurudistribution","article_modified_time":"2025-11-03T14:59:47+00:00","twitter_card":"summary_large_image","twitter_misc":{"Est. reading time":"1 minute"},"schema":{"@context":"https:\/\/schema.org","@graph":[{"@type":"WebPage","@id":"https:\/\/gurudistribution.eu\/zimoli\/zeiss\/progressive\/","url":"https:\/\/gurudistribution.eu\/zimoli\/zeiss\/progressive\/","name":"ZEISS Progressive - Guru Distribution","isPartOf":{"@id":"https:\/\/gurudistribution.eu\/en\/#website"},"datePublished":"2025-11-03T14:56:19+00:00","dateModified":"2025-11-03T14:59:47+00:00","breadcrumb":{"@id":"https:\/\/gurudistribution.eu\/zimoli\/zeiss\/progressive\/#breadcrumb"},"inLanguage":"en-US","potentialAction":[{"@type":"ReadAction","target":["https:\/\/gurudistribution.eu\/zimoli\/zeiss\/progressive\/"]}]},{"@type":"BreadcrumbList","@id":"https:\/\/gurudistribution.eu\/zimoli\/zeiss\/progressive\/#breadcrumb","itemListElement":[{"@type":"ListItem","position":1,"name":"Home","item":"https:\/\/gurudistribution.eu\/"},{"@type":"ListItem","position":2,"name":"Z\u012aMOLI","item":"https:\/\/gurudistribution.eu\/en\/zimoli\/"},{"@type":"ListItem","position":3,"name":"ZEISS","item":"https:\/\/gurudistribution.eu\/zimoli\/zeiss\/"},{"@type":"ListItem","position":4,"name":"ZEISS Progressive"}]},{"@type":"WebSite","@id":"https:\/\/gurudistribution.eu\/en\/#website","url":"https:\/\/gurudistribution.eu\/en\/","name":"Guru Distribution","description":"","publisher":{"@id":"https:\/\/gurudistribution.eu\/en\/#organization"},"potentialAction":[{"@type":"SearchAction","target":{"@type":"EntryPoint","urlTemplate":"https:\/\/gurudistribution.eu\/en\/?s={search_term_string}"},"query-input":{"@type":"PropertyValueSpecification","valueRequired":true,"valueName":"search_term_string"}}],"inLanguage":"en-US"},{"@type":"Organization","@id":"https:\/\/gurudistribution.eu\/en\/#organization","name":"Guru Distribution","url":"https:\/\/gurudistribution.eu\/en\/","logo":{"@type":"ImageObject","inLanguage":"en-US","@id":"https:\/\/gurudistribution.eu\/en\/#\/schema\/logo\/image\/","url":"https:\/\/gurudistribution.eu\/wp-content\/uploads\/2025\/10\/guru_logo_full_large-scaled-2-e1759335026600.jpg","contentUrl":"https:\/\/gurudistribution.eu\/wp-content\/uploads\/2025\/10\/guru_logo_full_large-scaled-2-e1759335026600.jpg","width":1694,"height":503,"caption":"Guru Distribution"},"image":{"@id":"https:\/\/gurudistribution.eu\/en\/#\/schema\/logo\/image\/"},"sameAs":["https:\/\/www.facebook.com\/gurudistribution","https:\/\/www.linkedin.com\/company\/guru-distribution-linkedin\/"]}]}},"_links":{"self":[{"href":"https:\/\/gurudistribution.eu\/en\/wp-json\/wp\/v2\/pages\/2175","targetHints":{"allow":["GET"]}}],"collection":[{"href":"https:\/\/gurudistribution.eu\/en\/wp-json\/wp\/v2\/pages"}],"about":[{"href":"https:\/\/gurudistribution.eu\/en\/wp-json\/wp\/v2\/types\/page"}],"author":[{"embeddable":true,"href":"https:\/\/gurudistribution.eu\/en\/wp-json\/wp\/v2\/users\/1"}],"replies":[{"embeddable":true,"href":"https:\/\/gurudistribution.eu\/en\/wp-json\/wp\/v2\/comments?post=2175"}],"version-history":[{"count":10,"href":"https:\/\/gurudistribution.eu\/en\/wp-json\/wp\/v2\/pages\/2175\/revisions"}],"predecessor-version":[{"id":2185,"href":"https:\/\/gurudistribution.eu\/en\/wp-json\/wp\/v2\/pages\/2175\/revisions\/2185"}],"up":[{"embeddable":true,"href":"https:\/\/gurudistribution.eu\/en\/wp-json\/wp\/v2\/pages\/1571"}],"wp:attachment":[{"href":"https:\/\/gurudistribution.eu\/en\/wp-json\/wp\/v2\/media?parent=2175"}],"curies":[{"name":"wp","href":"https:\/\/api.w.org\/{rel}","templated":true}]}}