{"id":2158,"date":"2025-11-03T16:39:40","date_gmt":"2025-11-03T14:39:40","guid":{"rendered":"https:\/\/gd.gurudistribution.eu\/?page_id=2158"},"modified":"2025-11-03T16:41:58","modified_gmt":"2025-11-03T14:41:58","slug":"iscription","status":"publish","type":"page","link":"https:\/\/gurudistribution.eu\/en\/zimoli\/zeiss\/iscription\/","title":{"rendered":"ZEISS i.Scription Technology"},"content":{"rendered":"<div data-elementor-type=\"wp-page\" data-elementor-id=\"2158\" class=\"elementor elementor-2158\" data-elementor-post-type=\"page\">\n\t\t\t\t<div class=\"elementor-element elementor-element-55ddf5c e-flex e-con-boxed e-con e-parent\" data-id=\"55ddf5c\" data-element_type=\"container\" data-e-type=\"container\">\n\t\t\t\t\t<div class=\"e-con-inner\">\n\t\t\t\t\t<\/div>\n\t\t\t\t<\/div>\n\t\t<div class=\"elementor-element elementor-element-27cd93c e-flex e-con-boxed e-con e-parent\" data-id=\"27cd93c\" data-element_type=\"container\" data-e-type=\"container\">\n\t\t\t\t\t<div class=\"e-con-inner\">\n\t\t\t\t<div class=\"elementor-element elementor-element-709ee09 elementor-widget elementor-widget-text-editor\" data-id=\"709ee09\" data-element_type=\"widget\" data-e-type=\"widget\" data-widget_type=\"text-editor.default\">\n\t\t\t\t\t\t\t\t\t<p>i.Scription\u00ae technology creates a personalized vision \u201cfingerprint\u201d using the ZEISS i.Profiler plus, offering each patient a unique lens solution with enhanced vision both day and night.<br \/><br \/>Provide patients with their ideal vision correction using ZEISS lenses equipped with i.Scription\u00ae technology. It reduces the impact of glare, enhances color vibrancy, and improves contrast. These premium lenses offer the opportunity to distinguish your optical practice from competitors.<\/p>\t\t\t\t\t\t\t\t<\/div>\n\t\t\t\t\t<\/div>\n\t\t\t\t<\/div>\n\t\t\t\t<\/div>","protected":false},"excerpt":{"rendered":"<p>i.Scription\u00ae tehnolo\u0123ija \u013cauj izveidot person\u012bgo redzes \u201cpirkstu nospiedumu\u201d, izmantojot ZEISS i.Profiler plus, lai katram pacientam pied\u0101v\u0101tu unik\u0101lu l\u0113cu risin\u0101jumu ar uzlabotu redzi dien\u0101 un nakt\u012b. Nodro\u0161ini pacientiem vi\u0146u ide\u0101lo redzes korekciju ar ZEISS l\u0113c\u0101m, kas apr\u012bkotas ar i.Scription\u00ae tehnolo\u0123iju. T\u0101 samazina atsp\u012bdumu ietekmi, palielina kr\u0101su dz\u012bv\u012bgumu un uzlabo kontrastu. \u0160\u012bs augst\u0101k\u0101s kvalit\u0101tes l\u0113cas sniedz iesp\u0113ju [&hellip;]<\/p>\n","protected":false},"author":1,"featured_media":0,"parent":1571,"menu_order":0,"comment_status":"closed","ping_status":"closed","template":"elementor_header_footer","meta":{"footnotes":""},"class_list":["post-2158","page","type-page","status-publish","hentry"],"yoast_head":"<!-- This site is optimized with the Yoast SEO plugin v27.3 - https:\/\/yoast.com\/product\/yoast-seo-wordpress\/ -->\n<title>ZEISS i.Scription Technology - Guru Distribution<\/title>\n<meta name=\"robots\" content=\"index, follow, max-snippet:-1, max-image-preview:large, max-video-preview:-1\" \/>\n<link rel=\"canonical\" href=\"https:\/\/gurudistribution.eu\/en\/zimoli\/zeiss\/iscription\/\" \/>\n<meta property=\"og:locale\" content=\"en_US\" \/>\n<meta property=\"og:type\" content=\"article\" \/>\n<meta property=\"og:title\" content=\"ZEISS i.Scription Technology - Guru Distribution\" \/>\n<meta property=\"og:description\" content=\"i.Scription\u00ae tehnolo\u0123ija \u013cauj izveidot person\u012bgo redzes \u201cpirkstu nospiedumu\u201d, izmantojot ZEISS i.Profiler plus, lai katram pacientam pied\u0101v\u0101tu unik\u0101lu l\u0113cu risin\u0101jumu ar uzlabotu redzi dien\u0101 un nakt\u012b. Nodro\u0161ini pacientiem vi\u0146u ide\u0101lo redzes korekciju ar ZEISS l\u0113c\u0101m, kas apr\u012bkotas ar i.Scription\u00ae tehnolo\u0123iju. T\u0101 samazina atsp\u012bdumu ietekmi, palielina kr\u0101su dz\u012bv\u012bgumu un uzlabo kontrastu. \u0160\u012bs augst\u0101k\u0101s kvalit\u0101tes l\u0113cas sniedz iesp\u0113ju [&hellip;]\" \/>\n<meta property=\"og:url\" content=\"https:\/\/gurudistribution.eu\/en\/zimoli\/zeiss\/iscription\/\" \/>\n<meta property=\"og:site_name\" content=\"Guru Distribution\" \/>\n<meta property=\"article:publisher\" content=\"https:\/\/www.facebook.com\/gurudistribution\" \/>\n<meta property=\"article:modified_time\" content=\"2025-11-03T14:41:58+00:00\" \/>\n<meta name=\"twitter:card\" content=\"summary_large_image\" \/>\n<script type=\"application\/ld+json\" class=\"yoast-schema-graph\">{\"@context\":\"https:\\\/\\\/schema.org\",\"@graph\":[{\"@type\":\"WebPage\",\"@id\":\"https:\\\/\\\/gurudistribution.eu\\\/en\\\/zimoli\\\/zeiss\\\/iscription\\\/\",\"url\":\"https:\\\/\\\/gurudistribution.eu\\\/en\\\/zimoli\\\/zeiss\\\/iscription\\\/\",\"name\":\"ZEISS i.Scription Technology - Guru Distribution\",\"isPartOf\":{\"@id\":\"https:\\\/\\\/gurudistribution.eu\\\/en\\\/#website\"},\"datePublished\":\"2025-11-03T14:39:40+00:00\",\"dateModified\":\"2025-11-03T14:41:58+00:00\",\"breadcrumb\":{\"@id\":\"https:\\\/\\\/gurudistribution.eu\\\/en\\\/zimoli\\\/zeiss\\\/iscription\\\/#breadcrumb\"},\"inLanguage\":\"en-US\",\"potentialAction\":[{\"@type\":\"ReadAction\",\"target\":[\"https:\\\/\\\/gurudistribution.eu\\\/en\\\/zimoli\\\/zeiss\\\/iscription\\\/\"]}]},{\"@type\":\"BreadcrumbList\",\"@id\":\"https:\\\/\\\/gurudistribution.eu\\\/en\\\/zimoli\\\/zeiss\\\/iscription\\\/#breadcrumb\",\"itemListElement\":[{\"@type\":\"ListItem\",\"position\":1,\"name\":\"Home\",\"item\":\"https:\\\/\\\/gurudistribution.eu\\\/\"},{\"@type\":\"ListItem\",\"position\":2,\"name\":\"Z\u012aMOLI\",\"item\":\"https:\\\/\\\/gurudistribution.eu\\\/en\\\/zimoli\\\/\"},{\"@type\":\"ListItem\",\"position\":3,\"name\":\"ZEISS\",\"item\":\"https:\\\/\\\/gurudistribution.eu\\\/zimoli\\\/zeiss\\\/\"},{\"@type\":\"ListItem\",\"position\":4,\"name\":\"ZEISS i.Scription Technology\"}]},{\"@type\":\"WebSite\",\"@id\":\"https:\\\/\\\/gurudistribution.eu\\\/en\\\/#website\",\"url\":\"https:\\\/\\\/gurudistribution.eu\\\/en\\\/\",\"name\":\"Guru Distribution\",\"description\":\"\",\"publisher\":{\"@id\":\"https:\\\/\\\/gurudistribution.eu\\\/en\\\/#organization\"},\"potentialAction\":[{\"@type\":\"SearchAction\",\"target\":{\"@type\":\"EntryPoint\",\"urlTemplate\":\"https:\\\/\\\/gurudistribution.eu\\\/en\\\/?s={search_term_string}\"},\"query-input\":{\"@type\":\"PropertyValueSpecification\",\"valueRequired\":true,\"valueName\":\"search_term_string\"}}],\"inLanguage\":\"en-US\"},{\"@type\":\"Organization\",\"@id\":\"https:\\\/\\\/gurudistribution.eu\\\/en\\\/#organization\",\"name\":\"Guru Distribution\",\"url\":\"https:\\\/\\\/gurudistribution.eu\\\/en\\\/\",\"logo\":{\"@type\":\"ImageObject\",\"inLanguage\":\"en-US\",\"@id\":\"https:\\\/\\\/gurudistribution.eu\\\/en\\\/#\\\/schema\\\/logo\\\/image\\\/\",\"url\":\"https:\\\/\\\/gurudistribution.eu\\\/wp-content\\\/uploads\\\/2025\\\/10\\\/guru_logo_full_large-scaled-2-e1759335026600.jpg\",\"contentUrl\":\"https:\\\/\\\/gurudistribution.eu\\\/wp-content\\\/uploads\\\/2025\\\/10\\\/guru_logo_full_large-scaled-2-e1759335026600.jpg\",\"width\":1694,\"height\":503,\"caption\":\"Guru Distribution\"},\"image\":{\"@id\":\"https:\\\/\\\/gurudistribution.eu\\\/en\\\/#\\\/schema\\\/logo\\\/image\\\/\"},\"sameAs\":[\"https:\\\/\\\/www.facebook.com\\\/gurudistribution\",\"https:\\\/\\\/www.linkedin.com\\\/company\\\/guru-distribution-linkedin\\\/\"]}]}<\/script>\n<!-- \/ Yoast SEO plugin. -->","yoast_head_json":{"title":"ZEISS i.Scription Technology - Guru Distribution","robots":{"index":"index","follow":"follow","max-snippet":"max-snippet:-1","max-image-preview":"max-image-preview:large","max-video-preview":"max-video-preview:-1"},"canonical":"https:\/\/gurudistribution.eu\/en\/zimoli\/zeiss\/iscription\/","og_locale":"en_US","og_type":"article","og_title":"ZEISS i.Scription Technology - Guru Distribution","og_description":"i.Scription\u00ae tehnolo\u0123ija \u013cauj izveidot person\u012bgo redzes \u201cpirkstu nospiedumu\u201d, izmantojot ZEISS i.Profiler plus, lai katram pacientam pied\u0101v\u0101tu unik\u0101lu l\u0113cu risin\u0101jumu ar uzlabotu redzi dien\u0101 un nakt\u012b. Nodro\u0161ini pacientiem vi\u0146u ide\u0101lo redzes korekciju ar ZEISS l\u0113c\u0101m, kas apr\u012bkotas ar i.Scription\u00ae tehnolo\u0123iju. T\u0101 samazina atsp\u012bdumu ietekmi, palielina kr\u0101su dz\u012bv\u012bgumu un uzlabo kontrastu. \u0160\u012bs augst\u0101k\u0101s kvalit\u0101tes l\u0113cas sniedz iesp\u0113ju [&hellip;]","og_url":"https:\/\/gurudistribution.eu\/en\/zimoli\/zeiss\/iscription\/","og_site_name":"Guru Distribution","article_publisher":"https:\/\/www.facebook.com\/gurudistribution","article_modified_time":"2025-11-03T14:41:58+00:00","twitter_card":"summary_large_image","schema":{"@context":"https:\/\/schema.org","@graph":[{"@type":"WebPage","@id":"https:\/\/gurudistribution.eu\/en\/zimoli\/zeiss\/iscription\/","url":"https:\/\/gurudistribution.eu\/en\/zimoli\/zeiss\/iscription\/","name":"ZEISS i.Scription Technology - Guru Distribution","isPartOf":{"@id":"https:\/\/gurudistribution.eu\/en\/#website"},"datePublished":"2025-11-03T14:39:40+00:00","dateModified":"2025-11-03T14:41:58+00:00","breadcrumb":{"@id":"https:\/\/gurudistribution.eu\/en\/zimoli\/zeiss\/iscription\/#breadcrumb"},"inLanguage":"en-US","potentialAction":[{"@type":"ReadAction","target":["https:\/\/gurudistribution.eu\/en\/zimoli\/zeiss\/iscription\/"]}]},{"@type":"BreadcrumbList","@id":"https:\/\/gurudistribution.eu\/en\/zimoli\/zeiss\/iscription\/#breadcrumb","itemListElement":[{"@type":"ListItem","position":1,"name":"Home","item":"https:\/\/gurudistribution.eu\/"},{"@type":"ListItem","position":2,"name":"Z\u012aMOLI","item":"https:\/\/gurudistribution.eu\/en\/zimoli\/"},{"@type":"ListItem","position":3,"name":"ZEISS","item":"https:\/\/gurudistribution.eu\/zimoli\/zeiss\/"},{"@type":"ListItem","position":4,"name":"ZEISS i.Scription Technology"}]},{"@type":"WebSite","@id":"https:\/\/gurudistribution.eu\/en\/#website","url":"https:\/\/gurudistribution.eu\/en\/","name":"Guru Distribution","description":"","publisher":{"@id":"https:\/\/gurudistribution.eu\/en\/#organization"},"potentialAction":[{"@type":"SearchAction","target":{"@type":"EntryPoint","urlTemplate":"https:\/\/gurudistribution.eu\/en\/?s={search_term_string}"},"query-input":{"@type":"PropertyValueSpecification","valueRequired":true,"valueName":"search_term_string"}}],"inLanguage":"en-US"},{"@type":"Organization","@id":"https:\/\/gurudistribution.eu\/en\/#organization","name":"Guru Distribution","url":"https:\/\/gurudistribution.eu\/en\/","logo":{"@type":"ImageObject","inLanguage":"en-US","@id":"https:\/\/gurudistribution.eu\/en\/#\/schema\/logo\/image\/","url":"https:\/\/gurudistribution.eu\/wp-content\/uploads\/2025\/10\/guru_logo_full_large-scaled-2-e1759335026600.jpg","contentUrl":"https:\/\/gurudistribution.eu\/wp-content\/uploads\/2025\/10\/guru_logo_full_large-scaled-2-e1759335026600.jpg","width":1694,"height":503,"caption":"Guru Distribution"},"image":{"@id":"https:\/\/gurudistribution.eu\/en\/#\/schema\/logo\/image\/"},"sameAs":["https:\/\/www.facebook.com\/gurudistribution","https:\/\/www.linkedin.com\/company\/guru-distribution-linkedin\/"]}]}},"_links":{"self":[{"href":"https:\/\/gurudistribution.eu\/en\/wp-json\/wp\/v2\/pages\/2158","targetHints":{"allow":["GET"]}}],"collection":[{"href":"https:\/\/gurudistribution.eu\/en\/wp-json\/wp\/v2\/pages"}],"about":[{"href":"https:\/\/gurudistribution.eu\/en\/wp-json\/wp\/v2\/types\/page"}],"author":[{"embeddable":true,"href":"https:\/\/gurudistribution.eu\/en\/wp-json\/wp\/v2\/users\/1"}],"replies":[{"embeddable":true,"href":"https:\/\/gurudistribution.eu\/en\/wp-json\/wp\/v2\/comments?post=2158"}],"version-history":[{"count":7,"href":"https:\/\/gurudistribution.eu\/en\/wp-json\/wp\/v2\/pages\/2158\/revisions"}],"predecessor-version":[{"id":2165,"href":"https:\/\/gurudistribution.eu\/en\/wp-json\/wp\/v2\/pages\/2158\/revisions\/2165"}],"up":[{"embeddable":true,"href":"https:\/\/gurudistribution.eu\/en\/wp-json\/wp\/v2\/pages\/1571"}],"wp:attachment":[{"href":"https:\/\/gurudistribution.eu\/en\/wp-json\/wp\/v2\/media?parent=2158"}],"curies":[{"name":"wp","href":"https:\/\/api.w.org\/{rel}","templated":true}]}}