{"id":2127,"date":"2025-11-03T15:26:54","date_gmt":"2025-11-03T13:26:54","guid":{"rendered":"https:\/\/gd.gurudistribution.eu\/?page_id=2127"},"modified":"2025-12-08T16:26:13","modified_gmt":"2025-12-08T14:26:13","slug":"drivesafe","status":"publish","type":"page","link":"https:\/\/gurudistribution.eu\/en\/zimoli\/zeiss\/drivesafe\/","title":{"rendered":"ZEISS DriveSafe"},"content":{"rendered":"<div data-elementor-type=\"wp-page\" data-elementor-id=\"2127\" class=\"elementor elementor-2127\" data-elementor-post-type=\"page\">\n\t\t\t\t<div class=\"elementor-element elementor-element-55ddf5c e-flex e-con-boxed e-con e-parent\" data-id=\"55ddf5c\" data-element_type=\"container\" data-e-type=\"container\">\n\t\t\t\t\t<div class=\"e-con-inner\">\n\t\t\t\t\t<\/div>\n\t\t\t\t<\/div>\n\t\t<div class=\"elementor-element elementor-element-27cd93c e-flex e-con-boxed e-con e-parent\" data-id=\"27cd93c\" data-element_type=\"container\" data-e-type=\"container\">\n\t\t\t\t\t<div class=\"e-con-inner\">\n\t\t\t\t<div class=\"elementor-element elementor-element-709ee09 elementor-widget elementor-widget-text-editor\" data-id=\"709ee09\" data-element_type=\"widget\" data-e-type=\"widget\" data-widget_type=\"text-editor.default\">\n\t\t\t\t\t\t\t\t\t<p>Help your customers see every detail on the road \u2013 even in rain, fog, or twilight.<\/p>\n<p>ZEISS DriveSafe lenses are everyday-use lenses specifically designed to meet the visual needs of drivers. Their design elements and key technologies enhance the visual experience both during daytime and nighttime driving.<br>Thanks to the DuraVision\u00ae DriveSafe coating, the lenses help reduce glare and disruptive reflections, especially during nighttime driving.<\/p>\n<ul>\n<li>Better visibility in low light and adverse weather conditions.<\/li>\n<li>Reduces glare at night from oncoming car headlights or street lighting.<\/li>\n<li>Clear vision of the road, dashboard, rearview, and side mirrors.<\/li>\n<\/ul>\t\t\t\t\t\t\t\t<\/div>\n\t\t\t\t\t<\/div>\n\t\t\t\t<\/div>\n\t\t\t\t<\/div>","protected":false},"excerpt":{"rendered":"<p>Pal\u012bdzi saviem klientiem saskat\u012bt katru deta\u013cu uz ce\u013ca \u2013 pat liet\u016b, migl\u0101 vai kr\u0113sl\u0101. ZEISS DriveSafe l\u0113cas ir ikdienas lieto\u0161anai paredz\u0113tas l\u0113cas, kas \u012bpa\u0161i izstr\u0101d\u0101tas, lai apmierin\u0101tu autovad\u012bt\u0101ju redzes vajadz\u012bbas. To dizaina elementi un galven\u0101s tehnolo\u0123ijas uzlabo redzes pieredzi gan dien\u0101, gan nakt\u012b brauk\u0161anas laik\u0101.Pateicoties DuraVision\u00ae DriveSafe p\u0101rkl\u0101jumam, l\u0113cas pal\u012bdz samazin\u0101t atsp\u012bdumus un trauc\u0113jo\u0161u mirdzumu, [&hellip;]<\/p>\n","protected":false},"author":1,"featured_media":0,"parent":1571,"menu_order":0,"comment_status":"closed","ping_status":"closed","template":"elementor_header_footer","meta":{"footnotes":""},"class_list":["post-2127","page","type-page","status-publish","hentry"],"yoast_head":"<!-- This site is optimized with the Yoast SEO plugin v27.3 - https:\/\/yoast.com\/product\/yoast-seo-wordpress\/ -->\n<title>ZEISS DriveSafe - Guru Distribution<\/title>\n<meta name=\"robots\" content=\"index, follow, max-snippet:-1, max-image-preview:large, max-video-preview:-1\" \/>\n<link rel=\"canonical\" href=\"https:\/\/gurudistribution.eu\/en\/zimoli\/zeiss\/drivesafe\/\" \/>\n<meta property=\"og:locale\" content=\"en_US\" \/>\n<meta property=\"og:type\" content=\"article\" \/>\n<meta property=\"og:title\" content=\"ZEISS DriveSafe - Guru Distribution\" \/>\n<meta property=\"og:description\" content=\"Pal\u012bdzi saviem klientiem saskat\u012bt katru deta\u013cu uz ce\u013ca \u2013 pat liet\u016b, migl\u0101 vai kr\u0113sl\u0101. ZEISS DriveSafe l\u0113cas ir ikdienas lieto\u0161anai paredz\u0113tas l\u0113cas, kas \u012bpa\u0161i izstr\u0101d\u0101tas, lai apmierin\u0101tu autovad\u012bt\u0101ju redzes vajadz\u012bbas. To dizaina elementi un galven\u0101s tehnolo\u0123ijas uzlabo redzes pieredzi gan dien\u0101, gan nakt\u012b brauk\u0161anas laik\u0101.Pateicoties DuraVision\u00ae DriveSafe p\u0101rkl\u0101jumam, l\u0113cas pal\u012bdz samazin\u0101t atsp\u012bdumus un trauc\u0113jo\u0161u mirdzumu, [&hellip;]\" \/>\n<meta property=\"og:url\" content=\"https:\/\/gurudistribution.eu\/en\/zimoli\/zeiss\/drivesafe\/\" \/>\n<meta property=\"og:site_name\" content=\"Guru Distribution\" \/>\n<meta property=\"article:publisher\" content=\"https:\/\/www.facebook.com\/gurudistribution\" \/>\n<meta property=\"article:modified_time\" content=\"2025-12-08T14:26:13+00:00\" \/>\n<meta name=\"twitter:card\" content=\"summary_large_image\" \/>\n<meta name=\"twitter:label1\" content=\"Est. reading time\" \/>\n\t<meta name=\"twitter:data1\" content=\"1 minute\" \/>\n<script type=\"application\/ld+json\" class=\"yoast-schema-graph\">{\"@context\":\"https:\\\/\\\/schema.org\",\"@graph\":[{\"@type\":\"WebPage\",\"@id\":\"https:\\\/\\\/gurudistribution.eu\\\/zimoli\\\/zeiss\\\/drivesafe\\\/\",\"url\":\"https:\\\/\\\/gurudistribution.eu\\\/zimoli\\\/zeiss\\\/drivesafe\\\/\",\"name\":\"ZEISS DriveSafe - Guru Distribution\",\"isPartOf\":{\"@id\":\"https:\\\/\\\/gurudistribution.eu\\\/en\\\/#website\"},\"datePublished\":\"2025-11-03T13:26:54+00:00\",\"dateModified\":\"2025-12-08T14:26:13+00:00\",\"breadcrumb\":{\"@id\":\"https:\\\/\\\/gurudistribution.eu\\\/zimoli\\\/zeiss\\\/drivesafe\\\/#breadcrumb\"},\"inLanguage\":\"en-US\",\"potentialAction\":[{\"@type\":\"ReadAction\",\"target\":[\"https:\\\/\\\/gurudistribution.eu\\\/zimoli\\\/zeiss\\\/drivesafe\\\/\"]}]},{\"@type\":\"BreadcrumbList\",\"@id\":\"https:\\\/\\\/gurudistribution.eu\\\/zimoli\\\/zeiss\\\/drivesafe\\\/#breadcrumb\",\"itemListElement\":[{\"@type\":\"ListItem\",\"position\":1,\"name\":\"Home\",\"item\":\"https:\\\/\\\/gurudistribution.eu\\\/\"},{\"@type\":\"ListItem\",\"position\":2,\"name\":\"Z\u012aMOLI\",\"item\":\"https:\\\/\\\/gurudistribution.eu\\\/en\\\/zimoli\\\/\"},{\"@type\":\"ListItem\",\"position\":3,\"name\":\"ZEISS\",\"item\":\"https:\\\/\\\/gurudistribution.eu\\\/zimoli\\\/zeiss\\\/\"},{\"@type\":\"ListItem\",\"position\":4,\"name\":\"ZEISS DriveSafe\"}]},{\"@type\":\"WebSite\",\"@id\":\"https:\\\/\\\/gurudistribution.eu\\\/en\\\/#website\",\"url\":\"https:\\\/\\\/gurudistribution.eu\\\/en\\\/\",\"name\":\"Guru Distribution\",\"description\":\"\",\"publisher\":{\"@id\":\"https:\\\/\\\/gurudistribution.eu\\\/en\\\/#organization\"},\"potentialAction\":[{\"@type\":\"SearchAction\",\"target\":{\"@type\":\"EntryPoint\",\"urlTemplate\":\"https:\\\/\\\/gurudistribution.eu\\\/en\\\/?s={search_term_string}\"},\"query-input\":{\"@type\":\"PropertyValueSpecification\",\"valueRequired\":true,\"valueName\":\"search_term_string\"}}],\"inLanguage\":\"en-US\"},{\"@type\":\"Organization\",\"@id\":\"https:\\\/\\\/gurudistribution.eu\\\/en\\\/#organization\",\"name\":\"Guru Distribution\",\"url\":\"https:\\\/\\\/gurudistribution.eu\\\/en\\\/\",\"logo\":{\"@type\":\"ImageObject\",\"inLanguage\":\"en-US\",\"@id\":\"https:\\\/\\\/gurudistribution.eu\\\/en\\\/#\\\/schema\\\/logo\\\/image\\\/\",\"url\":\"https:\\\/\\\/gurudistribution.eu\\\/wp-content\\\/uploads\\\/2025\\\/10\\\/guru_logo_full_large-scaled-2-e1759335026600.jpg\",\"contentUrl\":\"https:\\\/\\\/gurudistribution.eu\\\/wp-content\\\/uploads\\\/2025\\\/10\\\/guru_logo_full_large-scaled-2-e1759335026600.jpg\",\"width\":1694,\"height\":503,\"caption\":\"Guru Distribution\"},\"image\":{\"@id\":\"https:\\\/\\\/gurudistribution.eu\\\/en\\\/#\\\/schema\\\/logo\\\/image\\\/\"},\"sameAs\":[\"https:\\\/\\\/www.facebook.com\\\/gurudistribution\",\"https:\\\/\\\/www.linkedin.com\\\/company\\\/guru-distribution-linkedin\\\/\"]}]}<\/script>\n<!-- \/ Yoast SEO plugin. -->","yoast_head_json":{"title":"ZEISS DriveSafe - Guru Distribution","robots":{"index":"index","follow":"follow","max-snippet":"max-snippet:-1","max-image-preview":"max-image-preview:large","max-video-preview":"max-video-preview:-1"},"canonical":"https:\/\/gurudistribution.eu\/en\/zimoli\/zeiss\/drivesafe\/","og_locale":"en_US","og_type":"article","og_title":"ZEISS DriveSafe - Guru Distribution","og_description":"Pal\u012bdzi saviem klientiem saskat\u012bt katru deta\u013cu uz ce\u013ca \u2013 pat liet\u016b, migl\u0101 vai kr\u0113sl\u0101. ZEISS DriveSafe l\u0113cas ir ikdienas lieto\u0161anai paredz\u0113tas l\u0113cas, kas \u012bpa\u0161i izstr\u0101d\u0101tas, lai apmierin\u0101tu autovad\u012bt\u0101ju redzes vajadz\u012bbas. To dizaina elementi un galven\u0101s tehnolo\u0123ijas uzlabo redzes pieredzi gan dien\u0101, gan nakt\u012b brauk\u0161anas laik\u0101.Pateicoties DuraVision\u00ae DriveSafe p\u0101rkl\u0101jumam, l\u0113cas pal\u012bdz samazin\u0101t atsp\u012bdumus un trauc\u0113jo\u0161u mirdzumu, [&hellip;]","og_url":"https:\/\/gurudistribution.eu\/en\/zimoli\/zeiss\/drivesafe\/","og_site_name":"Guru Distribution","article_publisher":"https:\/\/www.facebook.com\/gurudistribution","article_modified_time":"2025-12-08T14:26:13+00:00","twitter_card":"summary_large_image","twitter_misc":{"Est. reading time":"1 minute"},"schema":{"@context":"https:\/\/schema.org","@graph":[{"@type":"WebPage","@id":"https:\/\/gurudistribution.eu\/zimoli\/zeiss\/drivesafe\/","url":"https:\/\/gurudistribution.eu\/zimoli\/zeiss\/drivesafe\/","name":"ZEISS DriveSafe - Guru Distribution","isPartOf":{"@id":"https:\/\/gurudistribution.eu\/en\/#website"},"datePublished":"2025-11-03T13:26:54+00:00","dateModified":"2025-12-08T14:26:13+00:00","breadcrumb":{"@id":"https:\/\/gurudistribution.eu\/zimoli\/zeiss\/drivesafe\/#breadcrumb"},"inLanguage":"en-US","potentialAction":[{"@type":"ReadAction","target":["https:\/\/gurudistribution.eu\/zimoli\/zeiss\/drivesafe\/"]}]},{"@type":"BreadcrumbList","@id":"https:\/\/gurudistribution.eu\/zimoli\/zeiss\/drivesafe\/#breadcrumb","itemListElement":[{"@type":"ListItem","position":1,"name":"Home","item":"https:\/\/gurudistribution.eu\/"},{"@type":"ListItem","position":2,"name":"Z\u012aMOLI","item":"https:\/\/gurudistribution.eu\/en\/zimoli\/"},{"@type":"ListItem","position":3,"name":"ZEISS","item":"https:\/\/gurudistribution.eu\/zimoli\/zeiss\/"},{"@type":"ListItem","position":4,"name":"ZEISS DriveSafe"}]},{"@type":"WebSite","@id":"https:\/\/gurudistribution.eu\/en\/#website","url":"https:\/\/gurudistribution.eu\/en\/","name":"Guru Distribution","description":"","publisher":{"@id":"https:\/\/gurudistribution.eu\/en\/#organization"},"potentialAction":[{"@type":"SearchAction","target":{"@type":"EntryPoint","urlTemplate":"https:\/\/gurudistribution.eu\/en\/?s={search_term_string}"},"query-input":{"@type":"PropertyValueSpecification","valueRequired":true,"valueName":"search_term_string"}}],"inLanguage":"en-US"},{"@type":"Organization","@id":"https:\/\/gurudistribution.eu\/en\/#organization","name":"Guru Distribution","url":"https:\/\/gurudistribution.eu\/en\/","logo":{"@type":"ImageObject","inLanguage":"en-US","@id":"https:\/\/gurudistribution.eu\/en\/#\/schema\/logo\/image\/","url":"https:\/\/gurudistribution.eu\/wp-content\/uploads\/2025\/10\/guru_logo_full_large-scaled-2-e1759335026600.jpg","contentUrl":"https:\/\/gurudistribution.eu\/wp-content\/uploads\/2025\/10\/guru_logo_full_large-scaled-2-e1759335026600.jpg","width":1694,"height":503,"caption":"Guru Distribution"},"image":{"@id":"https:\/\/gurudistribution.eu\/en\/#\/schema\/logo\/image\/"},"sameAs":["https:\/\/www.facebook.com\/gurudistribution","https:\/\/www.linkedin.com\/company\/guru-distribution-linkedin\/"]}]}},"_links":{"self":[{"href":"https:\/\/gurudistribution.eu\/en\/wp-json\/wp\/v2\/pages\/2127","targetHints":{"allow":["GET"]}}],"collection":[{"href":"https:\/\/gurudistribution.eu\/en\/wp-json\/wp\/v2\/pages"}],"about":[{"href":"https:\/\/gurudistribution.eu\/en\/wp-json\/wp\/v2\/types\/page"}],"author":[{"embeddable":true,"href":"https:\/\/gurudistribution.eu\/en\/wp-json\/wp\/v2\/users\/1"}],"replies":[{"embeddable":true,"href":"https:\/\/gurudistribution.eu\/en\/wp-json\/wp\/v2\/comments?post=2127"}],"version-history":[{"count":13,"href":"https:\/\/gurudistribution.eu\/en\/wp-json\/wp\/v2\/pages\/2127\/revisions"}],"predecessor-version":[{"id":2723,"href":"https:\/\/gurudistribution.eu\/en\/wp-json\/wp\/v2\/pages\/2127\/revisions\/2723"}],"up":[{"embeddable":true,"href":"https:\/\/gurudistribution.eu\/en\/wp-json\/wp\/v2\/pages\/1571"}],"wp:attachment":[{"href":"https:\/\/gurudistribution.eu\/en\/wp-json\/wp\/v2\/media?parent=2127"}],"curies":[{"name":"wp","href":"https:\/\/api.w.org\/{rel}","templated":true}]}}