{"id":2105,"date":"2025-11-03T14:00:38","date_gmt":"2025-11-03T12:00:38","guid":{"rendered":"https:\/\/gd.gurudistribution.eu\/?page_id=2105"},"modified":"2025-11-14T15:29:26","modified_gmt":"2025-11-14T13:29:26","slug":"photofusion","status":"publish","type":"page","link":"https:\/\/gurudistribution.eu\/en\/zimoli\/zeiss\/photofusion\/","title":{"rendered":"ZEISS PhotoFusion | ZEISS AdaptiveSun"},"content":{"rendered":"<div data-elementor-type=\"wp-page\" data-elementor-id=\"2105\" class=\"elementor elementor-2105\" data-elementor-post-type=\"page\">\n\t\t\t\t<div class=\"elementor-element elementor-element-55ddf5c e-flex e-con-boxed e-con e-parent\" data-id=\"55ddf5c\" data-element_type=\"container\" data-e-type=\"container\">\n\t\t\t\t\t<div class=\"e-con-inner\">\n\t\t\t\t\t<\/div>\n\t\t\t\t<\/div>\n\t\t<div class=\"elementor-element elementor-element-27cd93c e-flex e-con-boxed e-con e-parent\" data-id=\"27cd93c\" data-element_type=\"container\" data-e-type=\"container\">\n\t\t\t\t\t<div class=\"e-con-inner\">\n\t\t\t\t<div class=\"elementor-element elementor-element-709ee09 elementor-widget elementor-widget-text-editor\" data-id=\"709ee09\" data-element_type=\"widget\" data-e-type=\"widget\" data-widget_type=\"text-editor.default\">\n\t\t\t\t\t\t\t\t\t<p>ZEISS PhotoFusion X is not just a product update. It is a reinvention of photochromic lenses, a completely redesigned product. It represents perfection in performance \u2013 created to accelerate your business.<\/p><ul><li>Unique blue light protection and full UV protection \u2013 both outdoors and indoors<\/li><li>Up to 2.5 times faster image adaptation indoors<\/li><li>Sunglass-level darkness outdoors<\/li><\/ul><p>\u00a0<\/p><p>ZEISS AdaptiveSun Solutions uses a \"from dark to even darker\" system. These vision-correcting sunglasses initially provide 60% light absorption. When lighting conditions change, the lenses darken up to 97% absorption in just 18\u201335 seconds. This offers a significant benefit to users, as there is no longer a need to switch glasses.<br \/>The ZEISS Outdoor range offers various options \u2014 ZEISS AdaptiveSun and ZEISS AdaptiveSun Polarized lenses.<\/p>\t\t\t\t\t\t\t\t<\/div>\n\t\t\t\t\t<\/div>\n\t\t\t\t<\/div>\n\t\t<div class=\"elementor-element elementor-element-6bbef30 e-flex e-con-boxed e-con e-parent\" data-id=\"6bbef30\" data-element_type=\"container\" data-e-type=\"container\">\n\t\t\t\t\t<div class=\"e-con-inner\">\n\t\t\t\t\t<\/div>\n\t\t\t\t<\/div>\n\t\t\t\t<\/div>","protected":false},"excerpt":{"rendered":"<p>ZEISS PhotoFusion X nav tikai produkta atjaunin\u0101jums. T\u0101 ir fotohronisko l\u0113cu jaunrade, piln\u012bb\u0101 p\u0101rveidots produkts. T\u0101 ir piln\u012bba sniegum\u0101 \u2013 rad\u012bta, lai pa\u0101trin\u0101tu tavu biznesu. Unik\u0101la zila gaisma un piln\u012bga UV aizsardz\u012bba \u2013 gan \u0101r\u0101, gan iek\u0161telp\u0101s L\u012bdz pat 2,5 reiz\u0113m \u0101tr\u0101ka att\u0113la atkop\u0161ana telp\u0101s Saulesbri\u013c\u013cu l\u012bme\u0146a tumsa \u0101r\u0101 \u00a0 ZEISS AdaptiveSun Solutions izmanto sist\u0113mu [&hellip;]<\/p>\n","protected":false},"author":1,"featured_media":0,"parent":1571,"menu_order":0,"comment_status":"closed","ping_status":"closed","template":"elementor_header_footer","meta":{"footnotes":""},"class_list":["post-2105","page","type-page","status-publish","hentry"],"yoast_head":"<!-- This site is optimized with the Yoast SEO plugin v27.3 - https:\/\/yoast.com\/product\/yoast-seo-wordpress\/ -->\n<title>ZEISS PhotoFusion | ZEISS AdaptiveSun - Guru Distribution<\/title>\n<meta name=\"robots\" content=\"index, follow, max-snippet:-1, max-image-preview:large, max-video-preview:-1\" \/>\n<link rel=\"canonical\" href=\"https:\/\/gurudistribution.eu\/en\/zimoli\/zeiss\/photofusion\/\" \/>\n<meta property=\"og:locale\" content=\"en_US\" \/>\n<meta property=\"og:type\" content=\"article\" \/>\n<meta property=\"og:title\" content=\"ZEISS PhotoFusion | ZEISS AdaptiveSun - Guru Distribution\" \/>\n<meta property=\"og:description\" content=\"ZEISS PhotoFusion X nav tikai produkta atjaunin\u0101jums. T\u0101 ir fotohronisko l\u0113cu jaunrade, piln\u012bb\u0101 p\u0101rveidots produkts. T\u0101 ir piln\u012bba sniegum\u0101 \u2013 rad\u012bta, lai pa\u0101trin\u0101tu tavu biznesu. Unik\u0101la zila gaisma un piln\u012bga UV aizsardz\u012bba \u2013 gan \u0101r\u0101, gan iek\u0161telp\u0101s L\u012bdz pat 2,5 reiz\u0113m \u0101tr\u0101ka att\u0113la atkop\u0161ana telp\u0101s Saulesbri\u013c\u013cu l\u012bme\u0146a tumsa \u0101r\u0101 \u00a0 ZEISS AdaptiveSun Solutions izmanto sist\u0113mu [&hellip;]\" \/>\n<meta property=\"og:url\" content=\"https:\/\/gurudistribution.eu\/en\/zimoli\/zeiss\/photofusion\/\" \/>\n<meta property=\"og:site_name\" content=\"Guru Distribution\" \/>\n<meta property=\"article:publisher\" content=\"https:\/\/www.facebook.com\/gurudistribution\" \/>\n<meta property=\"article:modified_time\" content=\"2025-11-14T13:29:26+00:00\" \/>\n<meta name=\"twitter:card\" content=\"summary_large_image\" \/>\n<meta name=\"twitter:label1\" content=\"Est. reading time\" \/>\n\t<meta name=\"twitter:data1\" content=\"1 minute\" \/>\n<script type=\"application\/ld+json\" class=\"yoast-schema-graph\">{\"@context\":\"https:\\\/\\\/schema.org\",\"@graph\":[{\"@type\":\"WebPage\",\"@id\":\"https:\\\/\\\/gurudistribution.eu\\\/zimoli\\\/zeiss\\\/photofusion\\\/\",\"url\":\"https:\\\/\\\/gurudistribution.eu\\\/zimoli\\\/zeiss\\\/photofusion\\\/\",\"name\":\"ZEISS PhotoFusion | ZEISS AdaptiveSun - Guru Distribution\",\"isPartOf\":{\"@id\":\"https:\\\/\\\/gurudistribution.eu\\\/en\\\/#website\"},\"datePublished\":\"2025-11-03T12:00:38+00:00\",\"dateModified\":\"2025-11-14T13:29:26+00:00\",\"breadcrumb\":{\"@id\":\"https:\\\/\\\/gurudistribution.eu\\\/zimoli\\\/zeiss\\\/photofusion\\\/#breadcrumb\"},\"inLanguage\":\"en-US\",\"potentialAction\":[{\"@type\":\"ReadAction\",\"target\":[\"https:\\\/\\\/gurudistribution.eu\\\/zimoli\\\/zeiss\\\/photofusion\\\/\"]}]},{\"@type\":\"BreadcrumbList\",\"@id\":\"https:\\\/\\\/gurudistribution.eu\\\/zimoli\\\/zeiss\\\/photofusion\\\/#breadcrumb\",\"itemListElement\":[{\"@type\":\"ListItem\",\"position\":1,\"name\":\"Home\",\"item\":\"https:\\\/\\\/gurudistribution.eu\\\/\"},{\"@type\":\"ListItem\",\"position\":2,\"name\":\"Z\u012aMOLI\",\"item\":\"https:\\\/\\\/gurudistribution.eu\\\/en\\\/zimoli\\\/\"},{\"@type\":\"ListItem\",\"position\":3,\"name\":\"ZEISS\",\"item\":\"https:\\\/\\\/gurudistribution.eu\\\/zimoli\\\/zeiss\\\/\"},{\"@type\":\"ListItem\",\"position\":4,\"name\":\"ZEISS PhotoFusion | ZEISS AdaptiveSun\"}]},{\"@type\":\"WebSite\",\"@id\":\"https:\\\/\\\/gurudistribution.eu\\\/en\\\/#website\",\"url\":\"https:\\\/\\\/gurudistribution.eu\\\/en\\\/\",\"name\":\"Guru Distribution\",\"description\":\"\",\"publisher\":{\"@id\":\"https:\\\/\\\/gurudistribution.eu\\\/en\\\/#organization\"},\"potentialAction\":[{\"@type\":\"SearchAction\",\"target\":{\"@type\":\"EntryPoint\",\"urlTemplate\":\"https:\\\/\\\/gurudistribution.eu\\\/en\\\/?s={search_term_string}\"},\"query-input\":{\"@type\":\"PropertyValueSpecification\",\"valueRequired\":true,\"valueName\":\"search_term_string\"}}],\"inLanguage\":\"en-US\"},{\"@type\":\"Organization\",\"@id\":\"https:\\\/\\\/gurudistribution.eu\\\/en\\\/#organization\",\"name\":\"Guru Distribution\",\"url\":\"https:\\\/\\\/gurudistribution.eu\\\/en\\\/\",\"logo\":{\"@type\":\"ImageObject\",\"inLanguage\":\"en-US\",\"@id\":\"https:\\\/\\\/gurudistribution.eu\\\/en\\\/#\\\/schema\\\/logo\\\/image\\\/\",\"url\":\"https:\\\/\\\/gurudistribution.eu\\\/wp-content\\\/uploads\\\/2025\\\/10\\\/guru_logo_full_large-scaled-2-e1759335026600.jpg\",\"contentUrl\":\"https:\\\/\\\/gurudistribution.eu\\\/wp-content\\\/uploads\\\/2025\\\/10\\\/guru_logo_full_large-scaled-2-e1759335026600.jpg\",\"width\":1694,\"height\":503,\"caption\":\"Guru Distribution\"},\"image\":{\"@id\":\"https:\\\/\\\/gurudistribution.eu\\\/en\\\/#\\\/schema\\\/logo\\\/image\\\/\"},\"sameAs\":[\"https:\\\/\\\/www.facebook.com\\\/gurudistribution\",\"https:\\\/\\\/www.linkedin.com\\\/company\\\/guru-distribution-linkedin\\\/\"]}]}<\/script>\n<!-- \/ Yoast SEO plugin. -->","yoast_head_json":{"title":"ZEISS PhotoFusion | ZEISS AdaptiveSun - Guru Distribution","robots":{"index":"index","follow":"follow","max-snippet":"max-snippet:-1","max-image-preview":"max-image-preview:large","max-video-preview":"max-video-preview:-1"},"canonical":"https:\/\/gurudistribution.eu\/en\/zimoli\/zeiss\/photofusion\/","og_locale":"en_US","og_type":"article","og_title":"ZEISS PhotoFusion | ZEISS AdaptiveSun - Guru Distribution","og_description":"ZEISS PhotoFusion X nav tikai produkta atjaunin\u0101jums. T\u0101 ir fotohronisko l\u0113cu jaunrade, piln\u012bb\u0101 p\u0101rveidots produkts. T\u0101 ir piln\u012bba sniegum\u0101 \u2013 rad\u012bta, lai pa\u0101trin\u0101tu tavu biznesu. Unik\u0101la zila gaisma un piln\u012bga UV aizsardz\u012bba \u2013 gan \u0101r\u0101, gan iek\u0161telp\u0101s L\u012bdz pat 2,5 reiz\u0113m \u0101tr\u0101ka att\u0113la atkop\u0161ana telp\u0101s Saulesbri\u013c\u013cu l\u012bme\u0146a tumsa \u0101r\u0101 \u00a0 ZEISS AdaptiveSun Solutions izmanto sist\u0113mu [&hellip;]","og_url":"https:\/\/gurudistribution.eu\/en\/zimoli\/zeiss\/photofusion\/","og_site_name":"Guru Distribution","article_publisher":"https:\/\/www.facebook.com\/gurudistribution","article_modified_time":"2025-11-14T13:29:26+00:00","twitter_card":"summary_large_image","twitter_misc":{"Est. reading time":"1 minute"},"schema":{"@context":"https:\/\/schema.org","@graph":[{"@type":"WebPage","@id":"https:\/\/gurudistribution.eu\/zimoli\/zeiss\/photofusion\/","url":"https:\/\/gurudistribution.eu\/zimoli\/zeiss\/photofusion\/","name":"ZEISS PhotoFusion | ZEISS AdaptiveSun - Guru Distribution","isPartOf":{"@id":"https:\/\/gurudistribution.eu\/en\/#website"},"datePublished":"2025-11-03T12:00:38+00:00","dateModified":"2025-11-14T13:29:26+00:00","breadcrumb":{"@id":"https:\/\/gurudistribution.eu\/zimoli\/zeiss\/photofusion\/#breadcrumb"},"inLanguage":"en-US","potentialAction":[{"@type":"ReadAction","target":["https:\/\/gurudistribution.eu\/zimoli\/zeiss\/photofusion\/"]}]},{"@type":"BreadcrumbList","@id":"https:\/\/gurudistribution.eu\/zimoli\/zeiss\/photofusion\/#breadcrumb","itemListElement":[{"@type":"ListItem","position":1,"name":"Home","item":"https:\/\/gurudistribution.eu\/"},{"@type":"ListItem","position":2,"name":"Z\u012aMOLI","item":"https:\/\/gurudistribution.eu\/en\/zimoli\/"},{"@type":"ListItem","position":3,"name":"ZEISS","item":"https:\/\/gurudistribution.eu\/zimoli\/zeiss\/"},{"@type":"ListItem","position":4,"name":"ZEISS PhotoFusion | ZEISS AdaptiveSun"}]},{"@type":"WebSite","@id":"https:\/\/gurudistribution.eu\/en\/#website","url":"https:\/\/gurudistribution.eu\/en\/","name":"Guru Distribution","description":"","publisher":{"@id":"https:\/\/gurudistribution.eu\/en\/#organization"},"potentialAction":[{"@type":"SearchAction","target":{"@type":"EntryPoint","urlTemplate":"https:\/\/gurudistribution.eu\/en\/?s={search_term_string}"},"query-input":{"@type":"PropertyValueSpecification","valueRequired":true,"valueName":"search_term_string"}}],"inLanguage":"en-US"},{"@type":"Organization","@id":"https:\/\/gurudistribution.eu\/en\/#organization","name":"Guru Distribution","url":"https:\/\/gurudistribution.eu\/en\/","logo":{"@type":"ImageObject","inLanguage":"en-US","@id":"https:\/\/gurudistribution.eu\/en\/#\/schema\/logo\/image\/","url":"https:\/\/gurudistribution.eu\/wp-content\/uploads\/2025\/10\/guru_logo_full_large-scaled-2-e1759335026600.jpg","contentUrl":"https:\/\/gurudistribution.eu\/wp-content\/uploads\/2025\/10\/guru_logo_full_large-scaled-2-e1759335026600.jpg","width":1694,"height":503,"caption":"Guru Distribution"},"image":{"@id":"https:\/\/gurudistribution.eu\/en\/#\/schema\/logo\/image\/"},"sameAs":["https:\/\/www.facebook.com\/gurudistribution","https:\/\/www.linkedin.com\/company\/guru-distribution-linkedin\/"]}]}},"_links":{"self":[{"href":"https:\/\/gurudistribution.eu\/en\/wp-json\/wp\/v2\/pages\/2105","targetHints":{"allow":["GET"]}}],"collection":[{"href":"https:\/\/gurudistribution.eu\/en\/wp-json\/wp\/v2\/pages"}],"about":[{"href":"https:\/\/gurudistribution.eu\/en\/wp-json\/wp\/v2\/types\/page"}],"author":[{"embeddable":true,"href":"https:\/\/gurudistribution.eu\/en\/wp-json\/wp\/v2\/users\/1"}],"replies":[{"embeddable":true,"href":"https:\/\/gurudistribution.eu\/en\/wp-json\/wp\/v2\/comments?post=2105"}],"version-history":[{"count":21,"href":"https:\/\/gurudistribution.eu\/en\/wp-json\/wp\/v2\/pages\/2105\/revisions"}],"predecessor-version":[{"id":2414,"href":"https:\/\/gurudistribution.eu\/en\/wp-json\/wp\/v2\/pages\/2105\/revisions\/2414"}],"up":[{"embeddable":true,"href":"https:\/\/gurudistribution.eu\/en\/wp-json\/wp\/v2\/pages\/1571"}],"wp:attachment":[{"href":"https:\/\/gurudistribution.eu\/en\/wp-json\/wp\/v2\/media?parent=2105"}],"curies":[{"name":"wp","href":"https:\/\/api.w.org\/{rel}","templated":true}]}}