{"id":2091,"date":"2025-11-03T13:52:40","date_gmt":"2025-11-03T11:52:40","guid":{"rendered":"https:\/\/gd.gurudistribution.eu\/?page_id=2091"},"modified":"2025-11-14T15:28:31","modified_gmt":"2025-11-14T13:28:31","slug":"myocare","status":"publish","type":"page","link":"https:\/\/gurudistribution.eu\/en\/zimoli\/zeiss\/myocare\/","title":{"rendered":"ZEISS MyoCare"},"content":{"rendered":"<div data-elementor-type=\"wp-page\" data-elementor-id=\"2091\" class=\"elementor elementor-2091\" data-elementor-post-type=\"page\">\n\t\t\t\t<div class=\"elementor-element elementor-element-55ddf5c e-flex e-con-boxed e-con e-parent\" data-id=\"55ddf5c\" data-element_type=\"container\" data-e-type=\"container\">\n\t\t\t\t\t<div class=\"e-con-inner\">\n\t\t\t\t\t<\/div>\n\t\t\t\t<\/div>\n\t\t<div class=\"elementor-element elementor-element-27cd93c e-flex e-con-boxed e-con e-parent\" data-id=\"27cd93c\" data-element_type=\"container\" data-e-type=\"container\">\n\t\t\t\t\t<div class=\"e-con-inner\">\n\t\t\t\t<div class=\"elementor-element elementor-element-709ee09 elementor-widget elementor-widget-text-editor\" data-id=\"709ee09\" data-element_type=\"widget\" data-e-type=\"widget\" data-widget_type=\"text-editor.default\">\n\t\t\t\t\t\t\t\t\t<p>Our latest lenses designed for the treatment of progressive myopia in children are built on more than a decade of ZEISS innovation and expertise in myopia management, developed in collaboration with optical experts such as material and vision scientists, eye-care professionals, and academics. The ZEISS MyoCare lens design incorporates scientific concepts from proven research, evidence-based insights, and effective treatment methods, including orthokeratology, soft multifocal contact lenses, scientific advancements, and next-generation spectacles.<\/p>\t\t\t\t\t\t\t\t<\/div>\n\t\t\t\t<div class=\"elementor-element elementor-element-793b406 elementor-widget elementor-widget-shortcode\" data-id=\"793b406\" data-element_type=\"widget\" data-e-type=\"widget\" data-widget_type=\"shortcode.default\">\n\t\t\t\t\t\t\t<div class=\"elementor-shortcode\"><a href=\"https:\/\/gurudistribution.eu\/wp-content\/uploads\/2025\/11\/zeiss-myocare-technical-insights-1.pdf\" class=\"pdfemb-viewer\" style=\"\" data-width=\"max\" data-height=\"max\" data-toolbar=\"bottom\" data-toolbar-fixed=\"off\">zeiss-myocare-technical-insights-1<\/a><\/div>\n\t\t\t\t\t\t<\/div>\n\t\t\t\t\t<\/div>\n\t\t\t\t<\/div>\n\t\t\t\t<\/div>","protected":false},"excerpt":{"rendered":"<p>M\u016bsu jaun\u0101k\u0101s l\u0113cas, kas paredz\u0113tas progres\u0113jo\u0161as miopijas \u0101rst\u0113\u0161anai b\u0113rniem, ir veidotas, balstoties uz vair\u0101k nek\u0101 desmit gadu ZEISS inov\u0101cij\u0101m un pieredzi miopijas \u0101rst\u0113\u0161an\u0101, sadarbojoties ar optikas ekspertiem, piem\u0113ram, materi\u0101lu un redzes zin\u0101tniekiem, acu apr\u016bpes speci\u0101listiem un akad\u0113mi\u0137iem. ZEISS MyoCare l\u0113cu dizains ietver zin\u0101tniskus konceptus no p\u0101rbaud\u012btiem zin\u0101tniskiem p\u0113t\u012bjumiem, uz pier\u0101d\u012bjumiem balst\u012btas atzi\u0146as un efekt\u012bvas \u0101rst\u0113\u0161anas [&hellip;]<\/p>\n","protected":false},"author":1,"featured_media":0,"parent":1571,"menu_order":0,"comment_status":"closed","ping_status":"closed","template":"elementor_header_footer","meta":{"footnotes":""},"class_list":["post-2091","page","type-page","status-publish","hentry"],"yoast_head":"<!-- This site is optimized with the Yoast SEO plugin v27.3 - https:\/\/yoast.com\/product\/yoast-seo-wordpress\/ -->\n<title>ZEISS MyoCare - Guru Distribution<\/title>\n<meta name=\"robots\" content=\"index, follow, max-snippet:-1, max-image-preview:large, max-video-preview:-1\" \/>\n<link rel=\"canonical\" href=\"https:\/\/gurudistribution.eu\/en\/zimoli\/zeiss\/myocare\/\" \/>\n<meta property=\"og:locale\" content=\"en_US\" \/>\n<meta property=\"og:type\" content=\"article\" \/>\n<meta property=\"og:title\" content=\"ZEISS MyoCare - Guru Distribution\" \/>\n<meta property=\"og:description\" content=\"M\u016bsu jaun\u0101k\u0101s l\u0113cas, kas paredz\u0113tas progres\u0113jo\u0161as miopijas \u0101rst\u0113\u0161anai b\u0113rniem, ir veidotas, balstoties uz vair\u0101k nek\u0101 desmit gadu ZEISS inov\u0101cij\u0101m un pieredzi miopijas \u0101rst\u0113\u0161an\u0101, sadarbojoties ar optikas ekspertiem, piem\u0113ram, materi\u0101lu un redzes zin\u0101tniekiem, acu apr\u016bpes speci\u0101listiem un akad\u0113mi\u0137iem. ZEISS MyoCare l\u0113cu dizains ietver zin\u0101tniskus konceptus no p\u0101rbaud\u012btiem zin\u0101tniskiem p\u0113t\u012bjumiem, uz pier\u0101d\u012bjumiem balst\u012btas atzi\u0146as un efekt\u012bvas \u0101rst\u0113\u0161anas [&hellip;]\" \/>\n<meta property=\"og:url\" content=\"https:\/\/gurudistribution.eu\/en\/zimoli\/zeiss\/myocare\/\" \/>\n<meta property=\"og:site_name\" content=\"Guru Distribution\" \/>\n<meta property=\"article:publisher\" content=\"https:\/\/www.facebook.com\/gurudistribution\" \/>\n<meta property=\"article:modified_time\" content=\"2025-11-14T13:28:31+00:00\" \/>\n<meta name=\"twitter:card\" content=\"summary_large_image\" \/>\n<meta name=\"twitter:label1\" content=\"Est. reading time\" \/>\n\t<meta name=\"twitter:data1\" content=\"1 minute\" \/>\n<script type=\"application\/ld+json\" class=\"yoast-schema-graph\">{\"@context\":\"https:\\\/\\\/schema.org\",\"@graph\":[{\"@type\":\"WebPage\",\"@id\":\"https:\\\/\\\/gurudistribution.eu\\\/en\\\/zimoli\\\/zeiss\\\/myocare\\\/\",\"url\":\"https:\\\/\\\/gurudistribution.eu\\\/en\\\/zimoli\\\/zeiss\\\/myocare\\\/\",\"name\":\"ZEISS MyoCare - Guru Distribution\",\"isPartOf\":{\"@id\":\"https:\\\/\\\/gurudistribution.eu\\\/en\\\/#website\"},\"datePublished\":\"2025-11-03T11:52:40+00:00\",\"dateModified\":\"2025-11-14T13:28:31+00:00\",\"breadcrumb\":{\"@id\":\"https:\\\/\\\/gurudistribution.eu\\\/en\\\/zimoli\\\/zeiss\\\/myocare\\\/#breadcrumb\"},\"inLanguage\":\"en-US\",\"potentialAction\":[{\"@type\":\"ReadAction\",\"target\":[\"https:\\\/\\\/gurudistribution.eu\\\/en\\\/zimoli\\\/zeiss\\\/myocare\\\/\"]}]},{\"@type\":\"BreadcrumbList\",\"@id\":\"https:\\\/\\\/gurudistribution.eu\\\/en\\\/zimoli\\\/zeiss\\\/myocare\\\/#breadcrumb\",\"itemListElement\":[{\"@type\":\"ListItem\",\"position\":1,\"name\":\"Home\",\"item\":\"https:\\\/\\\/gurudistribution.eu\\\/\"},{\"@type\":\"ListItem\",\"position\":2,\"name\":\"Z\u012aMOLI\",\"item\":\"https:\\\/\\\/gurudistribution.eu\\\/en\\\/zimoli\\\/\"},{\"@type\":\"ListItem\",\"position\":3,\"name\":\"ZEISS\",\"item\":\"https:\\\/\\\/gurudistribution.eu\\\/zimoli\\\/zeiss\\\/\"},{\"@type\":\"ListItem\",\"position\":4,\"name\":\"ZEISS MyoCare\"}]},{\"@type\":\"WebSite\",\"@id\":\"https:\\\/\\\/gurudistribution.eu\\\/en\\\/#website\",\"url\":\"https:\\\/\\\/gurudistribution.eu\\\/en\\\/\",\"name\":\"Guru Distribution\",\"description\":\"\",\"publisher\":{\"@id\":\"https:\\\/\\\/gurudistribution.eu\\\/en\\\/#organization\"},\"potentialAction\":[{\"@type\":\"SearchAction\",\"target\":{\"@type\":\"EntryPoint\",\"urlTemplate\":\"https:\\\/\\\/gurudistribution.eu\\\/en\\\/?s={search_term_string}\"},\"query-input\":{\"@type\":\"PropertyValueSpecification\",\"valueRequired\":true,\"valueName\":\"search_term_string\"}}],\"inLanguage\":\"en-US\"},{\"@type\":\"Organization\",\"@id\":\"https:\\\/\\\/gurudistribution.eu\\\/en\\\/#organization\",\"name\":\"Guru Distribution\",\"url\":\"https:\\\/\\\/gurudistribution.eu\\\/en\\\/\",\"logo\":{\"@type\":\"ImageObject\",\"inLanguage\":\"en-US\",\"@id\":\"https:\\\/\\\/gurudistribution.eu\\\/en\\\/#\\\/schema\\\/logo\\\/image\\\/\",\"url\":\"https:\\\/\\\/gurudistribution.eu\\\/wp-content\\\/uploads\\\/2025\\\/10\\\/guru_logo_full_large-scaled-2-e1759335026600.jpg\",\"contentUrl\":\"https:\\\/\\\/gurudistribution.eu\\\/wp-content\\\/uploads\\\/2025\\\/10\\\/guru_logo_full_large-scaled-2-e1759335026600.jpg\",\"width\":1694,\"height\":503,\"caption\":\"Guru Distribution\"},\"image\":{\"@id\":\"https:\\\/\\\/gurudistribution.eu\\\/en\\\/#\\\/schema\\\/logo\\\/image\\\/\"},\"sameAs\":[\"https:\\\/\\\/www.facebook.com\\\/gurudistribution\",\"https:\\\/\\\/www.linkedin.com\\\/company\\\/guru-distribution-linkedin\\\/\"]}]}<\/script>\n<!-- \/ Yoast SEO plugin. -->","yoast_head_json":{"title":"ZEISS MyoCare - Guru Distribution","robots":{"index":"index","follow":"follow","max-snippet":"max-snippet:-1","max-image-preview":"max-image-preview:large","max-video-preview":"max-video-preview:-1"},"canonical":"https:\/\/gurudistribution.eu\/en\/zimoli\/zeiss\/myocare\/","og_locale":"en_US","og_type":"article","og_title":"ZEISS MyoCare - Guru Distribution","og_description":"M\u016bsu jaun\u0101k\u0101s l\u0113cas, kas paredz\u0113tas progres\u0113jo\u0161as miopijas \u0101rst\u0113\u0161anai b\u0113rniem, ir veidotas, balstoties uz vair\u0101k nek\u0101 desmit gadu ZEISS inov\u0101cij\u0101m un pieredzi miopijas \u0101rst\u0113\u0161an\u0101, sadarbojoties ar optikas ekspertiem, piem\u0113ram, materi\u0101lu un redzes zin\u0101tniekiem, acu apr\u016bpes speci\u0101listiem un akad\u0113mi\u0137iem. ZEISS MyoCare l\u0113cu dizains ietver zin\u0101tniskus konceptus no p\u0101rbaud\u012btiem zin\u0101tniskiem p\u0113t\u012bjumiem, uz pier\u0101d\u012bjumiem balst\u012btas atzi\u0146as un efekt\u012bvas \u0101rst\u0113\u0161anas [&hellip;]","og_url":"https:\/\/gurudistribution.eu\/en\/zimoli\/zeiss\/myocare\/","og_site_name":"Guru Distribution","article_publisher":"https:\/\/www.facebook.com\/gurudistribution","article_modified_time":"2025-11-14T13:28:31+00:00","twitter_card":"summary_large_image","twitter_misc":{"Est. reading time":"1 minute"},"schema":{"@context":"https:\/\/schema.org","@graph":[{"@type":"WebPage","@id":"https:\/\/gurudistribution.eu\/en\/zimoli\/zeiss\/myocare\/","url":"https:\/\/gurudistribution.eu\/en\/zimoli\/zeiss\/myocare\/","name":"ZEISS MyoCare - Guru Distribution","isPartOf":{"@id":"https:\/\/gurudistribution.eu\/en\/#website"},"datePublished":"2025-11-03T11:52:40+00:00","dateModified":"2025-11-14T13:28:31+00:00","breadcrumb":{"@id":"https:\/\/gurudistribution.eu\/en\/zimoli\/zeiss\/myocare\/#breadcrumb"},"inLanguage":"en-US","potentialAction":[{"@type":"ReadAction","target":["https:\/\/gurudistribution.eu\/en\/zimoli\/zeiss\/myocare\/"]}]},{"@type":"BreadcrumbList","@id":"https:\/\/gurudistribution.eu\/en\/zimoli\/zeiss\/myocare\/#breadcrumb","itemListElement":[{"@type":"ListItem","position":1,"name":"Home","item":"https:\/\/gurudistribution.eu\/"},{"@type":"ListItem","position":2,"name":"Z\u012aMOLI","item":"https:\/\/gurudistribution.eu\/en\/zimoli\/"},{"@type":"ListItem","position":3,"name":"ZEISS","item":"https:\/\/gurudistribution.eu\/zimoli\/zeiss\/"},{"@type":"ListItem","position":4,"name":"ZEISS MyoCare"}]},{"@type":"WebSite","@id":"https:\/\/gurudistribution.eu\/en\/#website","url":"https:\/\/gurudistribution.eu\/en\/","name":"Guru Distribution","description":"","publisher":{"@id":"https:\/\/gurudistribution.eu\/en\/#organization"},"potentialAction":[{"@type":"SearchAction","target":{"@type":"EntryPoint","urlTemplate":"https:\/\/gurudistribution.eu\/en\/?s={search_term_string}"},"query-input":{"@type":"PropertyValueSpecification","valueRequired":true,"valueName":"search_term_string"}}],"inLanguage":"en-US"},{"@type":"Organization","@id":"https:\/\/gurudistribution.eu\/en\/#organization","name":"Guru Distribution","url":"https:\/\/gurudistribution.eu\/en\/","logo":{"@type":"ImageObject","inLanguage":"en-US","@id":"https:\/\/gurudistribution.eu\/en\/#\/schema\/logo\/image\/","url":"https:\/\/gurudistribution.eu\/wp-content\/uploads\/2025\/10\/guru_logo_full_large-scaled-2-e1759335026600.jpg","contentUrl":"https:\/\/gurudistribution.eu\/wp-content\/uploads\/2025\/10\/guru_logo_full_large-scaled-2-e1759335026600.jpg","width":1694,"height":503,"caption":"Guru Distribution"},"image":{"@id":"https:\/\/gurudistribution.eu\/en\/#\/schema\/logo\/image\/"},"sameAs":["https:\/\/www.facebook.com\/gurudistribution","https:\/\/www.linkedin.com\/company\/guru-distribution-linkedin\/"]}]}},"_links":{"self":[{"href":"https:\/\/gurudistribution.eu\/en\/wp-json\/wp\/v2\/pages\/2091","targetHints":{"allow":["GET"]}}],"collection":[{"href":"https:\/\/gurudistribution.eu\/en\/wp-json\/wp\/v2\/pages"}],"about":[{"href":"https:\/\/gurudistribution.eu\/en\/wp-json\/wp\/v2\/types\/page"}],"author":[{"embeddable":true,"href":"https:\/\/gurudistribution.eu\/en\/wp-json\/wp\/v2\/users\/1"}],"replies":[{"embeddable":true,"href":"https:\/\/gurudistribution.eu\/en\/wp-json\/wp\/v2\/comments?post=2091"}],"version-history":[{"count":13,"href":"https:\/\/gurudistribution.eu\/en\/wp-json\/wp\/v2\/pages\/2091\/revisions"}],"predecessor-version":[{"id":2423,"href":"https:\/\/gurudistribution.eu\/en\/wp-json\/wp\/v2\/pages\/2091\/revisions\/2423"}],"up":[{"embeddable":true,"href":"https:\/\/gurudistribution.eu\/en\/wp-json\/wp\/v2\/pages\/1571"}],"wp:attachment":[{"href":"https:\/\/gurudistribution.eu\/en\/wp-json\/wp\/v2\/media?parent=2091"}],"curies":[{"name":"wp","href":"https:\/\/api.w.org\/{rel}","templated":true}]}}