{"id":2055,"date":"2025-11-03T12:06:33","date_gmt":"2025-11-03T10:06:33","guid":{"rendered":"https:\/\/gd.gurudistribution.eu\/?page_id=2055"},"modified":"2025-11-14T15:28:44","modified_gmt":"2025-11-14T13:28:44","slug":"dvg","status":"publish","type":"page","link":"https:\/\/gurudistribution.eu\/en\/zimoli\/zeiss\/dvg\/","title":{"rendered":"ZEISS DuraVision Gold"},"content":{"rendered":"<div data-elementor-type=\"wp-page\" data-elementor-id=\"2055\" class=\"elementor elementor-2055\" data-elementor-post-type=\"page\">\n\t\t\t\t<div class=\"elementor-element elementor-element-55ddf5c e-flex e-con-boxed e-con e-parent\" data-id=\"55ddf5c\" data-element_type=\"container\" data-e-type=\"container\">\n\t\t\t\t\t<div class=\"e-con-inner\">\n\t\t\t\t\t<\/div>\n\t\t\t\t<\/div>\n\t\t<div class=\"elementor-element elementor-element-27cd93c e-flex e-con-boxed e-con e-parent\" data-id=\"27cd93c\" data-element_type=\"container\" data-e-type=\"container\">\n\t\t\t\t\t<div class=\"e-con-inner\">\n\t\t\t\t<div class=\"elementor-element elementor-element-dc23b1a elementor-widget elementor-widget-text-editor\" data-id=\"dc23b1a\" data-element_type=\"widget\" data-e-type=\"widget\" data-widget_type=\"text-editor.default\">\n\t\t\t\t\t\t\t\t\t<p>Sharp vision is always the top priority for people who wear glasses. To see clearly every day and throughout the entire lifespan of their eyewear, your customers need lenses that are durable, resistant to smudges, and easy to clean.<\/p><p>ZEISS DuraVision Gold UV is our latest and highest-quality lens coating. It is designed for clear, effortless vision and features our most advanced CleanGuard\u2122 technology, which makes the lenses more resistant to smudges and dirt, ensuring faster cleaning. And its striking golden hue is highly fashionable.<\/p>\t\t\t\t\t\t\t\t<\/div>\n\t\t\t\t<div class=\"elementor-element elementor-element-3251e0c elementor-widget elementor-widget-shortcode\" data-id=\"3251e0c\" data-element_type=\"widget\" data-e-type=\"widget\" data-widget_type=\"shortcode.default\">\n\t\t\t\t\t\t\t<div class=\"elementor-shortcode\"><a href=\"https:\/\/gurudistribution.eu\/wp-content\/uploads\/2025\/11\/ZEISS_DuraVision_Gold.pdf\" class=\"pdfemb-viewer\" style=\"\" data-width=\"max\" data-height=\"max\" data-toolbar=\"bottom\" data-toolbar-fixed=\"off\">ZEISS_DuraVision_Gold<\/a><\/div>\n\t\t\t\t\t\t<\/div>\n\t\t\t\t\t<\/div>\n\t\t\t\t<\/div>\n\t\t<div class=\"elementor-element elementor-element-6bbef30 e-flex e-con-boxed e-con e-parent\" data-id=\"6bbef30\" data-element_type=\"container\" data-e-type=\"container\">\n\t\t\t\t\t<div class=\"e-con-inner\">\n\t\t\t\t\t<\/div>\n\t\t\t\t<\/div>\n\t\t\t\t<\/div>","protected":false},"excerpt":{"rendered":"<p>Asa redze vienm\u0113r ir galven\u0101 priorit\u0101te cilv\u0113kiem, kas valk\u0101 brilles. Lai skaidri redz\u0113tu katru dienu un visu bri\u013c\u013cu kalpo\u0161anas laiku, j\u016bsu klientiem ir nepiecie\u0161amas l\u0113cas, kas ir iztur\u012bgas, notur\u012bgas pret traipiem un viegli t\u012br\u0101mas. ZEISS DuraVision Gold UV ir m\u016bsu jaun\u0101kais un augst\u0101k\u0101s kvalit\u0101tes l\u0113cu p\u0101rkl\u0101jums. Tas ir paredz\u0113ts skaidrai un bez piep\u016bles redzei, un [&hellip;]<\/p>\n","protected":false},"author":1,"featured_media":0,"parent":1571,"menu_order":0,"comment_status":"closed","ping_status":"closed","template":"elementor_header_footer","meta":{"footnotes":""},"class_list":["post-2055","page","type-page","status-publish","hentry"],"yoast_head":"<!-- This site is optimized with the Yoast SEO plugin v27.3 - https:\/\/yoast.com\/product\/yoast-seo-wordpress\/ -->\n<title>ZEISS DuraVision Gold - Guru Distribution<\/title>\n<meta name=\"robots\" content=\"index, follow, max-snippet:-1, max-image-preview:large, max-video-preview:-1\" \/>\n<link rel=\"canonical\" href=\"https:\/\/gurudistribution.eu\/en\/zimoli\/zeiss\/dvg\/\" \/>\n<meta property=\"og:locale\" content=\"en_US\" \/>\n<meta property=\"og:type\" content=\"article\" \/>\n<meta property=\"og:title\" content=\"ZEISS DuraVision Gold - Guru Distribution\" \/>\n<meta property=\"og:description\" content=\"Asa redze vienm\u0113r ir galven\u0101 priorit\u0101te cilv\u0113kiem, kas valk\u0101 brilles. Lai skaidri redz\u0113tu katru dienu un visu bri\u013c\u013cu kalpo\u0161anas laiku, j\u016bsu klientiem ir nepiecie\u0161amas l\u0113cas, kas ir iztur\u012bgas, notur\u012bgas pret traipiem un viegli t\u012br\u0101mas. ZEISS DuraVision Gold UV ir m\u016bsu jaun\u0101kais un augst\u0101k\u0101s kvalit\u0101tes l\u0113cu p\u0101rkl\u0101jums. Tas ir paredz\u0113ts skaidrai un bez piep\u016bles redzei, un [&hellip;]\" \/>\n<meta property=\"og:url\" content=\"https:\/\/gurudistribution.eu\/en\/zimoli\/zeiss\/dvg\/\" \/>\n<meta property=\"og:site_name\" content=\"Guru Distribution\" \/>\n<meta property=\"article:publisher\" content=\"https:\/\/www.facebook.com\/gurudistribution\" \/>\n<meta property=\"article:modified_time\" content=\"2025-11-14T13:28:44+00:00\" \/>\n<meta name=\"twitter:card\" content=\"summary_large_image\" \/>\n<meta name=\"twitter:label1\" content=\"Est. reading time\" \/>\n\t<meta name=\"twitter:data1\" content=\"1 minute\" \/>\n<script type=\"application\/ld+json\" class=\"yoast-schema-graph\">{\"@context\":\"https:\\\/\\\/schema.org\",\"@graph\":[{\"@type\":\"WebPage\",\"@id\":\"https:\\\/\\\/gurudistribution.eu\\\/zimoli\\\/zeiss\\\/dvg\\\/\",\"url\":\"https:\\\/\\\/gurudistribution.eu\\\/zimoli\\\/zeiss\\\/dvg\\\/\",\"name\":\"ZEISS DuraVision Gold - Guru Distribution\",\"isPartOf\":{\"@id\":\"https:\\\/\\\/gurudistribution.eu\\\/en\\\/#website\"},\"datePublished\":\"2025-11-03T10:06:33+00:00\",\"dateModified\":\"2025-11-14T13:28:44+00:00\",\"breadcrumb\":{\"@id\":\"https:\\\/\\\/gurudistribution.eu\\\/zimoli\\\/zeiss\\\/dvg\\\/#breadcrumb\"},\"inLanguage\":\"en-US\",\"potentialAction\":[{\"@type\":\"ReadAction\",\"target\":[\"https:\\\/\\\/gurudistribution.eu\\\/zimoli\\\/zeiss\\\/dvg\\\/\"]}]},{\"@type\":\"BreadcrumbList\",\"@id\":\"https:\\\/\\\/gurudistribution.eu\\\/zimoli\\\/zeiss\\\/dvg\\\/#breadcrumb\",\"itemListElement\":[{\"@type\":\"ListItem\",\"position\":1,\"name\":\"Home\",\"item\":\"https:\\\/\\\/gurudistribution.eu\\\/\"},{\"@type\":\"ListItem\",\"position\":2,\"name\":\"Z\u012aMOLI\",\"item\":\"https:\\\/\\\/gurudistribution.eu\\\/en\\\/zimoli\\\/\"},{\"@type\":\"ListItem\",\"position\":3,\"name\":\"ZEISS\",\"item\":\"https:\\\/\\\/gurudistribution.eu\\\/zimoli\\\/zeiss\\\/\"},{\"@type\":\"ListItem\",\"position\":4,\"name\":\"ZEISS DuraVision Gold\"}]},{\"@type\":\"WebSite\",\"@id\":\"https:\\\/\\\/gurudistribution.eu\\\/en\\\/#website\",\"url\":\"https:\\\/\\\/gurudistribution.eu\\\/en\\\/\",\"name\":\"Guru Distribution\",\"description\":\"\",\"publisher\":{\"@id\":\"https:\\\/\\\/gurudistribution.eu\\\/en\\\/#organization\"},\"potentialAction\":[{\"@type\":\"SearchAction\",\"target\":{\"@type\":\"EntryPoint\",\"urlTemplate\":\"https:\\\/\\\/gurudistribution.eu\\\/en\\\/?s={search_term_string}\"},\"query-input\":{\"@type\":\"PropertyValueSpecification\",\"valueRequired\":true,\"valueName\":\"search_term_string\"}}],\"inLanguage\":\"en-US\"},{\"@type\":\"Organization\",\"@id\":\"https:\\\/\\\/gurudistribution.eu\\\/en\\\/#organization\",\"name\":\"Guru Distribution\",\"url\":\"https:\\\/\\\/gurudistribution.eu\\\/en\\\/\",\"logo\":{\"@type\":\"ImageObject\",\"inLanguage\":\"en-US\",\"@id\":\"https:\\\/\\\/gurudistribution.eu\\\/en\\\/#\\\/schema\\\/logo\\\/image\\\/\",\"url\":\"https:\\\/\\\/gurudistribution.eu\\\/wp-content\\\/uploads\\\/2025\\\/10\\\/guru_logo_full_large-scaled-2-e1759335026600.jpg\",\"contentUrl\":\"https:\\\/\\\/gurudistribution.eu\\\/wp-content\\\/uploads\\\/2025\\\/10\\\/guru_logo_full_large-scaled-2-e1759335026600.jpg\",\"width\":1694,\"height\":503,\"caption\":\"Guru Distribution\"},\"image\":{\"@id\":\"https:\\\/\\\/gurudistribution.eu\\\/en\\\/#\\\/schema\\\/logo\\\/image\\\/\"},\"sameAs\":[\"https:\\\/\\\/www.facebook.com\\\/gurudistribution\",\"https:\\\/\\\/www.linkedin.com\\\/company\\\/guru-distribution-linkedin\\\/\"]}]}<\/script>\n<!-- \/ Yoast SEO plugin. -->","yoast_head_json":{"title":"ZEISS DuraVision Gold - Guru Distribution","robots":{"index":"index","follow":"follow","max-snippet":"max-snippet:-1","max-image-preview":"max-image-preview:large","max-video-preview":"max-video-preview:-1"},"canonical":"https:\/\/gurudistribution.eu\/en\/zimoli\/zeiss\/dvg\/","og_locale":"en_US","og_type":"article","og_title":"ZEISS DuraVision Gold - Guru Distribution","og_description":"Asa redze vienm\u0113r ir galven\u0101 priorit\u0101te cilv\u0113kiem, kas valk\u0101 brilles. Lai skaidri redz\u0113tu katru dienu un visu bri\u013c\u013cu kalpo\u0161anas laiku, j\u016bsu klientiem ir nepiecie\u0161amas l\u0113cas, kas ir iztur\u012bgas, notur\u012bgas pret traipiem un viegli t\u012br\u0101mas. ZEISS DuraVision Gold UV ir m\u016bsu jaun\u0101kais un augst\u0101k\u0101s kvalit\u0101tes l\u0113cu p\u0101rkl\u0101jums. Tas ir paredz\u0113ts skaidrai un bez piep\u016bles redzei, un [&hellip;]","og_url":"https:\/\/gurudistribution.eu\/en\/zimoli\/zeiss\/dvg\/","og_site_name":"Guru Distribution","article_publisher":"https:\/\/www.facebook.com\/gurudistribution","article_modified_time":"2025-11-14T13:28:44+00:00","twitter_card":"summary_large_image","twitter_misc":{"Est. reading time":"1 minute"},"schema":{"@context":"https:\/\/schema.org","@graph":[{"@type":"WebPage","@id":"https:\/\/gurudistribution.eu\/zimoli\/zeiss\/dvg\/","url":"https:\/\/gurudistribution.eu\/zimoli\/zeiss\/dvg\/","name":"ZEISS DuraVision Gold - Guru Distribution","isPartOf":{"@id":"https:\/\/gurudistribution.eu\/en\/#website"},"datePublished":"2025-11-03T10:06:33+00:00","dateModified":"2025-11-14T13:28:44+00:00","breadcrumb":{"@id":"https:\/\/gurudistribution.eu\/zimoli\/zeiss\/dvg\/#breadcrumb"},"inLanguage":"en-US","potentialAction":[{"@type":"ReadAction","target":["https:\/\/gurudistribution.eu\/zimoli\/zeiss\/dvg\/"]}]},{"@type":"BreadcrumbList","@id":"https:\/\/gurudistribution.eu\/zimoli\/zeiss\/dvg\/#breadcrumb","itemListElement":[{"@type":"ListItem","position":1,"name":"Home","item":"https:\/\/gurudistribution.eu\/"},{"@type":"ListItem","position":2,"name":"Z\u012aMOLI","item":"https:\/\/gurudistribution.eu\/en\/zimoli\/"},{"@type":"ListItem","position":3,"name":"ZEISS","item":"https:\/\/gurudistribution.eu\/zimoli\/zeiss\/"},{"@type":"ListItem","position":4,"name":"ZEISS DuraVision Gold"}]},{"@type":"WebSite","@id":"https:\/\/gurudistribution.eu\/en\/#website","url":"https:\/\/gurudistribution.eu\/en\/","name":"Guru Distribution","description":"","publisher":{"@id":"https:\/\/gurudistribution.eu\/en\/#organization"},"potentialAction":[{"@type":"SearchAction","target":{"@type":"EntryPoint","urlTemplate":"https:\/\/gurudistribution.eu\/en\/?s={search_term_string}"},"query-input":{"@type":"PropertyValueSpecification","valueRequired":true,"valueName":"search_term_string"}}],"inLanguage":"en-US"},{"@type":"Organization","@id":"https:\/\/gurudistribution.eu\/en\/#organization","name":"Guru Distribution","url":"https:\/\/gurudistribution.eu\/en\/","logo":{"@type":"ImageObject","inLanguage":"en-US","@id":"https:\/\/gurudistribution.eu\/en\/#\/schema\/logo\/image\/","url":"https:\/\/gurudistribution.eu\/wp-content\/uploads\/2025\/10\/guru_logo_full_large-scaled-2-e1759335026600.jpg","contentUrl":"https:\/\/gurudistribution.eu\/wp-content\/uploads\/2025\/10\/guru_logo_full_large-scaled-2-e1759335026600.jpg","width":1694,"height":503,"caption":"Guru Distribution"},"image":{"@id":"https:\/\/gurudistribution.eu\/en\/#\/schema\/logo\/image\/"},"sameAs":["https:\/\/www.facebook.com\/gurudistribution","https:\/\/www.linkedin.com\/company\/guru-distribution-linkedin\/"]}]}},"_links":{"self":[{"href":"https:\/\/gurudistribution.eu\/en\/wp-json\/wp\/v2\/pages\/2055","targetHints":{"allow":["GET"]}}],"collection":[{"href":"https:\/\/gurudistribution.eu\/en\/wp-json\/wp\/v2\/pages"}],"about":[{"href":"https:\/\/gurudistribution.eu\/en\/wp-json\/wp\/v2\/types\/page"}],"author":[{"embeddable":true,"href":"https:\/\/gurudistribution.eu\/en\/wp-json\/wp\/v2\/users\/1"}],"replies":[{"embeddable":true,"href":"https:\/\/gurudistribution.eu\/en\/wp-json\/wp\/v2\/comments?post=2055"}],"version-history":[{"count":30,"href":"https:\/\/gurudistribution.eu\/en\/wp-json\/wp\/v2\/pages\/2055\/revisions"}],"predecessor-version":[{"id":2426,"href":"https:\/\/gurudistribution.eu\/en\/wp-json\/wp\/v2\/pages\/2055\/revisions\/2426"}],"up":[{"embeddable":true,"href":"https:\/\/gurudistribution.eu\/en\/wp-json\/wp\/v2\/pages\/1571"}],"wp:attachment":[{"href":"https:\/\/gurudistribution.eu\/en\/wp-json\/wp\/v2\/media?parent=2055"}],"curies":[{"name":"wp","href":"https:\/\/api.w.org\/{rel}","templated":true}]}}