{"id":1956,"date":"2025-10-28T15:06:18","date_gmt":"2025-10-28T13:06:18","guid":{"rendered":"https:\/\/gd.gurudistribution.eu\/?page_id=1956"},"modified":"2025-11-19T10:22:31","modified_gmt":"2025-11-19T08:22:31","slug":"briotcouture","status":"publish","type":"page","link":"https:\/\/gurudistribution.eu\/en\/zimoli\/visionix\/briotcouture\/","title":{"rendered":"Briot Couture"},"content":{"rendered":"<div data-elementor-type=\"wp-page\" data-elementor-id=\"1956\" class=\"elementor elementor-1956\" data-elementor-post-type=\"page\">\n\t\t\t\t<div class=\"elementor-element elementor-element-c4869ad e-flex e-con-boxed e-con e-parent\" data-id=\"c4869ad\" data-element_type=\"container\" data-e-type=\"container\">\n\t\t\t\t\t<div class=\"e-con-inner\">\n\t\t\t\t<div class=\"elementor-element elementor-element-a4f68d7 elementor-widget elementor-widget-heading\" data-id=\"a4f68d7\" data-element_type=\"widget\" data-e-type=\"widget\" data-widget_type=\"heading.default\">\n\t\t\t\t\t<h2 class=\"elementor-heading-title elementor-size-default\">Briot Couture<\/h2>\t\t\t\t<\/div>\n\t\t\t\t<div class=\"elementor-element elementor-element-a88b48c elementor-widget elementor-widget-image-gallery\" data-id=\"a88b48c\" data-element_type=\"widget\" data-e-type=\"widget\" data-widget_type=\"image-gallery.default\">\n\t\t\t\t\t\t\t<div class=\"elementor-image-gallery\">\n\t\t\t<div id='gallery-1' class='gallery galleryid-1956 gallery-columns-3 gallery-size-medium'><figure class='gallery-item'>\n\t\t\t<div class='gallery-icon landscape'>\n\t\t\t\t<a data-elementor-open-lightbox=\"yes\" data-elementor-lightbox-slideshow=\"a88b48c\" data-elementor-lightbox-title=\"BRIOT_Couture\" data-e-action-hash=\"#elementor-action%3Aaction%3Dlightbox%26settings%3DeyJpZCI6MTk2MSwidXJsIjoiaHR0cHM6XC9cL2d1cnVkaXN0cmlidXRpb24uZXVcL3dwLWNvbnRlbnRcL3VwbG9hZHNcLzIwMjVcLzEwXC9CUklPVF9Db3V0dXJlLTEtc2NhbGVkLmpwZyIsInNsaWRlc2hvdyI6ImE4OGI0OGMifQ%3D%3D\" href='https:\/\/gurudistribution.eu\/wp-content\/uploads\/2025\/10\/BRIOT_Couture-1-scaled.jpg'><img fetchpriority=\"high\" decoding=\"async\" width=\"300\" height=\"200\" src=\"https:\/\/gurudistribution.eu\/wp-content\/uploads\/2025\/10\/BRIOT_Couture-1-300x200.jpg\" class=\"attachment-medium size-medium\" alt=\"\" srcset=\"https:\/\/gurudistribution.eu\/wp-content\/uploads\/2025\/10\/BRIOT_Couture-1-300x200.jpg 300w, https:\/\/gurudistribution.eu\/wp-content\/uploads\/2025\/10\/BRIOT_Couture-1-1024x683.jpg 1024w, https:\/\/gurudistribution.eu\/wp-content\/uploads\/2025\/10\/BRIOT_Couture-1-768x512.jpg 768w, https:\/\/gurudistribution.eu\/wp-content\/uploads\/2025\/10\/BRIOT_Couture-1-1536x1024.jpg 1536w, https:\/\/gurudistribution.eu\/wp-content\/uploads\/2025\/10\/BRIOT_Couture-1-2048x1365.jpg 2048w, https:\/\/gurudistribution.eu\/wp-content\/uploads\/2025\/10\/BRIOT_Couture-1-18x12.jpg 18w\" sizes=\"(max-width: 300px) 100vw, 300px\" \/><\/a>\n\t\t\t<\/div><\/figure><figure class='gallery-item'>\n\t\t\t<div class='gallery-icon landscape'>\n\t\t\t\t<a data-elementor-open-lightbox=\"yes\" data-elementor-lightbox-slideshow=\"a88b48c\" data-elementor-lightbox-title=\"BRIOT-photo-David-Morganti-0829-r\" data-e-action-hash=\"#elementor-action%3Aaction%3Dlightbox%26settings%3DeyJpZCI6MTk2NSwidXJsIjoiaHR0cHM6XC9cL2d1cnVkaXN0cmlidXRpb24uZXVcL3dwLWNvbnRlbnRcL3VwbG9hZHNcLzIwMjVcLzEwXC9CUklPVC1waG90by1EYXZpZC1Nb3JnYW50aS0wODI5LXItc2NhbGVkLmpwZyIsInNsaWRlc2hvdyI6ImE4OGI0OGMifQ%3D%3D\" href='https:\/\/gurudistribution.eu\/wp-content\/uploads\/2025\/10\/BRIOT-photo-David-Morganti-0829-r-scaled.jpg'><img decoding=\"async\" width=\"300\" height=\"200\" src=\"https:\/\/gurudistribution.eu\/wp-content\/uploads\/2025\/10\/BRIOT-photo-David-Morganti-0829-r-300x200.jpg\" class=\"attachment-medium size-medium\" alt=\"\" srcset=\"https:\/\/gurudistribution.eu\/wp-content\/uploads\/2025\/10\/BRIOT-photo-David-Morganti-0829-r-300x200.jpg 300w, https:\/\/gurudistribution.eu\/wp-content\/uploads\/2025\/10\/BRIOT-photo-David-Morganti-0829-r-1024x683.jpg 1024w, https:\/\/gurudistribution.eu\/wp-content\/uploads\/2025\/10\/BRIOT-photo-David-Morganti-0829-r-768x512.jpg 768w, https:\/\/gurudistribution.eu\/wp-content\/uploads\/2025\/10\/BRIOT-photo-David-Morganti-0829-r-1536x1024.jpg 1536w, https:\/\/gurudistribution.eu\/wp-content\/uploads\/2025\/10\/BRIOT-photo-David-Morganti-0829-r-2048x1365.jpg 2048w, https:\/\/gurudistribution.eu\/wp-content\/uploads\/2025\/10\/BRIOT-photo-David-Morganti-0829-r-18x12.jpg 18w\" sizes=\"(max-width: 300px) 100vw, 300px\" \/><\/a>\n\t\t\t<\/div><\/figure><figure class='gallery-item'>\n\t\t\t<div class='gallery-icon landscape'>\n\t\t\t\t<a data-elementor-open-lightbox=\"yes\" data-elementor-lightbox-slideshow=\"a88b48c\" data-elementor-lightbox-title=\"BRIOT-photo-David-Morganti-0864-r\" data-e-action-hash=\"#elementor-action%3Aaction%3Dlightbox%26settings%3DeyJpZCI6MTk2NiwidXJsIjoiaHR0cHM6XC9cL2d1cnVkaXN0cmlidXRpb24uZXVcL3dwLWNvbnRlbnRcL3VwbG9hZHNcLzIwMjVcLzEwXC9CUklPVC1waG90by1EYXZpZC1Nb3JnYW50aS0wODY0LXItc2NhbGVkLmpwZyIsInNsaWRlc2hvdyI6ImE4OGI0OGMifQ%3D%3D\" href='https:\/\/gurudistribution.eu\/wp-content\/uploads\/2025\/10\/BRIOT-photo-David-Morganti-0864-r-scaled.jpg'><img decoding=\"async\" width=\"300\" height=\"200\" src=\"https:\/\/gurudistribution.eu\/wp-content\/uploads\/2025\/10\/BRIOT-photo-David-Morganti-0864-r-300x200.jpg\" class=\"attachment-medium size-medium\" alt=\"\" srcset=\"https:\/\/gurudistribution.eu\/wp-content\/uploads\/2025\/10\/BRIOT-photo-David-Morganti-0864-r-300x200.jpg 300w, https:\/\/gurudistribution.eu\/wp-content\/uploads\/2025\/10\/BRIOT-photo-David-Morganti-0864-r-1024x683.jpg 1024w, https:\/\/gurudistribution.eu\/wp-content\/uploads\/2025\/10\/BRIOT-photo-David-Morganti-0864-r-768x512.jpg 768w, https:\/\/gurudistribution.eu\/wp-content\/uploads\/2025\/10\/BRIOT-photo-David-Morganti-0864-r-1536x1024.jpg 1536w, https:\/\/gurudistribution.eu\/wp-content\/uploads\/2025\/10\/BRIOT-photo-David-Morganti-0864-r-2048x1365.jpg 2048w, https:\/\/gurudistribution.eu\/wp-content\/uploads\/2025\/10\/BRIOT-photo-David-Morganti-0864-r-18x12.jpg 18w\" sizes=\"(max-width: 300px) 100vw, 300px\" \/><\/a>\n\t\t\t<\/div><\/figure>\n\t\t<\/div>\n\t\t<\/div>\n\t\t\t\t\t\t<\/div>\n\t\t\t\t<div class=\"elementor-element elementor-element-2a1942f elementor-widget elementor-widget-text-editor\" data-id=\"2a1942f\" data-element_type=\"widget\" data-e-type=\"widget\" data-widget_type=\"text-editor.default\">\n\t\t\t\t\t\t\t\t\t<div class=\"elementor-element elementor-element-18c0aae elementor-widget__width-initial elementor-widget elementor-widget-text-editor\" data-id=\"18c0aae\" data-element_type=\"widget\" data-widget_type=\"text-editor.default\"><div class=\"elementor-widget-container\"><section data-id=\"dc582a7\" data-element_type=\"section\" data-settings=\"{&quot;background_background&quot;:&quot;classic&quot;}\"><div data-id=\"d0a9ffa\" data-element_type=\"column\"><div data-id=\"81f271c\" data-element_type=\"widget\" data-widget_type=\"woocommerce-product-short-description.default\"><p>Briot Couture: a highly intuitive lens finishing system suitable for any optical store. Briot Couture includes the world\u2019s first virtual 3D lens rendering technology, simplifying the finishing process for all optical professionals.<\/p><ul><li>Curved frame 3D tracking \u2013 a 3D frame model for precision and creativity with Briot.<\/li><\/ul><\/div><ul><li>Preselected base curve \u2013 Briot Couture 3D visualization simplifies base curve selection, enhancing precision.<\/li><\/ul><\/div><ul><li>Precise fit \u2013 TrueFit\u00ae technology ensures natural lens alignment and aesthetic quality.<\/li><\/ul><\/section><\/div><\/div><p>\u00a0<\/p><div class=\"elementor-element elementor-element-f765082 orange-bullet elementor-widget elementor-widget-text-editor\" data-id=\"f765082\" data-element_type=\"widget\" data-widget_type=\"text-editor.default\"><div class=\"elementor-widget-container\"><a href=\"https:\/\/gurudistribution.eu\/wp-content\/uploads\/2025\/11\/BrochureEN-BRIOT-Couture-ind12-0923-WEB.pdf\" target=\"_blank\" rel=\"noopener\">More about product (PDF)<\/a><\/div><\/div>\t\t\t\t\t\t\t\t<\/div>\n\t\t\t\t\t<\/div>\n\t\t\t\t<\/div>\n\t\t\t\t<\/div>","protected":false},"excerpt":{"rendered":"<p>Briot Couture Briot Couture: \u013coti intuit\u012bva l\u0113cu apdares sist\u0113ma, kas piem\u0113rota jebkuram optikas veikalam. Briot Couture ietver pasaul\u0113 pirmo virtu\u0101lo 3D l\u0113cu render\u0113\u0161anas tehnolo\u0123iju, lai vienk\u0101r\u0161otu apdares procesu visiem optikas speci\u0101listiem. Izliektu ietvaru 3D izseko\u0161ana \u2013 ietvaru 3D modelis precizit\u0101tei un rado\u0161umam ar Briot. Iepriek\u0161 atlas\u012bta b\u0101zes l\u012bkne \u2013 Briot Couture 3D vizualiz\u0101cija vienk\u0101r\u0161o b\u0101zes [&hellip;]<\/p>\n","protected":false},"author":1,"featured_media":0,"parent":656,"menu_order":0,"comment_status":"closed","ping_status":"closed","template":"elementor_header_footer","meta":{"footnotes":""},"class_list":["post-1956","page","type-page","status-publish","hentry"],"yoast_head":"<!-- This site is optimized with the Yoast SEO plugin v27.3 - https:\/\/yoast.com\/product\/yoast-seo-wordpress\/ -->\n<title>Briot Couture - Guru Distribution<\/title>\n<meta name=\"robots\" content=\"index, follow, max-snippet:-1, max-image-preview:large, max-video-preview:-1\" \/>\n<link rel=\"canonical\" href=\"https:\/\/gurudistribution.eu\/en\/zimoli\/visionix\/briotcouture\/\" \/>\n<meta property=\"og:locale\" content=\"en_US\" \/>\n<meta property=\"og:type\" content=\"article\" \/>\n<meta property=\"og:title\" content=\"Briot Couture - Guru Distribution\" \/>\n<meta property=\"og:description\" content=\"Briot Couture Briot Couture: \u013coti intuit\u012bva l\u0113cu apdares sist\u0113ma, kas piem\u0113rota jebkuram optikas veikalam. Briot Couture ietver pasaul\u0113 pirmo virtu\u0101lo 3D l\u0113cu render\u0113\u0161anas tehnolo\u0123iju, lai vienk\u0101r\u0161otu apdares procesu visiem optikas speci\u0101listiem. Izliektu ietvaru 3D izseko\u0161ana \u2013 ietvaru 3D modelis precizit\u0101tei un rado\u0161umam ar Briot. Iepriek\u0161 atlas\u012bta b\u0101zes l\u012bkne \u2013 Briot Couture 3D vizualiz\u0101cija vienk\u0101r\u0161o b\u0101zes [&hellip;]\" \/>\n<meta property=\"og:url\" content=\"https:\/\/gurudistribution.eu\/en\/zimoli\/visionix\/briotcouture\/\" \/>\n<meta property=\"og:site_name\" content=\"Guru Distribution\" \/>\n<meta property=\"article:publisher\" content=\"https:\/\/www.facebook.com\/gurudistribution\" \/>\n<meta property=\"article:modified_time\" content=\"2025-11-19T08:22:31+00:00\" \/>\n<meta property=\"og:image\" content=\"https:\/\/gurudistribution.eu\/wp-content\/uploads\/2025\/10\/BRIOT_Couture-1-300x200.jpg\" \/>\n<meta name=\"twitter:card\" content=\"summary_large_image\" \/>\n<meta name=\"twitter:label1\" content=\"Est. reading time\" \/>\n\t<meta name=\"twitter:data1\" content=\"1 minute\" \/>\n<script type=\"application\/ld+json\" class=\"yoast-schema-graph\">{\"@context\":\"https:\\\/\\\/schema.org\",\"@graph\":[{\"@type\":\"WebPage\",\"@id\":\"https:\\\/\\\/gurudistribution.eu\\\/zimoli\\\/visionix\\\/briotcouture\\\/\",\"url\":\"https:\\\/\\\/gurudistribution.eu\\\/zimoli\\\/visionix\\\/briotcouture\\\/\",\"name\":\"Briot Couture - Guru Distribution\",\"isPartOf\":{\"@id\":\"https:\\\/\\\/gurudistribution.eu\\\/en\\\/#website\"},\"primaryImageOfPage\":{\"@id\":\"https:\\\/\\\/gurudistribution.eu\\\/zimoli\\\/visionix\\\/briotcouture\\\/#primaryimage\"},\"image\":{\"@id\":\"https:\\\/\\\/gurudistribution.eu\\\/zimoli\\\/visionix\\\/briotcouture\\\/#primaryimage\"},\"thumbnailUrl\":\"https:\\\/\\\/gurudistribution.eu\\\/wp-content\\\/uploads\\\/2025\\\/10\\\/BRIOT_Couture-1-300x200.jpg\",\"datePublished\":\"2025-10-28T13:06:18+00:00\",\"dateModified\":\"2025-11-19T08:22:31+00:00\",\"breadcrumb\":{\"@id\":\"https:\\\/\\\/gurudistribution.eu\\\/zimoli\\\/visionix\\\/briotcouture\\\/#breadcrumb\"},\"inLanguage\":\"en-US\",\"potentialAction\":[{\"@type\":\"ReadAction\",\"target\":[\"https:\\\/\\\/gurudistribution.eu\\\/zimoli\\\/visionix\\\/briotcouture\\\/\"]}]},{\"@type\":\"ImageObject\",\"inLanguage\":\"en-US\",\"@id\":\"https:\\\/\\\/gurudistribution.eu\\\/zimoli\\\/visionix\\\/briotcouture\\\/#primaryimage\",\"url\":\"https:\\\/\\\/gurudistribution.eu\\\/wp-content\\\/uploads\\\/2025\\\/10\\\/BRIOT_Couture-1-300x200.jpg\",\"contentUrl\":\"https:\\\/\\\/gurudistribution.eu\\\/wp-content\\\/uploads\\\/2025\\\/10\\\/BRIOT_Couture-1-300x200.jpg\"},{\"@type\":\"BreadcrumbList\",\"@id\":\"https:\\\/\\\/gurudistribution.eu\\\/zimoli\\\/visionix\\\/briotcouture\\\/#breadcrumb\",\"itemListElement\":[{\"@type\":\"ListItem\",\"position\":1,\"name\":\"Home\",\"item\":\"https:\\\/\\\/gurudistribution.eu\\\/\"},{\"@type\":\"ListItem\",\"position\":2,\"name\":\"Z\u012aMOLI\",\"item\":\"https:\\\/\\\/gurudistribution.eu\\\/en\\\/zimoli\\\/\"},{\"@type\":\"ListItem\",\"position\":3,\"name\":\"VISIONIX\",\"item\":\"https:\\\/\\\/gurudistribution.eu\\\/zimoli\\\/visionix\\\/\"},{\"@type\":\"ListItem\",\"position\":4,\"name\":\"Briot Couture\"}]},{\"@type\":\"WebSite\",\"@id\":\"https:\\\/\\\/gurudistribution.eu\\\/en\\\/#website\",\"url\":\"https:\\\/\\\/gurudistribution.eu\\\/en\\\/\",\"name\":\"Guru Distribution\",\"description\":\"\",\"publisher\":{\"@id\":\"https:\\\/\\\/gurudistribution.eu\\\/en\\\/#organization\"},\"potentialAction\":[{\"@type\":\"SearchAction\",\"target\":{\"@type\":\"EntryPoint\",\"urlTemplate\":\"https:\\\/\\\/gurudistribution.eu\\\/en\\\/?s={search_term_string}\"},\"query-input\":{\"@type\":\"PropertyValueSpecification\",\"valueRequired\":true,\"valueName\":\"search_term_string\"}}],\"inLanguage\":\"en-US\"},{\"@type\":\"Organization\",\"@id\":\"https:\\\/\\\/gurudistribution.eu\\\/en\\\/#organization\",\"name\":\"Guru Distribution\",\"url\":\"https:\\\/\\\/gurudistribution.eu\\\/en\\\/\",\"logo\":{\"@type\":\"ImageObject\",\"inLanguage\":\"en-US\",\"@id\":\"https:\\\/\\\/gurudistribution.eu\\\/en\\\/#\\\/schema\\\/logo\\\/image\\\/\",\"url\":\"https:\\\/\\\/gurudistribution.eu\\\/wp-content\\\/uploads\\\/2025\\\/10\\\/guru_logo_full_large-scaled-2-e1759335026600.jpg\",\"contentUrl\":\"https:\\\/\\\/gurudistribution.eu\\\/wp-content\\\/uploads\\\/2025\\\/10\\\/guru_logo_full_large-scaled-2-e1759335026600.jpg\",\"width\":1694,\"height\":503,\"caption\":\"Guru Distribution\"},\"image\":{\"@id\":\"https:\\\/\\\/gurudistribution.eu\\\/en\\\/#\\\/schema\\\/logo\\\/image\\\/\"},\"sameAs\":[\"https:\\\/\\\/www.facebook.com\\\/gurudistribution\",\"https:\\\/\\\/www.linkedin.com\\\/company\\\/guru-distribution-linkedin\\\/\"]}]}<\/script>\n<!-- \/ Yoast SEO plugin. -->","yoast_head_json":{"title":"Briot Couture - Guru Distribution","robots":{"index":"index","follow":"follow","max-snippet":"max-snippet:-1","max-image-preview":"max-image-preview:large","max-video-preview":"max-video-preview:-1"},"canonical":"https:\/\/gurudistribution.eu\/en\/zimoli\/visionix\/briotcouture\/","og_locale":"en_US","og_type":"article","og_title":"Briot Couture - Guru Distribution","og_description":"Briot Couture Briot Couture: \u013coti intuit\u012bva l\u0113cu apdares sist\u0113ma, kas piem\u0113rota jebkuram optikas veikalam. Briot Couture ietver pasaul\u0113 pirmo virtu\u0101lo 3D l\u0113cu render\u0113\u0161anas tehnolo\u0123iju, lai vienk\u0101r\u0161otu apdares procesu visiem optikas speci\u0101listiem. Izliektu ietvaru 3D izseko\u0161ana \u2013 ietvaru 3D modelis precizit\u0101tei un rado\u0161umam ar Briot. Iepriek\u0161 atlas\u012bta b\u0101zes l\u012bkne \u2013 Briot Couture 3D vizualiz\u0101cija vienk\u0101r\u0161o b\u0101zes [&hellip;]","og_url":"https:\/\/gurudistribution.eu\/en\/zimoli\/visionix\/briotcouture\/","og_site_name":"Guru Distribution","article_publisher":"https:\/\/www.facebook.com\/gurudistribution","article_modified_time":"2025-11-19T08:22:31+00:00","og_image":[{"url":"https:\/\/gurudistribution.eu\/wp-content\/uploads\/2025\/10\/BRIOT_Couture-1-300x200.jpg","type":"","width":"","height":""}],"twitter_card":"summary_large_image","twitter_misc":{"Est. reading time":"1 minute"},"schema":{"@context":"https:\/\/schema.org","@graph":[{"@type":"WebPage","@id":"https:\/\/gurudistribution.eu\/zimoli\/visionix\/briotcouture\/","url":"https:\/\/gurudistribution.eu\/zimoli\/visionix\/briotcouture\/","name":"Briot Couture - Guru Distribution","isPartOf":{"@id":"https:\/\/gurudistribution.eu\/en\/#website"},"primaryImageOfPage":{"@id":"https:\/\/gurudistribution.eu\/zimoli\/visionix\/briotcouture\/#primaryimage"},"image":{"@id":"https:\/\/gurudistribution.eu\/zimoli\/visionix\/briotcouture\/#primaryimage"},"thumbnailUrl":"https:\/\/gurudistribution.eu\/wp-content\/uploads\/2025\/10\/BRIOT_Couture-1-300x200.jpg","datePublished":"2025-10-28T13:06:18+00:00","dateModified":"2025-11-19T08:22:31+00:00","breadcrumb":{"@id":"https:\/\/gurudistribution.eu\/zimoli\/visionix\/briotcouture\/#breadcrumb"},"inLanguage":"en-US","potentialAction":[{"@type":"ReadAction","target":["https:\/\/gurudistribution.eu\/zimoli\/visionix\/briotcouture\/"]}]},{"@type":"ImageObject","inLanguage":"en-US","@id":"https:\/\/gurudistribution.eu\/zimoli\/visionix\/briotcouture\/#primaryimage","url":"https:\/\/gurudistribution.eu\/wp-content\/uploads\/2025\/10\/BRIOT_Couture-1-300x200.jpg","contentUrl":"https:\/\/gurudistribution.eu\/wp-content\/uploads\/2025\/10\/BRIOT_Couture-1-300x200.jpg"},{"@type":"BreadcrumbList","@id":"https:\/\/gurudistribution.eu\/zimoli\/visionix\/briotcouture\/#breadcrumb","itemListElement":[{"@type":"ListItem","position":1,"name":"Home","item":"https:\/\/gurudistribution.eu\/"},{"@type":"ListItem","position":2,"name":"Z\u012aMOLI","item":"https:\/\/gurudistribution.eu\/en\/zimoli\/"},{"@type":"ListItem","position":3,"name":"VISIONIX","item":"https:\/\/gurudistribution.eu\/zimoli\/visionix\/"},{"@type":"ListItem","position":4,"name":"Briot Couture"}]},{"@type":"WebSite","@id":"https:\/\/gurudistribution.eu\/en\/#website","url":"https:\/\/gurudistribution.eu\/en\/","name":"Guru Distribution","description":"","publisher":{"@id":"https:\/\/gurudistribution.eu\/en\/#organization"},"potentialAction":[{"@type":"SearchAction","target":{"@type":"EntryPoint","urlTemplate":"https:\/\/gurudistribution.eu\/en\/?s={search_term_string}"},"query-input":{"@type":"PropertyValueSpecification","valueRequired":true,"valueName":"search_term_string"}}],"inLanguage":"en-US"},{"@type":"Organization","@id":"https:\/\/gurudistribution.eu\/en\/#organization","name":"Guru Distribution","url":"https:\/\/gurudistribution.eu\/en\/","logo":{"@type":"ImageObject","inLanguage":"en-US","@id":"https:\/\/gurudistribution.eu\/en\/#\/schema\/logo\/image\/","url":"https:\/\/gurudistribution.eu\/wp-content\/uploads\/2025\/10\/guru_logo_full_large-scaled-2-e1759335026600.jpg","contentUrl":"https:\/\/gurudistribution.eu\/wp-content\/uploads\/2025\/10\/guru_logo_full_large-scaled-2-e1759335026600.jpg","width":1694,"height":503,"caption":"Guru Distribution"},"image":{"@id":"https:\/\/gurudistribution.eu\/en\/#\/schema\/logo\/image\/"},"sameAs":["https:\/\/www.facebook.com\/gurudistribution","https:\/\/www.linkedin.com\/company\/guru-distribution-linkedin\/"]}]}},"_links":{"self":[{"href":"https:\/\/gurudistribution.eu\/en\/wp-json\/wp\/v2\/pages\/1956","targetHints":{"allow":["GET"]}}],"collection":[{"href":"https:\/\/gurudistribution.eu\/en\/wp-json\/wp\/v2\/pages"}],"about":[{"href":"https:\/\/gurudistribution.eu\/en\/wp-json\/wp\/v2\/types\/page"}],"author":[{"embeddable":true,"href":"https:\/\/gurudistribution.eu\/en\/wp-json\/wp\/v2\/users\/1"}],"replies":[{"embeddable":true,"href":"https:\/\/gurudistribution.eu\/en\/wp-json\/wp\/v2\/comments?post=1956"}],"version-history":[{"count":37,"href":"https:\/\/gurudistribution.eu\/en\/wp-json\/wp\/v2\/pages\/1956\/revisions"}],"predecessor-version":[{"id":2495,"href":"https:\/\/gurudistribution.eu\/en\/wp-json\/wp\/v2\/pages\/1956\/revisions\/2495"}],"up":[{"embeddable":true,"href":"https:\/\/gurudistribution.eu\/en\/wp-json\/wp\/v2\/pages\/656"}],"wp:attachment":[{"href":"https:\/\/gurudistribution.eu\/en\/wp-json\/wp\/v2\/media?parent=1956"}],"curies":[{"name":"wp","href":"https:\/\/api.w.org\/{rel}","templated":true}]}}