{"id":154,"date":"2025-10-01T19:13:40","date_gmt":"2025-10-01T17:13:40","guid":{"rendered":"http:\/\/gd.gurudistribution.eu\/?page_id=154"},"modified":"2025-11-19T13:17:00","modified_gmt":"2025-11-19T11:17:00","slug":"uznemums","status":"publish","type":"page","link":"https:\/\/gurudistribution.eu\/en\/","title":{"rendered":"COMPANY"},"content":{"rendered":"<div data-elementor-type=\"wp-page\" data-elementor-id=\"154\" class=\"elementor elementor-154\" data-elementor-post-type=\"page\">\n\t\t\t\t<div class=\"elementor-element elementor-element-76821ca e-flex e-con-boxed e-con e-parent\" data-id=\"76821ca\" data-element_type=\"container\" data-e-type=\"container\">\n\t\t\t\t\t<div class=\"e-con-inner\">\n\t\t\t\t<div class=\"elementor-element elementor-element-acfcf9b elementor-widget elementor-widget-spacer\" data-id=\"acfcf9b\" data-element_type=\"widget\" data-e-type=\"widget\" data-widget_type=\"spacer.default\">\n\t\t\t\t\t\t\t<div class=\"elementor-spacer\">\n\t\t\t<div class=\"elementor-spacer-inner\"><\/div>\n\t\t<\/div>\n\t\t\t\t\t\t<\/div>\n\t\t\t\t<div class=\"elementor-element elementor-element-aa4d838 elementor-widget elementor-widget-heading\" data-id=\"aa4d838\" data-element_type=\"widget\" data-e-type=\"widget\" data-widget_type=\"heading.default\">\n\t\t\t\t\t<h3 class=\"elementor-heading-title elementor-size-default\">Guru Distribution \u2013 Your partner in the future of vision care<\/h3>\t\t\t\t<\/div>\n\t\t\t\t<div class=\"elementor-element elementor-element-8d581cd elementor-widget elementor-widget-text-editor\" data-id=\"8d581cd\" data-element_type=\"widget\" data-e-type=\"widget\" data-widget_type=\"text-editor.default\">\n\t\t\t\t\t\t\t\t\t<p style=\"text-align: left;\">Guru Distribution \u2013 vision testing equipment and optical solutions for professionals in the Baltics.<\/p><p>Guru Distribution is a trusted supplier of vision testing equipment, optometric instruments, diagnostic technologies, and optical brands in the Baltic States. We represent globally recognized manufacturers such as Visionix, ZEISS, Boll\u00e9, Nano Vista, SPY+, Serengeti, and Boll\u00e9 Safety, providing complete solutions for optometrists, ophthalmologists, optical stores, and industry clients.<br \/>Our range includes automated refraction systems, lensmeters, keratometers, slit lamps, tonometers, digital phoropters, and vision analysis devices. By combining technology, training, and service, we help vision care professionals achieve the highest results.<\/p>\t\t\t\t\t\t\t\t<\/div>\n\t\t\t\t\t<\/div>\n\t\t\t\t<\/div>\n\t\t<div class=\"elementor-element elementor-element-1c3161c e-flex e-con-boxed e-con e-parent\" data-id=\"1c3161c\" data-element_type=\"container\" data-e-type=\"container\">\n\t\t\t\t\t<div class=\"e-con-inner\">\n\t\t\t\t<div class=\"elementor-element elementor-element-67ab43c elementor-widget elementor-widget-spacer\" data-id=\"67ab43c\" data-element_type=\"widget\" data-e-type=\"widget\" data-widget_type=\"spacer.default\">\n\t\t\t\t\t\t\t<div class=\"elementor-spacer\">\n\t\t\t<div class=\"elementor-spacer-inner\"><\/div>\n\t\t<\/div>\n\t\t\t\t\t\t<\/div>\n\t\t\t\t\t<\/div>\n\t\t\t\t<\/div>\n\t\t<div class=\"elementor-element elementor-element-2d40e33 e-flex e-con-boxed e-con e-parent\" data-id=\"2d40e33\" data-element_type=\"container\" data-e-type=\"container\">\n\t\t\t\t\t<div class=\"e-con-inner\">\n\t\t\t\t<div class=\"elementor-element elementor-element-1e9687c elementor-widget elementor-widget-shortcode\" data-id=\"1e9687c\" data-element_type=\"widget\" data-e-type=\"widget\" data-widget_type=\"shortcode.default\">\n\t\t\t\t\t\t\t<div class=\"elementor-shortcode\">\t\t<div data-elementor-type=\"container\" data-elementor-id=\"897\" class=\"elementor elementor-897\" data-elementor-post-type=\"elementor_library\">\n\t\t\t\t<div class=\"elementor-element elementor-element-626905da e-flex e-con-boxed e-con e-parent\" data-id=\"626905da\" data-element_type=\"container\" data-e-type=\"container\">\n\t\t\t\t\t<div class=\"e-con-inner\">\n\t\t<div class=\"elementor-element elementor-element-5ec72f84 e-grid e-con-full e-con e-child\" data-id=\"5ec72f84\" data-element_type=\"container\" data-e-type=\"container\">\n\t\t\t\t<div class=\"elementor-element elementor-element-33982e71 elementor-widget elementor-widget-image\" data-id=\"33982e71\" data-element_type=\"widget\" data-e-type=\"widget\" data-widget_type=\"image.default\">\n\t\t\t\t\t\t\t\t\t\t\t\t\t\t\t\t<a href=\"\/en\/zimoli\/zeiss\/\">\n\t\t\t\t\t\t\t<img fetchpriority=\"high\" decoding=\"async\" width=\"386\" height=\"396\" src=\"https:\/\/gurudistribution.eu\/wp-content\/uploads\/2025\/10\/zeiss-logo-rgb_2023-1.png\" class=\"attachment-large size-large wp-image-893\" alt=\"\" srcset=\"https:\/\/gurudistribution.eu\/wp-content\/uploads\/2025\/10\/zeiss-logo-rgb_2023-1.png 386w, https:\/\/gurudistribution.eu\/wp-content\/uploads\/2025\/10\/zeiss-logo-rgb_2023-1-292x300.png 292w, https:\/\/gurudistribution.eu\/wp-content\/uploads\/2025\/10\/zeiss-logo-rgb_2023-1-12x12.png 12w\" sizes=\"(max-width: 386px) 100vw, 386px\" \/>\t\t\t\t\t\t\t\t<\/a>\n\t\t\t\t\t\t\t\t\t\t\t\t\t\t\t<\/div>\n\t\t\t\t<div class=\"elementor-element elementor-element-cb23c3d elementor-widget elementor-widget-image\" data-id=\"cb23c3d\" data-element_type=\"widget\" data-e-type=\"widget\" data-widget_type=\"image.default\">\n\t\t\t\t\t\t\t\t\t\t\t\t\t\t\t\t<a href=\"\/en\/zimoli\/visionix\/\">\n\t\t\t\t\t\t\t<img decoding=\"async\" width=\"634\" height=\"260\" src=\"https:\/\/gurudistribution.eu\/wp-content\/uploads\/2025\/10\/visionix_big-e1760001601818.jpg\" class=\"attachment-large size-large wp-image-528\" alt=\"\" srcset=\"https:\/\/gurudistribution.eu\/wp-content\/uploads\/2025\/10\/visionix_big-e1760001601818.jpg 634w, https:\/\/gurudistribution.eu\/wp-content\/uploads\/2025\/10\/visionix_big-e1760001601818-300x123.jpg 300w, https:\/\/gurudistribution.eu\/wp-content\/uploads\/2025\/10\/visionix_big-e1760001601818-18x7.jpg 18w\" sizes=\"(max-width: 634px) 100vw, 634px\" \/>\t\t\t\t\t\t\t\t<\/a>\n\t\t\t\t\t\t\t\t\t\t\t\t\t\t\t<\/div>\n\t\t\t\t<div class=\"elementor-element elementor-element-283a98bf elementor-widget elementor-widget-image\" data-id=\"283a98bf\" data-element_type=\"widget\" data-e-type=\"widget\" data-widget_type=\"image.default\">\n\t\t\t\t\t\t\t\t\t\t\t\t\t\t\t\t<a href=\"\/en\/zimoli\/bolle\/\">\n\t\t\t\t\t\t\t<img decoding=\"async\" width=\"277\" height=\"104\" src=\"https:\/\/gurudistribution.eu\/wp-content\/uploads\/2025\/10\/Ekranuznemums-2024-10-30-093732.png\" class=\"attachment-large size-large wp-image-591\" alt=\"\" srcset=\"https:\/\/gurudistribution.eu\/wp-content\/uploads\/2025\/10\/Ekranuznemums-2024-10-30-093732.png 277w, https:\/\/gurudistribution.eu\/wp-content\/uploads\/2025\/10\/Ekranuznemums-2024-10-30-093732-18x7.png 18w\" sizes=\"(max-width: 277px) 100vw, 277px\" \/>\t\t\t\t\t\t\t\t<\/a>\n\t\t\t\t\t\t\t\t\t\t\t\t\t\t\t<\/div>\n\t\t\t\t<div class=\"elementor-element elementor-element-2a12038c elementor-widget elementor-widget-image\" data-id=\"2a12038c\" data-element_type=\"widget\" data-e-type=\"widget\" data-widget_type=\"image.default\">\n\t\t\t\t\t\t\t\t\t\t\t\t\t\t\t\t<a href=\"\/en\/zimoli\/nano\/\">\n\t\t\t\t\t\t\t<img loading=\"lazy\" decoding=\"async\" width=\"468\" height=\"270\" src=\"https:\/\/gurudistribution.eu\/wp-content\/uploads\/2025\/10\/nano-vista-logo.jpg\" class=\"attachment-large size-large wp-image-532\" alt=\"\" srcset=\"https:\/\/gurudistribution.eu\/wp-content\/uploads\/2025\/10\/nano-vista-logo.jpg 468w, https:\/\/gurudistribution.eu\/wp-content\/uploads\/2025\/10\/nano-vista-logo-300x173.jpg 300w, https:\/\/gurudistribution.eu\/wp-content\/uploads\/2025\/10\/nano-vista-logo-18x10.jpg 18w\" sizes=\"(max-width: 468px) 100vw, 468px\" \/>\t\t\t\t\t\t\t\t<\/a>\n\t\t\t\t\t\t\t\t\t\t\t\t\t\t\t<\/div>\n\t\t\t\t<div class=\"elementor-element elementor-element-bc93644 elementor-widget elementor-widget-image\" data-id=\"bc93644\" data-element_type=\"widget\" data-e-type=\"widget\" data-widget_type=\"image.default\">\n\t\t\t\t\t\t\t\t\t\t\t\t\t\t\t\t<a href=\"\/en\/zimoli\/spy\/\">\n\t\t\t\t\t\t\t<img loading=\"lazy\" decoding=\"async\" width=\"800\" height=\"351\" src=\"https:\/\/gurudistribution.eu\/wp-content\/uploads\/2025\/10\/spy_1140x500-1024x449.jpg\" class=\"attachment-large size-large wp-image-611\" alt=\"\" srcset=\"https:\/\/gurudistribution.eu\/wp-content\/uploads\/2025\/10\/spy_1140x500-1024x449.jpg 1024w, https:\/\/gurudistribution.eu\/wp-content\/uploads\/2025\/10\/spy_1140x500-300x132.jpg 300w, https:\/\/gurudistribution.eu\/wp-content\/uploads\/2025\/10\/spy_1140x500-768x337.jpg 768w, https:\/\/gurudistribution.eu\/wp-content\/uploads\/2025\/10\/spy_1140x500-18x8.jpg 18w, https:\/\/gurudistribution.eu\/wp-content\/uploads\/2025\/10\/spy_1140x500.jpg 1140w\" sizes=\"(max-width: 800px) 100vw, 800px\" \/>\t\t\t\t\t\t\t\t<\/a>\n\t\t\t\t\t\t\t\t\t\t\t\t\t\t\t<\/div>\n\t\t\t\t<div class=\"elementor-element elementor-element-5885d3fe elementor-widget elementor-widget-image\" data-id=\"5885d3fe\" data-element_type=\"widget\" data-e-type=\"widget\" data-widget_type=\"image.default\">\n\t\t\t\t\t\t\t\t\t\t\t\t\t\t\t\t<a href=\"\/en\/zimoli\/serengeti\/\">\n\t\t\t\t\t\t\t<img loading=\"lazy\" decoding=\"async\" width=\"362\" height=\"124\" src=\"https:\/\/gurudistribution.eu\/wp-content\/uploads\/2025\/10\/Ekranuznemums-2024-10-23-131112.png\" class=\"attachment-large size-large wp-image-556\" alt=\"\" srcset=\"https:\/\/gurudistribution.eu\/wp-content\/uploads\/2025\/10\/Ekranuznemums-2024-10-23-131112.png 362w, https:\/\/gurudistribution.eu\/wp-content\/uploads\/2025\/10\/Ekranuznemums-2024-10-23-131112-300x103.png 300w, https:\/\/gurudistribution.eu\/wp-content\/uploads\/2025\/10\/Ekranuznemums-2024-10-23-131112-18x6.png 18w\" sizes=\"(max-width: 362px) 100vw, 362px\" \/>\t\t\t\t\t\t\t\t<\/a>\n\t\t\t\t\t\t\t\t\t\t\t\t\t\t\t<\/div>\n\t\t\t\t<div class=\"elementor-element elementor-element-74ce4040 elementor-widget elementor-widget-image\" data-id=\"74ce4040\" data-element_type=\"widget\" data-e-type=\"widget\" data-widget_type=\"image.default\">\n\t\t\t\t\t\t\t\t\t\t\t\t\t\t\t\t<a href=\"\/en\/zimoli\/bollesafety\/\">\n\t\t\t\t\t\t\t<img loading=\"lazy\" decoding=\"async\" width=\"800\" height=\"409\" src=\"https:\/\/gurudistribution.eu\/wp-content\/uploads\/2025\/10\/BS_logo_big-1024x524.jpg\" class=\"attachment-large size-large wp-image-602\" alt=\"\" srcset=\"https:\/\/gurudistribution.eu\/wp-content\/uploads\/2025\/10\/BS_logo_big-1024x524.jpg 1024w, https:\/\/gurudistribution.eu\/wp-content\/uploads\/2025\/10\/BS_logo_big-300x153.jpg 300w, https:\/\/gurudistribution.eu\/wp-content\/uploads\/2025\/10\/BS_logo_big-768x393.jpg 768w, https:\/\/gurudistribution.eu\/wp-content\/uploads\/2025\/10\/BS_logo_big-1536x786.jpg 1536w, https:\/\/gurudistribution.eu\/wp-content\/uploads\/2025\/10\/BS_logo_big-18x9.jpg 18w, https:\/\/gurudistribution.eu\/wp-content\/uploads\/2025\/10\/BS_logo_big.jpg 1812w\" sizes=\"(max-width: 800px) 100vw, 800px\" \/>\t\t\t\t\t\t\t\t<\/a>\n\t\t\t\t\t\t\t\t\t\t\t\t\t\t\t<\/div>\n\t\t\t\t<\/div>\n\t\t\t\t\t<\/div>\n\t\t\t\t<\/div>\n\t\t\t\t<\/div>\n\t\t<\/div>\n\t\t\t\t\t\t<\/div>\n\t\t\t\t\t<\/div>\n\t\t\t\t<\/div>\n\t\t\t\t<\/div>","protected":false},"excerpt":{"rendered":"<p>Guru Distribution \u2013 Tavs partneris redzes apr\u016bpes n\u0101kotn\u0113 Guru Distribution &#8211; redzes p\u0101rbaudes iek\u0101rtas un optikas risin\u0101jumi profesion\u0101\u013ciem Baltij\u0101. Guru Distribution ir uzticams redzes p\u0101rbaudes iek\u0101rtu, optometrisko instrumentu, diagnostikas tehnolo\u0123iju un optikas z\u012bmolu pieg\u0101d\u0101t\u0101js Baltijas valst\u012bs. M\u0113s p\u0101rst\u0101vam t\u0101dus pasaul\u0113 atz\u012btus ra\u017eot\u0101jus k\u0101 Visionix, ZEISS, Boll\u00e9, Nano Vista, SPY+, Serengeti un Boll\u00e9 Safety, nodro\u0161inot pilnus [&hellip;]<\/p>\n","protected":false},"author":1,"featured_media":0,"parent":0,"menu_order":0,"comment_status":"closed","ping_status":"closed","template":"elementor_header_footer","meta":{"footnotes":""},"class_list":["post-154","page","type-page","status-publish","hentry"],"yoast_head":"<!-- This site is optimized with the Yoast SEO plugin v27.3 - https:\/\/yoast.com\/product\/yoast-seo-wordpress\/ -->\n<title>UZ\u0145\u0112MUMS - Guru Distribution<\/title>\n<meta name=\"robots\" content=\"index, follow, max-snippet:-1, max-image-preview:large, max-video-preview:-1\" \/>\n<link rel=\"canonical\" href=\"https:\/\/gurudistribution.eu\/en\/\" \/>\n<meta property=\"og:locale\" content=\"en_US\" \/>\n<meta property=\"og:type\" content=\"article\" \/>\n<meta property=\"og:title\" content=\"UZ\u0145\u0112MUMS - Guru Distribution\" \/>\n<meta property=\"og:description\" content=\"Guru Distribution \u2013 Tavs partneris redzes apr\u016bpes n\u0101kotn\u0113 Guru Distribution &#8211; redzes p\u0101rbaudes iek\u0101rtas un optikas risin\u0101jumi profesion\u0101\u013ciem Baltij\u0101. Guru Distribution ir uzticams redzes p\u0101rbaudes iek\u0101rtu, optometrisko instrumentu, diagnostikas tehnolo\u0123iju un optikas z\u012bmolu pieg\u0101d\u0101t\u0101js Baltijas valst\u012bs. M\u0113s p\u0101rst\u0101vam t\u0101dus pasaul\u0113 atz\u012btus ra\u017eot\u0101jus k\u0101 Visionix, ZEISS, Boll\u00e9, Nano Vista, SPY+, Serengeti un Boll\u00e9 Safety, nodro\u0161inot pilnus [&hellip;]\" \/>\n<meta property=\"og:url\" content=\"https:\/\/gurudistribution.eu\/en\/\" \/>\n<meta property=\"og:site_name\" content=\"Guru Distribution\" \/>\n<meta property=\"article:publisher\" content=\"https:\/\/www.facebook.com\/gurudistribution\" \/>\n<meta property=\"article:modified_time\" content=\"2025-11-19T11:17:00+00:00\" \/>\n<meta name=\"twitter:card\" content=\"summary_large_image\" \/>\n<meta name=\"twitter:label1\" content=\"Est. reading time\" \/>\n\t<meta name=\"twitter:data1\" content=\"4 minutes\" \/>\n<script type=\"application\/ld+json\" class=\"yoast-schema-graph\">{\"@context\":\"https:\\\/\\\/schema.org\",\"@graph\":[{\"@type\":\"WebPage\",\"@id\":\"https:\\\/\\\/gurudistribution.eu\\\/\",\"url\":\"https:\\\/\\\/gurudistribution.eu\\\/\",\"name\":\"UZ\u0145\u0112MUMS - Guru Distribution\",\"isPartOf\":{\"@id\":\"https:\\\/\\\/gurudistribution.eu\\\/en\\\/#website\"},\"datePublished\":\"2025-10-01T17:13:40+00:00\",\"dateModified\":\"2025-11-19T11:17:00+00:00\",\"breadcrumb\":{\"@id\":\"https:\\\/\\\/gurudistribution.eu\\\/#breadcrumb\"},\"inLanguage\":\"en-US\",\"potentialAction\":[{\"@type\":\"ReadAction\",\"target\":[\"https:\\\/\\\/gurudistribution.eu\\\/\"]}]},{\"@type\":\"BreadcrumbList\",\"@id\":\"https:\\\/\\\/gurudistribution.eu\\\/#breadcrumb\",\"itemListElement\":[{\"@type\":\"ListItem\",\"position\":1,\"name\":\"Home\",\"item\":\"https:\\\/\\\/gurudistribution.eu\\\/\"},{\"@type\":\"ListItem\",\"position\":2,\"name\":\"UZ\u0145\u0112MUMS\"}]},{\"@type\":\"WebSite\",\"@id\":\"https:\\\/\\\/gurudistribution.eu\\\/en\\\/#website\",\"url\":\"https:\\\/\\\/gurudistribution.eu\\\/en\\\/\",\"name\":\"Guru Distribution\",\"description\":\"\",\"publisher\":{\"@id\":\"https:\\\/\\\/gurudistribution.eu\\\/en\\\/#organization\"},\"potentialAction\":[{\"@type\":\"SearchAction\",\"target\":{\"@type\":\"EntryPoint\",\"urlTemplate\":\"https:\\\/\\\/gurudistribution.eu\\\/en\\\/?s={search_term_string}\"},\"query-input\":{\"@type\":\"PropertyValueSpecification\",\"valueRequired\":true,\"valueName\":\"search_term_string\"}}],\"inLanguage\":\"en-US\"},{\"@type\":\"Organization\",\"@id\":\"https:\\\/\\\/gurudistribution.eu\\\/en\\\/#organization\",\"name\":\"Guru Distribution\",\"url\":\"https:\\\/\\\/gurudistribution.eu\\\/en\\\/\",\"logo\":{\"@type\":\"ImageObject\",\"inLanguage\":\"en-US\",\"@id\":\"https:\\\/\\\/gurudistribution.eu\\\/en\\\/#\\\/schema\\\/logo\\\/image\\\/\",\"url\":\"https:\\\/\\\/gurudistribution.eu\\\/wp-content\\\/uploads\\\/2025\\\/10\\\/guru_logo_full_large-scaled-2-e1759335026600.jpg\",\"contentUrl\":\"https:\\\/\\\/gurudistribution.eu\\\/wp-content\\\/uploads\\\/2025\\\/10\\\/guru_logo_full_large-scaled-2-e1759335026600.jpg\",\"width\":1694,\"height\":503,\"caption\":\"Guru Distribution\"},\"image\":{\"@id\":\"https:\\\/\\\/gurudistribution.eu\\\/en\\\/#\\\/schema\\\/logo\\\/image\\\/\"},\"sameAs\":[\"https:\\\/\\\/www.facebook.com\\\/gurudistribution\",\"https:\\\/\\\/www.linkedin.com\\\/company\\\/guru-distribution-linkedin\\\/\"]}]}<\/script>\n<!-- \/ Yoast SEO plugin. -->","yoast_head_json":{"title":"UZ\u0145\u0112MUMS - Guru Distribution","robots":{"index":"index","follow":"follow","max-snippet":"max-snippet:-1","max-image-preview":"max-image-preview:large","max-video-preview":"max-video-preview:-1"},"canonical":"https:\/\/gurudistribution.eu\/en\/","og_locale":"en_US","og_type":"article","og_title":"UZ\u0145\u0112MUMS - Guru Distribution","og_description":"Guru Distribution \u2013 Tavs partneris redzes apr\u016bpes n\u0101kotn\u0113 Guru Distribution &#8211; redzes p\u0101rbaudes iek\u0101rtas un optikas risin\u0101jumi profesion\u0101\u013ciem Baltij\u0101. Guru Distribution ir uzticams redzes p\u0101rbaudes iek\u0101rtu, optometrisko instrumentu, diagnostikas tehnolo\u0123iju un optikas z\u012bmolu pieg\u0101d\u0101t\u0101js Baltijas valst\u012bs. M\u0113s p\u0101rst\u0101vam t\u0101dus pasaul\u0113 atz\u012btus ra\u017eot\u0101jus k\u0101 Visionix, ZEISS, Boll\u00e9, Nano Vista, SPY+, Serengeti un Boll\u00e9 Safety, nodro\u0161inot pilnus [&hellip;]","og_url":"https:\/\/gurudistribution.eu\/en\/","og_site_name":"Guru Distribution","article_publisher":"https:\/\/www.facebook.com\/gurudistribution","article_modified_time":"2025-11-19T11:17:00+00:00","twitter_card":"summary_large_image","twitter_misc":{"Est. reading time":"4 minutes"},"schema":{"@context":"https:\/\/schema.org","@graph":[{"@type":"WebPage","@id":"https:\/\/gurudistribution.eu\/","url":"https:\/\/gurudistribution.eu\/","name":"UZ\u0145\u0112MUMS - Guru Distribution","isPartOf":{"@id":"https:\/\/gurudistribution.eu\/en\/#website"},"datePublished":"2025-10-01T17:13:40+00:00","dateModified":"2025-11-19T11:17:00+00:00","breadcrumb":{"@id":"https:\/\/gurudistribution.eu\/#breadcrumb"},"inLanguage":"en-US","potentialAction":[{"@type":"ReadAction","target":["https:\/\/gurudistribution.eu\/"]}]},{"@type":"BreadcrumbList","@id":"https:\/\/gurudistribution.eu\/#breadcrumb","itemListElement":[{"@type":"ListItem","position":1,"name":"Home","item":"https:\/\/gurudistribution.eu\/"},{"@type":"ListItem","position":2,"name":"UZ\u0145\u0112MUMS"}]},{"@type":"WebSite","@id":"https:\/\/gurudistribution.eu\/en\/#website","url":"https:\/\/gurudistribution.eu\/en\/","name":"Guru Distribution","description":"","publisher":{"@id":"https:\/\/gurudistribution.eu\/en\/#organization"},"potentialAction":[{"@type":"SearchAction","target":{"@type":"EntryPoint","urlTemplate":"https:\/\/gurudistribution.eu\/en\/?s={search_term_string}"},"query-input":{"@type":"PropertyValueSpecification","valueRequired":true,"valueName":"search_term_string"}}],"inLanguage":"en-US"},{"@type":"Organization","@id":"https:\/\/gurudistribution.eu\/en\/#organization","name":"Guru Distribution","url":"https:\/\/gurudistribution.eu\/en\/","logo":{"@type":"ImageObject","inLanguage":"en-US","@id":"https:\/\/gurudistribution.eu\/en\/#\/schema\/logo\/image\/","url":"https:\/\/gurudistribution.eu\/wp-content\/uploads\/2025\/10\/guru_logo_full_large-scaled-2-e1759335026600.jpg","contentUrl":"https:\/\/gurudistribution.eu\/wp-content\/uploads\/2025\/10\/guru_logo_full_large-scaled-2-e1759335026600.jpg","width":1694,"height":503,"caption":"Guru Distribution"},"image":{"@id":"https:\/\/gurudistribution.eu\/en\/#\/schema\/logo\/image\/"},"sameAs":["https:\/\/www.facebook.com\/gurudistribution","https:\/\/www.linkedin.com\/company\/guru-distribution-linkedin\/"]}]}},"_links":{"self":[{"href":"https:\/\/gurudistribution.eu\/en\/wp-json\/wp\/v2\/pages\/154","targetHints":{"allow":["GET"]}}],"collection":[{"href":"https:\/\/gurudistribution.eu\/en\/wp-json\/wp\/v2\/pages"}],"about":[{"href":"https:\/\/gurudistribution.eu\/en\/wp-json\/wp\/v2\/types\/page"}],"author":[{"embeddable":true,"href":"https:\/\/gurudistribution.eu\/en\/wp-json\/wp\/v2\/users\/1"}],"replies":[{"embeddable":true,"href":"https:\/\/gurudistribution.eu\/en\/wp-json\/wp\/v2\/comments?post=154"}],"version-history":[{"count":230,"href":"https:\/\/gurudistribution.eu\/en\/wp-json\/wp\/v2\/pages\/154\/revisions"}],"predecessor-version":[{"id":2513,"href":"https:\/\/gurudistribution.eu\/en\/wp-json\/wp\/v2\/pages\/154\/revisions\/2513"}],"wp:attachment":[{"href":"https:\/\/gurudistribution.eu\/en\/wp-json\/wp\/v2\/media?parent=154"}],"curies":[{"name":"wp","href":"https:\/\/api.w.org\/{rel}","templated":true}]}}