{"id":1528,"date":"2025-10-20T07:31:07","date_gmt":"2025-10-20T05:31:07","guid":{"rendered":"https:\/\/gd.gurudistribution.eu\/?page_id=1528"},"modified":"2025-12-05T17:19:11","modified_gmt":"2025-12-05T15:19:11","slug":"bolle-safety","status":"publish","type":"page","link":"https:\/\/gurudistribution.eu\/en\/zimoli\/bolle-safety\/","title":{"rendered":"BOLL\u00c9 Safety"},"content":{"rendered":"<div data-elementor-type=\"wp-page\" data-elementor-id=\"1528\" class=\"elementor elementor-1528\" data-elementor-post-type=\"page\">\n\t\t\t\t<div class=\"elementor-element elementor-element-d06c9df e-flex e-con-boxed e-con e-parent\" data-id=\"d06c9df\" data-element_type=\"container\" data-e-type=\"container\">\n\t\t\t\t\t<div class=\"e-con-inner\">\n\t\t\t\t<div class=\"elementor-element elementor-element-8249a6d elementor-widget elementor-widget-image\" data-id=\"8249a6d\" data-element_type=\"widget\" data-e-type=\"widget\" data-widget_type=\"image.default\">\n\t\t\t\t\t\t\t\t\t\t\t\t\t\t\t<img fetchpriority=\"high\" decoding=\"async\" width=\"800\" height=\"409\" src=\"https:\/\/gurudistribution.eu\/wp-content\/uploads\/2025\/10\/BS_logo_big-1024x524.jpg\" class=\"attachment-large size-large wp-image-602\" alt=\"\" srcset=\"https:\/\/gurudistribution.eu\/wp-content\/uploads\/2025\/10\/BS_logo_big-1024x524.jpg 1024w, https:\/\/gurudistribution.eu\/wp-content\/uploads\/2025\/10\/BS_logo_big-300x153.jpg 300w, https:\/\/gurudistribution.eu\/wp-content\/uploads\/2025\/10\/BS_logo_big-768x393.jpg 768w, https:\/\/gurudistribution.eu\/wp-content\/uploads\/2025\/10\/BS_logo_big-1536x786.jpg 1536w, https:\/\/gurudistribution.eu\/wp-content\/uploads\/2025\/10\/BS_logo_big-18x9.jpg 18w, https:\/\/gurudistribution.eu\/wp-content\/uploads\/2025\/10\/BS_logo_big.jpg 1812w\" sizes=\"(max-width: 800px) 100vw, 800px\" \/>\t\t\t\t\t\t\t\t\t\t\t\t\t\t\t<\/div>\n\t\t\t\t\t<\/div>\n\t\t\t\t<\/div>\n\t\t<div class=\"elementor-element elementor-element-3e66442 e-flex e-con-boxed e-con e-parent\" data-id=\"3e66442\" data-element_type=\"container\" data-e-type=\"container\">\n\t\t\t\t\t<div class=\"e-con-inner\">\n\t\t\t\t<div class=\"elementor-element elementor-element-b1261e3 elementor-widget elementor-widget-text-editor\" data-id=\"b1261e3\" data-element_type=\"widget\" data-e-type=\"widget\" data-widget_type=\"text-editor.default\">\n\t\t\t\t\t\t\t\t\t<p class=\"mkdf-st-text\">Boll\u00e9 Safety has gained trust and recognition worldwide by delivering the highest standards and excellence in eye protection.\nThe brand\u2019s driving force is its industrial product line, focused on protecting workers\u2019 vision in sectors such as construction, manufacturing, metalworking, healthcare, and more. Boll\u00e9 Safety also offers tactical eyewear designed to provide maximum protection in extreme situations, such as military and police operations.\n\nIn product development, Boll\u00e9 Safety uses innovative coatings that protect glasses from scratches, fogging, and harmful blue light exposure.\nIn collaboration with Guru Distribution, the Boll\u00e9 Safety prescription program is also implemented, offering customized solutions for protective eyewear users who require vision correction.<\/p><br>\t\t\t\t\t\t\t\t<\/div>\n\t\t\t\t<div class=\"elementor-element elementor-element-fa5b7f0 elementor-widget elementor-widget-text-editor\" data-id=\"fa5b7f0\" data-element_type=\"widget\" data-e-type=\"widget\" data-widget_type=\"text-editor.default\">\n\t\t\t\t\t\t\t\t\t<p><a href=\"https:\/\/gurudistribution.eu\/wp-content\/uploads\/2025\/11\/EN_The_Essentials_Industrial_GD.pdf\" target=\"_blank\" rel=\"noopener\">Newest BOLL\u00c9 Safety catalogue<\/a><\/p><p><a href=\"https:\/\/gurudistribution.eu\/wp-content\/uploads\/2025\/11\/BSSI-Catalogue-EN-PP.pdf\" target=\"_blank\" rel=\"noopener\">Tactical catalogue<\/a><\/p><p><a href=\"https:\/\/gurudistribution.eu\/wp-content\/uploads\/2025\/11\/Catalogue-prescription-EN.pdf\" target=\"_blank\" rel=\"noopener\">BOLL\u00c9 Safety RX glasses catalogue<\/a><\/p>\t\t\t\t\t\t\t\t<\/div>\n\t\t\t\t\t<\/div>\n\t\t\t\t<\/div>\n\t\t\t\t<\/div>","protected":false},"excerpt":{"rendered":"<p>Boll\u00e9 Safety ir ieguvis uztic\u012bbu un atpaz\u012bstam\u012bbu vis\u0101 pasaul\u0113, nodro\u0161inot augst\u0101kos standartus un izcil\u012bbu acu aizsardz\u012bbas jom\u0101. Z\u012bmola virz\u012bt\u0101jsp\u0113ks ir industri\u0101lo produktu l\u012bnija, kas fokus\u0113jas uz to, lai pasarg\u0101tu darbinieku redzi t\u0101d\u0101s nozar\u0113s k\u0101 b\u016bvniec\u012bba, ra\u017eo\u0161ana, met\u0101lapstr\u0101de, medic\u012bna un cit\u0101s. Boll\u00e9 Safety pied\u0101v\u0101 ar\u012b taktisk\u0101s brilles, kas izstr\u0101d\u0101tas t\u0101, lai nodro\u0161in\u0101tu maksim\u0101lu aizsardz\u012bbu ekstrem\u0101l\u0101s situ\u0101cij\u0101s, [&hellip;]<\/p>\n","protected":false},"author":1,"featured_media":0,"parent":225,"menu_order":0,"comment_status":"closed","ping_status":"closed","template":"elementor_header_footer","meta":{"footnotes":""},"class_list":["post-1528","page","type-page","status-publish","hentry"],"yoast_head":"<!-- This site is optimized with the Yoast SEO plugin v27.3 - https:\/\/yoast.com\/product\/yoast-seo-wordpress\/ -->\n<title>BOLL\u00c9 Safety - Guru Distribution<\/title>\n<meta name=\"robots\" content=\"index, follow, max-snippet:-1, max-image-preview:large, max-video-preview:-1\" \/>\n<link rel=\"canonical\" href=\"https:\/\/gurudistribution.eu\/en\/zimoli\/bolle-safety\/\" \/>\n<meta property=\"og:locale\" content=\"en_US\" \/>\n<meta property=\"og:type\" content=\"article\" \/>\n<meta property=\"og:title\" content=\"BOLL\u00c9 Safety - Guru Distribution\" \/>\n<meta property=\"og:description\" content=\"Boll\u00e9 Safety ir ieguvis uztic\u012bbu un atpaz\u012bstam\u012bbu vis\u0101 pasaul\u0113, nodro\u0161inot augst\u0101kos standartus un izcil\u012bbu acu aizsardz\u012bbas jom\u0101. Z\u012bmola virz\u012bt\u0101jsp\u0113ks ir industri\u0101lo produktu l\u012bnija, kas fokus\u0113jas uz to, lai pasarg\u0101tu darbinieku redzi t\u0101d\u0101s nozar\u0113s k\u0101 b\u016bvniec\u012bba, ra\u017eo\u0161ana, met\u0101lapstr\u0101de, medic\u012bna un cit\u0101s. Boll\u00e9 Safety pied\u0101v\u0101 ar\u012b taktisk\u0101s brilles, kas izstr\u0101d\u0101tas t\u0101, lai nodro\u0161in\u0101tu maksim\u0101lu aizsardz\u012bbu ekstrem\u0101l\u0101s situ\u0101cij\u0101s, [&hellip;]\" \/>\n<meta property=\"og:url\" content=\"https:\/\/gurudistribution.eu\/en\/zimoli\/bolle-safety\/\" \/>\n<meta property=\"og:site_name\" content=\"Guru Distribution\" \/>\n<meta property=\"article:publisher\" content=\"https:\/\/www.facebook.com\/gurudistribution\" \/>\n<meta property=\"article:modified_time\" content=\"2025-12-05T15:19:11+00:00\" \/>\n<meta property=\"og:image\" content=\"https:\/\/gurudistribution.eu\/wp-content\/uploads\/2025\/10\/BS_logo_big.jpg\" \/>\n\t<meta property=\"og:image:width\" content=\"1812\" \/>\n\t<meta property=\"og:image:height\" content=\"927\" \/>\n\t<meta property=\"og:image:type\" content=\"image\/jpeg\" \/>\n<meta name=\"twitter:card\" content=\"summary_large_image\" \/>\n<meta name=\"twitter:label1\" content=\"Est. reading time\" \/>\n\t<meta name=\"twitter:data1\" content=\"1 minute\" \/>\n<script type=\"application\/ld+json\" class=\"yoast-schema-graph\">{\"@context\":\"https:\\\/\\\/schema.org\",\"@graph\":[{\"@type\":\"WebPage\",\"@id\":\"https:\\\/\\\/gurudistribution.eu\\\/zimoli\\\/bolle-safety\\\/\",\"url\":\"https:\\\/\\\/gurudistribution.eu\\\/zimoli\\\/bolle-safety\\\/\",\"name\":\"BOLL\u00c9 Safety - Guru Distribution\",\"isPartOf\":{\"@id\":\"https:\\\/\\\/gurudistribution.eu\\\/en\\\/#website\"},\"primaryImageOfPage\":{\"@id\":\"https:\\\/\\\/gurudistribution.eu\\\/zimoli\\\/bolle-safety\\\/#primaryimage\"},\"image\":{\"@id\":\"https:\\\/\\\/gurudistribution.eu\\\/zimoli\\\/bolle-safety\\\/#primaryimage\"},\"thumbnailUrl\":\"https:\\\/\\\/gurudistribution.eu\\\/wp-content\\\/uploads\\\/2025\\\/10\\\/BS_logo_big-1024x524.jpg\",\"datePublished\":\"2025-10-20T05:31:07+00:00\",\"dateModified\":\"2025-12-05T15:19:11+00:00\",\"breadcrumb\":{\"@id\":\"https:\\\/\\\/gurudistribution.eu\\\/zimoli\\\/bolle-safety\\\/#breadcrumb\"},\"inLanguage\":\"en-US\",\"potentialAction\":[{\"@type\":\"ReadAction\",\"target\":[\"https:\\\/\\\/gurudistribution.eu\\\/zimoli\\\/bolle-safety\\\/\"]}]},{\"@type\":\"ImageObject\",\"inLanguage\":\"en-US\",\"@id\":\"https:\\\/\\\/gurudistribution.eu\\\/zimoli\\\/bolle-safety\\\/#primaryimage\",\"url\":\"https:\\\/\\\/gurudistribution.eu\\\/wp-content\\\/uploads\\\/2025\\\/10\\\/BS_logo_big-1024x524.jpg\",\"contentUrl\":\"https:\\\/\\\/gurudistribution.eu\\\/wp-content\\\/uploads\\\/2025\\\/10\\\/BS_logo_big-1024x524.jpg\"},{\"@type\":\"BreadcrumbList\",\"@id\":\"https:\\\/\\\/gurudistribution.eu\\\/zimoli\\\/bolle-safety\\\/#breadcrumb\",\"itemListElement\":[{\"@type\":\"ListItem\",\"position\":1,\"name\":\"Home\",\"item\":\"https:\\\/\\\/gurudistribution.eu\\\/\"},{\"@type\":\"ListItem\",\"position\":2,\"name\":\"Z\u012aMOLI\",\"item\":\"https:\\\/\\\/gurudistribution.eu\\\/en\\\/zimoli\\\/\"},{\"@type\":\"ListItem\",\"position\":3,\"name\":\"BOLL\u00c9 Safety\"}]},{\"@type\":\"WebSite\",\"@id\":\"https:\\\/\\\/gurudistribution.eu\\\/en\\\/#website\",\"url\":\"https:\\\/\\\/gurudistribution.eu\\\/en\\\/\",\"name\":\"Guru Distribution\",\"description\":\"\",\"publisher\":{\"@id\":\"https:\\\/\\\/gurudistribution.eu\\\/en\\\/#organization\"},\"potentialAction\":[{\"@type\":\"SearchAction\",\"target\":{\"@type\":\"EntryPoint\",\"urlTemplate\":\"https:\\\/\\\/gurudistribution.eu\\\/en\\\/?s={search_term_string}\"},\"query-input\":{\"@type\":\"PropertyValueSpecification\",\"valueRequired\":true,\"valueName\":\"search_term_string\"}}],\"inLanguage\":\"en-US\"},{\"@type\":\"Organization\",\"@id\":\"https:\\\/\\\/gurudistribution.eu\\\/en\\\/#organization\",\"name\":\"Guru Distribution\",\"url\":\"https:\\\/\\\/gurudistribution.eu\\\/en\\\/\",\"logo\":{\"@type\":\"ImageObject\",\"inLanguage\":\"en-US\",\"@id\":\"https:\\\/\\\/gurudistribution.eu\\\/en\\\/#\\\/schema\\\/logo\\\/image\\\/\",\"url\":\"https:\\\/\\\/gurudistribution.eu\\\/wp-content\\\/uploads\\\/2025\\\/10\\\/guru_logo_full_large-scaled-2-e1759335026600.jpg\",\"contentUrl\":\"https:\\\/\\\/gurudistribution.eu\\\/wp-content\\\/uploads\\\/2025\\\/10\\\/guru_logo_full_large-scaled-2-e1759335026600.jpg\",\"width\":1694,\"height\":503,\"caption\":\"Guru Distribution\"},\"image\":{\"@id\":\"https:\\\/\\\/gurudistribution.eu\\\/en\\\/#\\\/schema\\\/logo\\\/image\\\/\"},\"sameAs\":[\"https:\\\/\\\/www.facebook.com\\\/gurudistribution\",\"https:\\\/\\\/www.linkedin.com\\\/company\\\/guru-distribution-linkedin\\\/\"]}]}<\/script>\n<!-- \/ Yoast SEO plugin. -->","yoast_head_json":{"title":"BOLL\u00c9 Safety - Guru Distribution","robots":{"index":"index","follow":"follow","max-snippet":"max-snippet:-1","max-image-preview":"max-image-preview:large","max-video-preview":"max-video-preview:-1"},"canonical":"https:\/\/gurudistribution.eu\/en\/zimoli\/bolle-safety\/","og_locale":"en_US","og_type":"article","og_title":"BOLL\u00c9 Safety - Guru Distribution","og_description":"Boll\u00e9 Safety ir ieguvis uztic\u012bbu un atpaz\u012bstam\u012bbu vis\u0101 pasaul\u0113, nodro\u0161inot augst\u0101kos standartus un izcil\u012bbu acu aizsardz\u012bbas jom\u0101. Z\u012bmola virz\u012bt\u0101jsp\u0113ks ir industri\u0101lo produktu l\u012bnija, kas fokus\u0113jas uz to, lai pasarg\u0101tu darbinieku redzi t\u0101d\u0101s nozar\u0113s k\u0101 b\u016bvniec\u012bba, ra\u017eo\u0161ana, met\u0101lapstr\u0101de, medic\u012bna un cit\u0101s. Boll\u00e9 Safety pied\u0101v\u0101 ar\u012b taktisk\u0101s brilles, kas izstr\u0101d\u0101tas t\u0101, lai nodro\u0161in\u0101tu maksim\u0101lu aizsardz\u012bbu ekstrem\u0101l\u0101s situ\u0101cij\u0101s, [&hellip;]","og_url":"https:\/\/gurudistribution.eu\/en\/zimoli\/bolle-safety\/","og_site_name":"Guru Distribution","article_publisher":"https:\/\/www.facebook.com\/gurudistribution","article_modified_time":"2025-12-05T15:19:11+00:00","og_image":[{"width":1812,"height":927,"url":"https:\/\/gurudistribution.eu\/wp-content\/uploads\/2025\/10\/BS_logo_big.jpg","type":"image\/jpeg"}],"twitter_card":"summary_large_image","twitter_misc":{"Est. reading time":"1 minute"},"schema":{"@context":"https:\/\/schema.org","@graph":[{"@type":"WebPage","@id":"https:\/\/gurudistribution.eu\/zimoli\/bolle-safety\/","url":"https:\/\/gurudistribution.eu\/zimoli\/bolle-safety\/","name":"BOLL\u00c9 Safety - Guru Distribution","isPartOf":{"@id":"https:\/\/gurudistribution.eu\/en\/#website"},"primaryImageOfPage":{"@id":"https:\/\/gurudistribution.eu\/zimoli\/bolle-safety\/#primaryimage"},"image":{"@id":"https:\/\/gurudistribution.eu\/zimoli\/bolle-safety\/#primaryimage"},"thumbnailUrl":"https:\/\/gurudistribution.eu\/wp-content\/uploads\/2025\/10\/BS_logo_big-1024x524.jpg","datePublished":"2025-10-20T05:31:07+00:00","dateModified":"2025-12-05T15:19:11+00:00","breadcrumb":{"@id":"https:\/\/gurudistribution.eu\/zimoli\/bolle-safety\/#breadcrumb"},"inLanguage":"en-US","potentialAction":[{"@type":"ReadAction","target":["https:\/\/gurudistribution.eu\/zimoli\/bolle-safety\/"]}]},{"@type":"ImageObject","inLanguage":"en-US","@id":"https:\/\/gurudistribution.eu\/zimoli\/bolle-safety\/#primaryimage","url":"https:\/\/gurudistribution.eu\/wp-content\/uploads\/2025\/10\/BS_logo_big-1024x524.jpg","contentUrl":"https:\/\/gurudistribution.eu\/wp-content\/uploads\/2025\/10\/BS_logo_big-1024x524.jpg"},{"@type":"BreadcrumbList","@id":"https:\/\/gurudistribution.eu\/zimoli\/bolle-safety\/#breadcrumb","itemListElement":[{"@type":"ListItem","position":1,"name":"Home","item":"https:\/\/gurudistribution.eu\/"},{"@type":"ListItem","position":2,"name":"Z\u012aMOLI","item":"https:\/\/gurudistribution.eu\/en\/zimoli\/"},{"@type":"ListItem","position":3,"name":"BOLL\u00c9 Safety"}]},{"@type":"WebSite","@id":"https:\/\/gurudistribution.eu\/en\/#website","url":"https:\/\/gurudistribution.eu\/en\/","name":"Guru Distribution","description":"","publisher":{"@id":"https:\/\/gurudistribution.eu\/en\/#organization"},"potentialAction":[{"@type":"SearchAction","target":{"@type":"EntryPoint","urlTemplate":"https:\/\/gurudistribution.eu\/en\/?s={search_term_string}"},"query-input":{"@type":"PropertyValueSpecification","valueRequired":true,"valueName":"search_term_string"}}],"inLanguage":"en-US"},{"@type":"Organization","@id":"https:\/\/gurudistribution.eu\/en\/#organization","name":"Guru Distribution","url":"https:\/\/gurudistribution.eu\/en\/","logo":{"@type":"ImageObject","inLanguage":"en-US","@id":"https:\/\/gurudistribution.eu\/en\/#\/schema\/logo\/image\/","url":"https:\/\/gurudistribution.eu\/wp-content\/uploads\/2025\/10\/guru_logo_full_large-scaled-2-e1759335026600.jpg","contentUrl":"https:\/\/gurudistribution.eu\/wp-content\/uploads\/2025\/10\/guru_logo_full_large-scaled-2-e1759335026600.jpg","width":1694,"height":503,"caption":"Guru Distribution"},"image":{"@id":"https:\/\/gurudistribution.eu\/en\/#\/schema\/logo\/image\/"},"sameAs":["https:\/\/www.facebook.com\/gurudistribution","https:\/\/www.linkedin.com\/company\/guru-distribution-linkedin\/"]}]}},"_links":{"self":[{"href":"https:\/\/gurudistribution.eu\/en\/wp-json\/wp\/v2\/pages\/1528","targetHints":{"allow":["GET"]}}],"collection":[{"href":"https:\/\/gurudistribution.eu\/en\/wp-json\/wp\/v2\/pages"}],"about":[{"href":"https:\/\/gurudistribution.eu\/en\/wp-json\/wp\/v2\/types\/page"}],"author":[{"embeddable":true,"href":"https:\/\/gurudistribution.eu\/en\/wp-json\/wp\/v2\/users\/1"}],"replies":[{"embeddable":true,"href":"https:\/\/gurudistribution.eu\/en\/wp-json\/wp\/v2\/comments?post=1528"}],"version-history":[{"count":46,"href":"https:\/\/gurudistribution.eu\/en\/wp-json\/wp\/v2\/pages\/1528\/revisions"}],"predecessor-version":[{"id":2691,"href":"https:\/\/gurudistribution.eu\/en\/wp-json\/wp\/v2\/pages\/1528\/revisions\/2691"}],"up":[{"embeddable":true,"href":"https:\/\/gurudistribution.eu\/en\/wp-json\/wp\/v2\/pages\/225"}],"wp:attachment":[{"href":"https:\/\/gurudistribution.eu\/en\/wp-json\/wp\/v2\/media?parent=1528"}],"curies":[{"name":"wp","href":"https:\/\/api.w.org\/{rel}","templated":true}]}}