{"id":1526,"date":"2025-10-20T07:31:01","date_gmt":"2025-10-20T05:31:01","guid":{"rendered":"https:\/\/gd.gurudistribution.eu\/?page_id=1526"},"modified":"2025-12-05T14:39:11","modified_gmt":"2025-12-05T12:39:11","slug":"nano","status":"publish","type":"page","link":"https:\/\/gurudistribution.eu\/en\/zimoli\/nano\/","title":{"rendered":"NANO Vista"},"content":{"rendered":"<div data-elementor-type=\"wp-page\" data-elementor-id=\"1526\" class=\"elementor elementor-1526\" data-elementor-post-type=\"page\">\n\t\t\t\t<div class=\"elementor-element elementor-element-7814418 e-flex e-con-boxed e-con e-parent\" data-id=\"7814418\" data-element_type=\"container\" data-e-type=\"container\">\n\t\t\t\t\t<div class=\"e-con-inner\">\n\t\t\t\t<div class=\"elementor-element elementor-element-e2c4613 elementor-widget elementor-widget-image\" data-id=\"e2c4613\" data-element_type=\"widget\" data-e-type=\"widget\" data-widget_type=\"image.default\">\n\t\t\t\t\t\t\t\t\t\t\t\t\t\t\t<img fetchpriority=\"high\" decoding=\"async\" width=\"468\" height=\"270\" src=\"https:\/\/gurudistribution.eu\/wp-content\/uploads\/2025\/10\/nano-vista-logo.jpg\" class=\"attachment-large size-large wp-image-532\" alt=\"\" srcset=\"https:\/\/gurudistribution.eu\/wp-content\/uploads\/2025\/10\/nano-vista-logo.jpg 468w, https:\/\/gurudistribution.eu\/wp-content\/uploads\/2025\/10\/nano-vista-logo-300x173.jpg 300w, https:\/\/gurudistribution.eu\/wp-content\/uploads\/2025\/10\/nano-vista-logo-18x10.jpg 18w\" sizes=\"(max-width: 468px) 100vw, 468px\" \/>\t\t\t\t\t\t\t\t\t\t\t\t\t\t\t<\/div>\n\t\t\t\t<div class=\"elementor-element elementor-element-d8c4c21 elementor-widget elementor-widget-spacer\" data-id=\"d8c4c21\" data-element_type=\"widget\" data-e-type=\"widget\" data-widget_type=\"spacer.default\">\n\t\t\t\t\t\t\t<div class=\"elementor-spacer\">\n\t\t\t<div class=\"elementor-spacer-inner\"><\/div>\n\t\t<\/div>\n\t\t\t\t\t\t<\/div>\n\t\t\t\t\t<\/div>\n\t\t\t\t<\/div>\n\t\t<div class=\"elementor-element elementor-element-dd7f13a e-flex e-con-boxed e-con e-parent\" data-id=\"dd7f13a\" data-element_type=\"container\" data-e-type=\"container\">\n\t\t\t\t\t<div class=\"e-con-inner\">\n\t\t\t\t<div class=\"elementor-element elementor-element-daadd3a elementor-widget elementor-widget-text-editor\" data-id=\"daadd3a\" data-element_type=\"widget\" data-e-type=\"widget\" data-widget_type=\"text-editor.default\">\n\t\t\t\t\t\t\t\t\t<p class=\"translation-block\">Nano Vista is an innovative children\u2019s eyewear brand from GVO Optics (Spain), specializing in the design of durable, flexible, and safe eyewear for kids. The brand was created with the goal of combining comfort, design, and durability, ensuring that children feel good and parents can trust the product\u2019s quality and safety.<\/p><p><strong>Philosophy<\/strong><\/p><p class=\"translation-block\">Nano Vista\u2019s philosophy is simple and powerful:\n\u201cKids will be kids \u2013 and their glasses should keep up.\u201d<\/p><p>Nano Vista emphasizes that protecting children\u2019s vision is not only a matter of health but also of confidence \u2014 when glasses are comfortable and attractive, children enjoy wearing them.<\/p>\t\t\t\t\t\t\t\t<\/div>\n\t\t\t\t<div class=\"elementor-element elementor-element-8912f45 elementor-widget elementor-widget-text-editor\" data-id=\"8912f45\" data-element_type=\"widget\" data-e-type=\"widget\" data-widget_type=\"text-editor.default\">\n\t\t\t\t\t\t\t\t\t<p><a href=\"https:\/\/gurudistribution.eu\/wp-content\/uploads\/2025\/11\/Cat-Nano-Baby-EN.pdf\" target=\"_blank\" rel=\"noopener\">Newest NANOVISTA baby catalogue<\/a><\/p><p><a href=\"https:\/\/gurudistribution.eu\/wp-content\/uploads\/2025\/11\/Indestructible.pdf\" target=\"_blank\" rel=\"noopener\">Newest NANOVISTA #indestructible catalogue<\/a><\/p><p><a href=\"https:\/\/gurudistribution.eu\/wp-content\/uploads\/2025\/11\/Nano-Glow.pdf\" target=\"_blank\" rel=\"noopener\">Newest NANOVISTA Glow catalogue<\/a><\/p><p><a href=\"https:\/\/gurudistribution.eu\/wp-content\/uploads\/2025\/11\/NANO-Metal_ENG.pdf\" target=\"_blank\" rel=\"noopener\">Newsest NANOVISTA Metal catalogue<\/a><\/p><p><a href=\"https:\/\/gurudistribution.eu\/wp-content\/uploads\/2025\/11\/Cat-Nano-Cool_ENG.pdf\" target=\"_blank\" rel=\"noopener\">Newest NANOVISTA Cool catalogue<\/a><\/p><p><a href=\"https:\/\/gurudistribution.eu\/wp-content\/uploads\/2025\/11\/CAT-Nano-Sol_ENG.pdf\" target=\"_blank\" rel=\"noopener\">Newest NANOVISTA Sol catalogue<\/a><\/p><p><a href=\"https:\/\/gurudistribution.eu\/wp-content\/uploads\/2025\/11\/NANOCLIP.pdf\" target=\"_blank\" rel=\"noopener\">Newest NANOVISTA Clip catalogue<\/a><\/p>\t\t\t\t\t\t\t\t<\/div>\n\t\t\t\t\t<\/div>\n\t\t\t\t<\/div>\n\t\t\t\t<\/div>","protected":false},"excerpt":{"rendered":"<p>Nano Vista ir inovat\u012bvs b\u0113rnu optikas z\u012bmols no GVO Optics (Sp\u0101nija), kas specializ\u0113jas iztur\u012bgu, elast\u012bgu un dro\u0161u b\u0113rnu bri\u013c\u013cu izstr\u0101d\u0113. Z\u012bmols rad\u012bts ar m\u0113r\u0137i apvienot komfortu, dizainu un iztur\u012bbu, lai b\u0113rni justos labi un vec\u0101ki b\u016btu p\u0101rliecin\u0101ti par produkta kvalit\u0101ti un dro\u0161\u012bbu. Filozofija Nano Vista filozofija ir vienk\u0101r\u0161a un sp\u0113c\u012bga:\u201cKids will be kids \u2013 and [&hellip;]<\/p>\n","protected":false},"author":1,"featured_media":0,"parent":225,"menu_order":0,"comment_status":"closed","ping_status":"closed","template":"elementor_header_footer","meta":{"footnotes":""},"class_list":["post-1526","page","type-page","status-publish","hentry"],"yoast_head":"<!-- This site is optimized with the Yoast SEO plugin v27.3 - https:\/\/yoast.com\/product\/yoast-seo-wordpress\/ -->\n<title>NANO Vista - Guru Distribution<\/title>\n<meta name=\"robots\" content=\"index, follow, max-snippet:-1, max-image-preview:large, max-video-preview:-1\" \/>\n<link rel=\"canonical\" href=\"https:\/\/gurudistribution.eu\/en\/zimoli\/nano\/\" \/>\n<meta property=\"og:locale\" content=\"en_US\" \/>\n<meta property=\"og:type\" content=\"article\" \/>\n<meta property=\"og:title\" content=\"NANO Vista - Guru Distribution\" \/>\n<meta property=\"og:description\" content=\"Nano Vista ir inovat\u012bvs b\u0113rnu optikas z\u012bmols no GVO Optics (Sp\u0101nija), kas specializ\u0113jas iztur\u012bgu, elast\u012bgu un dro\u0161u b\u0113rnu bri\u013c\u013cu izstr\u0101d\u0113. Z\u012bmols rad\u012bts ar m\u0113r\u0137i apvienot komfortu, dizainu un iztur\u012bbu, lai b\u0113rni justos labi un vec\u0101ki b\u016btu p\u0101rliecin\u0101ti par produkta kvalit\u0101ti un dro\u0161\u012bbu. Filozofija Nano Vista filozofija ir vienk\u0101r\u0161a un sp\u0113c\u012bga:\u201cKids will be kids \u2013 and [&hellip;]\" \/>\n<meta property=\"og:url\" content=\"https:\/\/gurudistribution.eu\/en\/zimoli\/nano\/\" \/>\n<meta property=\"og:site_name\" content=\"Guru Distribution\" \/>\n<meta property=\"article:publisher\" content=\"https:\/\/www.facebook.com\/gurudistribution\" \/>\n<meta property=\"article:modified_time\" content=\"2025-12-05T12:39:11+00:00\" \/>\n<meta property=\"og:image\" content=\"https:\/\/gurudistribution.eu\/wp-content\/uploads\/2025\/10\/nano-vista-logo.jpg\" \/>\n\t<meta property=\"og:image:width\" content=\"468\" \/>\n\t<meta property=\"og:image:height\" content=\"270\" \/>\n\t<meta property=\"og:image:type\" content=\"image\/jpeg\" \/>\n<meta name=\"twitter:card\" content=\"summary_large_image\" \/>\n<meta name=\"twitter:label1\" content=\"Est. reading time\" \/>\n\t<meta name=\"twitter:data1\" content=\"1 minute\" \/>\n<script type=\"application\/ld+json\" class=\"yoast-schema-graph\">{\"@context\":\"https:\\\/\\\/schema.org\",\"@graph\":[{\"@type\":\"WebPage\",\"@id\":\"https:\\\/\\\/gurudistribution.eu\\\/zimoli\\\/nano\\\/\",\"url\":\"https:\\\/\\\/gurudistribution.eu\\\/zimoli\\\/nano\\\/\",\"name\":\"NANO Vista - Guru Distribution\",\"isPartOf\":{\"@id\":\"https:\\\/\\\/gurudistribution.eu\\\/en\\\/#website\"},\"primaryImageOfPage\":{\"@id\":\"https:\\\/\\\/gurudistribution.eu\\\/zimoli\\\/nano\\\/#primaryimage\"},\"image\":{\"@id\":\"https:\\\/\\\/gurudistribution.eu\\\/zimoli\\\/nano\\\/#primaryimage\"},\"thumbnailUrl\":\"https:\\\/\\\/gurudistribution.eu\\\/wp-content\\\/uploads\\\/2025\\\/10\\\/nano-vista-logo.jpg\",\"datePublished\":\"2025-10-20T05:31:01+00:00\",\"dateModified\":\"2025-12-05T12:39:11+00:00\",\"breadcrumb\":{\"@id\":\"https:\\\/\\\/gurudistribution.eu\\\/zimoli\\\/nano\\\/#breadcrumb\"},\"inLanguage\":\"en-US\",\"potentialAction\":[{\"@type\":\"ReadAction\",\"target\":[\"https:\\\/\\\/gurudistribution.eu\\\/zimoli\\\/nano\\\/\"]}]},{\"@type\":\"ImageObject\",\"inLanguage\":\"en-US\",\"@id\":\"https:\\\/\\\/gurudistribution.eu\\\/zimoli\\\/nano\\\/#primaryimage\",\"url\":\"https:\\\/\\\/gurudistribution.eu\\\/wp-content\\\/uploads\\\/2025\\\/10\\\/nano-vista-logo.jpg\",\"contentUrl\":\"https:\\\/\\\/gurudistribution.eu\\\/wp-content\\\/uploads\\\/2025\\\/10\\\/nano-vista-logo.jpg\"},{\"@type\":\"BreadcrumbList\",\"@id\":\"https:\\\/\\\/gurudistribution.eu\\\/zimoli\\\/nano\\\/#breadcrumb\",\"itemListElement\":[{\"@type\":\"ListItem\",\"position\":1,\"name\":\"Home\",\"item\":\"https:\\\/\\\/gurudistribution.eu\\\/\"},{\"@type\":\"ListItem\",\"position\":2,\"name\":\"Z\u012aMOLI\",\"item\":\"https:\\\/\\\/gurudistribution.eu\\\/en\\\/zimoli\\\/\"},{\"@type\":\"ListItem\",\"position\":3,\"name\":\"NANO Vista\"}]},{\"@type\":\"WebSite\",\"@id\":\"https:\\\/\\\/gurudistribution.eu\\\/en\\\/#website\",\"url\":\"https:\\\/\\\/gurudistribution.eu\\\/en\\\/\",\"name\":\"Guru Distribution\",\"description\":\"\",\"publisher\":{\"@id\":\"https:\\\/\\\/gurudistribution.eu\\\/en\\\/#organization\"},\"potentialAction\":[{\"@type\":\"SearchAction\",\"target\":{\"@type\":\"EntryPoint\",\"urlTemplate\":\"https:\\\/\\\/gurudistribution.eu\\\/en\\\/?s={search_term_string}\"},\"query-input\":{\"@type\":\"PropertyValueSpecification\",\"valueRequired\":true,\"valueName\":\"search_term_string\"}}],\"inLanguage\":\"en-US\"},{\"@type\":\"Organization\",\"@id\":\"https:\\\/\\\/gurudistribution.eu\\\/en\\\/#organization\",\"name\":\"Guru Distribution\",\"url\":\"https:\\\/\\\/gurudistribution.eu\\\/en\\\/\",\"logo\":{\"@type\":\"ImageObject\",\"inLanguage\":\"en-US\",\"@id\":\"https:\\\/\\\/gurudistribution.eu\\\/en\\\/#\\\/schema\\\/logo\\\/image\\\/\",\"url\":\"https:\\\/\\\/gurudistribution.eu\\\/wp-content\\\/uploads\\\/2025\\\/10\\\/guru_logo_full_large-scaled-2-e1759335026600.jpg\",\"contentUrl\":\"https:\\\/\\\/gurudistribution.eu\\\/wp-content\\\/uploads\\\/2025\\\/10\\\/guru_logo_full_large-scaled-2-e1759335026600.jpg\",\"width\":1694,\"height\":503,\"caption\":\"Guru Distribution\"},\"image\":{\"@id\":\"https:\\\/\\\/gurudistribution.eu\\\/en\\\/#\\\/schema\\\/logo\\\/image\\\/\"},\"sameAs\":[\"https:\\\/\\\/www.facebook.com\\\/gurudistribution\",\"https:\\\/\\\/www.linkedin.com\\\/company\\\/guru-distribution-linkedin\\\/\"]}]}<\/script>\n<!-- \/ Yoast SEO plugin. -->","yoast_head_json":{"title":"NANO Vista - Guru Distribution","robots":{"index":"index","follow":"follow","max-snippet":"max-snippet:-1","max-image-preview":"max-image-preview:large","max-video-preview":"max-video-preview:-1"},"canonical":"https:\/\/gurudistribution.eu\/en\/zimoli\/nano\/","og_locale":"en_US","og_type":"article","og_title":"NANO Vista - Guru Distribution","og_description":"Nano Vista ir inovat\u012bvs b\u0113rnu optikas z\u012bmols no GVO Optics (Sp\u0101nija), kas specializ\u0113jas iztur\u012bgu, elast\u012bgu un dro\u0161u b\u0113rnu bri\u013c\u013cu izstr\u0101d\u0113. Z\u012bmols rad\u012bts ar m\u0113r\u0137i apvienot komfortu, dizainu un iztur\u012bbu, lai b\u0113rni justos labi un vec\u0101ki b\u016btu p\u0101rliecin\u0101ti par produkta kvalit\u0101ti un dro\u0161\u012bbu. Filozofija Nano Vista filozofija ir vienk\u0101r\u0161a un sp\u0113c\u012bga:\u201cKids will be kids \u2013 and [&hellip;]","og_url":"https:\/\/gurudistribution.eu\/en\/zimoli\/nano\/","og_site_name":"Guru Distribution","article_publisher":"https:\/\/www.facebook.com\/gurudistribution","article_modified_time":"2025-12-05T12:39:11+00:00","og_image":[{"width":468,"height":270,"url":"https:\/\/gurudistribution.eu\/wp-content\/uploads\/2025\/10\/nano-vista-logo.jpg","type":"image\/jpeg"}],"twitter_card":"summary_large_image","twitter_misc":{"Est. reading time":"1 minute"},"schema":{"@context":"https:\/\/schema.org","@graph":[{"@type":"WebPage","@id":"https:\/\/gurudistribution.eu\/zimoli\/nano\/","url":"https:\/\/gurudistribution.eu\/zimoli\/nano\/","name":"NANO Vista - Guru Distribution","isPartOf":{"@id":"https:\/\/gurudistribution.eu\/en\/#website"},"primaryImageOfPage":{"@id":"https:\/\/gurudistribution.eu\/zimoli\/nano\/#primaryimage"},"image":{"@id":"https:\/\/gurudistribution.eu\/zimoli\/nano\/#primaryimage"},"thumbnailUrl":"https:\/\/gurudistribution.eu\/wp-content\/uploads\/2025\/10\/nano-vista-logo.jpg","datePublished":"2025-10-20T05:31:01+00:00","dateModified":"2025-12-05T12:39:11+00:00","breadcrumb":{"@id":"https:\/\/gurudistribution.eu\/zimoli\/nano\/#breadcrumb"},"inLanguage":"en-US","potentialAction":[{"@type":"ReadAction","target":["https:\/\/gurudistribution.eu\/zimoli\/nano\/"]}]},{"@type":"ImageObject","inLanguage":"en-US","@id":"https:\/\/gurudistribution.eu\/zimoli\/nano\/#primaryimage","url":"https:\/\/gurudistribution.eu\/wp-content\/uploads\/2025\/10\/nano-vista-logo.jpg","contentUrl":"https:\/\/gurudistribution.eu\/wp-content\/uploads\/2025\/10\/nano-vista-logo.jpg"},{"@type":"BreadcrumbList","@id":"https:\/\/gurudistribution.eu\/zimoli\/nano\/#breadcrumb","itemListElement":[{"@type":"ListItem","position":1,"name":"Home","item":"https:\/\/gurudistribution.eu\/"},{"@type":"ListItem","position":2,"name":"Z\u012aMOLI","item":"https:\/\/gurudistribution.eu\/en\/zimoli\/"},{"@type":"ListItem","position":3,"name":"NANO Vista"}]},{"@type":"WebSite","@id":"https:\/\/gurudistribution.eu\/en\/#website","url":"https:\/\/gurudistribution.eu\/en\/","name":"Guru Distribution","description":"","publisher":{"@id":"https:\/\/gurudistribution.eu\/en\/#organization"},"potentialAction":[{"@type":"SearchAction","target":{"@type":"EntryPoint","urlTemplate":"https:\/\/gurudistribution.eu\/en\/?s={search_term_string}"},"query-input":{"@type":"PropertyValueSpecification","valueRequired":true,"valueName":"search_term_string"}}],"inLanguage":"en-US"},{"@type":"Organization","@id":"https:\/\/gurudistribution.eu\/en\/#organization","name":"Guru Distribution","url":"https:\/\/gurudistribution.eu\/en\/","logo":{"@type":"ImageObject","inLanguage":"en-US","@id":"https:\/\/gurudistribution.eu\/en\/#\/schema\/logo\/image\/","url":"https:\/\/gurudistribution.eu\/wp-content\/uploads\/2025\/10\/guru_logo_full_large-scaled-2-e1759335026600.jpg","contentUrl":"https:\/\/gurudistribution.eu\/wp-content\/uploads\/2025\/10\/guru_logo_full_large-scaled-2-e1759335026600.jpg","width":1694,"height":503,"caption":"Guru Distribution"},"image":{"@id":"https:\/\/gurudistribution.eu\/en\/#\/schema\/logo\/image\/"},"sameAs":["https:\/\/www.facebook.com\/gurudistribution","https:\/\/www.linkedin.com\/company\/guru-distribution-linkedin\/"]}]}},"_links":{"self":[{"href":"https:\/\/gurudistribution.eu\/en\/wp-json\/wp\/v2\/pages\/1526","targetHints":{"allow":["GET"]}}],"collection":[{"href":"https:\/\/gurudistribution.eu\/en\/wp-json\/wp\/v2\/pages"}],"about":[{"href":"https:\/\/gurudistribution.eu\/en\/wp-json\/wp\/v2\/types\/page"}],"author":[{"embeddable":true,"href":"https:\/\/gurudistribution.eu\/en\/wp-json\/wp\/v2\/users\/1"}],"replies":[{"embeddable":true,"href":"https:\/\/gurudistribution.eu\/en\/wp-json\/wp\/v2\/comments?post=1526"}],"version-history":[{"count":44,"href":"https:\/\/gurudistribution.eu\/en\/wp-json\/wp\/v2\/pages\/1526\/revisions"}],"predecessor-version":[{"id":2688,"href":"https:\/\/gurudistribution.eu\/en\/wp-json\/wp\/v2\/pages\/1526\/revisions\/2688"}],"up":[{"embeddable":true,"href":"https:\/\/gurudistribution.eu\/en\/wp-json\/wp\/v2\/pages\/225"}],"wp:attachment":[{"href":"https:\/\/gurudistribution.eu\/en\/wp-json\/wp\/v2\/media?parent=1526"}],"curies":[{"name":"wp","href":"https:\/\/api.w.org\/{rel}","templated":true}]}}