{"id":1524,"date":"2025-10-20T07:33:18","date_gmt":"2025-10-20T05:33:18","guid":{"rendered":"https:\/\/gd.gurudistribution.eu\/?page_id=1524"},"modified":"2025-11-19T09:44:07","modified_gmt":"2025-11-19T07:44:07","slug":"spy","status":"publish","type":"page","link":"https:\/\/gurudistribution.eu\/en\/zimoli\/spy\/","title":{"rendered":"SPY+"},"content":{"rendered":"<div data-elementor-type=\"wp-page\" data-elementor-id=\"1524\" class=\"elementor elementor-1524\" data-elementor-post-type=\"page\">\n\t\t\t\t<div class=\"elementor-element elementor-element-bceda98 e-flex e-con-boxed e-con e-parent\" data-id=\"bceda98\" data-element_type=\"container\" data-e-type=\"container\">\n\t\t\t\t\t<div class=\"e-con-inner\">\n\t\t\t\t<div class=\"elementor-element elementor-element-3e831b2 elementor-widget elementor-widget-image\" data-id=\"3e831b2\" data-element_type=\"widget\" data-e-type=\"widget\" data-widget_type=\"image.default\">\n\t\t\t\t\t\t\t\t\t\t\t\t\t\t\t<img fetchpriority=\"high\" decoding=\"async\" width=\"800\" height=\"351\" src=\"https:\/\/gurudistribution.eu\/wp-content\/uploads\/2025\/10\/spy_1140x500-1024x449.jpg\" class=\"attachment-large size-large wp-image-611\" alt=\"\" srcset=\"https:\/\/gurudistribution.eu\/wp-content\/uploads\/2025\/10\/spy_1140x500-1024x449.jpg 1024w, https:\/\/gurudistribution.eu\/wp-content\/uploads\/2025\/10\/spy_1140x500-300x132.jpg 300w, https:\/\/gurudistribution.eu\/wp-content\/uploads\/2025\/10\/spy_1140x500-768x337.jpg 768w, https:\/\/gurudistribution.eu\/wp-content\/uploads\/2025\/10\/spy_1140x500-18x8.jpg 18w, https:\/\/gurudistribution.eu\/wp-content\/uploads\/2025\/10\/spy_1140x500.jpg 1140w\" sizes=\"(max-width: 800px) 100vw, 800px\" \/>\t\t\t\t\t\t\t\t\t\t\t\t\t\t\t<\/div>\n\t\t\t\t<div class=\"elementor-element elementor-element-007eb87 elementor-widget elementor-widget-spacer\" data-id=\"007eb87\" data-element_type=\"widget\" data-e-type=\"widget\" data-widget_type=\"spacer.default\">\n\t\t\t\t\t\t\t<div class=\"elementor-spacer\">\n\t\t\t<div class=\"elementor-spacer-inner\"><\/div>\n\t\t<\/div>\n\t\t\t\t\t\t<\/div>\n\t\t\t\t\t<\/div>\n\t\t\t\t<\/div>\n\t\t<div class=\"elementor-element elementor-element-dd0c010 e-flex e-con-boxed e-con e-parent\" data-id=\"dd0c010\" data-element_type=\"container\" data-e-type=\"container\">\n\t\t\t\t\t<div class=\"e-con-inner\">\n\t\t\t\t<div class=\"elementor-element elementor-element-e596575 elementor-widget elementor-widget-text-editor\" data-id=\"e596575\" data-element_type=\"widget\" data-e-type=\"widget\" data-widget_type=\"text-editor.default\">\n\t\t\t\t\t\t\t\t\t<p class=\"translation-block\">SPY Optic is an American eyewear and sunglasses brand founded in 1994 in California, USA. It was shaped by the spirit of active lifestyles and extreme sports culture \u2014 motocross, snowboarding, surfing, and the pursuit of freedom. SPY has always stood for boldness, individuality, and the ability to see the world differently.<\/p><p class=\"translation-block\">SPY Optic offers a wide range of sunglasses, optical eyewear, and sports goggles. Their products combine bold design with advanced technologies such as Happy Lens\u2122, which enhances visual quality and positively affects overall well-being by filtering light waves in a way that helps the eyes see more clearly and the mind feel better.<\/p><p>The brand\u2019s products stand out for their high-quality materials, comfort, durability, and a unique style that blends athletic energy with everyday design. SPY has always been closely connected with creative individuals, athletes, and those who choose not to follow the traditional path.<\/p><p><b>Philosophy<\/b><\/p><p class=\"translation-block\">SPY\u2019s philosophy is based on the idea of \u201cseeing the world differently\u201d \u2014 with joy, energy, and the courage to move at your own rhythm. Their attitude is perfectly expressed by the slogan \u201cHappy disrespect for the norm,\u201d which represents a joyful nonconformity with everyday norms.<\/p><p>The brand encourages people to be free, to see the positive, to create, and to explore. Its mission is to inspire individuals to live actively, with an open view of the world and joy in what they do.<\/p><p>\u00a0<\/p>\t\t\t\t\t\t\t\t<\/div>\n\t\t\t\t<div class=\"elementor-element elementor-element-be5f7d6 elementor-widget elementor-widget-text-editor\" data-id=\"be5f7d6\" data-element_type=\"widget\" data-e-type=\"widget\" data-widget_type=\"text-editor.default\">\n\t\t\t\t\t\t\t\t\t<p><a href=\"https:\/\/gurudistribution.eu\/wp-content\/uploads\/2025\/11\/SPY_SS24_Sunglasses_Ophthalmic.pdf\" target=\"_blank\" rel=\"noopener\">Summer catalogue<\/a><\/p><p><a href=\"https:\/\/app.salsify.com\/catalogs\/4d5393d5-dbbf-49f4-ade0-0a57d1de60c4\/products?filter=%3D%27Brand%27%3A%27SPY%27&amp;page=1\">Winter (<\/a><a id=\"ember1192\" class=\"active ember-view\" href=\"https:\/\/app.salsify.com\/catalogs\/4d5393d5-dbbf-49f4-ade0-0a57d1de60c4\/products?filter=%3D%27Brand%27%3A%27SPY%27&amp;page=1\" target=\"_blank\" rel=\"noopener\">Spy+ AW24-25 (Goggles &amp; Helmets Winter)<\/a><a href=\"https:\/\/app.salsify.com\/catalogs\/4d5393d5-dbbf-49f4-ade0-0a57d1de60c4\/products?filter=%3D%27Brand%27%3A%27SPY%27&amp;page=1\">)collection catalogue.<\/a>.<\/p>\t\t\t\t\t\t\t\t<\/div>\n\t\t\t\t\t<\/div>\n\t\t\t\t<\/div>\n\t\t\t\t<\/div>","protected":false},"excerpt":{"rendered":"<p>SPY Optic ir amerik\u0101\u0146u bri\u013c\u013cu un saulesbri\u013c\u013cu z\u012bmols, dibin\u0101ts 1994. gad\u0101 Kalifornij\u0101, ASV. Tas veidojies, iedvesmojoties no akt\u012bv\u0101 dz\u012bvesveida un ekstr\u0113mo sporta veidu kult\u016bras \u2013 motokrosa, snovborda, s\u0113rfo\u0161anas un br\u012bv\u012bbas gar\u0101. SPY vienm\u0113r ir bijis par drosmi, individualit\u0101ti un sp\u0113ju redz\u0113t pasauli cit\u0101di. SPY Optic pied\u0101v\u0101 pla\u0161u saulesbri\u013c\u013cu, optisko un sporta bri\u013c\u013cu kl\u0101stu. T\u0101 produkti [&hellip;]<\/p>\n","protected":false},"author":1,"featured_media":0,"parent":225,"menu_order":0,"comment_status":"closed","ping_status":"closed","template":"elementor_header_footer","meta":{"footnotes":""},"class_list":["post-1524","page","type-page","status-publish","hentry"],"yoast_head":"<!-- This site is optimized with the Yoast SEO plugin v27.3 - https:\/\/yoast.com\/product\/yoast-seo-wordpress\/ -->\n<title>SPY+ - Guru Distribution<\/title>\n<meta name=\"robots\" content=\"index, follow, max-snippet:-1, max-image-preview:large, max-video-preview:-1\" \/>\n<link rel=\"canonical\" href=\"https:\/\/gurudistribution.eu\/en\/zimoli\/spy\/\" \/>\n<meta property=\"og:locale\" content=\"en_US\" \/>\n<meta property=\"og:type\" content=\"article\" \/>\n<meta property=\"og:title\" content=\"SPY+ - Guru Distribution\" \/>\n<meta property=\"og:description\" content=\"SPY Optic ir amerik\u0101\u0146u bri\u013c\u013cu un saulesbri\u013c\u013cu z\u012bmols, dibin\u0101ts 1994. gad\u0101 Kalifornij\u0101, ASV. Tas veidojies, iedvesmojoties no akt\u012bv\u0101 dz\u012bvesveida un ekstr\u0113mo sporta veidu kult\u016bras \u2013 motokrosa, snovborda, s\u0113rfo\u0161anas un br\u012bv\u012bbas gar\u0101. SPY vienm\u0113r ir bijis par drosmi, individualit\u0101ti un sp\u0113ju redz\u0113t pasauli cit\u0101di. SPY Optic pied\u0101v\u0101 pla\u0161u saulesbri\u013c\u013cu, optisko un sporta bri\u013c\u013cu kl\u0101stu. T\u0101 produkti [&hellip;]\" \/>\n<meta property=\"og:url\" content=\"https:\/\/gurudistribution.eu\/en\/zimoli\/spy\/\" \/>\n<meta property=\"og:site_name\" content=\"Guru Distribution\" \/>\n<meta property=\"article:publisher\" content=\"https:\/\/www.facebook.com\/gurudistribution\" \/>\n<meta property=\"article:modified_time\" content=\"2025-11-19T07:44:07+00:00\" \/>\n<meta property=\"og:image\" content=\"https:\/\/gurudistribution.eu\/wp-content\/uploads\/2025\/10\/spy_1140x500.jpg\" \/>\n\t<meta property=\"og:image:width\" content=\"1140\" \/>\n\t<meta property=\"og:image:height\" content=\"500\" \/>\n\t<meta property=\"og:image:type\" content=\"image\/jpeg\" \/>\n<meta name=\"twitter:card\" content=\"summary_large_image\" \/>\n<meta name=\"twitter:label1\" content=\"Est. reading time\" \/>\n\t<meta name=\"twitter:data1\" content=\"1 minute\" \/>\n<script type=\"application\/ld+json\" class=\"yoast-schema-graph\">{\"@context\":\"https:\\\/\\\/schema.org\",\"@graph\":[{\"@type\":\"WebPage\",\"@id\":\"https:\\\/\\\/gurudistribution.eu\\\/zimoli\\\/spy\\\/\",\"url\":\"https:\\\/\\\/gurudistribution.eu\\\/zimoli\\\/spy\\\/\",\"name\":\"SPY+ - Guru Distribution\",\"isPartOf\":{\"@id\":\"https:\\\/\\\/gurudistribution.eu\\\/en\\\/#website\"},\"primaryImageOfPage\":{\"@id\":\"https:\\\/\\\/gurudistribution.eu\\\/zimoli\\\/spy\\\/#primaryimage\"},\"image\":{\"@id\":\"https:\\\/\\\/gurudistribution.eu\\\/zimoli\\\/spy\\\/#primaryimage\"},\"thumbnailUrl\":\"https:\\\/\\\/gurudistribution.eu\\\/wp-content\\\/uploads\\\/2025\\\/10\\\/spy_1140x500-1024x449.jpg\",\"datePublished\":\"2025-10-20T05:33:18+00:00\",\"dateModified\":\"2025-11-19T07:44:07+00:00\",\"breadcrumb\":{\"@id\":\"https:\\\/\\\/gurudistribution.eu\\\/zimoli\\\/spy\\\/#breadcrumb\"},\"inLanguage\":\"en-US\",\"potentialAction\":[{\"@type\":\"ReadAction\",\"target\":[\"https:\\\/\\\/gurudistribution.eu\\\/zimoli\\\/spy\\\/\"]}]},{\"@type\":\"ImageObject\",\"inLanguage\":\"en-US\",\"@id\":\"https:\\\/\\\/gurudistribution.eu\\\/zimoli\\\/spy\\\/#primaryimage\",\"url\":\"https:\\\/\\\/gurudistribution.eu\\\/wp-content\\\/uploads\\\/2025\\\/10\\\/spy_1140x500-1024x449.jpg\",\"contentUrl\":\"https:\\\/\\\/gurudistribution.eu\\\/wp-content\\\/uploads\\\/2025\\\/10\\\/spy_1140x500-1024x449.jpg\"},{\"@type\":\"BreadcrumbList\",\"@id\":\"https:\\\/\\\/gurudistribution.eu\\\/zimoli\\\/spy\\\/#breadcrumb\",\"itemListElement\":[{\"@type\":\"ListItem\",\"position\":1,\"name\":\"Home\",\"item\":\"https:\\\/\\\/gurudistribution.eu\\\/\"},{\"@type\":\"ListItem\",\"position\":2,\"name\":\"Z\u012aMOLI\",\"item\":\"https:\\\/\\\/gurudistribution.eu\\\/en\\\/zimoli\\\/\"},{\"@type\":\"ListItem\",\"position\":3,\"name\":\"SPY+\"}]},{\"@type\":\"WebSite\",\"@id\":\"https:\\\/\\\/gurudistribution.eu\\\/en\\\/#website\",\"url\":\"https:\\\/\\\/gurudistribution.eu\\\/en\\\/\",\"name\":\"Guru Distribution\",\"description\":\"\",\"publisher\":{\"@id\":\"https:\\\/\\\/gurudistribution.eu\\\/en\\\/#organization\"},\"potentialAction\":[{\"@type\":\"SearchAction\",\"target\":{\"@type\":\"EntryPoint\",\"urlTemplate\":\"https:\\\/\\\/gurudistribution.eu\\\/en\\\/?s={search_term_string}\"},\"query-input\":{\"@type\":\"PropertyValueSpecification\",\"valueRequired\":true,\"valueName\":\"search_term_string\"}}],\"inLanguage\":\"en-US\"},{\"@type\":\"Organization\",\"@id\":\"https:\\\/\\\/gurudistribution.eu\\\/en\\\/#organization\",\"name\":\"Guru Distribution\",\"url\":\"https:\\\/\\\/gurudistribution.eu\\\/en\\\/\",\"logo\":{\"@type\":\"ImageObject\",\"inLanguage\":\"en-US\",\"@id\":\"https:\\\/\\\/gurudistribution.eu\\\/en\\\/#\\\/schema\\\/logo\\\/image\\\/\",\"url\":\"https:\\\/\\\/gurudistribution.eu\\\/wp-content\\\/uploads\\\/2025\\\/10\\\/guru_logo_full_large-scaled-2-e1759335026600.jpg\",\"contentUrl\":\"https:\\\/\\\/gurudistribution.eu\\\/wp-content\\\/uploads\\\/2025\\\/10\\\/guru_logo_full_large-scaled-2-e1759335026600.jpg\",\"width\":1694,\"height\":503,\"caption\":\"Guru Distribution\"},\"image\":{\"@id\":\"https:\\\/\\\/gurudistribution.eu\\\/en\\\/#\\\/schema\\\/logo\\\/image\\\/\"},\"sameAs\":[\"https:\\\/\\\/www.facebook.com\\\/gurudistribution\",\"https:\\\/\\\/www.linkedin.com\\\/company\\\/guru-distribution-linkedin\\\/\"]}]}<\/script>\n<!-- \/ Yoast SEO plugin. -->","yoast_head_json":{"title":"SPY+ - Guru Distribution","robots":{"index":"index","follow":"follow","max-snippet":"max-snippet:-1","max-image-preview":"max-image-preview:large","max-video-preview":"max-video-preview:-1"},"canonical":"https:\/\/gurudistribution.eu\/en\/zimoli\/spy\/","og_locale":"en_US","og_type":"article","og_title":"SPY+ - Guru Distribution","og_description":"SPY Optic ir amerik\u0101\u0146u bri\u013c\u013cu un saulesbri\u013c\u013cu z\u012bmols, dibin\u0101ts 1994. gad\u0101 Kalifornij\u0101, ASV. Tas veidojies, iedvesmojoties no akt\u012bv\u0101 dz\u012bvesveida un ekstr\u0113mo sporta veidu kult\u016bras \u2013 motokrosa, snovborda, s\u0113rfo\u0161anas un br\u012bv\u012bbas gar\u0101. SPY vienm\u0113r ir bijis par drosmi, individualit\u0101ti un sp\u0113ju redz\u0113t pasauli cit\u0101di. SPY Optic pied\u0101v\u0101 pla\u0161u saulesbri\u013c\u013cu, optisko un sporta bri\u013c\u013cu kl\u0101stu. T\u0101 produkti [&hellip;]","og_url":"https:\/\/gurudistribution.eu\/en\/zimoli\/spy\/","og_site_name":"Guru Distribution","article_publisher":"https:\/\/www.facebook.com\/gurudistribution","article_modified_time":"2025-11-19T07:44:07+00:00","og_image":[{"width":1140,"height":500,"url":"https:\/\/gurudistribution.eu\/wp-content\/uploads\/2025\/10\/spy_1140x500.jpg","type":"image\/jpeg"}],"twitter_card":"summary_large_image","twitter_misc":{"Est. reading time":"1 minute"},"schema":{"@context":"https:\/\/schema.org","@graph":[{"@type":"WebPage","@id":"https:\/\/gurudistribution.eu\/zimoli\/spy\/","url":"https:\/\/gurudistribution.eu\/zimoli\/spy\/","name":"SPY+ - Guru Distribution","isPartOf":{"@id":"https:\/\/gurudistribution.eu\/en\/#website"},"primaryImageOfPage":{"@id":"https:\/\/gurudistribution.eu\/zimoli\/spy\/#primaryimage"},"image":{"@id":"https:\/\/gurudistribution.eu\/zimoli\/spy\/#primaryimage"},"thumbnailUrl":"https:\/\/gurudistribution.eu\/wp-content\/uploads\/2025\/10\/spy_1140x500-1024x449.jpg","datePublished":"2025-10-20T05:33:18+00:00","dateModified":"2025-11-19T07:44:07+00:00","breadcrumb":{"@id":"https:\/\/gurudistribution.eu\/zimoli\/spy\/#breadcrumb"},"inLanguage":"en-US","potentialAction":[{"@type":"ReadAction","target":["https:\/\/gurudistribution.eu\/zimoli\/spy\/"]}]},{"@type":"ImageObject","inLanguage":"en-US","@id":"https:\/\/gurudistribution.eu\/zimoli\/spy\/#primaryimage","url":"https:\/\/gurudistribution.eu\/wp-content\/uploads\/2025\/10\/spy_1140x500-1024x449.jpg","contentUrl":"https:\/\/gurudistribution.eu\/wp-content\/uploads\/2025\/10\/spy_1140x500-1024x449.jpg"},{"@type":"BreadcrumbList","@id":"https:\/\/gurudistribution.eu\/zimoli\/spy\/#breadcrumb","itemListElement":[{"@type":"ListItem","position":1,"name":"Home","item":"https:\/\/gurudistribution.eu\/"},{"@type":"ListItem","position":2,"name":"Z\u012aMOLI","item":"https:\/\/gurudistribution.eu\/en\/zimoli\/"},{"@type":"ListItem","position":3,"name":"SPY+"}]},{"@type":"WebSite","@id":"https:\/\/gurudistribution.eu\/en\/#website","url":"https:\/\/gurudistribution.eu\/en\/","name":"Guru Distribution","description":"","publisher":{"@id":"https:\/\/gurudistribution.eu\/en\/#organization"},"potentialAction":[{"@type":"SearchAction","target":{"@type":"EntryPoint","urlTemplate":"https:\/\/gurudistribution.eu\/en\/?s={search_term_string}"},"query-input":{"@type":"PropertyValueSpecification","valueRequired":true,"valueName":"search_term_string"}}],"inLanguage":"en-US"},{"@type":"Organization","@id":"https:\/\/gurudistribution.eu\/en\/#organization","name":"Guru Distribution","url":"https:\/\/gurudistribution.eu\/en\/","logo":{"@type":"ImageObject","inLanguage":"en-US","@id":"https:\/\/gurudistribution.eu\/en\/#\/schema\/logo\/image\/","url":"https:\/\/gurudistribution.eu\/wp-content\/uploads\/2025\/10\/guru_logo_full_large-scaled-2-e1759335026600.jpg","contentUrl":"https:\/\/gurudistribution.eu\/wp-content\/uploads\/2025\/10\/guru_logo_full_large-scaled-2-e1759335026600.jpg","width":1694,"height":503,"caption":"Guru Distribution"},"image":{"@id":"https:\/\/gurudistribution.eu\/en\/#\/schema\/logo\/image\/"},"sameAs":["https:\/\/www.facebook.com\/gurudistribution","https:\/\/www.linkedin.com\/company\/guru-distribution-linkedin\/"]}]}},"_links":{"self":[{"href":"https:\/\/gurudistribution.eu\/en\/wp-json\/wp\/v2\/pages\/1524","targetHints":{"allow":["GET"]}}],"collection":[{"href":"https:\/\/gurudistribution.eu\/en\/wp-json\/wp\/v2\/pages"}],"about":[{"href":"https:\/\/gurudistribution.eu\/en\/wp-json\/wp\/v2\/types\/page"}],"author":[{"embeddable":true,"href":"https:\/\/gurudistribution.eu\/en\/wp-json\/wp\/v2\/users\/1"}],"replies":[{"embeddable":true,"href":"https:\/\/gurudistribution.eu\/en\/wp-json\/wp\/v2\/comments?post=1524"}],"version-history":[{"count":37,"href":"https:\/\/gurudistribution.eu\/en\/wp-json\/wp\/v2\/pages\/1524\/revisions"}],"predecessor-version":[{"id":2477,"href":"https:\/\/gurudistribution.eu\/en\/wp-json\/wp\/v2\/pages\/1524\/revisions\/2477"}],"up":[{"embeddable":true,"href":"https:\/\/gurudistribution.eu\/en\/wp-json\/wp\/v2\/pages\/225"}],"wp:attachment":[{"href":"https:\/\/gurudistribution.eu\/en\/wp-json\/wp\/v2\/media?parent=1524"}],"curies":[{"name":"wp","href":"https:\/\/api.w.org\/{rel}","templated":true}]}}