{"id":1519,"date":"2025-10-20T07:27:32","date_gmt":"2025-10-20T05:27:32","guid":{"rendered":"https:\/\/gd.gurudistribution.eu\/?page_id=1519"},"modified":"2026-01-07T13:07:12","modified_gmt":"2026-01-07T11:07:12","slug":"serengeti","status":"publish","type":"page","link":"https:\/\/gurudistribution.eu\/en\/zimoli\/serengeti\/","title":{"rendered":"SERENGETI"},"content":{"rendered":"<div data-elementor-type=\"wp-page\" data-elementor-id=\"1519\" class=\"elementor elementor-1519\" data-elementor-post-type=\"page\">\n\t\t\t\t<div class=\"elementor-element elementor-element-bceda98 e-flex e-con-boxed e-con e-parent\" data-id=\"bceda98\" data-element_type=\"container\" data-e-type=\"container\">\n\t\t\t\t\t<div class=\"e-con-inner\">\n\t\t\t\t<div class=\"elementor-element elementor-element-b4f2ee5 elementor-widget elementor-widget-image\" data-id=\"b4f2ee5\" data-element_type=\"widget\" data-e-type=\"widget\" data-widget_type=\"image.default\">\n\t\t\t\t\t\t\t\t\t\t\t\t\t\t\t<img decoding=\"async\" width=\"334\" height=\"58\" src=\"https:\/\/gurudistribution.eu\/wp-content\/uploads\/2025\/10\/Serengeti-new_logo.png\" class=\"attachment-large size-large wp-image-1760\" alt=\"\" srcset=\"https:\/\/gurudistribution.eu\/wp-content\/uploads\/2025\/10\/Serengeti-new_logo.png 334w, https:\/\/gurudistribution.eu\/wp-content\/uploads\/2025\/10\/Serengeti-new_logo-300x52.png 300w, https:\/\/gurudistribution.eu\/wp-content\/uploads\/2025\/10\/Serengeti-new_logo-18x3.png 18w\" sizes=\"(max-width: 334px) 100vw, 334px\" \/>\t\t\t\t\t\t\t\t\t\t\t\t\t\t\t<\/div>\n\t\t\t\t<div class=\"elementor-element elementor-element-337781d elementor-widget elementor-widget-spacer\" data-id=\"337781d\" data-element_type=\"widget\" data-e-type=\"widget\" data-widget_type=\"spacer.default\">\n\t\t\t\t\t\t\t<div class=\"elementor-spacer\">\n\t\t\t<div class=\"elementor-spacer-inner\"><\/div>\n\t\t<\/div>\n\t\t\t\t\t\t<\/div>\n\t\t\t\t\t<\/div>\n\t\t\t\t<\/div>\n\t\t<div class=\"elementor-element elementor-element-dd0c010 e-flex e-con-boxed e-con e-parent\" data-id=\"dd0c010\" data-element_type=\"container\" data-e-type=\"container\">\n\t\t\t\t\t<div class=\"e-con-inner\">\n\t\t\t\t<div class=\"elementor-element elementor-element-103e4fd elementor-widget elementor-widget-text-editor\" data-id=\"103e4fd\" data-element_type=\"widget\" data-e-type=\"widget\" data-widget_type=\"text-editor.default\">\n\t\t\t\t\t\t\t\t\t<p><b>Serengeti Eyewear<\/b> is a premium brand of sunglasses and optical eyewear, distinguished by its advanced lenses and sophisticated design. The brand was created with the goal of combining science, technology, and elegance to deliver the highest-quality vision experience for those who appreciate both style and functionality.<\/p><p>Serengeti is known as one of the most technologically advanced eyewear brands in the world. Its products use a unique <b>combination of three technologies<\/b> in a single lens:<\/p><ol><li><b>Photochromic<\/b> \u2013 self-adjusting to light conditions, darker in sunlight and lighter in shade.<\/li><li><b>Spectral Control\u00ae<\/b> \u2013 filters out unnecessary light waves, providing higher contrast and clearer colors.<\/li><li><b>Polarization<\/b> \u2013 eliminates glare, ensuring clear vision even in bright sunlight.<\/li><\/ol><p>These technologies provide exceptional visual comfort, reducing eye strain and enhancing visual perception.<\/p><p>Serengeti glasses are made from high-quality materials \u2013 titanium, stainless steel, acetate, and premium mineral glass. The design is elegant yet functional, perfectly suited for both an active lifestyle and everyday use.<\/p><p><b>Philosophy<\/b><\/p><p>Serengeti\u2019s philosophy is based on the idea of perfect vision and perception \u2013 seeing the world not only with the eyes but also with the senses. The brand\u2019s core value is <b>\u201cdriving vision to perfection\u201d<\/b> \u2013 a continuous pursuit of excellence and the refinement of vision technology.<\/p><p>Serengeti believes that eyewear is not just an accessory, but a tool that allows you to perceive the world more clearly \u2014 to see deeper and notice details that others might overlook.<\/p><p><a id=\"ember10\" class=\"active ember-view\" href=\"https:\/\/app.salsify.com\/catalogs\/5dd5721f-9adf-42ca-92c4-c1a3a841bf14\/products?filter=%3D&amp;page=1\">Serengeti SS26 &#8211; Sunglasses<\/a><\/p><p><a href=\"https:\/\/app.salsify.com\/catalogs\/adc5aecf-97fd-4621-96e6-7ec21b8bf1b7\/products?filter=%3D&amp;page=1\">Serengeti SS26 &#8211; Parts &amp; Accessories<\/a><\/p><p><a id=\"ember10\" class=\"active ember-view\" href=\"https:\/\/app.salsify.com\/catalogs\/767a04b7-7d23-4ec4-8f1b-f83e6101d631\/products?filter=%3D&amp;page=1\">Serengeti SS26 &#8211; Ophthalmic<\/a><\/p>\t\t\t\t\t\t\t\t<\/div>\n\t\t\t\t\t<\/div>\n\t\t\t\t<\/div>\n\t\t<div class=\"elementor-element elementor-element-79a8af9 e-flex e-con-boxed e-con e-parent\" data-id=\"79a8af9\" data-element_type=\"container\" data-e-type=\"container\">\n\t\t\t\t\t<div class=\"e-con-inner\">\n\t\t\t\t\t<\/div>\n\t\t\t\t<\/div>\n\t\t\t\t<\/div>","protected":false},"excerpt":{"rendered":"<p>Serengeti Eyewear ir premium klases saulesbri\u013c\u013cu un optisko bri\u013c\u013cu z\u012bmols, kas izce\u013cas ar progres\u012bv\u0101m l\u0113c\u0101m un izsmalcin\u0101tu dizainu. Z\u012bmols radies ar m\u0113r\u0137i apvienot zin\u0101tni, tehnolo\u0123iju un eleganci, lai pied\u0101v\u0101tu augst\u0101k\u0101s kvalit\u0101tes redzes pieredzi tiem, kas nov\u0113rt\u0113 gan stilu, gan funkcionalit\u0101ti. Serengeti ir paz\u012bstams k\u0101 viens no tehnolo\u0123iski att\u012bst\u012bt\u0101kajiem bri\u013c\u013cu z\u012bmoliem pasaul\u0113. T\u0101 produkti izmanto unik\u0101lu [&hellip;]<\/p>\n","protected":false},"author":1,"featured_media":0,"parent":225,"menu_order":0,"comment_status":"closed","ping_status":"closed","template":"elementor_header_footer","meta":{"footnotes":""},"class_list":["post-1519","page","type-page","status-publish","hentry"],"yoast_head":"<!-- This site is optimized with the Yoast SEO plugin v27.3 - https:\/\/yoast.com\/product\/yoast-seo-wordpress\/ -->\n<title>SERENGETI - Guru Distribution<\/title>\n<meta name=\"robots\" content=\"index, follow, max-snippet:-1, max-image-preview:large, max-video-preview:-1\" \/>\n<link rel=\"canonical\" href=\"https:\/\/gurudistribution.eu\/en\/zimoli\/serengeti\/\" \/>\n<meta property=\"og:locale\" content=\"en_US\" \/>\n<meta property=\"og:type\" content=\"article\" \/>\n<meta property=\"og:title\" content=\"SERENGETI - Guru Distribution\" \/>\n<meta property=\"og:description\" content=\"Serengeti Eyewear ir premium klases saulesbri\u013c\u013cu un optisko bri\u013c\u013cu z\u012bmols, kas izce\u013cas ar progres\u012bv\u0101m l\u0113c\u0101m un izsmalcin\u0101tu dizainu. Z\u012bmols radies ar m\u0113r\u0137i apvienot zin\u0101tni, tehnolo\u0123iju un eleganci, lai pied\u0101v\u0101tu augst\u0101k\u0101s kvalit\u0101tes redzes pieredzi tiem, kas nov\u0113rt\u0113 gan stilu, gan funkcionalit\u0101ti. Serengeti ir paz\u012bstams k\u0101 viens no tehnolo\u0123iski att\u012bst\u012bt\u0101kajiem bri\u013c\u013cu z\u012bmoliem pasaul\u0113. T\u0101 produkti izmanto unik\u0101lu [&hellip;]\" \/>\n<meta property=\"og:url\" content=\"https:\/\/gurudistribution.eu\/en\/zimoli\/serengeti\/\" \/>\n<meta property=\"og:site_name\" content=\"Guru Distribution\" \/>\n<meta property=\"article:publisher\" content=\"https:\/\/www.facebook.com\/gurudistribution\" \/>\n<meta property=\"article:modified_time\" content=\"2026-01-07T11:07:12+00:00\" \/>\n<meta property=\"og:image\" content=\"https:\/\/gurudistribution.eu\/wp-content\/uploads\/2025\/10\/Serengeti-new_logo.png\" \/>\n\t<meta property=\"og:image:width\" content=\"334\" \/>\n\t<meta property=\"og:image:height\" content=\"58\" \/>\n\t<meta property=\"og:image:type\" content=\"image\/png\" \/>\n<meta name=\"twitter:card\" content=\"summary_large_image\" \/>\n<meta name=\"twitter:label1\" content=\"Est. reading time\" \/>\n\t<meta name=\"twitter:data1\" content=\"1 minute\" \/>\n<script type=\"application\/ld+json\" class=\"yoast-schema-graph\">{\"@context\":\"https:\\\/\\\/schema.org\",\"@graph\":[{\"@type\":\"WebPage\",\"@id\":\"https:\\\/\\\/gurudistribution.eu\\\/zimoli\\\/serengeti\\\/\",\"url\":\"https:\\\/\\\/gurudistribution.eu\\\/zimoli\\\/serengeti\\\/\",\"name\":\"SERENGETI - Guru Distribution\",\"isPartOf\":{\"@id\":\"https:\\\/\\\/gurudistribution.eu\\\/en\\\/#website\"},\"primaryImageOfPage\":{\"@id\":\"https:\\\/\\\/gurudistribution.eu\\\/zimoli\\\/serengeti\\\/#primaryimage\"},\"image\":{\"@id\":\"https:\\\/\\\/gurudistribution.eu\\\/zimoli\\\/serengeti\\\/#primaryimage\"},\"thumbnailUrl\":\"https:\\\/\\\/gurudistribution.eu\\\/wp-content\\\/uploads\\\/2025\\\/10\\\/Serengeti-new_logo.png\",\"datePublished\":\"2025-10-20T05:27:32+00:00\",\"dateModified\":\"2026-01-07T11:07:12+00:00\",\"breadcrumb\":{\"@id\":\"https:\\\/\\\/gurudistribution.eu\\\/zimoli\\\/serengeti\\\/#breadcrumb\"},\"inLanguage\":\"en-US\",\"potentialAction\":[{\"@type\":\"ReadAction\",\"target\":[\"https:\\\/\\\/gurudistribution.eu\\\/zimoli\\\/serengeti\\\/\"]}]},{\"@type\":\"ImageObject\",\"inLanguage\":\"en-US\",\"@id\":\"https:\\\/\\\/gurudistribution.eu\\\/zimoli\\\/serengeti\\\/#primaryimage\",\"url\":\"https:\\\/\\\/gurudistribution.eu\\\/wp-content\\\/uploads\\\/2025\\\/10\\\/Serengeti-new_logo.png\",\"contentUrl\":\"https:\\\/\\\/gurudistribution.eu\\\/wp-content\\\/uploads\\\/2025\\\/10\\\/Serengeti-new_logo.png\"},{\"@type\":\"BreadcrumbList\",\"@id\":\"https:\\\/\\\/gurudistribution.eu\\\/zimoli\\\/serengeti\\\/#breadcrumb\",\"itemListElement\":[{\"@type\":\"ListItem\",\"position\":1,\"name\":\"Home\",\"item\":\"https:\\\/\\\/gurudistribution.eu\\\/\"},{\"@type\":\"ListItem\",\"position\":2,\"name\":\"Z\u012aMOLI\",\"item\":\"https:\\\/\\\/gurudistribution.eu\\\/en\\\/zimoli\\\/\"},{\"@type\":\"ListItem\",\"position\":3,\"name\":\"SERENGETI\"}]},{\"@type\":\"WebSite\",\"@id\":\"https:\\\/\\\/gurudistribution.eu\\\/en\\\/#website\",\"url\":\"https:\\\/\\\/gurudistribution.eu\\\/en\\\/\",\"name\":\"Guru Distribution\",\"description\":\"\",\"publisher\":{\"@id\":\"https:\\\/\\\/gurudistribution.eu\\\/en\\\/#organization\"},\"potentialAction\":[{\"@type\":\"SearchAction\",\"target\":{\"@type\":\"EntryPoint\",\"urlTemplate\":\"https:\\\/\\\/gurudistribution.eu\\\/en\\\/?s={search_term_string}\"},\"query-input\":{\"@type\":\"PropertyValueSpecification\",\"valueRequired\":true,\"valueName\":\"search_term_string\"}}],\"inLanguage\":\"en-US\"},{\"@type\":\"Organization\",\"@id\":\"https:\\\/\\\/gurudistribution.eu\\\/en\\\/#organization\",\"name\":\"Guru Distribution\",\"url\":\"https:\\\/\\\/gurudistribution.eu\\\/en\\\/\",\"logo\":{\"@type\":\"ImageObject\",\"inLanguage\":\"en-US\",\"@id\":\"https:\\\/\\\/gurudistribution.eu\\\/en\\\/#\\\/schema\\\/logo\\\/image\\\/\",\"url\":\"https:\\\/\\\/gurudistribution.eu\\\/wp-content\\\/uploads\\\/2025\\\/10\\\/guru_logo_full_large-scaled-2-e1759335026600.jpg\",\"contentUrl\":\"https:\\\/\\\/gurudistribution.eu\\\/wp-content\\\/uploads\\\/2025\\\/10\\\/guru_logo_full_large-scaled-2-e1759335026600.jpg\",\"width\":1694,\"height\":503,\"caption\":\"Guru Distribution\"},\"image\":{\"@id\":\"https:\\\/\\\/gurudistribution.eu\\\/en\\\/#\\\/schema\\\/logo\\\/image\\\/\"},\"sameAs\":[\"https:\\\/\\\/www.facebook.com\\\/gurudistribution\",\"https:\\\/\\\/www.linkedin.com\\\/company\\\/guru-distribution-linkedin\\\/\"]}]}<\/script>\n<!-- \/ Yoast SEO plugin. -->","yoast_head_json":{"title":"SERENGETI - Guru Distribution","robots":{"index":"index","follow":"follow","max-snippet":"max-snippet:-1","max-image-preview":"max-image-preview:large","max-video-preview":"max-video-preview:-1"},"canonical":"https:\/\/gurudistribution.eu\/en\/zimoli\/serengeti\/","og_locale":"en_US","og_type":"article","og_title":"SERENGETI - Guru Distribution","og_description":"Serengeti Eyewear ir premium klases saulesbri\u013c\u013cu un optisko bri\u013c\u013cu z\u012bmols, kas izce\u013cas ar progres\u012bv\u0101m l\u0113c\u0101m un izsmalcin\u0101tu dizainu. Z\u012bmols radies ar m\u0113r\u0137i apvienot zin\u0101tni, tehnolo\u0123iju un eleganci, lai pied\u0101v\u0101tu augst\u0101k\u0101s kvalit\u0101tes redzes pieredzi tiem, kas nov\u0113rt\u0113 gan stilu, gan funkcionalit\u0101ti. Serengeti ir paz\u012bstams k\u0101 viens no tehnolo\u0123iski att\u012bst\u012bt\u0101kajiem bri\u013c\u013cu z\u012bmoliem pasaul\u0113. T\u0101 produkti izmanto unik\u0101lu [&hellip;]","og_url":"https:\/\/gurudistribution.eu\/en\/zimoli\/serengeti\/","og_site_name":"Guru Distribution","article_publisher":"https:\/\/www.facebook.com\/gurudistribution","article_modified_time":"2026-01-07T11:07:12+00:00","og_image":[{"width":334,"height":58,"url":"https:\/\/gurudistribution.eu\/wp-content\/uploads\/2025\/10\/Serengeti-new_logo.png","type":"image\/png"}],"twitter_card":"summary_large_image","twitter_misc":{"Est. reading time":"1 minute"},"schema":{"@context":"https:\/\/schema.org","@graph":[{"@type":"WebPage","@id":"https:\/\/gurudistribution.eu\/zimoli\/serengeti\/","url":"https:\/\/gurudistribution.eu\/zimoli\/serengeti\/","name":"SERENGETI - Guru Distribution","isPartOf":{"@id":"https:\/\/gurudistribution.eu\/en\/#website"},"primaryImageOfPage":{"@id":"https:\/\/gurudistribution.eu\/zimoli\/serengeti\/#primaryimage"},"image":{"@id":"https:\/\/gurudistribution.eu\/zimoli\/serengeti\/#primaryimage"},"thumbnailUrl":"https:\/\/gurudistribution.eu\/wp-content\/uploads\/2025\/10\/Serengeti-new_logo.png","datePublished":"2025-10-20T05:27:32+00:00","dateModified":"2026-01-07T11:07:12+00:00","breadcrumb":{"@id":"https:\/\/gurudistribution.eu\/zimoli\/serengeti\/#breadcrumb"},"inLanguage":"en-US","potentialAction":[{"@type":"ReadAction","target":["https:\/\/gurudistribution.eu\/zimoli\/serengeti\/"]}]},{"@type":"ImageObject","inLanguage":"en-US","@id":"https:\/\/gurudistribution.eu\/zimoli\/serengeti\/#primaryimage","url":"https:\/\/gurudistribution.eu\/wp-content\/uploads\/2025\/10\/Serengeti-new_logo.png","contentUrl":"https:\/\/gurudistribution.eu\/wp-content\/uploads\/2025\/10\/Serengeti-new_logo.png"},{"@type":"BreadcrumbList","@id":"https:\/\/gurudistribution.eu\/zimoli\/serengeti\/#breadcrumb","itemListElement":[{"@type":"ListItem","position":1,"name":"Home","item":"https:\/\/gurudistribution.eu\/"},{"@type":"ListItem","position":2,"name":"Z\u012aMOLI","item":"https:\/\/gurudistribution.eu\/en\/zimoli\/"},{"@type":"ListItem","position":3,"name":"SERENGETI"}]},{"@type":"WebSite","@id":"https:\/\/gurudistribution.eu\/en\/#website","url":"https:\/\/gurudistribution.eu\/en\/","name":"Guru Distribution","description":"","publisher":{"@id":"https:\/\/gurudistribution.eu\/en\/#organization"},"potentialAction":[{"@type":"SearchAction","target":{"@type":"EntryPoint","urlTemplate":"https:\/\/gurudistribution.eu\/en\/?s={search_term_string}"},"query-input":{"@type":"PropertyValueSpecification","valueRequired":true,"valueName":"search_term_string"}}],"inLanguage":"en-US"},{"@type":"Organization","@id":"https:\/\/gurudistribution.eu\/en\/#organization","name":"Guru Distribution","url":"https:\/\/gurudistribution.eu\/en\/","logo":{"@type":"ImageObject","inLanguage":"en-US","@id":"https:\/\/gurudistribution.eu\/en\/#\/schema\/logo\/image\/","url":"https:\/\/gurudistribution.eu\/wp-content\/uploads\/2025\/10\/guru_logo_full_large-scaled-2-e1759335026600.jpg","contentUrl":"https:\/\/gurudistribution.eu\/wp-content\/uploads\/2025\/10\/guru_logo_full_large-scaled-2-e1759335026600.jpg","width":1694,"height":503,"caption":"Guru Distribution"},"image":{"@id":"https:\/\/gurudistribution.eu\/en\/#\/schema\/logo\/image\/"},"sameAs":["https:\/\/www.facebook.com\/gurudistribution","https:\/\/www.linkedin.com\/company\/guru-distribution-linkedin\/"]}]}},"_links":{"self":[{"href":"https:\/\/gurudistribution.eu\/en\/wp-json\/wp\/v2\/pages\/1519","targetHints":{"allow":["GET"]}}],"collection":[{"href":"https:\/\/gurudistribution.eu\/en\/wp-json\/wp\/v2\/pages"}],"about":[{"href":"https:\/\/gurudistribution.eu\/en\/wp-json\/wp\/v2\/types\/page"}],"author":[{"embeddable":true,"href":"https:\/\/gurudistribution.eu\/en\/wp-json\/wp\/v2\/users\/1"}],"replies":[{"embeddable":true,"href":"https:\/\/gurudistribution.eu\/en\/wp-json\/wp\/v2\/comments?post=1519"}],"version-history":[{"count":64,"href":"https:\/\/gurudistribution.eu\/en\/wp-json\/wp\/v2\/pages\/1519\/revisions"}],"predecessor-version":[{"id":2753,"href":"https:\/\/gurudistribution.eu\/en\/wp-json\/wp\/v2\/pages\/1519\/revisions\/2753"}],"up":[{"embeddable":true,"href":"https:\/\/gurudistribution.eu\/en\/wp-json\/wp\/v2\/pages\/225"}],"wp:attachment":[{"href":"https:\/\/gurudistribution.eu\/en\/wp-json\/wp\/v2\/media?parent=1519"}],"curies":[{"name":"wp","href":"https:\/\/api.w.org\/{rel}","templated":true}]}}