{"id":1466,"date":"2025-10-15T10:37:52","date_gmt":"2025-10-15T08:37:52","guid":{"rendered":"https:\/\/gd.gurudistribution.eu\/?page_id=1466"},"modified":"2026-01-07T13:04:17","modified_gmt":"2026-01-07T11:04:17","slug":"bolle","status":"publish","type":"page","link":"https:\/\/gurudistribution.eu\/en\/zimoli\/bolle\/","title":{"rendered":"BOLL\u00c9"},"content":{"rendered":"<div data-elementor-type=\"wp-page\" data-elementor-id=\"1466\" class=\"elementor elementor-1466\" data-elementor-post-type=\"page\">\n\t\t\t\t<div class=\"elementor-element elementor-element-5ce03e6 e-flex e-con-boxed e-con e-parent\" data-id=\"5ce03e6\" data-element_type=\"container\" data-e-type=\"container\">\n\t\t\t\t\t<div class=\"e-con-inner\">\n\t\t\t\t<div class=\"elementor-element elementor-element-995f7af elementor-widget elementor-widget-image\" data-id=\"995f7af\" data-element_type=\"widget\" data-e-type=\"widget\" data-widget_type=\"image.default\">\n\t\t\t\t\t\t\t\t\t\t\t\t\t\t\t<img decoding=\"async\" width=\"277\" height=\"104\" src=\"https:\/\/gurudistribution.eu\/wp-content\/uploads\/2025\/10\/Ekranuznemums-2024-10-30-093732.png\" class=\"attachment-large size-large wp-image-591\" alt=\"\" srcset=\"https:\/\/gurudistribution.eu\/wp-content\/uploads\/2025\/10\/Ekranuznemums-2024-10-30-093732.png 277w, https:\/\/gurudistribution.eu\/wp-content\/uploads\/2025\/10\/Ekranuznemums-2024-10-30-093732-18x7.png 18w\" sizes=\"(max-width: 277px) 100vw, 277px\" \/>\t\t\t\t\t\t\t\t\t\t\t\t\t\t\t<\/div>\n\t\t\t\t<div class=\"elementor-element elementor-element-8a14ab5 elementor-widget elementor-widget-spacer\" data-id=\"8a14ab5\" data-element_type=\"widget\" data-e-type=\"widget\" data-widget_type=\"spacer.default\">\n\t\t\t\t\t\t\t<div class=\"elementor-spacer\">\n\t\t\t<div class=\"elementor-spacer-inner\"><\/div>\n\t\t<\/div>\n\t\t\t\t\t\t<\/div>\n\t\t\t\t\t<\/div>\n\t\t\t\t<\/div>\n\t\t<div class=\"elementor-element elementor-element-f8efa75 e-flex e-con-boxed e-con e-parent\" data-id=\"f8efa75\" data-element_type=\"container\" data-e-type=\"container\">\n\t\t\t\t\t<div class=\"e-con-inner\">\n\t\t\t\t<div class=\"elementor-element elementor-element-3581602 elementor-widget elementor-widget-text-editor\" data-id=\"3581602\" data-element_type=\"widget\" data-e-type=\"widget\" data-widget_type=\"text-editor.default\">\n\t\t\t\t\t\t\t\t\t<p class=\"translation-block\">Boll\u00e9 specializes in the production of sports and protective eyewear \u2013 including sunglasses, optical glasses, and alpine sports goggles. The brand is particularly popular among skiers, cyclists, golfers, mountain climbers, and motorsport enthusiasts.<\/p><p>Boll\u00e9 products stand out for their advanced technologies, which ensure visual clarity and comfort in various conditions:<\/p><ul><li class=\"translation-block\">Phantom Lens Technology \u2013 self-adjusting photochromic lenses that automatically adapt to light intensity and enhance contrast.<\/li><li><strong>Volt+<\/strong> - a contrast-enhancing technology that provides up to 30% better color perception compared to standard lenses.<\/li><li><strong>Anti-fog and anti-scratch coatings<\/strong> \u2013 provide clear visibility and long-lasting durability.<\/li><li><strong>Ergonomic design and ventilation systems<\/strong> \u2013 for maximum comfort and protection during sports activities.<\/li><\/ul><p>Boll\u00e9\u2019s product range includes both <strong>professional sports equipment<\/strong>, and <strong>everyday urban-style eyewear,<\/strong> combining high performance with modern aesthetics.<\/p><p><strong>Philosophy<\/strong><\/p><p>Boll\u00e9\u2019s philosophy is built on <strong>\u201cperformance, protection and innovation\u201d<\/strong> \u2014 performance, protection, and innovation. The brand embodies <strong>recision and safety\u00a0<\/strong>while at the same time <strong>reflecting French elegance and a strong sense of design<\/strong>.<\/p><p>Its mission is to help people see more clearly, feel safe, and achieve more, regardless of the conditions. Boll\u00e9 views vision as a tool that helps overcome limitations and perceive the world more fully.<\/p>\t\t\t\t\t\t\t\t<\/div>\n\t\t\t\t<div class=\"elementor-element elementor-element-02059ef elementor-widget elementor-widget-text-editor\" data-id=\"02059ef\" data-element_type=\"widget\" data-e-type=\"widget\" data-widget_type=\"text-editor.default\">\n\t\t\t\t\t\t\t\t\t<p><a id=\"ember11\" class=\"active ember-view\" href=\"https:\/\/app.salsify.com\/catalogs\/53366542-8e3e-4d5e-a37e-9409db2565bd\/products?filter=%3D&amp;page=1\">Bolle SS26 &#8211; Sunglasses<\/a><\/p><p><a id=\"ember10\" class=\"active ember-view\" href=\"https:\/\/app.salsify.com\/catalogs\/99f89358-013e-432b-b5e1-c69157b03592\/products?filter=%3D&amp;page=1\">Bolle SS26 &#8211; Ophthalmic<\/a><\/p><p><a href=\"https:\/\/app.salsify.com\/catalogs\/f57316b6-c4de-4a55-a1c4-83021c70e610\/products?filter=%3D&amp;page=1\">Bolle SS26 &#8211; Parts &amp; Accessories (Summer)<\/a><\/p><p><a id=\"ember7804\" class=\"active ember-view\" href=\"https:\/\/app.salsify.com\/catalogs\/31372e46-0410-424b-a271-0a576145c626\/products?filter=%3D&amp;page=1\">Bolle AW26 (Goggles &amp; Helmets Winter)<\/a><\/p><p><a href=\"https:\/\/app.salsify.com\/catalogs\/42e4e777-d619-4e69-a1ba-c80711c3260d\/products?filter=%3D&amp;page=1\">Bolle AW26 &#8211; Parts &amp; Accessories (Winter)<\/a><\/p><p><a id=\"ember10\" class=\"active ember-view\" href=\"https:\/\/app.salsify.com\/catalogs\/480644be-318b-493e-8cf9-81e27da767c0\/products?filter=%3D&amp;page=1\">Bolle SS26 &#8211; Bike Helmets<\/a><\/p><p><a id=\"ember10\" class=\"active ember-view\" href=\"https:\/\/app.salsify.com\/catalogs\/4660d240-ba06-4b89-a78c-6c7667892bbc\/products?filter=%3D&amp;page=1\">Bolle SS26 &#8211; Parts &amp; Accessories<\/a><\/p>\t\t\t\t\t\t\t\t<\/div>\n\t\t\t\t\t<\/div>\n\t\t\t\t<\/div>\n\t\t\t\t<\/div>","protected":false},"excerpt":{"rendered":"<p>Boll\u00e9 specializ\u0113jas sporta un aizsargbri\u013c\u013cu ra\u017eo\u0161an\u0101 \u2013 gan saules, gan optiskaj\u0101s un kalnu sportu brill\u0113s. Z\u012bmols ir \u012bpa\u0161i popul\u0101rs sl\u0113pot\u0101ju, rite\u0146brauc\u0113ju, golfa sp\u0113l\u0113t\u0101ju, kalnos k\u0101p\u0113ju un autosportistu vid\u016b. Boll\u00e9 produkti izce\u013cas ar progres\u012bv\u0101m tehnolo\u0123ij\u0101m, kas nodro\u0161ina redzes skaidr\u012bbu un komfortu da\u017e\u0101dos apst\u0101k\u013cos: Phantom Lens Technology \u2013 pa\u0161piel\u0101gojo\u0161as fotohronisk\u0101s l\u0113cas, kas autom\u0101tiski piel\u0101gojas gaismas intensit\u0101tei un [&hellip;]<\/p>\n","protected":false},"author":1,"featured_media":0,"parent":225,"menu_order":0,"comment_status":"closed","ping_status":"closed","template":"elementor_header_footer","meta":{"footnotes":""},"class_list":["post-1466","page","type-page","status-publish","hentry"],"yoast_head":"<!-- This site is optimized with the Yoast SEO plugin v27.3 - https:\/\/yoast.com\/product\/yoast-seo-wordpress\/ -->\n<title>BOLL\u00c9 - Guru Distribution<\/title>\n<meta name=\"robots\" content=\"index, follow, max-snippet:-1, max-image-preview:large, max-video-preview:-1\" \/>\n<link rel=\"canonical\" href=\"https:\/\/gurudistribution.eu\/en\/zimoli\/bolle\/\" \/>\n<meta property=\"og:locale\" content=\"en_US\" \/>\n<meta property=\"og:type\" content=\"article\" \/>\n<meta property=\"og:title\" content=\"BOLL\u00c9 - Guru Distribution\" \/>\n<meta property=\"og:description\" content=\"Boll\u00e9 specializ\u0113jas sporta un aizsargbri\u013c\u013cu ra\u017eo\u0161an\u0101 \u2013 gan saules, gan optiskaj\u0101s un kalnu sportu brill\u0113s. Z\u012bmols ir \u012bpa\u0161i popul\u0101rs sl\u0113pot\u0101ju, rite\u0146brauc\u0113ju, golfa sp\u0113l\u0113t\u0101ju, kalnos k\u0101p\u0113ju un autosportistu vid\u016b. Boll\u00e9 produkti izce\u013cas ar progres\u012bv\u0101m tehnolo\u0123ij\u0101m, kas nodro\u0161ina redzes skaidr\u012bbu un komfortu da\u017e\u0101dos apst\u0101k\u013cos: Phantom Lens Technology \u2013 pa\u0161piel\u0101gojo\u0161as fotohronisk\u0101s l\u0113cas, kas autom\u0101tiski piel\u0101gojas gaismas intensit\u0101tei un [&hellip;]\" \/>\n<meta property=\"og:url\" content=\"https:\/\/gurudistribution.eu\/en\/zimoli\/bolle\/\" \/>\n<meta property=\"og:site_name\" content=\"Guru Distribution\" \/>\n<meta property=\"article:publisher\" content=\"https:\/\/www.facebook.com\/gurudistribution\" \/>\n<meta property=\"article:modified_time\" content=\"2026-01-07T11:04:17+00:00\" \/>\n<meta property=\"og:image\" content=\"https:\/\/gurudistribution.eu\/wp-content\/uploads\/2025\/10\/Ekranuznemums-2024-10-30-093732.png\" \/>\n\t<meta property=\"og:image:width\" content=\"277\" \/>\n\t<meta property=\"og:image:height\" content=\"104\" \/>\n\t<meta property=\"og:image:type\" content=\"image\/png\" \/>\n<meta name=\"twitter:card\" content=\"summary_large_image\" \/>\n<meta name=\"twitter:label1\" content=\"Est. reading time\" \/>\n\t<meta name=\"twitter:data1\" content=\"1 minute\" \/>\n<script type=\"application\/ld+json\" class=\"yoast-schema-graph\">{\"@context\":\"https:\\\/\\\/schema.org\",\"@graph\":[{\"@type\":\"WebPage\",\"@id\":\"https:\\\/\\\/gurudistribution.eu\\\/zimoli\\\/bolle\\\/\",\"url\":\"https:\\\/\\\/gurudistribution.eu\\\/zimoli\\\/bolle\\\/\",\"name\":\"BOLL\u00c9 - Guru Distribution\",\"isPartOf\":{\"@id\":\"https:\\\/\\\/gurudistribution.eu\\\/en\\\/#website\"},\"primaryImageOfPage\":{\"@id\":\"https:\\\/\\\/gurudistribution.eu\\\/zimoli\\\/bolle\\\/#primaryimage\"},\"image\":{\"@id\":\"https:\\\/\\\/gurudistribution.eu\\\/zimoli\\\/bolle\\\/#primaryimage\"},\"thumbnailUrl\":\"https:\\\/\\\/gurudistribution.eu\\\/wp-content\\\/uploads\\\/2025\\\/10\\\/Ekranuznemums-2024-10-30-093732.png\",\"datePublished\":\"2025-10-15T08:37:52+00:00\",\"dateModified\":\"2026-01-07T11:04:17+00:00\",\"breadcrumb\":{\"@id\":\"https:\\\/\\\/gurudistribution.eu\\\/zimoli\\\/bolle\\\/#breadcrumb\"},\"inLanguage\":\"en-US\",\"potentialAction\":[{\"@type\":\"ReadAction\",\"target\":[\"https:\\\/\\\/gurudistribution.eu\\\/zimoli\\\/bolle\\\/\"]}]},{\"@type\":\"ImageObject\",\"inLanguage\":\"en-US\",\"@id\":\"https:\\\/\\\/gurudistribution.eu\\\/zimoli\\\/bolle\\\/#primaryimage\",\"url\":\"https:\\\/\\\/gurudistribution.eu\\\/wp-content\\\/uploads\\\/2025\\\/10\\\/Ekranuznemums-2024-10-30-093732.png\",\"contentUrl\":\"https:\\\/\\\/gurudistribution.eu\\\/wp-content\\\/uploads\\\/2025\\\/10\\\/Ekranuznemums-2024-10-30-093732.png\"},{\"@type\":\"BreadcrumbList\",\"@id\":\"https:\\\/\\\/gurudistribution.eu\\\/zimoli\\\/bolle\\\/#breadcrumb\",\"itemListElement\":[{\"@type\":\"ListItem\",\"position\":1,\"name\":\"Home\",\"item\":\"https:\\\/\\\/gurudistribution.eu\\\/\"},{\"@type\":\"ListItem\",\"position\":2,\"name\":\"Z\u012aMOLI\",\"item\":\"https:\\\/\\\/gurudistribution.eu\\\/en\\\/zimoli\\\/\"},{\"@type\":\"ListItem\",\"position\":3,\"name\":\"BOLL\u00c9\"}]},{\"@type\":\"WebSite\",\"@id\":\"https:\\\/\\\/gurudistribution.eu\\\/en\\\/#website\",\"url\":\"https:\\\/\\\/gurudistribution.eu\\\/en\\\/\",\"name\":\"Guru Distribution\",\"description\":\"\",\"publisher\":{\"@id\":\"https:\\\/\\\/gurudistribution.eu\\\/en\\\/#organization\"},\"potentialAction\":[{\"@type\":\"SearchAction\",\"target\":{\"@type\":\"EntryPoint\",\"urlTemplate\":\"https:\\\/\\\/gurudistribution.eu\\\/en\\\/?s={search_term_string}\"},\"query-input\":{\"@type\":\"PropertyValueSpecification\",\"valueRequired\":true,\"valueName\":\"search_term_string\"}}],\"inLanguage\":\"en-US\"},{\"@type\":\"Organization\",\"@id\":\"https:\\\/\\\/gurudistribution.eu\\\/en\\\/#organization\",\"name\":\"Guru Distribution\",\"url\":\"https:\\\/\\\/gurudistribution.eu\\\/en\\\/\",\"logo\":{\"@type\":\"ImageObject\",\"inLanguage\":\"en-US\",\"@id\":\"https:\\\/\\\/gurudistribution.eu\\\/en\\\/#\\\/schema\\\/logo\\\/image\\\/\",\"url\":\"https:\\\/\\\/gurudistribution.eu\\\/wp-content\\\/uploads\\\/2025\\\/10\\\/guru_logo_full_large-scaled-2-e1759335026600.jpg\",\"contentUrl\":\"https:\\\/\\\/gurudistribution.eu\\\/wp-content\\\/uploads\\\/2025\\\/10\\\/guru_logo_full_large-scaled-2-e1759335026600.jpg\",\"width\":1694,\"height\":503,\"caption\":\"Guru Distribution\"},\"image\":{\"@id\":\"https:\\\/\\\/gurudistribution.eu\\\/en\\\/#\\\/schema\\\/logo\\\/image\\\/\"},\"sameAs\":[\"https:\\\/\\\/www.facebook.com\\\/gurudistribution\",\"https:\\\/\\\/www.linkedin.com\\\/company\\\/guru-distribution-linkedin\\\/\"]}]}<\/script>\n<!-- \/ Yoast SEO plugin. -->","yoast_head_json":{"title":"BOLL\u00c9 - Guru Distribution","robots":{"index":"index","follow":"follow","max-snippet":"max-snippet:-1","max-image-preview":"max-image-preview:large","max-video-preview":"max-video-preview:-1"},"canonical":"https:\/\/gurudistribution.eu\/en\/zimoli\/bolle\/","og_locale":"en_US","og_type":"article","og_title":"BOLL\u00c9 - Guru Distribution","og_description":"Boll\u00e9 specializ\u0113jas sporta un aizsargbri\u013c\u013cu ra\u017eo\u0161an\u0101 \u2013 gan saules, gan optiskaj\u0101s un kalnu sportu brill\u0113s. Z\u012bmols ir \u012bpa\u0161i popul\u0101rs sl\u0113pot\u0101ju, rite\u0146brauc\u0113ju, golfa sp\u0113l\u0113t\u0101ju, kalnos k\u0101p\u0113ju un autosportistu vid\u016b. Boll\u00e9 produkti izce\u013cas ar progres\u012bv\u0101m tehnolo\u0123ij\u0101m, kas nodro\u0161ina redzes skaidr\u012bbu un komfortu da\u017e\u0101dos apst\u0101k\u013cos: Phantom Lens Technology \u2013 pa\u0161piel\u0101gojo\u0161as fotohronisk\u0101s l\u0113cas, kas autom\u0101tiski piel\u0101gojas gaismas intensit\u0101tei un [&hellip;]","og_url":"https:\/\/gurudistribution.eu\/en\/zimoli\/bolle\/","og_site_name":"Guru Distribution","article_publisher":"https:\/\/www.facebook.com\/gurudistribution","article_modified_time":"2026-01-07T11:04:17+00:00","og_image":[{"width":277,"height":104,"url":"https:\/\/gurudistribution.eu\/wp-content\/uploads\/2025\/10\/Ekranuznemums-2024-10-30-093732.png","type":"image\/png"}],"twitter_card":"summary_large_image","twitter_misc":{"Est. reading time":"1 minute"},"schema":{"@context":"https:\/\/schema.org","@graph":[{"@type":"WebPage","@id":"https:\/\/gurudistribution.eu\/zimoli\/bolle\/","url":"https:\/\/gurudistribution.eu\/zimoli\/bolle\/","name":"BOLL\u00c9 - Guru Distribution","isPartOf":{"@id":"https:\/\/gurudistribution.eu\/en\/#website"},"primaryImageOfPage":{"@id":"https:\/\/gurudistribution.eu\/zimoli\/bolle\/#primaryimage"},"image":{"@id":"https:\/\/gurudistribution.eu\/zimoli\/bolle\/#primaryimage"},"thumbnailUrl":"https:\/\/gurudistribution.eu\/wp-content\/uploads\/2025\/10\/Ekranuznemums-2024-10-30-093732.png","datePublished":"2025-10-15T08:37:52+00:00","dateModified":"2026-01-07T11:04:17+00:00","breadcrumb":{"@id":"https:\/\/gurudistribution.eu\/zimoli\/bolle\/#breadcrumb"},"inLanguage":"en-US","potentialAction":[{"@type":"ReadAction","target":["https:\/\/gurudistribution.eu\/zimoli\/bolle\/"]}]},{"@type":"ImageObject","inLanguage":"en-US","@id":"https:\/\/gurudistribution.eu\/zimoli\/bolle\/#primaryimage","url":"https:\/\/gurudistribution.eu\/wp-content\/uploads\/2025\/10\/Ekranuznemums-2024-10-30-093732.png","contentUrl":"https:\/\/gurudistribution.eu\/wp-content\/uploads\/2025\/10\/Ekranuznemums-2024-10-30-093732.png"},{"@type":"BreadcrumbList","@id":"https:\/\/gurudistribution.eu\/zimoli\/bolle\/#breadcrumb","itemListElement":[{"@type":"ListItem","position":1,"name":"Home","item":"https:\/\/gurudistribution.eu\/"},{"@type":"ListItem","position":2,"name":"Z\u012aMOLI","item":"https:\/\/gurudistribution.eu\/en\/zimoli\/"},{"@type":"ListItem","position":3,"name":"BOLL\u00c9"}]},{"@type":"WebSite","@id":"https:\/\/gurudistribution.eu\/en\/#website","url":"https:\/\/gurudistribution.eu\/en\/","name":"Guru Distribution","description":"","publisher":{"@id":"https:\/\/gurudistribution.eu\/en\/#organization"},"potentialAction":[{"@type":"SearchAction","target":{"@type":"EntryPoint","urlTemplate":"https:\/\/gurudistribution.eu\/en\/?s={search_term_string}"},"query-input":{"@type":"PropertyValueSpecification","valueRequired":true,"valueName":"search_term_string"}}],"inLanguage":"en-US"},{"@type":"Organization","@id":"https:\/\/gurudistribution.eu\/en\/#organization","name":"Guru Distribution","url":"https:\/\/gurudistribution.eu\/en\/","logo":{"@type":"ImageObject","inLanguage":"en-US","@id":"https:\/\/gurudistribution.eu\/en\/#\/schema\/logo\/image\/","url":"https:\/\/gurudistribution.eu\/wp-content\/uploads\/2025\/10\/guru_logo_full_large-scaled-2-e1759335026600.jpg","contentUrl":"https:\/\/gurudistribution.eu\/wp-content\/uploads\/2025\/10\/guru_logo_full_large-scaled-2-e1759335026600.jpg","width":1694,"height":503,"caption":"Guru Distribution"},"image":{"@id":"https:\/\/gurudistribution.eu\/en\/#\/schema\/logo\/image\/"},"sameAs":["https:\/\/www.facebook.com\/gurudistribution","https:\/\/www.linkedin.com\/company\/guru-distribution-linkedin\/"]}]}},"_links":{"self":[{"href":"https:\/\/gurudistribution.eu\/en\/wp-json\/wp\/v2\/pages\/1466","targetHints":{"allow":["GET"]}}],"collection":[{"href":"https:\/\/gurudistribution.eu\/en\/wp-json\/wp\/v2\/pages"}],"about":[{"href":"https:\/\/gurudistribution.eu\/en\/wp-json\/wp\/v2\/types\/page"}],"author":[{"embeddable":true,"href":"https:\/\/gurudistribution.eu\/en\/wp-json\/wp\/v2\/users\/1"}],"replies":[{"embeddable":true,"href":"https:\/\/gurudistribution.eu\/en\/wp-json\/wp\/v2\/comments?post=1466"}],"version-history":[{"count":40,"href":"https:\/\/gurudistribution.eu\/en\/wp-json\/wp\/v2\/pages\/1466\/revisions"}],"predecessor-version":[{"id":2747,"href":"https:\/\/gurudistribution.eu\/en\/wp-json\/wp\/v2\/pages\/1466\/revisions\/2747"}],"up":[{"embeddable":true,"href":"https:\/\/gurudistribution.eu\/en\/wp-json\/wp\/v2\/pages\/225"}],"wp:attachment":[{"href":"https:\/\/gurudistribution.eu\/en\/wp-json\/wp\/v2\/media?parent=1466"}],"curies":[{"name":"wp","href":"https:\/\/api.w.org\/{rel}","templated":true}]}}