{"id":1417,"date":"2025-10-15T05:42:38","date_gmt":"2025-10-15T03:42:38","guid":{"rendered":"https:\/\/gd.gurudistribution.eu\/?page_id=1417"},"modified":"2025-10-15T15:15:10","modified_gmt":"2025-10-15T13:15:10","slug":"vx610","status":"publish","type":"page","link":"https:\/\/gurudistribution.eu\/en\/zimoli\/visionix\/vx610\/","title":{"rendered":"VX610"},"content":{"rendered":"<div data-elementor-type=\"wp-page\" data-elementor-id=\"1417\" class=\"elementor elementor-1417\" data-elementor-post-type=\"page\">\n\t\t\t\t<div class=\"elementor-element elementor-element-c4869ad e-flex e-con-boxed e-con e-parent\" data-id=\"c4869ad\" data-element_type=\"container\" data-e-type=\"container\">\n\t\t\t\t\t<div class=\"e-con-inner\">\n\t\t\t\t<div class=\"elementor-element elementor-element-a4f68d7 elementor-widget elementor-widget-heading\" data-id=\"a4f68d7\" data-element_type=\"widget\" data-e-type=\"widget\" data-widget_type=\"heading.default\">\n\t\t\t\t\t<h2 class=\"elementor-heading-title elementor-size-default\">VX610<\/h2>\t\t\t\t<\/div>\n\t\t\t\t<div class=\"elementor-element elementor-element-a88b48c elementor-widget elementor-widget-image-gallery\" data-id=\"a88b48c\" data-element_type=\"widget\" data-e-type=\"widget\" data-widget_type=\"image-gallery.default\">\n\t\t\t\t\t\t\t<div class=\"elementor-image-gallery\">\n\t\t\t<div id='gallery-1' class='gallery galleryid-1417 gallery-columns-3 gallery-size-medium'><figure class='gallery-item'>\n\t\t\t<div class='gallery-icon landscape'>\n\t\t\t\t<a data-elementor-open-lightbox=\"yes\" data-elementor-lightbox-slideshow=\"a88b48c\" data-e-action-hash=\"#elementor-action%3Aaction%3Dlightbox%26settings%3DeyJpZCI6MTQyNCwidXJsIjoiaHR0cHM6XC9cL2d1cnVkaXN0cmlidXRpb24uZXVcL3dwLWNvbnRlbnRcL3VwbG9hZHNcLzIwMjVcLzEwXC9WWDYxMC0xLnBuZyIsInNsaWRlc2hvdyI6ImE4OGI0OGMifQ%3D%3D\" href='https:\/\/gurudistribution.eu\/wp-content\/uploads\/2025\/10\/VX610-1.png'><img fetchpriority=\"high\" decoding=\"async\" width=\"300\" height=\"266\" src=\"https:\/\/gurudistribution.eu\/wp-content\/uploads\/2025\/10\/VX610-1-300x266.png\" class=\"attachment-medium size-medium\" alt=\"\" srcset=\"https:\/\/gurudistribution.eu\/wp-content\/uploads\/2025\/10\/VX610-1-300x266.png 300w, https:\/\/gurudistribution.eu\/wp-content\/uploads\/2025\/10\/VX610-1-14x12.png 14w, https:\/\/gurudistribution.eu\/wp-content\/uploads\/2025\/10\/VX610-1.png 651w\" sizes=\"(max-width: 300px) 100vw, 300px\" \/><\/a>\n\t\t\t<\/div><\/figure><figure class='gallery-item'>\n\t\t\t<div class='gallery-icon portrait'>\n\t\t\t\t<a data-elementor-open-lightbox=\"yes\" data-elementor-lightbox-slideshow=\"a88b48c\" data-e-action-hash=\"#elementor-action%3Aaction%3Dlightbox%26settings%3DeyJpZCI6MTQyNSwidXJsIjoiaHR0cHM6XC9cL2d1cnVkaXN0cmlidXRpb24uZXVcL3dwLWNvbnRlbnRcL3VwbG9hZHNcLzIwMjVcLzEwXC92eDYxMF8xLXNjYWxlZC5qcGciLCJzbGlkZXNob3ciOiJhODhiNDhjIn0%3D\" href='https:\/\/gurudistribution.eu\/wp-content\/uploads\/2025\/10\/vx610_1-scaled.jpg'><img decoding=\"async\" width=\"256\" height=\"300\" src=\"https:\/\/gurudistribution.eu\/wp-content\/uploads\/2025\/10\/vx610_1-256x300.jpg\" class=\"attachment-medium size-medium\" alt=\"\" srcset=\"https:\/\/gurudistribution.eu\/wp-content\/uploads\/2025\/10\/vx610_1-256x300.jpg 256w, https:\/\/gurudistribution.eu\/wp-content\/uploads\/2025\/10\/vx610_1-873x1024.jpg 873w, https:\/\/gurudistribution.eu\/wp-content\/uploads\/2025\/10\/vx610_1-768x901.jpg 768w, https:\/\/gurudistribution.eu\/wp-content\/uploads\/2025\/10\/vx610_1-1309x1536.jpg 1309w, https:\/\/gurudistribution.eu\/wp-content\/uploads\/2025\/10\/vx610_1-1745x2048.jpg 1745w, https:\/\/gurudistribution.eu\/wp-content\/uploads\/2025\/10\/vx610_1-10x12.jpg 10w\" sizes=\"(max-width: 256px) 100vw, 256px\" \/><\/a>\n\t\t\t<\/div><\/figure><figure class='gallery-item'>\n\t\t\t<div class='gallery-icon portrait'>\n\t\t\t\t<a data-elementor-open-lightbox=\"yes\" data-elementor-lightbox-slideshow=\"a88b48c\" data-e-action-hash=\"#elementor-action%3Aaction%3Dlightbox%26settings%3DeyJpZCI6MTQyNiwidXJsIjoiaHR0cHM6XC9cL2d1cnVkaXN0cmlidXRpb24uZXVcL3dwLWNvbnRlbnRcL3VwbG9hZHNcLzIwMjVcLzEwXC92eDYxMF8yLXNjYWxlZC5qcGciLCJzbGlkZXNob3ciOiJhODhiNDhjIn0%3D\" href='https:\/\/gurudistribution.eu\/wp-content\/uploads\/2025\/10\/vx610_2-scaled.jpg'><img decoding=\"async\" width=\"200\" height=\"300\" src=\"https:\/\/gurudistribution.eu\/wp-content\/uploads\/2025\/10\/vx610_2-200x300.jpg\" class=\"attachment-medium size-medium\" alt=\"\" srcset=\"https:\/\/gurudistribution.eu\/wp-content\/uploads\/2025\/10\/vx610_2-200x300.jpg 200w, https:\/\/gurudistribution.eu\/wp-content\/uploads\/2025\/10\/vx610_2-683x1024.jpg 683w, https:\/\/gurudistribution.eu\/wp-content\/uploads\/2025\/10\/vx610_2-768x1152.jpg 768w, https:\/\/gurudistribution.eu\/wp-content\/uploads\/2025\/10\/vx610_2-1024x1536.jpg 1024w, https:\/\/gurudistribution.eu\/wp-content\/uploads\/2025\/10\/vx610_2-1365x2048.jpg 1365w, https:\/\/gurudistribution.eu\/wp-content\/uploads\/2025\/10\/vx610_2-8x12.jpg 8w, https:\/\/gurudistribution.eu\/wp-content\/uploads\/2025\/10\/vx610_2-scaled.jpg 1707w\" sizes=\"(max-width: 200px) 100vw, 200px\" \/><\/a>\n\t\t\t<\/div><\/figure>\n\t\t<\/div>\n\t\t<\/div>\n\t\t\t\t\t\t<\/div>\n\t\t\t\t<div class=\"elementor-element elementor-element-2a1942f elementor-widget elementor-widget-text-editor\" data-id=\"2a1942f\" data-element_type=\"widget\" data-e-type=\"widget\" data-widget_type=\"text-editor.default\">\n\t\t\t\t\t\t\t\t\t<p>Capture crystal-clear images of the retina.<\/p><p>The VX 610 solution allows you to expand your vision care offerings. By actively participating in retinal examinations, you can support your clients\u2019 eye health.<\/p><p>The device is equipped with EyeWisdom\u00ae MCS AI technology, combining an automated fundus camera with an AI solution to perform a complete retinal examination in under 6 minutes.<\/p>\t\t\t\t\t\t\t\t<\/div>\n\t\t\t\t\t<\/div>\n\t\t\t\t<\/div>\n\t\t\t\t<\/div>","protected":false},"excerpt":{"rendered":"<p>VX610 Uz\u0146emiet krist\u0101ldzidrus t\u012bklenes att\u0113lus. VX 610 risin\u0101jums \u013cauj papla\u0161in\u0101t redzes vesel\u012bbas pied\u0101v\u0101jumu. Akt\u012bvi piedaloties t\u012bklenes izmekl\u0113jum\u0101, j\u016bs varat atbalst\u012bt savu klientu vesel\u012bbu. Iek\u0101rta apr\u012bkota ar MI tehnolo\u0123iju EyeWisdom\u00aeMCS, apvieno automatiz\u0113tu fundusa kameru ar MI risin\u0101jumu, lai veiktu piln\u012bgu t\u012bklenes p\u0101rbaudi maz\u0101k nek\u0101 6 min\u016bt\u0113s.<\/p>","protected":false},"author":1,"featured_media":0,"parent":656,"menu_order":0,"comment_status":"closed","ping_status":"closed","template":"elementor_header_footer","meta":{"footnotes":""},"class_list":["post-1417","page","type-page","status-publish","hentry"],"yoast_head":"<!-- This site is optimized with the Yoast SEO plugin v27.3 - https:\/\/yoast.com\/product\/yoast-seo-wordpress\/ -->\n<title>VX610 - Guru Distribution<\/title>\n<meta name=\"robots\" content=\"index, follow, max-snippet:-1, max-image-preview:large, max-video-preview:-1\" \/>\n<link rel=\"canonical\" href=\"https:\/\/gurudistribution.eu\/en\/zimoli\/visionix\/vx610\/\" \/>\n<meta property=\"og:locale\" content=\"en_US\" \/>\n<meta property=\"og:type\" content=\"article\" \/>\n<meta property=\"og:title\" content=\"VX610 - Guru Distribution\" \/>\n<meta property=\"og:description\" content=\"VX610 Uz\u0146emiet krist\u0101ldzidrus t\u012bklenes att\u0113lus. VX 610 risin\u0101jums \u013cauj papla\u0161in\u0101t redzes vesel\u012bbas pied\u0101v\u0101jumu. Akt\u012bvi piedaloties t\u012bklenes izmekl\u0113jum\u0101, j\u016bs varat atbalst\u012bt savu klientu vesel\u012bbu. Iek\u0101rta apr\u012bkota ar MI tehnolo\u0123iju EyeWisdom\u00aeMCS, apvieno automatiz\u0113tu fundusa kameru ar MI risin\u0101jumu, lai veiktu piln\u012bgu t\u012bklenes p\u0101rbaudi maz\u0101k nek\u0101 6 min\u016bt\u0113s.\" \/>\n<meta property=\"og:url\" content=\"https:\/\/gurudistribution.eu\/en\/zimoli\/visionix\/vx610\/\" \/>\n<meta property=\"og:site_name\" content=\"Guru Distribution\" \/>\n<meta property=\"article:publisher\" content=\"https:\/\/www.facebook.com\/gurudistribution\" \/>\n<meta property=\"article:modified_time\" content=\"2025-10-15T13:15:10+00:00\" \/>\n<meta property=\"og:image\" content=\"https:\/\/gd.gurudistribution.eu\/wp-content\/uploads\/2025\/10\/VX610-1-300x266.png\" \/>\n<meta name=\"twitter:card\" content=\"summary_large_image\" \/>\n<script type=\"application\/ld+json\" class=\"yoast-schema-graph\">{\"@context\":\"https:\\\/\\\/schema.org\",\"@graph\":[{\"@type\":\"WebPage\",\"@id\":\"https:\\\/\\\/gurudistribution.eu\\\/zimoli\\\/visionix\\\/vx610\\\/\",\"url\":\"https:\\\/\\\/gurudistribution.eu\\\/zimoli\\\/visionix\\\/vx610\\\/\",\"name\":\"VX610 - Guru Distribution\",\"isPartOf\":{\"@id\":\"https:\\\/\\\/gurudistribution.eu\\\/en\\\/#website\"},\"primaryImageOfPage\":{\"@id\":\"https:\\\/\\\/gurudistribution.eu\\\/zimoli\\\/visionix\\\/vx610\\\/#primaryimage\"},\"image\":{\"@id\":\"https:\\\/\\\/gurudistribution.eu\\\/zimoli\\\/visionix\\\/vx610\\\/#primaryimage\"},\"thumbnailUrl\":\"https:\\\/\\\/gd.gurudistribution.eu\\\/wp-content\\\/uploads\\\/2025\\\/10\\\/VX610-1-300x266.png\",\"datePublished\":\"2025-10-15T03:42:38+00:00\",\"dateModified\":\"2025-10-15T13:15:10+00:00\",\"breadcrumb\":{\"@id\":\"https:\\\/\\\/gurudistribution.eu\\\/zimoli\\\/visionix\\\/vx610\\\/#breadcrumb\"},\"inLanguage\":\"en-US\",\"potentialAction\":[{\"@type\":\"ReadAction\",\"target\":[\"https:\\\/\\\/gurudistribution.eu\\\/zimoli\\\/visionix\\\/vx610\\\/\"]}]},{\"@type\":\"ImageObject\",\"inLanguage\":\"en-US\",\"@id\":\"https:\\\/\\\/gurudistribution.eu\\\/zimoli\\\/visionix\\\/vx610\\\/#primaryimage\",\"url\":\"https:\\\/\\\/gd.gurudistribution.eu\\\/wp-content\\\/uploads\\\/2025\\\/10\\\/VX610-1-300x266.png\",\"contentUrl\":\"https:\\\/\\\/gd.gurudistribution.eu\\\/wp-content\\\/uploads\\\/2025\\\/10\\\/VX610-1-300x266.png\"},{\"@type\":\"BreadcrumbList\",\"@id\":\"https:\\\/\\\/gurudistribution.eu\\\/zimoli\\\/visionix\\\/vx610\\\/#breadcrumb\",\"itemListElement\":[{\"@type\":\"ListItem\",\"position\":1,\"name\":\"Home\",\"item\":\"https:\\\/\\\/gurudistribution.eu\\\/\"},{\"@type\":\"ListItem\",\"position\":2,\"name\":\"Z\u012aMOLI\",\"item\":\"https:\\\/\\\/gurudistribution.eu\\\/en\\\/zimoli\\\/\"},{\"@type\":\"ListItem\",\"position\":3,\"name\":\"VISIONIX\",\"item\":\"https:\\\/\\\/gurudistribution.eu\\\/zimoli\\\/visionix\\\/\"},{\"@type\":\"ListItem\",\"position\":4,\"name\":\"VX610\"}]},{\"@type\":\"WebSite\",\"@id\":\"https:\\\/\\\/gurudistribution.eu\\\/en\\\/#website\",\"url\":\"https:\\\/\\\/gurudistribution.eu\\\/en\\\/\",\"name\":\"Guru Distribution\",\"description\":\"\",\"publisher\":{\"@id\":\"https:\\\/\\\/gurudistribution.eu\\\/en\\\/#organization\"},\"potentialAction\":[{\"@type\":\"SearchAction\",\"target\":{\"@type\":\"EntryPoint\",\"urlTemplate\":\"https:\\\/\\\/gurudistribution.eu\\\/en\\\/?s={search_term_string}\"},\"query-input\":{\"@type\":\"PropertyValueSpecification\",\"valueRequired\":true,\"valueName\":\"search_term_string\"}}],\"inLanguage\":\"en-US\"},{\"@type\":\"Organization\",\"@id\":\"https:\\\/\\\/gurudistribution.eu\\\/en\\\/#organization\",\"name\":\"Guru Distribution\",\"url\":\"https:\\\/\\\/gurudistribution.eu\\\/en\\\/\",\"logo\":{\"@type\":\"ImageObject\",\"inLanguage\":\"en-US\",\"@id\":\"https:\\\/\\\/gurudistribution.eu\\\/en\\\/#\\\/schema\\\/logo\\\/image\\\/\",\"url\":\"https:\\\/\\\/gurudistribution.eu\\\/wp-content\\\/uploads\\\/2025\\\/10\\\/guru_logo_full_large-scaled-2-e1759335026600.jpg\",\"contentUrl\":\"https:\\\/\\\/gurudistribution.eu\\\/wp-content\\\/uploads\\\/2025\\\/10\\\/guru_logo_full_large-scaled-2-e1759335026600.jpg\",\"width\":1694,\"height\":503,\"caption\":\"Guru Distribution\"},\"image\":{\"@id\":\"https:\\\/\\\/gurudistribution.eu\\\/en\\\/#\\\/schema\\\/logo\\\/image\\\/\"},\"sameAs\":[\"https:\\\/\\\/www.facebook.com\\\/gurudistribution\",\"https:\\\/\\\/www.linkedin.com\\\/company\\\/guru-distribution-linkedin\\\/\"]}]}<\/script>\n<!-- \/ Yoast SEO plugin. -->","yoast_head_json":{"title":"VX610 - Guru Distribution","robots":{"index":"index","follow":"follow","max-snippet":"max-snippet:-1","max-image-preview":"max-image-preview:large","max-video-preview":"max-video-preview:-1"},"canonical":"https:\/\/gurudistribution.eu\/en\/zimoli\/visionix\/vx610\/","og_locale":"en_US","og_type":"article","og_title":"VX610 - Guru Distribution","og_description":"VX610 Uz\u0146emiet krist\u0101ldzidrus t\u012bklenes att\u0113lus. VX 610 risin\u0101jums \u013cauj papla\u0161in\u0101t redzes vesel\u012bbas pied\u0101v\u0101jumu. Akt\u012bvi piedaloties t\u012bklenes izmekl\u0113jum\u0101, j\u016bs varat atbalst\u012bt savu klientu vesel\u012bbu. Iek\u0101rta apr\u012bkota ar MI tehnolo\u0123iju EyeWisdom\u00aeMCS, apvieno automatiz\u0113tu fundusa kameru ar MI risin\u0101jumu, lai veiktu piln\u012bgu t\u012bklenes p\u0101rbaudi maz\u0101k nek\u0101 6 min\u016bt\u0113s.","og_url":"https:\/\/gurudistribution.eu\/en\/zimoli\/visionix\/vx610\/","og_site_name":"Guru Distribution","article_publisher":"https:\/\/www.facebook.com\/gurudistribution","article_modified_time":"2025-10-15T13:15:10+00:00","og_image":[{"url":"https:\/\/gd.gurudistribution.eu\/wp-content\/uploads\/2025\/10\/VX610-1-300x266.png","type":"","width":"","height":""}],"twitter_card":"summary_large_image","schema":{"@context":"https:\/\/schema.org","@graph":[{"@type":"WebPage","@id":"https:\/\/gurudistribution.eu\/zimoli\/visionix\/vx610\/","url":"https:\/\/gurudistribution.eu\/zimoli\/visionix\/vx610\/","name":"VX610 - Guru Distribution","isPartOf":{"@id":"https:\/\/gurudistribution.eu\/en\/#website"},"primaryImageOfPage":{"@id":"https:\/\/gurudistribution.eu\/zimoli\/visionix\/vx610\/#primaryimage"},"image":{"@id":"https:\/\/gurudistribution.eu\/zimoli\/visionix\/vx610\/#primaryimage"},"thumbnailUrl":"https:\/\/gd.gurudistribution.eu\/wp-content\/uploads\/2025\/10\/VX610-1-300x266.png","datePublished":"2025-10-15T03:42:38+00:00","dateModified":"2025-10-15T13:15:10+00:00","breadcrumb":{"@id":"https:\/\/gurudistribution.eu\/zimoli\/visionix\/vx610\/#breadcrumb"},"inLanguage":"en-US","potentialAction":[{"@type":"ReadAction","target":["https:\/\/gurudistribution.eu\/zimoli\/visionix\/vx610\/"]}]},{"@type":"ImageObject","inLanguage":"en-US","@id":"https:\/\/gurudistribution.eu\/zimoli\/visionix\/vx610\/#primaryimage","url":"https:\/\/gd.gurudistribution.eu\/wp-content\/uploads\/2025\/10\/VX610-1-300x266.png","contentUrl":"https:\/\/gd.gurudistribution.eu\/wp-content\/uploads\/2025\/10\/VX610-1-300x266.png"},{"@type":"BreadcrumbList","@id":"https:\/\/gurudistribution.eu\/zimoli\/visionix\/vx610\/#breadcrumb","itemListElement":[{"@type":"ListItem","position":1,"name":"Home","item":"https:\/\/gurudistribution.eu\/"},{"@type":"ListItem","position":2,"name":"Z\u012aMOLI","item":"https:\/\/gurudistribution.eu\/en\/zimoli\/"},{"@type":"ListItem","position":3,"name":"VISIONIX","item":"https:\/\/gurudistribution.eu\/zimoli\/visionix\/"},{"@type":"ListItem","position":4,"name":"VX610"}]},{"@type":"WebSite","@id":"https:\/\/gurudistribution.eu\/en\/#website","url":"https:\/\/gurudistribution.eu\/en\/","name":"Guru Distribution","description":"","publisher":{"@id":"https:\/\/gurudistribution.eu\/en\/#organization"},"potentialAction":[{"@type":"SearchAction","target":{"@type":"EntryPoint","urlTemplate":"https:\/\/gurudistribution.eu\/en\/?s={search_term_string}"},"query-input":{"@type":"PropertyValueSpecification","valueRequired":true,"valueName":"search_term_string"}}],"inLanguage":"en-US"},{"@type":"Organization","@id":"https:\/\/gurudistribution.eu\/en\/#organization","name":"Guru Distribution","url":"https:\/\/gurudistribution.eu\/en\/","logo":{"@type":"ImageObject","inLanguage":"en-US","@id":"https:\/\/gurudistribution.eu\/en\/#\/schema\/logo\/image\/","url":"https:\/\/gurudistribution.eu\/wp-content\/uploads\/2025\/10\/guru_logo_full_large-scaled-2-e1759335026600.jpg","contentUrl":"https:\/\/gurudistribution.eu\/wp-content\/uploads\/2025\/10\/guru_logo_full_large-scaled-2-e1759335026600.jpg","width":1694,"height":503,"caption":"Guru Distribution"},"image":{"@id":"https:\/\/gurudistribution.eu\/en\/#\/schema\/logo\/image\/"},"sameAs":["https:\/\/www.facebook.com\/gurudistribution","https:\/\/www.linkedin.com\/company\/guru-distribution-linkedin\/"]}]}},"_links":{"self":[{"href":"https:\/\/gurudistribution.eu\/en\/wp-json\/wp\/v2\/pages\/1417","targetHints":{"allow":["GET"]}}],"collection":[{"href":"https:\/\/gurudistribution.eu\/en\/wp-json\/wp\/v2\/pages"}],"about":[{"href":"https:\/\/gurudistribution.eu\/en\/wp-json\/wp\/v2\/types\/page"}],"author":[{"embeddable":true,"href":"https:\/\/gurudistribution.eu\/en\/wp-json\/wp\/v2\/users\/1"}],"replies":[{"embeddable":true,"href":"https:\/\/gurudistribution.eu\/en\/wp-json\/wp\/v2\/comments?post=1417"}],"version-history":[{"count":10,"href":"https:\/\/gurudistribution.eu\/en\/wp-json\/wp\/v2\/pages\/1417\/revisions"}],"predecessor-version":[{"id":1465,"href":"https:\/\/gurudistribution.eu\/en\/wp-json\/wp\/v2\/pages\/1417\/revisions\/1465"}],"up":[{"embeddable":true,"href":"https:\/\/gurudistribution.eu\/en\/wp-json\/wp\/v2\/pages\/656"}],"wp:attachment":[{"href":"https:\/\/gurudistribution.eu\/en\/wp-json\/wp\/v2\/media?parent=1417"}],"curies":[{"name":"wp","href":"https:\/\/api.w.org\/{rel}","templated":true}]}}