{"id":1407,"date":"2025-10-15T05:40:44","date_gmt":"2025-10-15T03:40:44","guid":{"rendered":"https:\/\/gd.gurudistribution.eu\/?page_id=1407"},"modified":"2025-11-19T10:24:38","modified_gmt":"2025-11-19T08:24:38","slug":"vx40","status":"publish","type":"page","link":"https:\/\/gurudistribution.eu\/en\/zimoli\/visionix\/vx40\/","title":{"rendered":"VX40"},"content":{"rendered":"<div data-elementor-type=\"wp-page\" data-elementor-id=\"1407\" class=\"elementor elementor-1407\" data-elementor-post-type=\"page\">\n\t\t\t\t<div class=\"elementor-element elementor-element-c4869ad e-flex e-con-boxed e-con e-parent\" data-id=\"c4869ad\" data-element_type=\"container\" data-e-type=\"container\">\n\t\t\t\t\t<div class=\"e-con-inner\">\n\t\t\t\t<div class=\"elementor-element elementor-element-a4f68d7 elementor-widget elementor-widget-heading\" data-id=\"a4f68d7\" data-element_type=\"widget\" data-e-type=\"widget\" data-widget_type=\"heading.default\">\n\t\t\t\t\t<h2 class=\"elementor-heading-title elementor-size-default\">VX40<\/h2>\t\t\t\t<\/div>\n\t\t\t\t<div class=\"elementor-element elementor-element-a88b48c elementor-widget elementor-widget-image-gallery\" data-id=\"a88b48c\" data-element_type=\"widget\" data-e-type=\"widget\" data-widget_type=\"image-gallery.default\">\n\t\t\t\t\t\t\t<div class=\"elementor-image-gallery\">\n\t\t\t<div id='gallery-1' class='gallery galleryid-1407 gallery-columns-3 gallery-size-medium'><figure class='gallery-item'>\n\t\t\t<div class='gallery-icon landscape'>\n\t\t\t\t<a data-elementor-open-lightbox=\"yes\" data-elementor-lightbox-slideshow=\"a88b48c\" data-e-action-hash=\"#elementor-action%3Aaction%3Dlightbox%26settings%3DeyJpZCI6MTQ5MywidXJsIjoiaHR0cHM6XC9cL2d1cnVkaXN0cmlidXRpb24uZXVcL3dwLWNvbnRlbnRcL3VwbG9hZHNcLzIwMjVcLzEwXC9ORVctT0stVlgtNDAtY29uZmlnLTEyNTB4LTYyNS0xLmpwZyIsInNsaWRlc2hvdyI6ImE4OGI0OGMifQ%3D%3D\" href='https:\/\/gurudistribution.eu\/wp-content\/uploads\/2025\/10\/NEW-OK-VX-40-config-1250x-625-1.jpg'><img fetchpriority=\"high\" decoding=\"async\" width=\"300\" height=\"212\" src=\"https:\/\/gurudistribution.eu\/wp-content\/uploads\/2025\/10\/NEW-OK-VX-40-config-1250x-625-1-300x212.jpg\" class=\"attachment-medium size-medium\" alt=\"\" srcset=\"https:\/\/gurudistribution.eu\/wp-content\/uploads\/2025\/10\/NEW-OK-VX-40-config-1250x-625-1-300x212.jpg 300w, https:\/\/gurudistribution.eu\/wp-content\/uploads\/2025\/10\/NEW-OK-VX-40-config-1250x-625-1-768x544.jpg 768w, https:\/\/gurudistribution.eu\/wp-content\/uploads\/2025\/10\/NEW-OK-VX-40-config-1250x-625-1-18x12.jpg 18w, https:\/\/gurudistribution.eu\/wp-content\/uploads\/2025\/10\/NEW-OK-VX-40-config-1250x-625-1.jpg 867w\" sizes=\"(max-width: 300px) 100vw, 300px\" \/><\/a>\n\t\t\t<\/div><\/figure><figure class='gallery-item'>\n\t\t\t<div class='gallery-icon landscape'>\n\t\t\t\t<a data-elementor-open-lightbox=\"yes\" data-elementor-lightbox-slideshow=\"a88b48c\" data-e-action-hash=\"#elementor-action%3Aaction%3Dlightbox%26settings%3DeyJpZCI6MTQ5NCwidXJsIjoiaHR0cHM6XC9cL2d1cnVkaXN0cmlidXRpb24uZXVcL3dwLWNvbnRlbnRcL3VwbG9hZHNcLzIwMjVcLzEwXC9WWDQwLTEuanBnIiwic2xpZGVzaG93IjoiYTg4YjQ4YyJ9\" href='https:\/\/gurudistribution.eu\/wp-content\/uploads\/2025\/10\/VX40-1.jpg'><img decoding=\"async\" width=\"300\" height=\"284\" src=\"https:\/\/gurudistribution.eu\/wp-content\/uploads\/2025\/10\/VX40-1-300x284.jpg\" class=\"attachment-medium size-medium\" alt=\"\" srcset=\"https:\/\/gurudistribution.eu\/wp-content\/uploads\/2025\/10\/VX40-1-300x284.jpg 300w, https:\/\/gurudistribution.eu\/wp-content\/uploads\/2025\/10\/VX40-1-13x12.jpg 13w, https:\/\/gurudistribution.eu\/wp-content\/uploads\/2025\/10\/VX40-1.jpg 657w\" sizes=\"(max-width: 300px) 100vw, 300px\" \/><\/a>\n\t\t\t<\/div><\/figure><figure class='gallery-item'>\n\t\t\t<div class='gallery-icon landscape'>\n\t\t\t\t<a data-elementor-open-lightbox=\"yes\" data-elementor-lightbox-slideshow=\"a88b48c\" data-e-action-hash=\"#elementor-action%3Aaction%3Dlightbox%26settings%3DeyJpZCI6MTQ5NSwidXJsIjoiaHR0cHM6XC9cL2d1cnVkaXN0cmlidXRpb24uZXVcL3dwLWNvbnRlbnRcL3VwbG9hZHNcLzIwMjVcLzEwXC92eDQwc2V0LTEtc2NhbGVkLmpwZyIsInNsaWRlc2hvdyI6ImE4OGI0OGMifQ%3D%3D\" href='https:\/\/gurudistribution.eu\/wp-content\/uploads\/2025\/10\/vx40set-1-scaled.jpg'><img decoding=\"async\" width=\"300\" height=\"200\" src=\"https:\/\/gurudistribution.eu\/wp-content\/uploads\/2025\/10\/vx40set-1-300x200.jpg\" class=\"attachment-medium size-medium\" alt=\"\" srcset=\"https:\/\/gurudistribution.eu\/wp-content\/uploads\/2025\/10\/vx40set-1-300x200.jpg 300w, https:\/\/gurudistribution.eu\/wp-content\/uploads\/2025\/10\/vx40set-1-1024x683.jpg 1024w, https:\/\/gurudistribution.eu\/wp-content\/uploads\/2025\/10\/vx40set-1-768x512.jpg 768w, https:\/\/gurudistribution.eu\/wp-content\/uploads\/2025\/10\/vx40set-1-1536x1024.jpg 1536w, https:\/\/gurudistribution.eu\/wp-content\/uploads\/2025\/10\/vx40set-1-2048x1365.jpg 2048w, https:\/\/gurudistribution.eu\/wp-content\/uploads\/2025\/10\/vx40set-1-18x12.jpg 18w\" sizes=\"(max-width: 300px) 100vw, 300px\" \/><\/a>\n\t\t\t<\/div><\/figure>\n\t\t<\/div>\n\t\t<\/div>\n\t\t\t\t\t\t<\/div>\n\t\t\t\t<div class=\"elementor-element elementor-element-2a1942f elementor-widget elementor-widget-text-editor\" data-id=\"2a1942f\" data-element_type=\"widget\" data-e-type=\"widget\" data-widget_type=\"text-editor.default\">\n\t\t\t\t\t\t\t\t\t<p>Fully automatic eyeglass lens meter, or dioptometer.<\/p><p>The VX40 dioptometer can analyze up to 1,350 points per lens. It measures and analyzes single-vision, bifocal, and progressive lenses. Material doesn\u2019t matter, as it can measure lenses of various technologies and manufacturers.<\/p><p>VX40 features:<\/p><ul><li>Automatic lens measurement and analysis<\/li><li>Pupillary distance (PD) measurement<\/li><li>Prism measurement<\/li><li>Compares measurements of multiple lenses<\/li><\/ul><p><a href=\"https:\/\/gurudistribution.eu\/wp-content\/uploads\/2025\/11\/BrochureEN-VX40-ind10-1124-WEB.pdf\" target=\"_blank\" rel=\"noopener\">More about VX40 (PDF)<\/a><\/p>\t\t\t\t\t\t\t\t<\/div>\n\t\t\t\t\t<\/div>\n\t\t\t\t<\/div>\n\t\t\t\t<\/div>","protected":false},"excerpt":{"rendered":"<p>VX40 Piln\u012bb\u0101 autom\u0101tisks bri\u013c\u013cu l\u0113cu m\u0113r\u012bt\u0101js jeb dioptometrs. VX40 dioptometrs sp\u0113j analiz\u0113t l\u012bdz pat 1350 l\u0113cas punktiem. Tas m\u0113ra un analiz\u0113 viena stipruma l\u0113cas, bifok\u0101l\u0101s, k\u0101 ar\u012b progres\u012bv\u0101s. Nav noz\u012bmes ar\u012b materi\u0101lam, jo tas m\u0113ra da\u017e\u0101du tehnolo\u0123iju un ra\u017eot\u0101ju l\u0113cas. VX40 funkcijas: Autom\u0101tiska l\u0113cu m\u0113r\u012b\u0161ana un analiz\u0113\u0161ana Starpz\u012bl\u012b\u0161u att\u0101luma m\u0113r\u012bt\u0101js Prizmas m\u0113r\u012b\u0161ana Sal\u012bdzina vair\u0101ku objekt\u012bvu [&hellip;]<\/p>\n","protected":false},"author":1,"featured_media":0,"parent":656,"menu_order":0,"comment_status":"closed","ping_status":"closed","template":"elementor_header_footer","meta":{"footnotes":""},"class_list":["post-1407","page","type-page","status-publish","hentry"],"yoast_head":"<!-- This site is optimized with the Yoast SEO plugin v27.3 - https:\/\/yoast.com\/product\/yoast-seo-wordpress\/ -->\n<title>VX40 - Guru Distribution<\/title>\n<meta name=\"robots\" content=\"index, follow, max-snippet:-1, max-image-preview:large, max-video-preview:-1\" \/>\n<link rel=\"canonical\" href=\"https:\/\/gurudistribution.eu\/en\/zimoli\/visionix\/vx40\/\" \/>\n<meta property=\"og:locale\" content=\"en_US\" \/>\n<meta property=\"og:type\" content=\"article\" \/>\n<meta property=\"og:title\" content=\"VX40 - Guru Distribution\" \/>\n<meta property=\"og:description\" content=\"VX40 Piln\u012bb\u0101 autom\u0101tisks bri\u013c\u013cu l\u0113cu m\u0113r\u012bt\u0101js jeb dioptometrs. VX40 dioptometrs sp\u0113j analiz\u0113t l\u012bdz pat 1350 l\u0113cas punktiem. Tas m\u0113ra un analiz\u0113 viena stipruma l\u0113cas, bifok\u0101l\u0101s, k\u0101 ar\u012b progres\u012bv\u0101s. Nav noz\u012bmes ar\u012b materi\u0101lam, jo tas m\u0113ra da\u017e\u0101du tehnolo\u0123iju un ra\u017eot\u0101ju l\u0113cas. VX40 funkcijas: Autom\u0101tiska l\u0113cu m\u0113r\u012b\u0161ana un analiz\u0113\u0161ana Starpz\u012bl\u012b\u0161u att\u0101luma m\u0113r\u012bt\u0101js Prizmas m\u0113r\u012b\u0161ana Sal\u012bdzina vair\u0101ku objekt\u012bvu [&hellip;]\" \/>\n<meta property=\"og:url\" content=\"https:\/\/gurudistribution.eu\/en\/zimoli\/visionix\/vx40\/\" \/>\n<meta property=\"og:site_name\" content=\"Guru Distribution\" \/>\n<meta property=\"article:publisher\" content=\"https:\/\/www.facebook.com\/gurudistribution\" \/>\n<meta property=\"article:modified_time\" content=\"2025-11-19T08:24:38+00:00\" \/>\n<meta property=\"og:image\" content=\"https:\/\/gurudistribution.eu\/wp-content\/uploads\/2025\/10\/NEW-OK-VX-40-config-1250x-625-1-300x212.jpg\" \/>\n<meta name=\"twitter:card\" content=\"summary_large_image\" \/>\n<meta name=\"twitter:label1\" content=\"Est. reading time\" \/>\n\t<meta name=\"twitter:data1\" content=\"1 minute\" \/>\n<script type=\"application\/ld+json\" class=\"yoast-schema-graph\">{\"@context\":\"https:\\\/\\\/schema.org\",\"@graph\":[{\"@type\":\"WebPage\",\"@id\":\"https:\\\/\\\/gurudistribution.eu\\\/zimoli\\\/visionix\\\/vx40\\\/\",\"url\":\"https:\\\/\\\/gurudistribution.eu\\\/zimoli\\\/visionix\\\/vx40\\\/\",\"name\":\"VX40 - Guru Distribution\",\"isPartOf\":{\"@id\":\"https:\\\/\\\/gurudistribution.eu\\\/en\\\/#website\"},\"primaryImageOfPage\":{\"@id\":\"https:\\\/\\\/gurudistribution.eu\\\/zimoli\\\/visionix\\\/vx40\\\/#primaryimage\"},\"image\":{\"@id\":\"https:\\\/\\\/gurudistribution.eu\\\/zimoli\\\/visionix\\\/vx40\\\/#primaryimage\"},\"thumbnailUrl\":\"https:\\\/\\\/gurudistribution.eu\\\/wp-content\\\/uploads\\\/2025\\\/10\\\/NEW-OK-VX-40-config-1250x-625-1-300x212.jpg\",\"datePublished\":\"2025-10-15T03:40:44+00:00\",\"dateModified\":\"2025-11-19T08:24:38+00:00\",\"breadcrumb\":{\"@id\":\"https:\\\/\\\/gurudistribution.eu\\\/zimoli\\\/visionix\\\/vx40\\\/#breadcrumb\"},\"inLanguage\":\"en-US\",\"potentialAction\":[{\"@type\":\"ReadAction\",\"target\":[\"https:\\\/\\\/gurudistribution.eu\\\/zimoli\\\/visionix\\\/vx40\\\/\"]}]},{\"@type\":\"ImageObject\",\"inLanguage\":\"en-US\",\"@id\":\"https:\\\/\\\/gurudistribution.eu\\\/zimoli\\\/visionix\\\/vx40\\\/#primaryimage\",\"url\":\"https:\\\/\\\/gurudistribution.eu\\\/wp-content\\\/uploads\\\/2025\\\/10\\\/NEW-OK-VX-40-config-1250x-625-1-300x212.jpg\",\"contentUrl\":\"https:\\\/\\\/gurudistribution.eu\\\/wp-content\\\/uploads\\\/2025\\\/10\\\/NEW-OK-VX-40-config-1250x-625-1-300x212.jpg\"},{\"@type\":\"BreadcrumbList\",\"@id\":\"https:\\\/\\\/gurudistribution.eu\\\/zimoli\\\/visionix\\\/vx40\\\/#breadcrumb\",\"itemListElement\":[{\"@type\":\"ListItem\",\"position\":1,\"name\":\"Home\",\"item\":\"https:\\\/\\\/gurudistribution.eu\\\/\"},{\"@type\":\"ListItem\",\"position\":2,\"name\":\"Z\u012aMOLI\",\"item\":\"https:\\\/\\\/gurudistribution.eu\\\/en\\\/zimoli\\\/\"},{\"@type\":\"ListItem\",\"position\":3,\"name\":\"VISIONIX\",\"item\":\"https:\\\/\\\/gurudistribution.eu\\\/zimoli\\\/visionix\\\/\"},{\"@type\":\"ListItem\",\"position\":4,\"name\":\"VX40\"}]},{\"@type\":\"WebSite\",\"@id\":\"https:\\\/\\\/gurudistribution.eu\\\/en\\\/#website\",\"url\":\"https:\\\/\\\/gurudistribution.eu\\\/en\\\/\",\"name\":\"Guru Distribution\",\"description\":\"\",\"publisher\":{\"@id\":\"https:\\\/\\\/gurudistribution.eu\\\/en\\\/#organization\"},\"potentialAction\":[{\"@type\":\"SearchAction\",\"target\":{\"@type\":\"EntryPoint\",\"urlTemplate\":\"https:\\\/\\\/gurudistribution.eu\\\/en\\\/?s={search_term_string}\"},\"query-input\":{\"@type\":\"PropertyValueSpecification\",\"valueRequired\":true,\"valueName\":\"search_term_string\"}}],\"inLanguage\":\"en-US\"},{\"@type\":\"Organization\",\"@id\":\"https:\\\/\\\/gurudistribution.eu\\\/en\\\/#organization\",\"name\":\"Guru Distribution\",\"url\":\"https:\\\/\\\/gurudistribution.eu\\\/en\\\/\",\"logo\":{\"@type\":\"ImageObject\",\"inLanguage\":\"en-US\",\"@id\":\"https:\\\/\\\/gurudistribution.eu\\\/en\\\/#\\\/schema\\\/logo\\\/image\\\/\",\"url\":\"https:\\\/\\\/gurudistribution.eu\\\/wp-content\\\/uploads\\\/2025\\\/10\\\/guru_logo_full_large-scaled-2-e1759335026600.jpg\",\"contentUrl\":\"https:\\\/\\\/gurudistribution.eu\\\/wp-content\\\/uploads\\\/2025\\\/10\\\/guru_logo_full_large-scaled-2-e1759335026600.jpg\",\"width\":1694,\"height\":503,\"caption\":\"Guru Distribution\"},\"image\":{\"@id\":\"https:\\\/\\\/gurudistribution.eu\\\/en\\\/#\\\/schema\\\/logo\\\/image\\\/\"},\"sameAs\":[\"https:\\\/\\\/www.facebook.com\\\/gurudistribution\",\"https:\\\/\\\/www.linkedin.com\\\/company\\\/guru-distribution-linkedin\\\/\"]}]}<\/script>\n<!-- \/ Yoast SEO plugin. -->","yoast_head_json":{"title":"VX40 - Guru Distribution","robots":{"index":"index","follow":"follow","max-snippet":"max-snippet:-1","max-image-preview":"max-image-preview:large","max-video-preview":"max-video-preview:-1"},"canonical":"https:\/\/gurudistribution.eu\/en\/zimoli\/visionix\/vx40\/","og_locale":"en_US","og_type":"article","og_title":"VX40 - Guru Distribution","og_description":"VX40 Piln\u012bb\u0101 autom\u0101tisks bri\u013c\u013cu l\u0113cu m\u0113r\u012bt\u0101js jeb dioptometrs. VX40 dioptometrs sp\u0113j analiz\u0113t l\u012bdz pat 1350 l\u0113cas punktiem. Tas m\u0113ra un analiz\u0113 viena stipruma l\u0113cas, bifok\u0101l\u0101s, k\u0101 ar\u012b progres\u012bv\u0101s. Nav noz\u012bmes ar\u012b materi\u0101lam, jo tas m\u0113ra da\u017e\u0101du tehnolo\u0123iju un ra\u017eot\u0101ju l\u0113cas. VX40 funkcijas: Autom\u0101tiska l\u0113cu m\u0113r\u012b\u0161ana un analiz\u0113\u0161ana Starpz\u012bl\u012b\u0161u att\u0101luma m\u0113r\u012bt\u0101js Prizmas m\u0113r\u012b\u0161ana Sal\u012bdzina vair\u0101ku objekt\u012bvu [&hellip;]","og_url":"https:\/\/gurudistribution.eu\/en\/zimoli\/visionix\/vx40\/","og_site_name":"Guru Distribution","article_publisher":"https:\/\/www.facebook.com\/gurudistribution","article_modified_time":"2025-11-19T08:24:38+00:00","og_image":[{"url":"https:\/\/gurudistribution.eu\/wp-content\/uploads\/2025\/10\/NEW-OK-VX-40-config-1250x-625-1-300x212.jpg","type":"","width":"","height":""}],"twitter_card":"summary_large_image","twitter_misc":{"Est. reading time":"1 minute"},"schema":{"@context":"https:\/\/schema.org","@graph":[{"@type":"WebPage","@id":"https:\/\/gurudistribution.eu\/zimoli\/visionix\/vx40\/","url":"https:\/\/gurudistribution.eu\/zimoli\/visionix\/vx40\/","name":"VX40 - Guru Distribution","isPartOf":{"@id":"https:\/\/gurudistribution.eu\/en\/#website"},"primaryImageOfPage":{"@id":"https:\/\/gurudistribution.eu\/zimoli\/visionix\/vx40\/#primaryimage"},"image":{"@id":"https:\/\/gurudistribution.eu\/zimoli\/visionix\/vx40\/#primaryimage"},"thumbnailUrl":"https:\/\/gurudistribution.eu\/wp-content\/uploads\/2025\/10\/NEW-OK-VX-40-config-1250x-625-1-300x212.jpg","datePublished":"2025-10-15T03:40:44+00:00","dateModified":"2025-11-19T08:24:38+00:00","breadcrumb":{"@id":"https:\/\/gurudistribution.eu\/zimoli\/visionix\/vx40\/#breadcrumb"},"inLanguage":"en-US","potentialAction":[{"@type":"ReadAction","target":["https:\/\/gurudistribution.eu\/zimoli\/visionix\/vx40\/"]}]},{"@type":"ImageObject","inLanguage":"en-US","@id":"https:\/\/gurudistribution.eu\/zimoli\/visionix\/vx40\/#primaryimage","url":"https:\/\/gurudistribution.eu\/wp-content\/uploads\/2025\/10\/NEW-OK-VX-40-config-1250x-625-1-300x212.jpg","contentUrl":"https:\/\/gurudistribution.eu\/wp-content\/uploads\/2025\/10\/NEW-OK-VX-40-config-1250x-625-1-300x212.jpg"},{"@type":"BreadcrumbList","@id":"https:\/\/gurudistribution.eu\/zimoli\/visionix\/vx40\/#breadcrumb","itemListElement":[{"@type":"ListItem","position":1,"name":"Home","item":"https:\/\/gurudistribution.eu\/"},{"@type":"ListItem","position":2,"name":"Z\u012aMOLI","item":"https:\/\/gurudistribution.eu\/en\/zimoli\/"},{"@type":"ListItem","position":3,"name":"VISIONIX","item":"https:\/\/gurudistribution.eu\/zimoli\/visionix\/"},{"@type":"ListItem","position":4,"name":"VX40"}]},{"@type":"WebSite","@id":"https:\/\/gurudistribution.eu\/en\/#website","url":"https:\/\/gurudistribution.eu\/en\/","name":"Guru Distribution","description":"","publisher":{"@id":"https:\/\/gurudistribution.eu\/en\/#organization"},"potentialAction":[{"@type":"SearchAction","target":{"@type":"EntryPoint","urlTemplate":"https:\/\/gurudistribution.eu\/en\/?s={search_term_string}"},"query-input":{"@type":"PropertyValueSpecification","valueRequired":true,"valueName":"search_term_string"}}],"inLanguage":"en-US"},{"@type":"Organization","@id":"https:\/\/gurudistribution.eu\/en\/#organization","name":"Guru Distribution","url":"https:\/\/gurudistribution.eu\/en\/","logo":{"@type":"ImageObject","inLanguage":"en-US","@id":"https:\/\/gurudistribution.eu\/en\/#\/schema\/logo\/image\/","url":"https:\/\/gurudistribution.eu\/wp-content\/uploads\/2025\/10\/guru_logo_full_large-scaled-2-e1759335026600.jpg","contentUrl":"https:\/\/gurudistribution.eu\/wp-content\/uploads\/2025\/10\/guru_logo_full_large-scaled-2-e1759335026600.jpg","width":1694,"height":503,"caption":"Guru Distribution"},"image":{"@id":"https:\/\/gurudistribution.eu\/en\/#\/schema\/logo\/image\/"},"sameAs":["https:\/\/www.facebook.com\/gurudistribution","https:\/\/www.linkedin.com\/company\/guru-distribution-linkedin\/"]}]}},"_links":{"self":[{"href":"https:\/\/gurudistribution.eu\/en\/wp-json\/wp\/v2\/pages\/1407","targetHints":{"allow":["GET"]}}],"collection":[{"href":"https:\/\/gurudistribution.eu\/en\/wp-json\/wp\/v2\/pages"}],"about":[{"href":"https:\/\/gurudistribution.eu\/en\/wp-json\/wp\/v2\/types\/page"}],"author":[{"embeddable":true,"href":"https:\/\/gurudistribution.eu\/en\/wp-json\/wp\/v2\/users\/1"}],"replies":[{"embeddable":true,"href":"https:\/\/gurudistribution.eu\/en\/wp-json\/wp\/v2\/comments?post=1407"}],"version-history":[{"count":19,"href":"https:\/\/gurudistribution.eu\/en\/wp-json\/wp\/v2\/pages\/1407\/revisions"}],"predecessor-version":[{"id":2504,"href":"https:\/\/gurudistribution.eu\/en\/wp-json\/wp\/v2\/pages\/1407\/revisions\/2504"}],"up":[{"embeddable":true,"href":"https:\/\/gurudistribution.eu\/en\/wp-json\/wp\/v2\/pages\/656"}],"wp:attachment":[{"href":"https:\/\/gurudistribution.eu\/en\/wp-json\/wp\/v2\/media?parent=1407"}],"curies":[{"name":"wp","href":"https:\/\/api.w.org\/{rel}","templated":true}]}}