{"id":1396,"date":"2025-10-15T05:35:31","date_gmt":"2025-10-15T03:35:31","guid":{"rendered":"https:\/\/gd.gurudistribution.eu\/?page_id=1396"},"modified":"2025-12-09T12:12:00","modified_gmt":"2025-12-09T10:12:00","slug":"vx25","status":"publish","type":"page","link":"https:\/\/gurudistribution.eu\/en\/zimoli\/visionix\/vx25\/","title":{"rendered":"VX25"},"content":{"rendered":"<div data-elementor-type=\"wp-page\" data-elementor-id=\"1396\" class=\"elementor elementor-1396\" data-elementor-post-type=\"page\">\n\t\t\t\t<div class=\"elementor-element elementor-element-c4869ad e-flex e-con-boxed e-con e-parent\" data-id=\"c4869ad\" data-element_type=\"container\" data-e-type=\"container\">\n\t\t\t\t\t<div class=\"e-con-inner\">\n\t\t\t\t<div class=\"elementor-element elementor-element-a4f68d7 elementor-widget elementor-widget-heading\" data-id=\"a4f68d7\" data-element_type=\"widget\" data-e-type=\"widget\" data-widget_type=\"heading.default\">\n\t\t\t\t\t<h2 class=\"elementor-heading-title elementor-size-default\">VX25<\/h2>\t\t\t\t<\/div>\n\t\t\t\t<div class=\"elementor-element elementor-element-a88b48c elementor-widget elementor-widget-image-gallery\" data-id=\"a88b48c\" data-element_type=\"widget\" data-e-type=\"widget\" data-widget_type=\"image-gallery.default\">\n\t\t\t\t\t\t\t<div class=\"elementor-image-gallery\">\n\t\t\t<div id='gallery-1' class='gallery galleryid-1396 gallery-columns-2 gallery-size-medium'><figure class='gallery-item'>\n\t\t\t<div class='gallery-icon landscape'>\n\t\t\t\t<a data-elementor-open-lightbox=\"yes\" data-elementor-lightbox-slideshow=\"a88b48c\" data-e-action-hash=\"#elementor-action%3Aaction%3Dlightbox%26settings%3DeyJpZCI6MTQwMSwidXJsIjoiaHR0cHM6XC9cL2d1cnVkaXN0cmlidXRpb24uZXVcL3dwLWNvbnRlbnRcL3VwbG9hZHNcLzIwMjVcLzEwXC9FUl9WWDI1X2dhbGRzLXNjYWxlZC5qcGciLCJzbGlkZXNob3ciOiJhODhiNDhjIn0%3D\" href='https:\/\/gurudistribution.eu\/wp-content\/uploads\/2025\/10\/ER_VX25_galds-scaled.jpg'><img fetchpriority=\"high\" decoding=\"async\" width=\"300\" height=\"200\" src=\"https:\/\/gurudistribution.eu\/wp-content\/uploads\/2025\/10\/ER_VX25_galds-300x200.jpg\" class=\"attachment-medium size-medium\" alt=\"\" srcset=\"https:\/\/gurudistribution.eu\/wp-content\/uploads\/2025\/10\/ER_VX25_galds-300x200.jpg 300w, https:\/\/gurudistribution.eu\/wp-content\/uploads\/2025\/10\/ER_VX25_galds-1024x683.jpg 1024w, https:\/\/gurudistribution.eu\/wp-content\/uploads\/2025\/10\/ER_VX25_galds-768x512.jpg 768w, https:\/\/gurudistribution.eu\/wp-content\/uploads\/2025\/10\/ER_VX25_galds-1536x1024.jpg 1536w, https:\/\/gurudistribution.eu\/wp-content\/uploads\/2025\/10\/ER_VX25_galds-2048x1365.jpg 2048w, https:\/\/gurudistribution.eu\/wp-content\/uploads\/2025\/10\/ER_VX25_galds-18x12.jpg 18w\" sizes=\"(max-width: 300px) 100vw, 300px\" \/><\/a>\n\t\t\t<\/div><\/figure><figure class='gallery-item'>\n\t\t\t<div class='gallery-icon portrait'>\n\t\t\t\t<a data-elementor-open-lightbox=\"yes\" data-elementor-lightbox-slideshow=\"a88b48c\" data-e-action-hash=\"#elementor-action%3Aaction%3Dlightbox%26settings%3DeyJpZCI6MTQwMiwidXJsIjoiaHR0cHM6XC9cL2d1cnVkaXN0cmlidXRpb24uZXVcL3dwLWNvbnRlbnRcL3VwbG9hZHNcLzIwMjVcLzEwXC9WWDI1LTEtc2NhbGVkLmpwZyIsInNsaWRlc2hvdyI6ImE4OGI0OGMifQ%3D%3D\" href='https:\/\/gurudistribution.eu\/wp-content\/uploads\/2025\/10\/VX25-1-scaled.jpg'><img decoding=\"async\" width=\"200\" height=\"300\" src=\"https:\/\/gurudistribution.eu\/wp-content\/uploads\/2025\/10\/VX25-1-200x300.jpg\" class=\"attachment-medium size-medium\" alt=\"\" srcset=\"https:\/\/gurudistribution.eu\/wp-content\/uploads\/2025\/10\/VX25-1-200x300.jpg 200w, https:\/\/gurudistribution.eu\/wp-content\/uploads\/2025\/10\/VX25-1-683x1024.jpg 683w, https:\/\/gurudistribution.eu\/wp-content\/uploads\/2025\/10\/VX25-1-768x1152.jpg 768w, https:\/\/gurudistribution.eu\/wp-content\/uploads\/2025\/10\/VX25-1-1024x1536.jpg 1024w, https:\/\/gurudistribution.eu\/wp-content\/uploads\/2025\/10\/VX25-1-1365x2048.jpg 1365w, https:\/\/gurudistribution.eu\/wp-content\/uploads\/2025\/10\/VX25-1-8x12.jpg 8w, https:\/\/gurudistribution.eu\/wp-content\/uploads\/2025\/10\/VX25-1-scaled.jpg 1707w\" sizes=\"(max-width: 200px) 100vw, 200px\" \/><\/a>\n\t\t\t<\/div><\/figure>\n\t\t<\/div>\n\t\t<\/div>\n\t\t\t\t\t\t<\/div>\n\t\t\t\t<div class=\"elementor-element elementor-element-2a1942f elementor-widget elementor-widget-text-editor\" data-id=\"2a1942f\" data-element_type=\"widget\" data-e-type=\"widget\" data-widget_type=\"text-editor.default\">\n\t\t\t\t\t\t\t\t\t<p>Vision testing screen, designed to facilitate eye exams in small spaces.<\/p><p>Thanks to its ergonomic design, streamlined style, and extensive range of vision tests, it is possible to achieve optimal results in smaller spaces or specialist offices. The VX25 can be used together with the Eye Refract system for measuring visual acuity as well as binocular vision.<\/p><ul><li>Instead of the usual 5 m\u2014only 80 cm is required<\/li><li>Together, they occupy 1 square meter in the office<\/li><li>Easy to use<\/li><li>Effective anti-glare coating. Black\/matte screen.<p><a href=\"https:\/\/gurudistribution.eu\/wp-content\/uploads\/2025\/10\/BrochureEN-VX25-ind11-0424-WEB.pdf\" target=\"_blank\" rel=\"noopener\">More about VX25 (PDF).<\/a><\/p><\/li><\/ul>\t\t\t\t\t\t\t\t<\/div>\n\t\t\t\t\t<\/div>\n\t\t\t\t<\/div>\n\t\t\t\t<\/div>","protected":false},"excerpt":{"rendered":"<p>VX25 Ekr\u0101ns redzes p\u0101rbaudei, kas pal\u012bdz p\u0101rbaud\u012bt redzi maz\u0101 telp\u0101. Pateicoties t\u0101 ergonomiskajam dizainam, racionaliz\u0113tajam stilam un lielajam redzes p\u0101rbaudes testu skaitam, ir iesp\u0113jams ieg\u016bt maksim\u0101li labus rezult\u0101tus maz\u0101k\u0101 telp\u0101 vai speci\u0101lista kabinet\u0101. VX25 lietojama kop\u0101 ar Eye Refract sist\u0113mu, ko izmanto redzes asuma\u00a0 k\u0101 ar\u012b binokul\u0101r\u0101s redzes m\u0113r\u012b\u0161anai. Ierasto 5m viet\u0101 \u2013 vajadz\u012bgi tikai [&hellip;]<\/p>\n","protected":false},"author":1,"featured_media":0,"parent":656,"menu_order":0,"comment_status":"closed","ping_status":"closed","template":"elementor_header_footer","meta":{"footnotes":""},"class_list":["post-1396","page","type-page","status-publish","hentry"],"yoast_head":"<!-- This site is optimized with the Yoast SEO plugin v27.3 - https:\/\/yoast.com\/product\/yoast-seo-wordpress\/ -->\n<title>VX25 - Guru Distribution<\/title>\n<meta name=\"robots\" content=\"index, follow, max-snippet:-1, max-image-preview:large, max-video-preview:-1\" \/>\n<link rel=\"canonical\" href=\"https:\/\/gurudistribution.eu\/en\/zimoli\/visionix\/vx25\/\" \/>\n<meta property=\"og:locale\" content=\"en_US\" \/>\n<meta property=\"og:type\" content=\"article\" \/>\n<meta property=\"og:title\" content=\"VX25 - Guru Distribution\" \/>\n<meta property=\"og:description\" content=\"VX25 Ekr\u0101ns redzes p\u0101rbaudei, kas pal\u012bdz p\u0101rbaud\u012bt redzi maz\u0101 telp\u0101. Pateicoties t\u0101 ergonomiskajam dizainam, racionaliz\u0113tajam stilam un lielajam redzes p\u0101rbaudes testu skaitam, ir iesp\u0113jams ieg\u016bt maksim\u0101li labus rezult\u0101tus maz\u0101k\u0101 telp\u0101 vai speci\u0101lista kabinet\u0101. VX25 lietojama kop\u0101 ar Eye Refract sist\u0113mu, ko izmanto redzes asuma\u00a0 k\u0101 ar\u012b binokul\u0101r\u0101s redzes m\u0113r\u012b\u0161anai. Ierasto 5m viet\u0101 \u2013 vajadz\u012bgi tikai [&hellip;]\" \/>\n<meta property=\"og:url\" content=\"https:\/\/gurudistribution.eu\/en\/zimoli\/visionix\/vx25\/\" \/>\n<meta property=\"og:site_name\" content=\"Guru Distribution\" \/>\n<meta property=\"article:publisher\" content=\"https:\/\/www.facebook.com\/gurudistribution\" \/>\n<meta property=\"article:modified_time\" content=\"2025-12-09T10:12:00+00:00\" \/>\n<meta property=\"og:image\" content=\"https:\/\/gurudistribution.eu\/wp-content\/uploads\/2025\/10\/ER_VX25_galds-300x200.jpg\" \/>\n<meta name=\"twitter:card\" content=\"summary_large_image\" \/>\n<meta name=\"twitter:label1\" content=\"Est. reading time\" \/>\n\t<meta name=\"twitter:data1\" content=\"1 minute\" \/>\n<script type=\"application\/ld+json\" class=\"yoast-schema-graph\">{\"@context\":\"https:\\\/\\\/schema.org\",\"@graph\":[{\"@type\":\"WebPage\",\"@id\":\"https:\\\/\\\/gurudistribution.eu\\\/zimoli\\\/visionix\\\/vx25\\\/\",\"url\":\"https:\\\/\\\/gurudistribution.eu\\\/zimoli\\\/visionix\\\/vx25\\\/\",\"name\":\"VX25 - Guru Distribution\",\"isPartOf\":{\"@id\":\"https:\\\/\\\/gurudistribution.eu\\\/en\\\/#website\"},\"primaryImageOfPage\":{\"@id\":\"https:\\\/\\\/gurudistribution.eu\\\/zimoli\\\/visionix\\\/vx25\\\/#primaryimage\"},\"image\":{\"@id\":\"https:\\\/\\\/gurudistribution.eu\\\/zimoli\\\/visionix\\\/vx25\\\/#primaryimage\"},\"thumbnailUrl\":\"https:\\\/\\\/gurudistribution.eu\\\/wp-content\\\/uploads\\\/2025\\\/10\\\/ER_VX25_galds-300x200.jpg\",\"datePublished\":\"2025-10-15T03:35:31+00:00\",\"dateModified\":\"2025-12-09T10:12:00+00:00\",\"breadcrumb\":{\"@id\":\"https:\\\/\\\/gurudistribution.eu\\\/zimoli\\\/visionix\\\/vx25\\\/#breadcrumb\"},\"inLanguage\":\"en-US\",\"potentialAction\":[{\"@type\":\"ReadAction\",\"target\":[\"https:\\\/\\\/gurudistribution.eu\\\/zimoli\\\/visionix\\\/vx25\\\/\"]}]},{\"@type\":\"ImageObject\",\"inLanguage\":\"en-US\",\"@id\":\"https:\\\/\\\/gurudistribution.eu\\\/zimoli\\\/visionix\\\/vx25\\\/#primaryimage\",\"url\":\"https:\\\/\\\/gurudistribution.eu\\\/wp-content\\\/uploads\\\/2025\\\/10\\\/ER_VX25_galds-300x200.jpg\",\"contentUrl\":\"https:\\\/\\\/gurudistribution.eu\\\/wp-content\\\/uploads\\\/2025\\\/10\\\/ER_VX25_galds-300x200.jpg\"},{\"@type\":\"BreadcrumbList\",\"@id\":\"https:\\\/\\\/gurudistribution.eu\\\/zimoli\\\/visionix\\\/vx25\\\/#breadcrumb\",\"itemListElement\":[{\"@type\":\"ListItem\",\"position\":1,\"name\":\"Home\",\"item\":\"https:\\\/\\\/gurudistribution.eu\\\/\"},{\"@type\":\"ListItem\",\"position\":2,\"name\":\"Z\u012aMOLI\",\"item\":\"https:\\\/\\\/gurudistribution.eu\\\/en\\\/zimoli\\\/\"},{\"@type\":\"ListItem\",\"position\":3,\"name\":\"VISIONIX\",\"item\":\"https:\\\/\\\/gurudistribution.eu\\\/zimoli\\\/visionix\\\/\"},{\"@type\":\"ListItem\",\"position\":4,\"name\":\"VX25\"}]},{\"@type\":\"WebSite\",\"@id\":\"https:\\\/\\\/gurudistribution.eu\\\/en\\\/#website\",\"url\":\"https:\\\/\\\/gurudistribution.eu\\\/en\\\/\",\"name\":\"Guru Distribution\",\"description\":\"\",\"publisher\":{\"@id\":\"https:\\\/\\\/gurudistribution.eu\\\/en\\\/#organization\"},\"potentialAction\":[{\"@type\":\"SearchAction\",\"target\":{\"@type\":\"EntryPoint\",\"urlTemplate\":\"https:\\\/\\\/gurudistribution.eu\\\/en\\\/?s={search_term_string}\"},\"query-input\":{\"@type\":\"PropertyValueSpecification\",\"valueRequired\":true,\"valueName\":\"search_term_string\"}}],\"inLanguage\":\"en-US\"},{\"@type\":\"Organization\",\"@id\":\"https:\\\/\\\/gurudistribution.eu\\\/en\\\/#organization\",\"name\":\"Guru Distribution\",\"url\":\"https:\\\/\\\/gurudistribution.eu\\\/en\\\/\",\"logo\":{\"@type\":\"ImageObject\",\"inLanguage\":\"en-US\",\"@id\":\"https:\\\/\\\/gurudistribution.eu\\\/en\\\/#\\\/schema\\\/logo\\\/image\\\/\",\"url\":\"https:\\\/\\\/gurudistribution.eu\\\/wp-content\\\/uploads\\\/2025\\\/10\\\/guru_logo_full_large-scaled-2-e1759335026600.jpg\",\"contentUrl\":\"https:\\\/\\\/gurudistribution.eu\\\/wp-content\\\/uploads\\\/2025\\\/10\\\/guru_logo_full_large-scaled-2-e1759335026600.jpg\",\"width\":1694,\"height\":503,\"caption\":\"Guru Distribution\"},\"image\":{\"@id\":\"https:\\\/\\\/gurudistribution.eu\\\/en\\\/#\\\/schema\\\/logo\\\/image\\\/\"},\"sameAs\":[\"https:\\\/\\\/www.facebook.com\\\/gurudistribution\",\"https:\\\/\\\/www.linkedin.com\\\/company\\\/guru-distribution-linkedin\\\/\"]}]}<\/script>\n<!-- \/ Yoast SEO plugin. -->","yoast_head_json":{"title":"VX25 - Guru Distribution","robots":{"index":"index","follow":"follow","max-snippet":"max-snippet:-1","max-image-preview":"max-image-preview:large","max-video-preview":"max-video-preview:-1"},"canonical":"https:\/\/gurudistribution.eu\/en\/zimoli\/visionix\/vx25\/","og_locale":"en_US","og_type":"article","og_title":"VX25 - Guru Distribution","og_description":"VX25 Ekr\u0101ns redzes p\u0101rbaudei, kas pal\u012bdz p\u0101rbaud\u012bt redzi maz\u0101 telp\u0101. Pateicoties t\u0101 ergonomiskajam dizainam, racionaliz\u0113tajam stilam un lielajam redzes p\u0101rbaudes testu skaitam, ir iesp\u0113jams ieg\u016bt maksim\u0101li labus rezult\u0101tus maz\u0101k\u0101 telp\u0101 vai speci\u0101lista kabinet\u0101. VX25 lietojama kop\u0101 ar Eye Refract sist\u0113mu, ko izmanto redzes asuma\u00a0 k\u0101 ar\u012b binokul\u0101r\u0101s redzes m\u0113r\u012b\u0161anai. Ierasto 5m viet\u0101 \u2013 vajadz\u012bgi tikai [&hellip;]","og_url":"https:\/\/gurudistribution.eu\/en\/zimoli\/visionix\/vx25\/","og_site_name":"Guru Distribution","article_publisher":"https:\/\/www.facebook.com\/gurudistribution","article_modified_time":"2025-12-09T10:12:00+00:00","og_image":[{"url":"https:\/\/gurudistribution.eu\/wp-content\/uploads\/2025\/10\/ER_VX25_galds-300x200.jpg","type":"","width":"","height":""}],"twitter_card":"summary_large_image","twitter_misc":{"Est. reading time":"1 minute"},"schema":{"@context":"https:\/\/schema.org","@graph":[{"@type":"WebPage","@id":"https:\/\/gurudistribution.eu\/zimoli\/visionix\/vx25\/","url":"https:\/\/gurudistribution.eu\/zimoli\/visionix\/vx25\/","name":"VX25 - Guru Distribution","isPartOf":{"@id":"https:\/\/gurudistribution.eu\/en\/#website"},"primaryImageOfPage":{"@id":"https:\/\/gurudistribution.eu\/zimoli\/visionix\/vx25\/#primaryimage"},"image":{"@id":"https:\/\/gurudistribution.eu\/zimoli\/visionix\/vx25\/#primaryimage"},"thumbnailUrl":"https:\/\/gurudistribution.eu\/wp-content\/uploads\/2025\/10\/ER_VX25_galds-300x200.jpg","datePublished":"2025-10-15T03:35:31+00:00","dateModified":"2025-12-09T10:12:00+00:00","breadcrumb":{"@id":"https:\/\/gurudistribution.eu\/zimoli\/visionix\/vx25\/#breadcrumb"},"inLanguage":"en-US","potentialAction":[{"@type":"ReadAction","target":["https:\/\/gurudistribution.eu\/zimoli\/visionix\/vx25\/"]}]},{"@type":"ImageObject","inLanguage":"en-US","@id":"https:\/\/gurudistribution.eu\/zimoli\/visionix\/vx25\/#primaryimage","url":"https:\/\/gurudistribution.eu\/wp-content\/uploads\/2025\/10\/ER_VX25_galds-300x200.jpg","contentUrl":"https:\/\/gurudistribution.eu\/wp-content\/uploads\/2025\/10\/ER_VX25_galds-300x200.jpg"},{"@type":"BreadcrumbList","@id":"https:\/\/gurudistribution.eu\/zimoli\/visionix\/vx25\/#breadcrumb","itemListElement":[{"@type":"ListItem","position":1,"name":"Home","item":"https:\/\/gurudistribution.eu\/"},{"@type":"ListItem","position":2,"name":"Z\u012aMOLI","item":"https:\/\/gurudistribution.eu\/en\/zimoli\/"},{"@type":"ListItem","position":3,"name":"VISIONIX","item":"https:\/\/gurudistribution.eu\/zimoli\/visionix\/"},{"@type":"ListItem","position":4,"name":"VX25"}]},{"@type":"WebSite","@id":"https:\/\/gurudistribution.eu\/en\/#website","url":"https:\/\/gurudistribution.eu\/en\/","name":"Guru Distribution","description":"","publisher":{"@id":"https:\/\/gurudistribution.eu\/en\/#organization"},"potentialAction":[{"@type":"SearchAction","target":{"@type":"EntryPoint","urlTemplate":"https:\/\/gurudistribution.eu\/en\/?s={search_term_string}"},"query-input":{"@type":"PropertyValueSpecification","valueRequired":true,"valueName":"search_term_string"}}],"inLanguage":"en-US"},{"@type":"Organization","@id":"https:\/\/gurudistribution.eu\/en\/#organization","name":"Guru Distribution","url":"https:\/\/gurudistribution.eu\/en\/","logo":{"@type":"ImageObject","inLanguage":"en-US","@id":"https:\/\/gurudistribution.eu\/en\/#\/schema\/logo\/image\/","url":"https:\/\/gurudistribution.eu\/wp-content\/uploads\/2025\/10\/guru_logo_full_large-scaled-2-e1759335026600.jpg","contentUrl":"https:\/\/gurudistribution.eu\/wp-content\/uploads\/2025\/10\/guru_logo_full_large-scaled-2-e1759335026600.jpg","width":1694,"height":503,"caption":"Guru Distribution"},"image":{"@id":"https:\/\/gurudistribution.eu\/en\/#\/schema\/logo\/image\/"},"sameAs":["https:\/\/www.facebook.com\/gurudistribution","https:\/\/www.linkedin.com\/company\/guru-distribution-linkedin\/"]}]}},"_links":{"self":[{"href":"https:\/\/gurudistribution.eu\/en\/wp-json\/wp\/v2\/pages\/1396","targetHints":{"allow":["GET"]}}],"collection":[{"href":"https:\/\/gurudistribution.eu\/en\/wp-json\/wp\/v2\/pages"}],"about":[{"href":"https:\/\/gurudistribution.eu\/en\/wp-json\/wp\/v2\/types\/page"}],"author":[{"embeddable":true,"href":"https:\/\/gurudistribution.eu\/en\/wp-json\/wp\/v2\/users\/1"}],"replies":[{"embeddable":true,"href":"https:\/\/gurudistribution.eu\/en\/wp-json\/wp\/v2\/comments?post=1396"}],"version-history":[{"count":31,"href":"https:\/\/gurudistribution.eu\/en\/wp-json\/wp\/v2\/pages\/1396\/revisions"}],"predecessor-version":[{"id":2739,"href":"https:\/\/gurudistribution.eu\/en\/wp-json\/wp\/v2\/pages\/1396\/revisions\/2739"}],"up":[{"embeddable":true,"href":"https:\/\/gurudistribution.eu\/en\/wp-json\/wp\/v2\/pages\/656"}],"wp:attachment":[{"href":"https:\/\/gurudistribution.eu\/en\/wp-json\/wp\/v2\/media?parent=1396"}],"curies":[{"name":"wp","href":"https:\/\/api.w.org\/{rel}","templated":true}]}}