{"id":1394,"date":"2025-10-15T05:35:05","date_gmt":"2025-10-15T03:35:05","guid":{"rendered":"https:\/\/gd.gurudistribution.eu\/?page_id=1394"},"modified":"2025-11-10T11:57:15","modified_gmt":"2025-11-10T09:57:15","slug":"vx22","status":"publish","type":"page","link":"https:\/\/gurudistribution.eu\/en\/zimoli\/visionix\/vx22\/","title":{"rendered":"VX22"},"content":{"rendered":"<div data-elementor-type=\"wp-page\" data-elementor-id=\"1394\" class=\"elementor elementor-1394\" data-elementor-post-type=\"page\">\n\t\t\t\t<div class=\"elementor-element elementor-element-c4869ad e-flex e-con-boxed e-con e-parent\" data-id=\"c4869ad\" data-element_type=\"container\" data-e-type=\"container\">\n\t\t\t\t\t<div class=\"e-con-inner\">\n\t\t\t\t<div class=\"elementor-element elementor-element-a4f68d7 elementor-widget elementor-widget-heading\" data-id=\"a4f68d7\" data-element_type=\"widget\" data-e-type=\"widget\" data-widget_type=\"heading.default\">\n\t\t\t\t\t<h2 class=\"elementor-heading-title elementor-size-default\">VX22<\/h2>\t\t\t\t<\/div>\n\t\t\t\t<div class=\"elementor-element elementor-element-a88b48c elementor-widget elementor-widget-image-gallery\" data-id=\"a88b48c\" data-element_type=\"widget\" data-e-type=\"widget\" data-widget_type=\"image-gallery.default\">\n\t\t\t\t\t\t\t<div class=\"elementor-image-gallery\">\n\t\t\t<div id='gallery-1' class='gallery galleryid-1394 gallery-columns-3 gallery-size-medium'><figure class='gallery-item'>\n\t\t\t<div class='gallery-icon landscape'>\n\t\t\t\t<a data-elementor-open-lightbox=\"yes\" data-elementor-lightbox-slideshow=\"a88b48c\" data-e-action-hash=\"#elementor-action%3Aaction%3Dlightbox%26settings%3DeyJpZCI6MTUwOSwidXJsIjoiaHR0cHM6XC9cL2d1cnVkaXN0cmlidXRpb24uZXVcL3dwLWNvbnRlbnRcL3VwbG9hZHNcLzIwMjVcLzEwXC9jaGFydC1kaXNwbGF5LXRlc3RzLXZ4MjItdmlzaW9uaXgtMzUuanBnIiwic2xpZGVzaG93IjoiYTg4YjQ4YyJ9\" href='https:\/\/gurudistribution.eu\/wp-content\/uploads\/2025\/10\/chart-display-tests-vx22-visionix-35.jpg'><img fetchpriority=\"high\" decoding=\"async\" width=\"300\" height=\"200\" src=\"https:\/\/gurudistribution.eu\/wp-content\/uploads\/2025\/10\/chart-display-tests-vx22-visionix-35-300x200.jpg\" class=\"attachment-medium size-medium\" alt=\"\" srcset=\"https:\/\/gurudistribution.eu\/wp-content\/uploads\/2025\/10\/chart-display-tests-vx22-visionix-35-300x200.jpg 300w, https:\/\/gurudistribution.eu\/wp-content\/uploads\/2025\/10\/chart-display-tests-vx22-visionix-35-1024x684.jpg 1024w, https:\/\/gurudistribution.eu\/wp-content\/uploads\/2025\/10\/chart-display-tests-vx22-visionix-35-768x513.jpg 768w, https:\/\/gurudistribution.eu\/wp-content\/uploads\/2025\/10\/chart-display-tests-vx22-visionix-35-1536x1025.jpg 1536w, https:\/\/gurudistribution.eu\/wp-content\/uploads\/2025\/10\/chart-display-tests-vx22-visionix-35-18x12.jpg 18w, https:\/\/gurudistribution.eu\/wp-content\/uploads\/2025\/10\/chart-display-tests-vx22-visionix-35.jpg 1766w\" sizes=\"(max-width: 300px) 100vw, 300px\" \/><\/a>\n\t\t\t<\/div><\/figure><figure class='gallery-item'>\n\t\t\t<div class='gallery-icon portrait'>\n\t\t\t\t<a data-elementor-open-lightbox=\"yes\" data-elementor-lightbox-slideshow=\"a88b48c\" data-e-action-hash=\"#elementor-action%3Aaction%3Dlightbox%26settings%3DeyJpZCI6MTUxMCwidXJsIjoiaHR0cHM6XC9cL2d1cnVkaXN0cmlidXRpb24uZXVcL3dwLWNvbnRlbnRcL3VwbG9hZHNcLzIwMjVcLzEwXC9jaGFydC1kaXNwbGF5LWNvbHVtbi12eDIyLXZpc2lvbml4LTE2LmpwZyIsInNsaWRlc2hvdyI6ImE4OGI0OGMifQ%3D%3D\" href='https:\/\/gurudistribution.eu\/wp-content\/uploads\/2025\/10\/chart-display-column-vx22-visionix-16.jpg'><img decoding=\"async\" width=\"200\" height=\"300\" src=\"https:\/\/gurudistribution.eu\/wp-content\/uploads\/2025\/10\/chart-display-column-vx22-visionix-16-200x300.jpg\" class=\"attachment-medium size-medium\" alt=\"\" srcset=\"https:\/\/gurudistribution.eu\/wp-content\/uploads\/2025\/10\/chart-display-column-vx22-visionix-16-200x300.jpg 200w, https:\/\/gurudistribution.eu\/wp-content\/uploads\/2025\/10\/chart-display-column-vx22-visionix-16-684x1024.jpg 684w, https:\/\/gurudistribution.eu\/wp-content\/uploads\/2025\/10\/chart-display-column-vx22-visionix-16-768x1150.jpg 768w, https:\/\/gurudistribution.eu\/wp-content\/uploads\/2025\/10\/chart-display-column-vx22-visionix-16-1025x1536.jpg 1025w, https:\/\/gurudistribution.eu\/wp-content\/uploads\/2025\/10\/chart-display-column-vx22-visionix-16-8x12.jpg 8w, https:\/\/gurudistribution.eu\/wp-content\/uploads\/2025\/10\/chart-display-column-vx22-visionix-16.jpg 1179w\" sizes=\"(max-width: 200px) 100vw, 200px\" \/><\/a>\n\t\t\t<\/div><\/figure><figure class='gallery-item'>\n\t\t\t<div class='gallery-icon landscape'>\n\t\t\t\t<a data-elementor-open-lightbox=\"yes\" data-elementor-lightbox-slideshow=\"a88b48c\" data-e-action-hash=\"#elementor-action%3Aaction%3Dlightbox%26settings%3DeyJpZCI6MTUxMSwidXJsIjoiaHR0cHM6XC9cL2d1cnVkaXN0cmlidXRpb24uZXVcL3dwLWNvbnRlbnRcL3VwbG9hZHNcLzIwMjVcLzEwXC9jaGFydC1kaXNwbGF5LXRlc3RzLXZ4MjItdmlzaW9uaXgtNjAtMS5qcGciLCJzbGlkZXNob3ciOiJhODhiNDhjIn0%3D\" href='https:\/\/gurudistribution.eu\/wp-content\/uploads\/2025\/10\/chart-display-tests-vx22-visionix-60-1.jpg'><img decoding=\"async\" width=\"300\" height=\"200\" src=\"https:\/\/gurudistribution.eu\/wp-content\/uploads\/2025\/10\/chart-display-tests-vx22-visionix-60-1-300x200.jpg\" class=\"attachment-medium size-medium\" alt=\"\" srcset=\"https:\/\/gurudistribution.eu\/wp-content\/uploads\/2025\/10\/chart-display-tests-vx22-visionix-60-1-300x200.jpg 300w, https:\/\/gurudistribution.eu\/wp-content\/uploads\/2025\/10\/chart-display-tests-vx22-visionix-60-1-1024x684.jpg 1024w, https:\/\/gurudistribution.eu\/wp-content\/uploads\/2025\/10\/chart-display-tests-vx22-visionix-60-1-768x513.jpg 768w, https:\/\/gurudistribution.eu\/wp-content\/uploads\/2025\/10\/chart-display-tests-vx22-visionix-60-1-1536x1025.jpg 1536w, https:\/\/gurudistribution.eu\/wp-content\/uploads\/2025\/10\/chart-display-tests-vx22-visionix-60-1-18x12.jpg 18w, https:\/\/gurudistribution.eu\/wp-content\/uploads\/2025\/10\/chart-display-tests-vx22-visionix-60-1.jpg 1766w\" sizes=\"(max-width: 300px) 100vw, 300px\" \/><\/a>\n\t\t\t<\/div><\/figure>\n\t\t<\/div>\n\t\t<\/div>\n\t\t\t\t\t\t<\/div>\n\t\t\t\t<div class=\"elementor-element elementor-element-2a1942f elementor-widget elementor-widget-text-editor\" data-id=\"2a1942f\" data-element_type=\"widget\" data-e-type=\"widget\" data-widget_type=\"text-editor.default\">\n\t\t\t\t\t\t\t\t\t<p>The 23.6-inch LCD display is available in three versions: circular, linear, and non-polarized, allowing it to be adapted to any requirements and clinical needs. This screen is designed to deliver optimal results in the examination room, thanks to its ergonomic design, streamlined style, and extensive range of included tests.<\/p>\t\t\t\t\t\t\t\t<\/div>\n\t\t\t\t\t<\/div>\n\t\t\t\t<\/div>\n\t\t\t\t<\/div>","protected":false},"excerpt":{"rendered":"<p>VX22 23,6 collu LCD displejs ir pieejams tr\u012bs versij\u0101s: aplisks, line\u0101rs un nepolariz\u0113ts, kas \u013cauj to piel\u0101got jebkur\u0101m pras\u012bb\u0101m un kl\u012bniskaj\u0101m vajadz\u012bb\u0101m. \u0160is ekr\u0101ns ir izstr\u0101d\u0101ts, lai nodro\u0161in\u0101tu optim\u0101lus rezult\u0101tus izmekl\u0113jumu telp\u0101, pateicoties t\u0101 ergonomiskajam dizainam, pl\u016bdenajam stilam un lielajam iek\u013cauto testu skaitam.<\/p>","protected":false},"author":1,"featured_media":0,"parent":656,"menu_order":0,"comment_status":"closed","ping_status":"closed","template":"elementor_header_footer","meta":{"footnotes":""},"class_list":["post-1394","page","type-page","status-publish","hentry"],"yoast_head":"<!-- This site is optimized with the Yoast SEO plugin v27.3 - https:\/\/yoast.com\/product\/yoast-seo-wordpress\/ -->\n<title>VX22 - Guru Distribution<\/title>\n<meta name=\"robots\" content=\"index, follow, max-snippet:-1, max-image-preview:large, max-video-preview:-1\" \/>\n<link rel=\"canonical\" href=\"https:\/\/gurudistribution.eu\/en\/zimoli\/visionix\/vx22\/\" \/>\n<meta property=\"og:locale\" content=\"en_US\" \/>\n<meta property=\"og:type\" content=\"article\" \/>\n<meta property=\"og:title\" content=\"VX22 - Guru Distribution\" \/>\n<meta property=\"og:description\" content=\"VX22 23,6 collu LCD displejs ir pieejams tr\u012bs versij\u0101s: aplisks, line\u0101rs un nepolariz\u0113ts, kas \u013cauj to piel\u0101got jebkur\u0101m pras\u012bb\u0101m un kl\u012bniskaj\u0101m vajadz\u012bb\u0101m. \u0160is ekr\u0101ns ir izstr\u0101d\u0101ts, lai nodro\u0161in\u0101tu optim\u0101lus rezult\u0101tus izmekl\u0113jumu telp\u0101, pateicoties t\u0101 ergonomiskajam dizainam, pl\u016bdenajam stilam un lielajam iek\u013cauto testu skaitam.\" \/>\n<meta property=\"og:url\" content=\"https:\/\/gurudistribution.eu\/en\/zimoli\/visionix\/vx22\/\" \/>\n<meta property=\"og:site_name\" content=\"Guru Distribution\" \/>\n<meta property=\"article:publisher\" content=\"https:\/\/www.facebook.com\/gurudistribution\" \/>\n<meta property=\"article:modified_time\" content=\"2025-11-10T09:57:15+00:00\" \/>\n<meta property=\"og:image\" content=\"https:\/\/gd.gurudistribution.eu\/wp-content\/uploads\/2025\/10\/chart-display-tests-vx22-visionix-35-300x200.jpg\" \/>\n<meta name=\"twitter:card\" content=\"summary_large_image\" \/>\n<meta name=\"twitter:label1\" content=\"Est. reading time\" \/>\n\t<meta name=\"twitter:data1\" content=\"1 minute\" \/>\n<script type=\"application\/ld+json\" class=\"yoast-schema-graph\">{\"@context\":\"https:\\\/\\\/schema.org\",\"@graph\":[{\"@type\":\"WebPage\",\"@id\":\"https:\\\/\\\/gurudistribution.eu\\\/zimoli\\\/visionix\\\/vx22\\\/\",\"url\":\"https:\\\/\\\/gurudistribution.eu\\\/zimoli\\\/visionix\\\/vx22\\\/\",\"name\":\"VX22 - Guru Distribution\",\"isPartOf\":{\"@id\":\"https:\\\/\\\/gurudistribution.eu\\\/en\\\/#website\"},\"primaryImageOfPage\":{\"@id\":\"https:\\\/\\\/gurudistribution.eu\\\/zimoli\\\/visionix\\\/vx22\\\/#primaryimage\"},\"image\":{\"@id\":\"https:\\\/\\\/gurudistribution.eu\\\/zimoli\\\/visionix\\\/vx22\\\/#primaryimage\"},\"thumbnailUrl\":\"https:\\\/\\\/gd.gurudistribution.eu\\\/wp-content\\\/uploads\\\/2025\\\/10\\\/chart-display-tests-vx22-visionix-35-300x200.jpg\",\"datePublished\":\"2025-10-15T03:35:05+00:00\",\"dateModified\":\"2025-11-10T09:57:15+00:00\",\"breadcrumb\":{\"@id\":\"https:\\\/\\\/gurudistribution.eu\\\/zimoli\\\/visionix\\\/vx22\\\/#breadcrumb\"},\"inLanguage\":\"en-US\",\"potentialAction\":[{\"@type\":\"ReadAction\",\"target\":[\"https:\\\/\\\/gurudistribution.eu\\\/zimoli\\\/visionix\\\/vx22\\\/\"]}]},{\"@type\":\"ImageObject\",\"inLanguage\":\"en-US\",\"@id\":\"https:\\\/\\\/gurudistribution.eu\\\/zimoli\\\/visionix\\\/vx22\\\/#primaryimage\",\"url\":\"https:\\\/\\\/gd.gurudistribution.eu\\\/wp-content\\\/uploads\\\/2025\\\/10\\\/chart-display-tests-vx22-visionix-35-300x200.jpg\",\"contentUrl\":\"https:\\\/\\\/gd.gurudistribution.eu\\\/wp-content\\\/uploads\\\/2025\\\/10\\\/chart-display-tests-vx22-visionix-35-300x200.jpg\"},{\"@type\":\"BreadcrumbList\",\"@id\":\"https:\\\/\\\/gurudistribution.eu\\\/zimoli\\\/visionix\\\/vx22\\\/#breadcrumb\",\"itemListElement\":[{\"@type\":\"ListItem\",\"position\":1,\"name\":\"Home\",\"item\":\"https:\\\/\\\/gurudistribution.eu\\\/\"},{\"@type\":\"ListItem\",\"position\":2,\"name\":\"Z\u012aMOLI\",\"item\":\"https:\\\/\\\/gurudistribution.eu\\\/en\\\/zimoli\\\/\"},{\"@type\":\"ListItem\",\"position\":3,\"name\":\"VISIONIX\",\"item\":\"https:\\\/\\\/gurudistribution.eu\\\/zimoli\\\/visionix\\\/\"},{\"@type\":\"ListItem\",\"position\":4,\"name\":\"VX22\"}]},{\"@type\":\"WebSite\",\"@id\":\"https:\\\/\\\/gurudistribution.eu\\\/en\\\/#website\",\"url\":\"https:\\\/\\\/gurudistribution.eu\\\/en\\\/\",\"name\":\"Guru Distribution\",\"description\":\"\",\"publisher\":{\"@id\":\"https:\\\/\\\/gurudistribution.eu\\\/en\\\/#organization\"},\"potentialAction\":[{\"@type\":\"SearchAction\",\"target\":{\"@type\":\"EntryPoint\",\"urlTemplate\":\"https:\\\/\\\/gurudistribution.eu\\\/en\\\/?s={search_term_string}\"},\"query-input\":{\"@type\":\"PropertyValueSpecification\",\"valueRequired\":true,\"valueName\":\"search_term_string\"}}],\"inLanguage\":\"en-US\"},{\"@type\":\"Organization\",\"@id\":\"https:\\\/\\\/gurudistribution.eu\\\/en\\\/#organization\",\"name\":\"Guru Distribution\",\"url\":\"https:\\\/\\\/gurudistribution.eu\\\/en\\\/\",\"logo\":{\"@type\":\"ImageObject\",\"inLanguage\":\"en-US\",\"@id\":\"https:\\\/\\\/gurudistribution.eu\\\/en\\\/#\\\/schema\\\/logo\\\/image\\\/\",\"url\":\"https:\\\/\\\/gurudistribution.eu\\\/wp-content\\\/uploads\\\/2025\\\/10\\\/guru_logo_full_large-scaled-2-e1759335026600.jpg\",\"contentUrl\":\"https:\\\/\\\/gurudistribution.eu\\\/wp-content\\\/uploads\\\/2025\\\/10\\\/guru_logo_full_large-scaled-2-e1759335026600.jpg\",\"width\":1694,\"height\":503,\"caption\":\"Guru Distribution\"},\"image\":{\"@id\":\"https:\\\/\\\/gurudistribution.eu\\\/en\\\/#\\\/schema\\\/logo\\\/image\\\/\"},\"sameAs\":[\"https:\\\/\\\/www.facebook.com\\\/gurudistribution\",\"https:\\\/\\\/www.linkedin.com\\\/company\\\/guru-distribution-linkedin\\\/\"]}]}<\/script>\n<!-- \/ Yoast SEO plugin. -->","yoast_head_json":{"title":"VX22 - Guru Distribution","robots":{"index":"index","follow":"follow","max-snippet":"max-snippet:-1","max-image-preview":"max-image-preview:large","max-video-preview":"max-video-preview:-1"},"canonical":"https:\/\/gurudistribution.eu\/en\/zimoli\/visionix\/vx22\/","og_locale":"en_US","og_type":"article","og_title":"VX22 - Guru Distribution","og_description":"VX22 23,6 collu LCD displejs ir pieejams tr\u012bs versij\u0101s: aplisks, line\u0101rs un nepolariz\u0113ts, kas \u013cauj to piel\u0101got jebkur\u0101m pras\u012bb\u0101m un kl\u012bniskaj\u0101m vajadz\u012bb\u0101m. \u0160is ekr\u0101ns ir izstr\u0101d\u0101ts, lai nodro\u0161in\u0101tu optim\u0101lus rezult\u0101tus izmekl\u0113jumu telp\u0101, pateicoties t\u0101 ergonomiskajam dizainam, pl\u016bdenajam stilam un lielajam iek\u013cauto testu skaitam.","og_url":"https:\/\/gurudistribution.eu\/en\/zimoli\/visionix\/vx22\/","og_site_name":"Guru Distribution","article_publisher":"https:\/\/www.facebook.com\/gurudistribution","article_modified_time":"2025-11-10T09:57:15+00:00","og_image":[{"url":"https:\/\/gd.gurudistribution.eu\/wp-content\/uploads\/2025\/10\/chart-display-tests-vx22-visionix-35-300x200.jpg","type":"","width":"","height":""}],"twitter_card":"summary_large_image","twitter_misc":{"Est. reading time":"1 minute"},"schema":{"@context":"https:\/\/schema.org","@graph":[{"@type":"WebPage","@id":"https:\/\/gurudistribution.eu\/zimoli\/visionix\/vx22\/","url":"https:\/\/gurudistribution.eu\/zimoli\/visionix\/vx22\/","name":"VX22 - Guru Distribution","isPartOf":{"@id":"https:\/\/gurudistribution.eu\/en\/#website"},"primaryImageOfPage":{"@id":"https:\/\/gurudistribution.eu\/zimoli\/visionix\/vx22\/#primaryimage"},"image":{"@id":"https:\/\/gurudistribution.eu\/zimoli\/visionix\/vx22\/#primaryimage"},"thumbnailUrl":"https:\/\/gd.gurudistribution.eu\/wp-content\/uploads\/2025\/10\/chart-display-tests-vx22-visionix-35-300x200.jpg","datePublished":"2025-10-15T03:35:05+00:00","dateModified":"2025-11-10T09:57:15+00:00","breadcrumb":{"@id":"https:\/\/gurudistribution.eu\/zimoli\/visionix\/vx22\/#breadcrumb"},"inLanguage":"en-US","potentialAction":[{"@type":"ReadAction","target":["https:\/\/gurudistribution.eu\/zimoli\/visionix\/vx22\/"]}]},{"@type":"ImageObject","inLanguage":"en-US","@id":"https:\/\/gurudistribution.eu\/zimoli\/visionix\/vx22\/#primaryimage","url":"https:\/\/gd.gurudistribution.eu\/wp-content\/uploads\/2025\/10\/chart-display-tests-vx22-visionix-35-300x200.jpg","contentUrl":"https:\/\/gd.gurudistribution.eu\/wp-content\/uploads\/2025\/10\/chart-display-tests-vx22-visionix-35-300x200.jpg"},{"@type":"BreadcrumbList","@id":"https:\/\/gurudistribution.eu\/zimoli\/visionix\/vx22\/#breadcrumb","itemListElement":[{"@type":"ListItem","position":1,"name":"Home","item":"https:\/\/gurudistribution.eu\/"},{"@type":"ListItem","position":2,"name":"Z\u012aMOLI","item":"https:\/\/gurudistribution.eu\/en\/zimoli\/"},{"@type":"ListItem","position":3,"name":"VISIONIX","item":"https:\/\/gurudistribution.eu\/zimoli\/visionix\/"},{"@type":"ListItem","position":4,"name":"VX22"}]},{"@type":"WebSite","@id":"https:\/\/gurudistribution.eu\/en\/#website","url":"https:\/\/gurudistribution.eu\/en\/","name":"Guru Distribution","description":"","publisher":{"@id":"https:\/\/gurudistribution.eu\/en\/#organization"},"potentialAction":[{"@type":"SearchAction","target":{"@type":"EntryPoint","urlTemplate":"https:\/\/gurudistribution.eu\/en\/?s={search_term_string}"},"query-input":{"@type":"PropertyValueSpecification","valueRequired":true,"valueName":"search_term_string"}}],"inLanguage":"en-US"},{"@type":"Organization","@id":"https:\/\/gurudistribution.eu\/en\/#organization","name":"Guru Distribution","url":"https:\/\/gurudistribution.eu\/en\/","logo":{"@type":"ImageObject","inLanguage":"en-US","@id":"https:\/\/gurudistribution.eu\/en\/#\/schema\/logo\/image\/","url":"https:\/\/gurudistribution.eu\/wp-content\/uploads\/2025\/10\/guru_logo_full_large-scaled-2-e1759335026600.jpg","contentUrl":"https:\/\/gurudistribution.eu\/wp-content\/uploads\/2025\/10\/guru_logo_full_large-scaled-2-e1759335026600.jpg","width":1694,"height":503,"caption":"Guru Distribution"},"image":{"@id":"https:\/\/gurudistribution.eu\/en\/#\/schema\/logo\/image\/"},"sameAs":["https:\/\/www.facebook.com\/gurudistribution","https:\/\/www.linkedin.com\/company\/guru-distribution-linkedin\/"]}]}},"_links":{"self":[{"href":"https:\/\/gurudistribution.eu\/en\/wp-json\/wp\/v2\/pages\/1394","targetHints":{"allow":["GET"]}}],"collection":[{"href":"https:\/\/gurudistribution.eu\/en\/wp-json\/wp\/v2\/pages"}],"about":[{"href":"https:\/\/gurudistribution.eu\/en\/wp-json\/wp\/v2\/types\/page"}],"author":[{"embeddable":true,"href":"https:\/\/gurudistribution.eu\/en\/wp-json\/wp\/v2\/users\/1"}],"replies":[{"embeddable":true,"href":"https:\/\/gurudistribution.eu\/en\/wp-json\/wp\/v2\/comments?post=1394"}],"version-history":[{"count":10,"href":"https:\/\/gurudistribution.eu\/en\/wp-json\/wp\/v2\/pages\/1394\/revisions"}],"predecessor-version":[{"id":2302,"href":"https:\/\/gurudistribution.eu\/en\/wp-json\/wp\/v2\/pages\/1394\/revisions\/2302"}],"up":[{"embeddable":true,"href":"https:\/\/gurudistribution.eu\/en\/wp-json\/wp\/v2\/pages\/656"}],"wp:attachment":[{"href":"https:\/\/gurudistribution.eu\/en\/wp-json\/wp\/v2\/media?parent=1394"}],"curies":[{"name":"wp","href":"https:\/\/api.w.org\/{rel}","templated":true}]}}