{"id":1250,"date":"2025-10-13T13:23:37","date_gmt":"2025-10-13T11:23:37","guid":{"rendered":"https:\/\/gd.gurudistribution.eu\/?page_id=1250"},"modified":"2025-11-19T10:26:05","modified_gmt":"2025-11-19T08:26:05","slug":"er","status":"publish","type":"page","link":"https:\/\/gurudistribution.eu\/en\/zimoli\/visionix\/er\/","title":{"rendered":"ER"},"content":{"rendered":"<div data-elementor-type=\"wp-page\" data-elementor-id=\"1250\" class=\"elementor elementor-1250\" data-elementor-post-type=\"page\">\n\t\t\t\t<div class=\"elementor-element elementor-element-c4869ad e-flex e-con-boxed e-con e-parent\" data-id=\"c4869ad\" data-element_type=\"container\" data-e-type=\"container\">\n\t\t\t\t\t<div class=\"e-con-inner\">\n\t\t\t\t<div class=\"elementor-element elementor-element-a4f68d7 elementor-widget elementor-widget-heading\" data-id=\"a4f68d7\" data-element_type=\"widget\" data-e-type=\"widget\" data-widget_type=\"heading.default\">\n\t\t\t\t\t<h2 class=\"elementor-heading-title elementor-size-default\">EYEREFRACT<\/h2>\t\t\t\t<\/div>\n\t\t\t\t<div class=\"elementor-element elementor-element-a88b48c elementor-widget elementor-widget-image-gallery\" data-id=\"a88b48c\" data-element_type=\"widget\" data-e-type=\"widget\" data-widget_type=\"image-gallery.default\">\n\t\t\t\t\t\t\t<div class=\"elementor-image-gallery\">\n\t\t\t<div id='gallery-1' class='gallery galleryid-1250 gallery-columns-3 gallery-size-medium'><figure class='gallery-item'>\n\t\t\t<div class='gallery-icon landscape'>\n\t\t\t\t<a data-elementor-open-lightbox=\"yes\" data-elementor-lightbox-slideshow=\"a88b48c\" data-elementor-lightbox-title=\"ER3\" data-e-action-hash=\"#elementor-action%3Aaction%3Dlightbox%26settings%3DeyJpZCI6MTI1NSwidXJsIjoiaHR0cHM6XC9cL2d1cnVkaXN0cmlidXRpb24uZXVcL3dwLWNvbnRlbnRcL3VwbG9hZHNcLzIwMjVcLzEwXC9FUjMtMS1zY2FsZWQuanBnIiwic2xpZGVzaG93IjoiYTg4YjQ4YyJ9\" href='https:\/\/gurudistribution.eu\/wp-content\/uploads\/2025\/10\/ER3-1-scaled.jpg'><img fetchpriority=\"high\" decoding=\"async\" width=\"300\" height=\"200\" src=\"https:\/\/gurudistribution.eu\/wp-content\/uploads\/2025\/10\/ER3-1-300x200.jpg\" class=\"attachment-medium size-medium\" alt=\"\" srcset=\"https:\/\/gurudistribution.eu\/wp-content\/uploads\/2025\/10\/ER3-1-300x200.jpg 300w, https:\/\/gurudistribution.eu\/wp-content\/uploads\/2025\/10\/ER3-1-1024x683.jpg 1024w, https:\/\/gurudistribution.eu\/wp-content\/uploads\/2025\/10\/ER3-1-768x512.jpg 768w, https:\/\/gurudistribution.eu\/wp-content\/uploads\/2025\/10\/ER3-1-1536x1024.jpg 1536w, https:\/\/gurudistribution.eu\/wp-content\/uploads\/2025\/10\/ER3-1-2048x1365.jpg 2048w, https:\/\/gurudistribution.eu\/wp-content\/uploads\/2025\/10\/ER3-1-18x12.jpg 18w\" sizes=\"(max-width: 300px) 100vw, 300px\" \/><\/a>\n\t\t\t<\/div><\/figure><figure class='gallery-item'>\n\t\t\t<div class='gallery-icon landscape'>\n\t\t\t\t<a data-elementor-open-lightbox=\"yes\" data-elementor-lightbox-slideshow=\"a88b48c\" data-elementor-lightbox-title=\"ER1\" data-e-action-hash=\"#elementor-action%3Aaction%3Dlightbox%26settings%3DeyJpZCI6MTI1NCwidXJsIjoiaHR0cHM6XC9cL2d1cnVkaXN0cmlidXRpb24uZXVcL3dwLWNvbnRlbnRcL3VwbG9hZHNcLzIwMjVcLzEwXC9FUjEtc2NhbGVkLmpwZyIsInNsaWRlc2hvdyI6ImE4OGI0OGMifQ%3D%3D\" href='https:\/\/gurudistribution.eu\/wp-content\/uploads\/2025\/10\/ER1-scaled.jpg'><img decoding=\"async\" width=\"300\" height=\"200\" src=\"https:\/\/gurudistribution.eu\/wp-content\/uploads\/2025\/10\/ER1-300x200.jpg\" class=\"attachment-medium size-medium\" alt=\"\" srcset=\"https:\/\/gurudistribution.eu\/wp-content\/uploads\/2025\/10\/ER1-300x200.jpg 300w, https:\/\/gurudistribution.eu\/wp-content\/uploads\/2025\/10\/ER1-1024x683.jpg 1024w, https:\/\/gurudistribution.eu\/wp-content\/uploads\/2025\/10\/ER1-768x512.jpg 768w, https:\/\/gurudistribution.eu\/wp-content\/uploads\/2025\/10\/ER1-1536x1024.jpg 1536w, https:\/\/gurudistribution.eu\/wp-content\/uploads\/2025\/10\/ER1-2048x1365.jpg 2048w, https:\/\/gurudistribution.eu\/wp-content\/uploads\/2025\/10\/ER1-18x12.jpg 18w\" sizes=\"(max-width: 300px) 100vw, 300px\" \/><\/a>\n\t\t\t<\/div><\/figure><figure class='gallery-item'>\n\t\t\t<div class='gallery-icon landscape'>\n\t\t\t\t<a data-elementor-open-lightbox=\"yes\" data-elementor-lightbox-slideshow=\"a88b48c\" data-elementor-lightbox-title=\"ER2\" data-e-action-hash=\"#elementor-action%3Aaction%3Dlightbox%26settings%3DeyJpZCI6MTI1NiwidXJsIjoiaHR0cHM6XC9cL2d1cnVkaXN0cmlidXRpb24uZXVcL3dwLWNvbnRlbnRcL3VwbG9hZHNcLzIwMjVcLzEwXC9FUjItc2NhbGVkLmpwZyIsInNsaWRlc2hvdyI6ImE4OGI0OGMifQ%3D%3D\" href='https:\/\/gurudistribution.eu\/wp-content\/uploads\/2025\/10\/ER2-scaled.jpg'><img decoding=\"async\" width=\"300\" height=\"200\" src=\"https:\/\/gurudistribution.eu\/wp-content\/uploads\/2025\/10\/ER2-300x200.jpg\" class=\"attachment-medium size-medium\" alt=\"\" srcset=\"https:\/\/gurudistribution.eu\/wp-content\/uploads\/2025\/10\/ER2-300x200.jpg 300w, https:\/\/gurudistribution.eu\/wp-content\/uploads\/2025\/10\/ER2-1024x683.jpg 1024w, https:\/\/gurudistribution.eu\/wp-content\/uploads\/2025\/10\/ER2-768x512.jpg 768w, https:\/\/gurudistribution.eu\/wp-content\/uploads\/2025\/10\/ER2-1536x1024.jpg 1536w, https:\/\/gurudistribution.eu\/wp-content\/uploads\/2025\/10\/ER2-2048x1365.jpg 2048w, https:\/\/gurudistribution.eu\/wp-content\/uploads\/2025\/10\/ER2-18x12.jpg 18w\" sizes=\"(max-width: 300px) 100vw, 300px\" \/><\/a>\n\t\t\t<\/div><\/figure>\n\t\t<\/div>\n\t\t<\/div>\n\t\t\t\t\t\t<\/div>\n\t\t\t\t<div class=\"elementor-element elementor-element-2a1942f elementor-widget elementor-widget-text-editor\" data-id=\"2a1942f\" data-element_type=\"widget\" data-e-type=\"widget\" data-widget_type=\"text-editor.default\">\n\t\t\t\t\t\t\t\t\t<p>A device that enables precise and high-quality vision testing while saving time, space, and human resources.<\/p><p>Eye Refract \u2013 precise results, independent of the operator. The device features functions such as autofocus, Hartmann-Shack aberrometer, autorefracto-keratometer, digital phoropter, and vision testing for near and distance.<\/p><p>Complete prescription determination for glasses\u2014 in under 10 minutes!<\/p><p>The ability to set up the workspace in various ways\u2014including in a minimal space of just 1 m\u00b2.<\/p><p>This device allows for conducting remote vision tests!<\/p><p><a href=\"https:\/\/gurudistribution.eu\/en\/brochureen-vx-er\/\" target=\"_blank\" rel=\"noopener\">Brochure of the device (PDF)<\/a><\/p>\t\t\t\t\t\t\t\t<\/div>\n\t\t\t\t\t<\/div>\n\t\t\t\t<\/div>\n\t\t\t\t<\/div>","protected":false},"excerpt":{"rendered":"<p>EYEREFRACT Iek\u0101rta, kas sniedz iesp\u0113ju prec\u012bzi un kvalitat\u012bvi p\u0101rbaud\u012bt redzi ekonom\u0113jot laiku, vietu un cilv\u0113kresursus. Eye Refract \u2013 prec\u012bzi rezult\u0101ti, neatkar\u012bgi no operatora. Iek\u0101rt\u0101 iestr\u0101d\u0101tas t\u0101das funkcijas k\u0101 autofokuss,\u00a0 Hartmann-Shack aberometrs, autorefrakto-keratometrs, digit\u0101ls foropters, redzes p\u0101rbaude tuvum\u0101 un t\u0101lum\u0101. Pilna korekcijas noteik\u0161ana bri\u013c\u013cu izgatavo\u0161anai \u2013 maz\u0101k k\u0101 10 min\u016bt\u0113s! Iesp\u0113ja apr\u012bkot darba vietu da\u017e\u0101dos veidos! [&hellip;]<\/p>\n","protected":false},"author":1,"featured_media":0,"parent":656,"menu_order":0,"comment_status":"closed","ping_status":"closed","template":"elementor_header_footer","meta":{"footnotes":""},"class_list":["post-1250","page","type-page","status-publish","hentry"],"yoast_head":"<!-- This site is optimized with the Yoast SEO plugin v27.3 - https:\/\/yoast.com\/product\/yoast-seo-wordpress\/ -->\n<title>ER - Guru Distribution<\/title>\n<meta name=\"robots\" content=\"index, follow, max-snippet:-1, max-image-preview:large, max-video-preview:-1\" \/>\n<link rel=\"canonical\" href=\"https:\/\/gurudistribution.eu\/en\/zimoli\/visionix\/er\/\" \/>\n<meta property=\"og:locale\" content=\"en_US\" \/>\n<meta property=\"og:type\" content=\"article\" \/>\n<meta property=\"og:title\" content=\"ER - Guru Distribution\" \/>\n<meta property=\"og:description\" content=\"EYEREFRACT Iek\u0101rta, kas sniedz iesp\u0113ju prec\u012bzi un kvalitat\u012bvi p\u0101rbaud\u012bt redzi ekonom\u0113jot laiku, vietu un cilv\u0113kresursus. Eye Refract \u2013 prec\u012bzi rezult\u0101ti, neatkar\u012bgi no operatora. Iek\u0101rt\u0101 iestr\u0101d\u0101tas t\u0101das funkcijas k\u0101 autofokuss,\u00a0 Hartmann-Shack aberometrs, autorefrakto-keratometrs, digit\u0101ls foropters, redzes p\u0101rbaude tuvum\u0101 un t\u0101lum\u0101. Pilna korekcijas noteik\u0161ana bri\u013c\u013cu izgatavo\u0161anai \u2013 maz\u0101k k\u0101 10 min\u016bt\u0113s! Iesp\u0113ja apr\u012bkot darba vietu da\u017e\u0101dos veidos! [&hellip;]\" \/>\n<meta property=\"og:url\" content=\"https:\/\/gurudistribution.eu\/en\/zimoli\/visionix\/er\/\" \/>\n<meta property=\"og:site_name\" content=\"Guru Distribution\" \/>\n<meta property=\"article:publisher\" content=\"https:\/\/www.facebook.com\/gurudistribution\" \/>\n<meta property=\"article:modified_time\" content=\"2025-11-19T08:26:05+00:00\" \/>\n<meta property=\"og:image\" content=\"https:\/\/gurudistribution.eu\/wp-content\/uploads\/2025\/10\/ER3-1-300x200.jpg\" \/>\n<meta name=\"twitter:card\" content=\"summary_large_image\" \/>\n<meta name=\"twitter:label1\" content=\"Est. reading time\" \/>\n\t<meta name=\"twitter:data1\" content=\"1 minute\" \/>\n<script type=\"application\/ld+json\" class=\"yoast-schema-graph\">{\"@context\":\"https:\\\/\\\/schema.org\",\"@graph\":[{\"@type\":\"WebPage\",\"@id\":\"https:\\\/\\\/gurudistribution.eu\\\/zimoli\\\/visionix\\\/er\\\/\",\"url\":\"https:\\\/\\\/gurudistribution.eu\\\/zimoli\\\/visionix\\\/er\\\/\",\"name\":\"ER - Guru Distribution\",\"isPartOf\":{\"@id\":\"https:\\\/\\\/gurudistribution.eu\\\/en\\\/#website\"},\"primaryImageOfPage\":{\"@id\":\"https:\\\/\\\/gurudistribution.eu\\\/zimoli\\\/visionix\\\/er\\\/#primaryimage\"},\"image\":{\"@id\":\"https:\\\/\\\/gurudistribution.eu\\\/zimoli\\\/visionix\\\/er\\\/#primaryimage\"},\"thumbnailUrl\":\"https:\\\/\\\/gurudistribution.eu\\\/wp-content\\\/uploads\\\/2025\\\/10\\\/ER3-1-300x200.jpg\",\"datePublished\":\"2025-10-13T11:23:37+00:00\",\"dateModified\":\"2025-11-19T08:26:05+00:00\",\"breadcrumb\":{\"@id\":\"https:\\\/\\\/gurudistribution.eu\\\/zimoli\\\/visionix\\\/er\\\/#breadcrumb\"},\"inLanguage\":\"en-US\",\"potentialAction\":[{\"@type\":\"ReadAction\",\"target\":[\"https:\\\/\\\/gurudistribution.eu\\\/zimoli\\\/visionix\\\/er\\\/\"]}]},{\"@type\":\"ImageObject\",\"inLanguage\":\"en-US\",\"@id\":\"https:\\\/\\\/gurudistribution.eu\\\/zimoli\\\/visionix\\\/er\\\/#primaryimage\",\"url\":\"https:\\\/\\\/gurudistribution.eu\\\/wp-content\\\/uploads\\\/2025\\\/10\\\/ER3-1-300x200.jpg\",\"contentUrl\":\"https:\\\/\\\/gurudistribution.eu\\\/wp-content\\\/uploads\\\/2025\\\/10\\\/ER3-1-300x200.jpg\"},{\"@type\":\"BreadcrumbList\",\"@id\":\"https:\\\/\\\/gurudistribution.eu\\\/zimoli\\\/visionix\\\/er\\\/#breadcrumb\",\"itemListElement\":[{\"@type\":\"ListItem\",\"position\":1,\"name\":\"Home\",\"item\":\"https:\\\/\\\/gurudistribution.eu\\\/\"},{\"@type\":\"ListItem\",\"position\":2,\"name\":\"Z\u012aMOLI\",\"item\":\"https:\\\/\\\/gurudistribution.eu\\\/en\\\/zimoli\\\/\"},{\"@type\":\"ListItem\",\"position\":3,\"name\":\"VISIONIX\",\"item\":\"https:\\\/\\\/gurudistribution.eu\\\/zimoli\\\/visionix\\\/\"},{\"@type\":\"ListItem\",\"position\":4,\"name\":\"ER\"}]},{\"@type\":\"WebSite\",\"@id\":\"https:\\\/\\\/gurudistribution.eu\\\/en\\\/#website\",\"url\":\"https:\\\/\\\/gurudistribution.eu\\\/en\\\/\",\"name\":\"Guru Distribution\",\"description\":\"\",\"publisher\":{\"@id\":\"https:\\\/\\\/gurudistribution.eu\\\/en\\\/#organization\"},\"potentialAction\":[{\"@type\":\"SearchAction\",\"target\":{\"@type\":\"EntryPoint\",\"urlTemplate\":\"https:\\\/\\\/gurudistribution.eu\\\/en\\\/?s={search_term_string}\"},\"query-input\":{\"@type\":\"PropertyValueSpecification\",\"valueRequired\":true,\"valueName\":\"search_term_string\"}}],\"inLanguage\":\"en-US\"},{\"@type\":\"Organization\",\"@id\":\"https:\\\/\\\/gurudistribution.eu\\\/en\\\/#organization\",\"name\":\"Guru Distribution\",\"url\":\"https:\\\/\\\/gurudistribution.eu\\\/en\\\/\",\"logo\":{\"@type\":\"ImageObject\",\"inLanguage\":\"en-US\",\"@id\":\"https:\\\/\\\/gurudistribution.eu\\\/en\\\/#\\\/schema\\\/logo\\\/image\\\/\",\"url\":\"https:\\\/\\\/gurudistribution.eu\\\/wp-content\\\/uploads\\\/2025\\\/10\\\/guru_logo_full_large-scaled-2-e1759335026600.jpg\",\"contentUrl\":\"https:\\\/\\\/gurudistribution.eu\\\/wp-content\\\/uploads\\\/2025\\\/10\\\/guru_logo_full_large-scaled-2-e1759335026600.jpg\",\"width\":1694,\"height\":503,\"caption\":\"Guru Distribution\"},\"image\":{\"@id\":\"https:\\\/\\\/gurudistribution.eu\\\/en\\\/#\\\/schema\\\/logo\\\/image\\\/\"},\"sameAs\":[\"https:\\\/\\\/www.facebook.com\\\/gurudistribution\",\"https:\\\/\\\/www.linkedin.com\\\/company\\\/guru-distribution-linkedin\\\/\"]}]}<\/script>\n<!-- \/ Yoast SEO plugin. -->","yoast_head_json":{"title":"ER - Guru Distribution","robots":{"index":"index","follow":"follow","max-snippet":"max-snippet:-1","max-image-preview":"max-image-preview:large","max-video-preview":"max-video-preview:-1"},"canonical":"https:\/\/gurudistribution.eu\/en\/zimoli\/visionix\/er\/","og_locale":"en_US","og_type":"article","og_title":"ER - Guru Distribution","og_description":"EYEREFRACT Iek\u0101rta, kas sniedz iesp\u0113ju prec\u012bzi un kvalitat\u012bvi p\u0101rbaud\u012bt redzi ekonom\u0113jot laiku, vietu un cilv\u0113kresursus. Eye Refract \u2013 prec\u012bzi rezult\u0101ti, neatkar\u012bgi no operatora. Iek\u0101rt\u0101 iestr\u0101d\u0101tas t\u0101das funkcijas k\u0101 autofokuss,\u00a0 Hartmann-Shack aberometrs, autorefrakto-keratometrs, digit\u0101ls foropters, redzes p\u0101rbaude tuvum\u0101 un t\u0101lum\u0101. Pilna korekcijas noteik\u0161ana bri\u013c\u013cu izgatavo\u0161anai \u2013 maz\u0101k k\u0101 10 min\u016bt\u0113s! Iesp\u0113ja apr\u012bkot darba vietu da\u017e\u0101dos veidos! [&hellip;]","og_url":"https:\/\/gurudistribution.eu\/en\/zimoli\/visionix\/er\/","og_site_name":"Guru Distribution","article_publisher":"https:\/\/www.facebook.com\/gurudistribution","article_modified_time":"2025-11-19T08:26:05+00:00","og_image":[{"url":"https:\/\/gurudistribution.eu\/wp-content\/uploads\/2025\/10\/ER3-1-300x200.jpg","type":"","width":"","height":""}],"twitter_card":"summary_large_image","twitter_misc":{"Est. reading time":"1 minute"},"schema":{"@context":"https:\/\/schema.org","@graph":[{"@type":"WebPage","@id":"https:\/\/gurudistribution.eu\/zimoli\/visionix\/er\/","url":"https:\/\/gurudistribution.eu\/zimoli\/visionix\/er\/","name":"ER - Guru Distribution","isPartOf":{"@id":"https:\/\/gurudistribution.eu\/en\/#website"},"primaryImageOfPage":{"@id":"https:\/\/gurudistribution.eu\/zimoli\/visionix\/er\/#primaryimage"},"image":{"@id":"https:\/\/gurudistribution.eu\/zimoli\/visionix\/er\/#primaryimage"},"thumbnailUrl":"https:\/\/gurudistribution.eu\/wp-content\/uploads\/2025\/10\/ER3-1-300x200.jpg","datePublished":"2025-10-13T11:23:37+00:00","dateModified":"2025-11-19T08:26:05+00:00","breadcrumb":{"@id":"https:\/\/gurudistribution.eu\/zimoli\/visionix\/er\/#breadcrumb"},"inLanguage":"en-US","potentialAction":[{"@type":"ReadAction","target":["https:\/\/gurudistribution.eu\/zimoli\/visionix\/er\/"]}]},{"@type":"ImageObject","inLanguage":"en-US","@id":"https:\/\/gurudistribution.eu\/zimoli\/visionix\/er\/#primaryimage","url":"https:\/\/gurudistribution.eu\/wp-content\/uploads\/2025\/10\/ER3-1-300x200.jpg","contentUrl":"https:\/\/gurudistribution.eu\/wp-content\/uploads\/2025\/10\/ER3-1-300x200.jpg"},{"@type":"BreadcrumbList","@id":"https:\/\/gurudistribution.eu\/zimoli\/visionix\/er\/#breadcrumb","itemListElement":[{"@type":"ListItem","position":1,"name":"Home","item":"https:\/\/gurudistribution.eu\/"},{"@type":"ListItem","position":2,"name":"Z\u012aMOLI","item":"https:\/\/gurudistribution.eu\/en\/zimoli\/"},{"@type":"ListItem","position":3,"name":"VISIONIX","item":"https:\/\/gurudistribution.eu\/zimoli\/visionix\/"},{"@type":"ListItem","position":4,"name":"ER"}]},{"@type":"WebSite","@id":"https:\/\/gurudistribution.eu\/en\/#website","url":"https:\/\/gurudistribution.eu\/en\/","name":"Guru Distribution","description":"","publisher":{"@id":"https:\/\/gurudistribution.eu\/en\/#organization"},"potentialAction":[{"@type":"SearchAction","target":{"@type":"EntryPoint","urlTemplate":"https:\/\/gurudistribution.eu\/en\/?s={search_term_string}"},"query-input":{"@type":"PropertyValueSpecification","valueRequired":true,"valueName":"search_term_string"}}],"inLanguage":"en-US"},{"@type":"Organization","@id":"https:\/\/gurudistribution.eu\/en\/#organization","name":"Guru Distribution","url":"https:\/\/gurudistribution.eu\/en\/","logo":{"@type":"ImageObject","inLanguage":"en-US","@id":"https:\/\/gurudistribution.eu\/en\/#\/schema\/logo\/image\/","url":"https:\/\/gurudistribution.eu\/wp-content\/uploads\/2025\/10\/guru_logo_full_large-scaled-2-e1759335026600.jpg","contentUrl":"https:\/\/gurudistribution.eu\/wp-content\/uploads\/2025\/10\/guru_logo_full_large-scaled-2-e1759335026600.jpg","width":1694,"height":503,"caption":"Guru Distribution"},"image":{"@id":"https:\/\/gurudistribution.eu\/en\/#\/schema\/logo\/image\/"},"sameAs":["https:\/\/www.facebook.com\/gurudistribution","https:\/\/www.linkedin.com\/company\/guru-distribution-linkedin\/"]}]}},"_links":{"self":[{"href":"https:\/\/gurudistribution.eu\/en\/wp-json\/wp\/v2\/pages\/1250","targetHints":{"allow":["GET"]}}],"collection":[{"href":"https:\/\/gurudistribution.eu\/en\/wp-json\/wp\/v2\/pages"}],"about":[{"href":"https:\/\/gurudistribution.eu\/en\/wp-json\/wp\/v2\/types\/page"}],"author":[{"embeddable":true,"href":"https:\/\/gurudistribution.eu\/en\/wp-json\/wp\/v2\/users\/1"}],"replies":[{"embeddable":true,"href":"https:\/\/gurudistribution.eu\/en\/wp-json\/wp\/v2\/comments?post=1250"}],"version-history":[{"count":21,"href":"https:\/\/gurudistribution.eu\/en\/wp-json\/wp\/v2\/pages\/1250\/revisions"}],"predecessor-version":[{"id":2510,"href":"https:\/\/gurudistribution.eu\/en\/wp-json\/wp\/v2\/pages\/1250\/revisions\/2510"}],"up":[{"embeddable":true,"href":"https:\/\/gurudistribution.eu\/en\/wp-json\/wp\/v2\/pages\/656"}],"wp:attachment":[{"href":"https:\/\/gurudistribution.eu\/en\/wp-json\/wp\/v2\/media?parent=1250"}],"curies":[{"name":"wp","href":"https:\/\/api.w.org\/{rel}","templated":true}]}}