{"id":1206,"date":"2025-10-13T13:08:32","date_gmt":"2025-10-13T11:08:32","guid":{"rendered":"https:\/\/gd.gurudistribution.eu\/?page_id=1206"},"modified":"2025-12-09T10:26:42","modified_gmt":"2025-12-09T08:26:42","slug":"vx120","status":"publish","type":"page","link":"https:\/\/gurudistribution.eu\/en\/zimoli\/visionix\/vx120\/","title":{"rendered":"VX120"},"content":{"rendered":"<div data-elementor-type=\"wp-page\" data-elementor-id=\"1206\" class=\"elementor elementor-1206\" data-elementor-post-type=\"page\">\n\t\t\t\t<div class=\"elementor-element elementor-element-c4869ad e-flex e-con-boxed e-con e-parent\" data-id=\"c4869ad\" data-element_type=\"container\" data-e-type=\"container\">\n\t\t\t\t\t<div class=\"e-con-inner\">\n\t\t\t\t<div class=\"elementor-element elementor-element-a4f68d7 elementor-widget elementor-widget-heading\" data-id=\"a4f68d7\" data-element_type=\"widget\" data-e-type=\"widget\" data-widget_type=\"heading.default\">\n\t\t\t\t\t<h2 class=\"elementor-heading-title elementor-size-default\">VX120<\/h2>\t\t\t\t<\/div>\n\t\t\t\t<div class=\"elementor-element elementor-element-a88b48c elementor-widget elementor-widget-image-gallery\" data-id=\"a88b48c\" data-element_type=\"widget\" data-e-type=\"widget\" data-widget_type=\"image-gallery.default\">\n\t\t\t\t\t\t\t<div class=\"elementor-image-gallery\">\n\t\t\t<div id='gallery-1' class='gallery galleryid-1206 gallery-columns-3 gallery-size-medium'><figure class='gallery-item'>\n\t\t\t<div class='gallery-icon landscape'>\n\t\t\t\t<a data-elementor-open-lightbox=\"yes\" data-elementor-lightbox-slideshow=\"a88b48c\" data-e-action-hash=\"#elementor-action%3Aaction%3Dlightbox%26settings%3DeyJpZCI6MTIxMSwidXJsIjoiaHR0cHM6XC9cL2d1cnVkaXN0cmlidXRpb24uZXVcL3dwLWNvbnRlbnRcL3VwbG9hZHNcLzIwMjVcLzEwXC9FQlo2ODI3LTEtc2NhbGVkLmpwZyIsInNsaWRlc2hvdyI6ImE4OGI0OGMifQ%3D%3D\" href='https:\/\/gurudistribution.eu\/wp-content\/uploads\/2025\/10\/EBZ6827-1-scaled.jpg'><img fetchpriority=\"high\" decoding=\"async\" width=\"300\" height=\"200\" src=\"https:\/\/gurudistribution.eu\/wp-content\/uploads\/2025\/10\/EBZ6827-1-300x200.jpg\" class=\"attachment-medium size-medium\" alt=\"\" srcset=\"https:\/\/gurudistribution.eu\/wp-content\/uploads\/2025\/10\/EBZ6827-1-300x200.jpg 300w, https:\/\/gurudistribution.eu\/wp-content\/uploads\/2025\/10\/EBZ6827-1-1024x683.jpg 1024w, https:\/\/gurudistribution.eu\/wp-content\/uploads\/2025\/10\/EBZ6827-1-768x512.jpg 768w, https:\/\/gurudistribution.eu\/wp-content\/uploads\/2025\/10\/EBZ6827-1-1536x1024.jpg 1536w, https:\/\/gurudistribution.eu\/wp-content\/uploads\/2025\/10\/EBZ6827-1-2048x1365.jpg 2048w, https:\/\/gurudistribution.eu\/wp-content\/uploads\/2025\/10\/EBZ6827-1-18x12.jpg 18w\" sizes=\"(max-width: 300px) 100vw, 300px\" \/><\/a>\n\t\t\t<\/div><\/figure><figure class='gallery-item'>\n\t\t\t<div class='gallery-icon landscape'>\n\t\t\t\t<a data-elementor-open-lightbox=\"yes\" data-elementor-lightbox-slideshow=\"a88b48c\" data-e-action-hash=\"#elementor-action%3Aaction%3Dlightbox%26settings%3DeyJpZCI6MTIxMiwidXJsIjoiaHR0cHM6XC9cL2d1cnVkaXN0cmlidXRpb24uZXVcL3dwLWNvbnRlbnRcL3VwbG9hZHNcLzIwMjVcLzEwXC9FQlo2ODM5LXNjYWxlZC5qcGciLCJzbGlkZXNob3ciOiJhODhiNDhjIn0%3D\" href='https:\/\/gurudistribution.eu\/wp-content\/uploads\/2025\/10\/EBZ6839-scaled.jpg'><img decoding=\"async\" width=\"300\" height=\"200\" src=\"https:\/\/gurudistribution.eu\/wp-content\/uploads\/2025\/10\/EBZ6839-300x200.jpg\" class=\"attachment-medium size-medium\" alt=\"\" srcset=\"https:\/\/gurudistribution.eu\/wp-content\/uploads\/2025\/10\/EBZ6839-300x200.jpg 300w, https:\/\/gurudistribution.eu\/wp-content\/uploads\/2025\/10\/EBZ6839-1024x683.jpg 1024w, https:\/\/gurudistribution.eu\/wp-content\/uploads\/2025\/10\/EBZ6839-768x512.jpg 768w, https:\/\/gurudistribution.eu\/wp-content\/uploads\/2025\/10\/EBZ6839-1536x1024.jpg 1536w, https:\/\/gurudistribution.eu\/wp-content\/uploads\/2025\/10\/EBZ6839-2048x1365.jpg 2048w, https:\/\/gurudistribution.eu\/wp-content\/uploads\/2025\/10\/EBZ6839-18x12.jpg 18w\" sizes=\"(max-width: 300px) 100vw, 300px\" \/><\/a>\n\t\t\t<\/div><\/figure><figure class='gallery-item'>\n\t\t\t<div class='gallery-icon landscape'>\n\t\t\t\t<a data-elementor-open-lightbox=\"yes\" data-elementor-lightbox-slideshow=\"a88b48c\" data-e-action-hash=\"#elementor-action%3Aaction%3Dlightbox%26settings%3DeyJpZCI6MTIxMywidXJsIjoiaHR0cHM6XC9cL2d1cnVkaXN0cmlidXRpb24uZXVcL3dwLWNvbnRlbnRcL3VwbG9hZHNcLzIwMjVcLzEwXC9FQlo2ODUyLXNjYWxlZC5qcGciLCJzbGlkZXNob3ciOiJhODhiNDhjIn0%3D\" href='https:\/\/gurudistribution.eu\/wp-content\/uploads\/2025\/10\/EBZ6852-scaled.jpg'><img decoding=\"async\" width=\"300\" height=\"200\" src=\"https:\/\/gurudistribution.eu\/wp-content\/uploads\/2025\/10\/EBZ6852-300x200.jpg\" class=\"attachment-medium size-medium\" alt=\"\" srcset=\"https:\/\/gurudistribution.eu\/wp-content\/uploads\/2025\/10\/EBZ6852-300x200.jpg 300w, https:\/\/gurudistribution.eu\/wp-content\/uploads\/2025\/10\/EBZ6852-1024x683.jpg 1024w, https:\/\/gurudistribution.eu\/wp-content\/uploads\/2025\/10\/EBZ6852-768x512.jpg 768w, https:\/\/gurudistribution.eu\/wp-content\/uploads\/2025\/10\/EBZ6852-1536x1024.jpg 1536w, https:\/\/gurudistribution.eu\/wp-content\/uploads\/2025\/10\/EBZ6852-2048x1365.jpg 2048w, https:\/\/gurudistribution.eu\/wp-content\/uploads\/2025\/10\/EBZ6852-18x12.jpg 18w\" sizes=\"(max-width: 300px) 100vw, 300px\" \/><\/a>\n\t\t\t<\/div><\/figure>\n\t\t<\/div>\n\t\t<\/div>\n\t\t\t\t\t\t<\/div>\n\t\t\t\t<div class=\"elementor-element elementor-element-2a1942f elementor-widget elementor-widget-text-editor\" data-id=\"2a1942f\" data-element_type=\"widget\" data-e-type=\"widget\" data-widget_type=\"text-editor.default\">\n\t\t\t\t\t\t\t\t\t<p>High-end refraction, visual quality analysis, and anterior segment diagnostics \u2014 all with a single touch.<\/p><p>The screening provided by the VX 120+ allows you to alert patients to pathologies such as glaucoma, cataracts, keratoconus, as well as detect vision defects, including those affecting night vision. By obtaining more information about a patient\u2019s visual health more quickly, the specialist has the opportunity to spend more time speaking with the patient.<\/p><p>The device will help you take care of your patient\u2019s visual health.<\/p><p>With the VX120, you can perform a complete examination of the eye\u2019s anterior segment:<\/p><ul><li>Cataract: easily identify potential candidates for surgery,<\/li><li>Refraction: determination of refraction, providing all refraction and keratometry measurements,<\/li><li>Glaucoma: screening and monitoring,<\/li><li>Contact lens fitting based on corneal curvature,<\/li><li>Keratoconus: screening, classification, and monitoring,<\/li><\/ul><p>This device will help optical specialists determine a more precise correction for patients when prescribing glasses.<\/p><p>The VX120+ can be used remotely, in another office, at home, or in a different city.<\/p>\t\t\t\t\t\t\t\t<\/div>\n\t\t\t\t\t<\/div>\n\t\t\t\t<\/div>\n\t\t\t\t<\/div>","protected":false},"excerpt":{"rendered":"<p>VX120 Augstas klases refrakcijas, redzes kvalit\u0101tes anal\u012bze un priek\u0161\u0113j\u0101s kameras diagnostika tikai ar vienu piesk\u0101rienu. VX 120+ sniegtais skr\u012bnings sniedz jums iesp\u0113ju br\u012bdin\u0101t pacientus par t\u0101d\u0101m patolo\u0123ij\u0101m k\u0101 glaukoma, katarakta, keratokonuss, k\u0101 ar\u012b redzes defektu nov\u0113r\u0161anu, ieskaitot tos, kas ietekm\u0113 nakts redzam\u012bbu. Ieg\u016bstot \u0101tr\u0101k un vair\u0101k inform\u0101cijas par pacienta redzes vesel\u012bbu, speci\u0101listam ir iesp\u0113ja pavad\u012bt [&hellip;]<\/p>\n","protected":false},"author":1,"featured_media":0,"parent":656,"menu_order":0,"comment_status":"closed","ping_status":"closed","template":"elementor_header_footer","meta":{"footnotes":""},"class_list":["post-1206","page","type-page","status-publish","hentry"],"yoast_head":"<!-- This site is optimized with the Yoast SEO plugin v27.3 - https:\/\/yoast.com\/product\/yoast-seo-wordpress\/ -->\n<title>VX120 - Guru Distribution<\/title>\n<meta name=\"robots\" content=\"index, follow, max-snippet:-1, max-image-preview:large, max-video-preview:-1\" \/>\n<link rel=\"canonical\" href=\"https:\/\/gurudistribution.eu\/en\/zimoli\/visionix\/vx120\/\" \/>\n<meta property=\"og:locale\" content=\"en_US\" \/>\n<meta property=\"og:type\" content=\"article\" \/>\n<meta property=\"og:title\" content=\"VX120 - Guru Distribution\" \/>\n<meta property=\"og:description\" content=\"VX120 Augstas klases refrakcijas, redzes kvalit\u0101tes anal\u012bze un priek\u0161\u0113j\u0101s kameras diagnostika tikai ar vienu piesk\u0101rienu. VX 120+ sniegtais skr\u012bnings sniedz jums iesp\u0113ju br\u012bdin\u0101t pacientus par t\u0101d\u0101m patolo\u0123ij\u0101m k\u0101 glaukoma, katarakta, keratokonuss, k\u0101 ar\u012b redzes defektu nov\u0113r\u0161anu, ieskaitot tos, kas ietekm\u0113 nakts redzam\u012bbu. Ieg\u016bstot \u0101tr\u0101k un vair\u0101k inform\u0101cijas par pacienta redzes vesel\u012bbu, speci\u0101listam ir iesp\u0113ja pavad\u012bt [&hellip;]\" \/>\n<meta property=\"og:url\" content=\"https:\/\/gurudistribution.eu\/en\/zimoli\/visionix\/vx120\/\" \/>\n<meta property=\"og:site_name\" content=\"Guru Distribution\" \/>\n<meta property=\"article:publisher\" content=\"https:\/\/www.facebook.com\/gurudistribution\" \/>\n<meta property=\"article:modified_time\" content=\"2025-12-09T08:26:42+00:00\" \/>\n<meta property=\"og:image\" content=\"https:\/\/gurudistribution.eu\/wp-content\/uploads\/2025\/10\/EBZ6827-1-300x200.jpg\" \/>\n<meta name=\"twitter:card\" content=\"summary_large_image\" \/>\n<meta name=\"twitter:label1\" content=\"Est. reading time\" \/>\n\t<meta name=\"twitter:data1\" content=\"2 minutes\" \/>\n<script type=\"application\/ld+json\" class=\"yoast-schema-graph\">{\"@context\":\"https:\\\/\\\/schema.org\",\"@graph\":[{\"@type\":\"WebPage\",\"@id\":\"https:\\\/\\\/gurudistribution.eu\\\/zimoli\\\/visionix\\\/vx120\\\/\",\"url\":\"https:\\\/\\\/gurudistribution.eu\\\/zimoli\\\/visionix\\\/vx120\\\/\",\"name\":\"VX120 - Guru Distribution\",\"isPartOf\":{\"@id\":\"https:\\\/\\\/gurudistribution.eu\\\/en\\\/#website\"},\"primaryImageOfPage\":{\"@id\":\"https:\\\/\\\/gurudistribution.eu\\\/zimoli\\\/visionix\\\/vx120\\\/#primaryimage\"},\"image\":{\"@id\":\"https:\\\/\\\/gurudistribution.eu\\\/zimoli\\\/visionix\\\/vx120\\\/#primaryimage\"},\"thumbnailUrl\":\"https:\\\/\\\/gurudistribution.eu\\\/wp-content\\\/uploads\\\/2025\\\/10\\\/EBZ6827-1-300x200.jpg\",\"datePublished\":\"2025-10-13T11:08:32+00:00\",\"dateModified\":\"2025-12-09T08:26:42+00:00\",\"breadcrumb\":{\"@id\":\"https:\\\/\\\/gurudistribution.eu\\\/zimoli\\\/visionix\\\/vx120\\\/#breadcrumb\"},\"inLanguage\":\"en-US\",\"potentialAction\":[{\"@type\":\"ReadAction\",\"target\":[\"https:\\\/\\\/gurudistribution.eu\\\/zimoli\\\/visionix\\\/vx120\\\/\"]}]},{\"@type\":\"ImageObject\",\"inLanguage\":\"en-US\",\"@id\":\"https:\\\/\\\/gurudistribution.eu\\\/zimoli\\\/visionix\\\/vx120\\\/#primaryimage\",\"url\":\"https:\\\/\\\/gurudistribution.eu\\\/wp-content\\\/uploads\\\/2025\\\/10\\\/EBZ6827-1-300x200.jpg\",\"contentUrl\":\"https:\\\/\\\/gurudistribution.eu\\\/wp-content\\\/uploads\\\/2025\\\/10\\\/EBZ6827-1-300x200.jpg\"},{\"@type\":\"BreadcrumbList\",\"@id\":\"https:\\\/\\\/gurudistribution.eu\\\/zimoli\\\/visionix\\\/vx120\\\/#breadcrumb\",\"itemListElement\":[{\"@type\":\"ListItem\",\"position\":1,\"name\":\"Home\",\"item\":\"https:\\\/\\\/gurudistribution.eu\\\/\"},{\"@type\":\"ListItem\",\"position\":2,\"name\":\"Z\u012aMOLI\",\"item\":\"https:\\\/\\\/gurudistribution.eu\\\/en\\\/zimoli\\\/\"},{\"@type\":\"ListItem\",\"position\":3,\"name\":\"VISIONIX\",\"item\":\"https:\\\/\\\/gurudistribution.eu\\\/zimoli\\\/visionix\\\/\"},{\"@type\":\"ListItem\",\"position\":4,\"name\":\"VX120\"}]},{\"@type\":\"WebSite\",\"@id\":\"https:\\\/\\\/gurudistribution.eu\\\/en\\\/#website\",\"url\":\"https:\\\/\\\/gurudistribution.eu\\\/en\\\/\",\"name\":\"Guru Distribution\",\"description\":\"\",\"publisher\":{\"@id\":\"https:\\\/\\\/gurudistribution.eu\\\/en\\\/#organization\"},\"potentialAction\":[{\"@type\":\"SearchAction\",\"target\":{\"@type\":\"EntryPoint\",\"urlTemplate\":\"https:\\\/\\\/gurudistribution.eu\\\/en\\\/?s={search_term_string}\"},\"query-input\":{\"@type\":\"PropertyValueSpecification\",\"valueRequired\":true,\"valueName\":\"search_term_string\"}}],\"inLanguage\":\"en-US\"},{\"@type\":\"Organization\",\"@id\":\"https:\\\/\\\/gurudistribution.eu\\\/en\\\/#organization\",\"name\":\"Guru Distribution\",\"url\":\"https:\\\/\\\/gurudistribution.eu\\\/en\\\/\",\"logo\":{\"@type\":\"ImageObject\",\"inLanguage\":\"en-US\",\"@id\":\"https:\\\/\\\/gurudistribution.eu\\\/en\\\/#\\\/schema\\\/logo\\\/image\\\/\",\"url\":\"https:\\\/\\\/gurudistribution.eu\\\/wp-content\\\/uploads\\\/2025\\\/10\\\/guru_logo_full_large-scaled-2-e1759335026600.jpg\",\"contentUrl\":\"https:\\\/\\\/gurudistribution.eu\\\/wp-content\\\/uploads\\\/2025\\\/10\\\/guru_logo_full_large-scaled-2-e1759335026600.jpg\",\"width\":1694,\"height\":503,\"caption\":\"Guru Distribution\"},\"image\":{\"@id\":\"https:\\\/\\\/gurudistribution.eu\\\/en\\\/#\\\/schema\\\/logo\\\/image\\\/\"},\"sameAs\":[\"https:\\\/\\\/www.facebook.com\\\/gurudistribution\",\"https:\\\/\\\/www.linkedin.com\\\/company\\\/guru-distribution-linkedin\\\/\"]}]}<\/script>\n<!-- \/ Yoast SEO plugin. -->","yoast_head_json":{"title":"VX120 - Guru Distribution","robots":{"index":"index","follow":"follow","max-snippet":"max-snippet:-1","max-image-preview":"max-image-preview:large","max-video-preview":"max-video-preview:-1"},"canonical":"https:\/\/gurudistribution.eu\/en\/zimoli\/visionix\/vx120\/","og_locale":"en_US","og_type":"article","og_title":"VX120 - Guru Distribution","og_description":"VX120 Augstas klases refrakcijas, redzes kvalit\u0101tes anal\u012bze un priek\u0161\u0113j\u0101s kameras diagnostika tikai ar vienu piesk\u0101rienu. VX 120+ sniegtais skr\u012bnings sniedz jums iesp\u0113ju br\u012bdin\u0101t pacientus par t\u0101d\u0101m patolo\u0123ij\u0101m k\u0101 glaukoma, katarakta, keratokonuss, k\u0101 ar\u012b redzes defektu nov\u0113r\u0161anu, ieskaitot tos, kas ietekm\u0113 nakts redzam\u012bbu. Ieg\u016bstot \u0101tr\u0101k un vair\u0101k inform\u0101cijas par pacienta redzes vesel\u012bbu, speci\u0101listam ir iesp\u0113ja pavad\u012bt [&hellip;]","og_url":"https:\/\/gurudistribution.eu\/en\/zimoli\/visionix\/vx120\/","og_site_name":"Guru Distribution","article_publisher":"https:\/\/www.facebook.com\/gurudistribution","article_modified_time":"2025-12-09T08:26:42+00:00","og_image":[{"url":"https:\/\/gurudistribution.eu\/wp-content\/uploads\/2025\/10\/EBZ6827-1-300x200.jpg","type":"","width":"","height":""}],"twitter_card":"summary_large_image","twitter_misc":{"Est. reading time":"2 minutes"},"schema":{"@context":"https:\/\/schema.org","@graph":[{"@type":"WebPage","@id":"https:\/\/gurudistribution.eu\/zimoli\/visionix\/vx120\/","url":"https:\/\/gurudistribution.eu\/zimoli\/visionix\/vx120\/","name":"VX120 - Guru Distribution","isPartOf":{"@id":"https:\/\/gurudistribution.eu\/en\/#website"},"primaryImageOfPage":{"@id":"https:\/\/gurudistribution.eu\/zimoli\/visionix\/vx120\/#primaryimage"},"image":{"@id":"https:\/\/gurudistribution.eu\/zimoli\/visionix\/vx120\/#primaryimage"},"thumbnailUrl":"https:\/\/gurudistribution.eu\/wp-content\/uploads\/2025\/10\/EBZ6827-1-300x200.jpg","datePublished":"2025-10-13T11:08:32+00:00","dateModified":"2025-12-09T08:26:42+00:00","breadcrumb":{"@id":"https:\/\/gurudistribution.eu\/zimoli\/visionix\/vx120\/#breadcrumb"},"inLanguage":"en-US","potentialAction":[{"@type":"ReadAction","target":["https:\/\/gurudistribution.eu\/zimoli\/visionix\/vx120\/"]}]},{"@type":"ImageObject","inLanguage":"en-US","@id":"https:\/\/gurudistribution.eu\/zimoli\/visionix\/vx120\/#primaryimage","url":"https:\/\/gurudistribution.eu\/wp-content\/uploads\/2025\/10\/EBZ6827-1-300x200.jpg","contentUrl":"https:\/\/gurudistribution.eu\/wp-content\/uploads\/2025\/10\/EBZ6827-1-300x200.jpg"},{"@type":"BreadcrumbList","@id":"https:\/\/gurudistribution.eu\/zimoli\/visionix\/vx120\/#breadcrumb","itemListElement":[{"@type":"ListItem","position":1,"name":"Home","item":"https:\/\/gurudistribution.eu\/"},{"@type":"ListItem","position":2,"name":"Z\u012aMOLI","item":"https:\/\/gurudistribution.eu\/en\/zimoli\/"},{"@type":"ListItem","position":3,"name":"VISIONIX","item":"https:\/\/gurudistribution.eu\/zimoli\/visionix\/"},{"@type":"ListItem","position":4,"name":"VX120"}]},{"@type":"WebSite","@id":"https:\/\/gurudistribution.eu\/en\/#website","url":"https:\/\/gurudistribution.eu\/en\/","name":"Guru Distribution","description":"","publisher":{"@id":"https:\/\/gurudistribution.eu\/en\/#organization"},"potentialAction":[{"@type":"SearchAction","target":{"@type":"EntryPoint","urlTemplate":"https:\/\/gurudistribution.eu\/en\/?s={search_term_string}"},"query-input":{"@type":"PropertyValueSpecification","valueRequired":true,"valueName":"search_term_string"}}],"inLanguage":"en-US"},{"@type":"Organization","@id":"https:\/\/gurudistribution.eu\/en\/#organization","name":"Guru Distribution","url":"https:\/\/gurudistribution.eu\/en\/","logo":{"@type":"ImageObject","inLanguage":"en-US","@id":"https:\/\/gurudistribution.eu\/en\/#\/schema\/logo\/image\/","url":"https:\/\/gurudistribution.eu\/wp-content\/uploads\/2025\/10\/guru_logo_full_large-scaled-2-e1759335026600.jpg","contentUrl":"https:\/\/gurudistribution.eu\/wp-content\/uploads\/2025\/10\/guru_logo_full_large-scaled-2-e1759335026600.jpg","width":1694,"height":503,"caption":"Guru Distribution"},"image":{"@id":"https:\/\/gurudistribution.eu\/en\/#\/schema\/logo\/image\/"},"sameAs":["https:\/\/www.facebook.com\/gurudistribution","https:\/\/www.linkedin.com\/company\/guru-distribution-linkedin\/"]}]}},"_links":{"self":[{"href":"https:\/\/gurudistribution.eu\/en\/wp-json\/wp\/v2\/pages\/1206","targetHints":{"allow":["GET"]}}],"collection":[{"href":"https:\/\/gurudistribution.eu\/en\/wp-json\/wp\/v2\/pages"}],"about":[{"href":"https:\/\/gurudistribution.eu\/en\/wp-json\/wp\/v2\/types\/page"}],"author":[{"embeddable":true,"href":"https:\/\/gurudistribution.eu\/en\/wp-json\/wp\/v2\/users\/1"}],"replies":[{"embeddable":true,"href":"https:\/\/gurudistribution.eu\/en\/wp-json\/wp\/v2\/comments?post=1206"}],"version-history":[{"count":28,"href":"https:\/\/gurudistribution.eu\/en\/wp-json\/wp\/v2\/pages\/1206\/revisions"}],"predecessor-version":[{"id":2726,"href":"https:\/\/gurudistribution.eu\/en\/wp-json\/wp\/v2\/pages\/1206\/revisions\/2726"}],"up":[{"embeddable":true,"href":"https:\/\/gurudistribution.eu\/en\/wp-json\/wp\/v2\/pages\/656"}],"wp:attachment":[{"href":"https:\/\/gurudistribution.eu\/en\/wp-json\/wp\/v2\/media?parent=1206"}],"curies":[{"name":"wp","href":"https:\/\/api.w.org\/{rel}","templated":true}]}}